{"id":15527,"date":"2022-11-22T09:03:31","date_gmt":"2022-11-22T07:03:31","guid":{"rendered":"http:\/\/riac.lv\/?page_id=15527"},"modified":"2025-09-17T21:10:26","modified_gmt":"2025-09-17T18:10:26","slug":"programmas-erasmus-projekti","status":"publish","type":"page","link":"https:\/\/riac.lv\/?page_id=15527","title":{"rendered":"Programmas Erasmus+ projekti"},"content":{"rendered":"\t\t<div data-elementor-type=\"wp-page\" data-elementor-id=\"15527\" class=\"elementor elementor-15527\">\n\t\t\t\t<div data-particle_enable=\"false\" data-particle-mobile-disabled=\"false\" class=\"elementor-element elementor-element-e11a46c e-flex e-con-boxed e-con e-parent\" data-id=\"e11a46c\" data-element_type=\"container\" data-e-type=\"container\">\n\t\t\t\t\t<div class=\"e-con-inner\">\n\t\t\t\t<div class=\"elementor-element elementor-element-f238883 elementor-widget elementor-widget-image-gallery\" data-id=\"f238883\" data-element_type=\"widget\" data-e-type=\"widget\" data-widget_type=\"image-gallery.default\">\n\t\t\t\t\t\t\t<div class=\"elementor-image-gallery\">\n\t\t\t<div id='gallery-1' class='gallery galleryid-15527 gallery-columns-1 gallery-size-medium'><figure class='gallery-item'>\n\t\t\t<div class='gallery-icon landscape'>\n\t\t\t\t<a data-elementor-open-lightbox=\"yes\" data-elementor-lightbox-slideshow=\"f238883\" data-e-action-hash=\"#elementor-action%3Aaction%3Dlightbox%26settings%3DeyJpZCI6MjI2NjgsInVybCI6Imh0dHBzOlwvXC9yaWFjLmx2XC93cC1jb250ZW50XC91cGxvYWRzXC8yMDI0XC8wOVwvQ291bGV1ci1sb2dvLUVyYXNtdXMuanBnIiwic2xpZGVzaG93IjoiZjIzODg4MyJ9\" href='https:\/\/riac.lv\/wp-content\/uploads\/2024\/09\/Couleur-logo-Erasmus.jpg'><img fetchpriority=\"high\" decoding=\"async\" width=\"300\" height=\"169\" src=\"https:\/\/riac.lv\/wp-content\/uploads\/2024\/09\/Couleur-logo-Erasmus-300x169.jpg\" class=\"attachment-medium size-medium\" alt=\"\" srcset=\"https:\/\/riac.lv\/wp-content\/uploads\/2024\/09\/Couleur-logo-Erasmus-300x169.jpg 300w, https:\/\/riac.lv\/wp-content\/uploads\/2024\/09\/Couleur-logo-Erasmus-1024x576.jpg 1024w, https:\/\/riac.lv\/wp-content\/uploads\/2024\/09\/Couleur-logo-Erasmus-768x432.jpg 768w, https:\/\/riac.lv\/wp-content\/uploads\/2024\/09\/Couleur-logo-Erasmus-1536x864.jpg 1536w, https:\/\/riac.lv\/wp-content\/uploads\/2024\/09\/Couleur-logo-Erasmus.jpg 1920w\" sizes=\"(max-width: 300px) 100vw, 300px\" \/><\/a>\n\t\t\t<\/div><\/figure>\n\t\t<\/div>\n\t\t<\/div>\n\t\t\t\t\t\t<\/div>\n\t\t\t\t\t<\/div>\n\t\t\t\t<\/div>\n\t\t<div data-particle_enable=\"false\" data-particle-mobile-disabled=\"false\" class=\"elementor-element elementor-element-ec58d29 e-flex e-con-boxed e-con e-parent\" data-id=\"ec58d29\" data-element_type=\"container\" data-e-type=\"container\">\n\t\t\t\t\t<div class=\"e-con-inner\">\n\t\t\t\t<div class=\"elementor-element elementor-element-6d03c8e elementor-widget elementor-widget-text-editor\" data-id=\"6d03c8e\" data-element_type=\"widget\" data-e-type=\"widget\" data-widget_type=\"text-editor.default\">\n\t\t\t\t\t\t\t\t\t<ul><li><a href=\"http:\/\/riac.lv\/?page_id=22500\">Glob\u0101l\u0101 pieeja kvalitat\u012bvai ilgtsp\u0113jai<\/a><\/li><li><a href=\"http:\/\/riac.lv\/?page_id=17062\">Beyond borders towards inclusion<\/a><\/li><li><a href=\"http:\/\/riac.lv\/?page_id=8917\">Glob\u0101l\u0101 las\u012b\u0161anas metode darb\u0101 ar b\u0113rniem ar AST<\/a><\/li><li><a href=\"http:\/\/riac.lv\/?page_id=22517\">Sports &#8211; atbalsta meh\u0101nisms b\u0113rniem ar autisk\u0101 spektra trauc\u0113jumiem<\/a><\/li><li><a href=\"http:\/\/riac.lv\/?page_id=23744\">Sve\u0161valoda visiem!<\/a><\/li><li><a href=\"http:\/\/riac.lv\/?page_id=26928\">Sadzird\u0113t klusumu<\/a><\/li><li><a href=\"http:\/\/riac.lv\/?page_id=26939\">Papla\u0161in\u0101t\u0101 realit\u0101te skol\u0113nu ar speci\u0101l\u0101m izgl\u012bt\u012bbas vajadz\u012bb\u0101m m\u0101c\u012bbu proces\u0101<\/a><\/li><\/ul>\t\t\t\t\t\t\t\t<\/div>\n\t\t\t\t\t<\/div>\n\t\t\t\t<\/div>\n\t\t\t\t<\/div>\n\t\t","protected":false},"excerpt":{"rendered":"<p>Glob\u0101l\u0101 pieeja kvalitat\u012bvai ilgtsp\u0113jai Beyond borders towards inclusion Glob\u0101l\u0101 las\u012b\u0161anas metode darb\u0101 ar b\u0113rniem ar AST Sports &#8211; atbalsta meh\u0101nisms b\u0113rniem ar autisk\u0101 spektra trauc\u0113jumiem&hellip;<\/p>\n","protected":false},"author":1,"featured_media":0,"parent":0,"menu_order":0,"comment_status":"closed","ping_status":"closed","template":"","meta":{"footnotes":""},"class_list":["post-15527","page","type-page","status-publish","hentry"],"_links":{"self":[{"href":"https:\/\/riac.lv\/index.php?rest_route=\/wp\/v2\/pages\/15527","targetHints":{"allow":["GET"]}}],"collection":[{"href":"https:\/\/riac.lv\/index.php?rest_route=\/wp\/v2\/pages"}],"about":[{"href":"https:\/\/riac.lv\/index.php?rest_route=\/wp\/v2\/types\/page"}],"author":[{"embeddable":true,"href":"https:\/\/riac.lv\/index.php?rest_route=\/wp\/v2\/users\/1"}],"replies":[{"embeddable":true,"href":"https:\/\/riac.lv\/index.php?rest_route=%2Fwp%2Fv2%2Fcomments&post=15527"}],"version-history":[{"count":52,"href":"https:\/\/riac.lv\/index.php?rest_route=\/wp\/v2\/pages\/15527\/revisions"}],"predecessor-version":[{"id":26949,"href":"https:\/\/riac.lv\/index.php?rest_route=\/wp\/v2\/pages\/15527\/revisions\/26949"}],"wp:attachment":[{"href":"https:\/\/riac.lv\/index.php?rest_route=%2Fwp%2Fv2%2Fmedia&parent=15527"}],"curies":[{"name":"wp","href":"https:\/\/api.w.org\/{rel}","templated":true}]}}