{"id":15530,"date":"2022-11-22T09:05:17","date_gmt":"2022-11-22T07:05:17","guid":{"rendered":"http:\/\/riac.lv\/?page_id=15530"},"modified":"2025-01-14T11:31:57","modified_gmt":"2025-01-14T09:31:57","slug":"izstradatie-materiali","status":"publish","type":"page","link":"https:\/\/riac.lv\/?page_id=15530","title":{"rendered":"Izstr\u0101d\u0101tie materi\u0101li"},"content":{"rendered":"\t\t<div data-elementor-type=\"wp-page\" data-elementor-id=\"15530\" class=\"elementor elementor-15530\">\n\t\t\t\t<div data-particle_enable=\"false\" data-particle-mobile-disabled=\"false\" class=\"elementor-element elementor-element-93e2cd1 e-flex e-con-boxed e-con e-parent\" data-id=\"93e2cd1\" data-element_type=\"container\" data-e-type=\"container\">\n\t\t\t\t\t<div class=\"e-con-inner\">\n\t\t\t\t<div class=\"elementor-element elementor-element-75c2745 elementor-fixed elementor-widget elementor-widget-image\" data-id=\"75c2745\" data-element_type=\"widget\" data-e-type=\"widget\" data-settings=\"{&quot;_position&quot;:&quot;fixed&quot;}\" data-widget_type=\"image.default\">\n\t\t\t\t\t\t\t\t\t\t\t\t\t\t\t<img fetchpriority=\"high\" decoding=\"async\" width=\"594\" height=\"420\" src=\"https:\/\/riac.lv\/wp-content\/uploads\/2022\/11\/Sveiki__Mani_sauc_Toms.__4_-removebg-preview.png\" class=\"attachment-large size-large wp-image-15627\" alt=\"\" srcset=\"https:\/\/riac.lv\/wp-content\/uploads\/2022\/11\/Sveiki__Mani_sauc_Toms.__4_-removebg-preview.png 594w, https:\/\/riac.lv\/wp-content\/uploads\/2022\/11\/Sveiki__Mani_sauc_Toms.__4_-removebg-preview-300x212.png 300w\" sizes=\"(max-width: 594px) 100vw, 594px\" \/>\t\t\t\t\t\t\t\t\t\t\t\t\t\t\t<\/div>\n\t\t\t\t\t<\/div>\n\t\t\t\t<\/div>\n\t\t<div data-particle_enable=\"false\" data-particle-mobile-disabled=\"false\" class=\"elementor-element elementor-element-db2c765 e-flex e-con-boxed e-con e-parent\" data-id=\"db2c765\" data-element_type=\"container\" data-e-type=\"container\">\n\t\t\t\t\t<div class=\"e-con-inner\">\n\t\t\t\t<div class=\"elementor-element elementor-element-9a8bb6a elementor-fixed elementor-widget elementor-widget-image\" data-id=\"9a8bb6a\" data-element_type=\"widget\" data-e-type=\"widget\" data-settings=\"{&quot;_position&quot;:&quot;fixed&quot;}\" data-widget_type=\"image.default\">\n\t\t\t\t\t\t\t\t\t\t\t\t\t\t\t<img decoding=\"async\" width=\"594\" height=\"420\" src=\"https:\/\/riac.lv\/wp-content\/uploads\/2022\/11\/Sveiki__Mani_sauc_Toms.__3_-removebg-preview.png\" class=\"attachment-large size-large wp-image-15626\" alt=\"\" srcset=\"https:\/\/riac.lv\/wp-content\/uploads\/2022\/11\/Sveiki__Mani_sauc_Toms.__3_-removebg-preview.png 594w, https:\/\/riac.lv\/wp-content\/uploads\/2022\/11\/Sveiki__Mani_sauc_Toms.__3_-removebg-preview-300x212.png 300w\" sizes=\"(max-width: 594px) 100vw, 594px\" \/>\t\t\t\t\t\t\t\t\t\t\t\t\t\t\t<\/div>\n\t\t\t\t\t<\/div>\n\t\t\t\t<\/div>\n\t\t<div data-particle_enable=\"false\" data-particle-mobile-disabled=\"false\" class=\"elementor-element elementor-element-fca64be e-flex e-con-boxed e-con e-parent\" data-id=\"fca64be\" data-element_type=\"container\" data-e-type=\"container\">\n\t\t\t\t\t<div class=\"e-con-inner\">\n\t\t\t\t<div class=\"elementor-element elementor-element-b5a4a2b elementor-widget elementor-widget-button\" data-id=\"b5a4a2b\" data-element_type=\"widget\" data-e-type=\"widget\" data-widget_type=\"button.default\">\n\t\t\t\t\t\t\t\t\t\t<a class=\"elementor-button elementor-button-link elementor-size-sm\" href=\"http:\/\/riac.lv\/?page_id=8917\">\n\t\t\t\t\t\t<span class=\"elementor-button-content-wrapper\">\n\t\t\t\t\t\t\t\t\t<span class=\"elementor-button-text\">Par projektu<\/span>\n\t\t\t\t\t<\/span>\n\t\t\t\t\t<\/a>\n\t\t\t\t\t\t\t\t<\/div>\n\t\t\t\t\t<\/div>\n\t\t\t\t<\/div>\n\t\t<div data-particle_enable=\"false\" data-particle-mobile-disabled=\"false\" class=\"elementor-element elementor-element-cf5ecbd e-flex e-con-boxed e-con e-parent\" data-id=\"cf5ecbd\" data-element_type=\"container\" data-e-type=\"container\">\n\t\t\t\t\t<div class=\"e-con-inner\">\n\t\t\t\t<div class=\"elementor-element elementor-element-ec1baa6 elementor-widget elementor-widget-text-editor\" data-id=\"ec1baa6\" data-element_type=\"widget\" data-e-type=\"widget\" data-widget_type=\"text-editor.default\">\n\t\t\t\t\t\t\t\t\t<div class=\"wp-block-image\"><a href=\"http:\/\/riac.lv\/wp-content\/uploads\/2022\/11\/global_reading_logo-removebg-preview.png\"><img decoding=\"async\" class=\"wp-image-15546 alignleft\" src=\"http:\/\/riac.lv\/wp-content\/uploads\/2022\/11\/global_reading_logo-removebg-preview.png\" alt=\"\" width=\"111\" height=\"81\" srcset=\"https:\/\/riac.lv\/wp-content\/uploads\/2022\/11\/global_reading_logo-removebg-preview.png 381w, https:\/\/riac.lv\/wp-content\/uploads\/2022\/11\/global_reading_logo-removebg-preview-300x218.png 300w\" sizes=\"(max-width: 111px) 100vw, 111px\" \/><\/a><\/div><p>Kr\u0101sojam\u0101 gr\u0101mata ir projekta partnera: R\u0113zeknes pamatskolas &#8211; att\u012bst\u012bbas centra iniciat\u012bva. Skat\u012bt un lejupl\u0101d\u0113t gr\u0101matu iesp\u0113jams:\u00a0 <a href=\"http:\/\/riac.lv\/wp-content\/uploads\/2022\/11\/Socialie-stasti.-Krasojama-gramata.-2_compressed-1.pdf\">\u0161eit<\/a><\/p>\t\t\t\t\t\t\t\t<\/div>\n\t\t\t\t\t<\/div>\n\t\t\t\t<\/div>\n\t\t<div data-particle_enable=\"false\" data-particle-mobile-disabled=\"false\" class=\"elementor-element elementor-element-4d39fe4 e-flex e-con-boxed e-con e-parent\" data-id=\"4d39fe4\" data-element_type=\"container\" data-e-type=\"container\">\n\t\t\t\t\t<div class=\"e-con-inner\">\n\t\t\t\t<div class=\"elementor-element elementor-element-f4cdb49 elementor-widget elementor-widget-text-editor\" data-id=\"f4cdb49\" data-element_type=\"widget\" data-e-type=\"widget\" data-widget_type=\"text-editor.default\">\n\t\t\t\t\t\t\t\t\t<div class=\"wp-block-image\"><a href=\"http:\/\/riac.lv\/wp-content\/uploads\/2022\/11\/global_reading_logo-removebg-preview.png\"><img loading=\"lazy\" decoding=\"async\" class=\"wp-image-15546 alignleft\" src=\"http:\/\/riac.lv\/wp-content\/uploads\/2022\/11\/global_reading_logo-removebg-preview.png\" alt=\"\" width=\"110\" height=\"80\" srcset=\"https:\/\/riac.lv\/wp-content\/uploads\/2022\/11\/global_reading_logo-removebg-preview.png 381w, https:\/\/riac.lv\/wp-content\/uploads\/2022\/11\/global_reading_logo-removebg-preview-300x218.png 300w\" sizes=\"(max-width: 110px) 100vw, 110px\" \/><\/a><\/div><p>E-r\u012bks \u201eToms un Ula: soci\u0101lie st\u0101sti&#8221;:\u00a0 <a href=\"https:\/\/numanu.lt\/ulatomas\/si\/index.html\">Skat\u012bt \u0161eit<\/a><\/p><p><a href=\"https:\/\/drive.google.com\/file\/d\/1AbL-oJY-DsCtc_VzknaHTdjNVsRU5xlP\/view\">Lieto\u0161anas rekomend\u0101cijas<\/a><\/p><p><a href=\"https:\/\/www.google.com\/url?q=https:\/\/e-tools.kpduc.lt\/si.apk&amp;sa=D&amp;source=apps-viewer-frontend&amp;ust=1669187131628343&amp;usg=AOvVaw1WCQeUPAlG0IbfLM4YYclG&amp;hl=lv\">\u00a0 \u00a0 \u00a0 \u00a0 \u00a0 \u00a0 \u00a0 \u00a0 \u00a0 \u00a0 \u00a0 \u00a0 \u00a0 \u00a0 \u00a0 \u00a0Lejupl\u0101d\u0113t Android instal\u0101cijas failu (lieto\u0161anai Android ier\u012bc\u0113s)<\/a><\/p>\t\t\t\t\t\t\t\t<\/div>\n\t\t\t\t\t<\/div>\n\t\t\t\t<\/div>\n\t\t<div data-particle_enable=\"false\" data-particle-mobile-disabled=\"false\" class=\"elementor-element elementor-element-ae1a0ce e-flex e-con-boxed e-con e-parent\" data-id=\"ae1a0ce\" data-element_type=\"container\" data-e-type=\"container\">\n\t\t\t\t\t<div class=\"e-con-inner\">\n\t\t\t\t<div class=\"elementor-element elementor-element-183c1b0 elementor-widget elementor-widget-text-editor\" data-id=\"183c1b0\" data-element_type=\"widget\" data-e-type=\"widget\" data-widget_type=\"text-editor.default\">\n\t\t\t\t\t\t\t\t\t<div class=\"wp-block-image\"><a href=\"http:\/\/riac.lv\/wp-content\/uploads\/2022\/11\/global_reading_logo-removebg-preview.png\"><img loading=\"lazy\" decoding=\"async\" class=\"wp-image-15546 alignleft\" src=\"http:\/\/riac.lv\/wp-content\/uploads\/2022\/11\/global_reading_logo-removebg-preview.png\" alt=\"\" width=\"113\" height=\"82\" srcset=\"https:\/\/riac.lv\/wp-content\/uploads\/2022\/11\/global_reading_logo-removebg-preview.png 381w, https:\/\/riac.lv\/wp-content\/uploads\/2022\/11\/global_reading_logo-removebg-preview-300x218.png 300w\" sizes=\"(max-width: 113px) 100vw, 113px\" \/><\/a><\/div><p>E-r\u012bks \u201eToms un Ula: m\u0101c\u0101s las\u012bt&#8221;: <a href=\"https:\/\/numanu.lt\/ulatomas\/zaidykle\/index.html\">Skat\u012bt \u0161eit<\/a><\/p><p><a href=\"https:\/\/drive.google.com\/file\/d\/1tS5PHbNjPNTRfzu8h1EhNquzatDvHeQg\/view\">Lieto\u0161anas rekomend\u0101cijas<\/a><\/p><p>\u00a0 \u00a0\u00a0 \u00a0\u00a0 \u00a0\u00a0 \u00a0\u00a0 \u00a0\u00a0 \u00a0 \u00a0 \u00a0 \u00a0 \u00a0 \u00a0 \u00a0 <a href=\"https:\/\/www.google.com\/url?q=https:\/\/e-tools.kpduc.lt\/rb.apk&amp;sa=D&amp;source=apps-viewer-frontend&amp;ust=1669187131628482&amp;usg=AOvVaw0rwqMtLqIqA9SST7PkF2hO&amp;hl=lv\">Lejupl\u0101d\u0113t Android instal\u0101cijas failu (lieto\u0161anai Android ier\u012bc\u0113s)<\/a><\/p>\t\t\t\t\t\t\t\t<\/div>\n\t\t\t\t\t<\/div>\n\t\t\t\t<\/div>\n\t\t<div data-particle_enable=\"false\" data-particle-mobile-disabled=\"false\" class=\"elementor-element elementor-element-9bd25da e-flex e-con-boxed e-con e-parent\" data-id=\"9bd25da\" data-element_type=\"container\" data-e-type=\"container\">\n\t\t\t\t\t<div class=\"e-con-inner\">\n\t\t\t\t<div class=\"elementor-element elementor-element-8ced7db elementor-widget-divider--view-line elementor-widget elementor-widget-divider\" data-id=\"8ced7db\" data-element_type=\"widget\" data-e-type=\"widget\" data-widget_type=\"divider.default\">\n\t\t\t\t\t\t\t<div class=\"elementor-divider\">\n\t\t\t<span class=\"elementor-divider-separator\">\n\t\t\t\t\t\t<\/span>\n\t\t<\/div>\n\t\t\t\t\t\t<\/div>\n\t\t\t\t\t<\/div>\n\t\t\t\t<\/div>\n\t\t<div data-particle_enable=\"false\" data-particle-mobile-disabled=\"false\" class=\"elementor-element elementor-element-80ca576 e-flex e-con-boxed e-con e-parent\" data-id=\"80ca576\" data-element_type=\"container\" data-e-type=\"container\">\n\t\t\t\t\t<div class=\"e-con-inner\">\n\t\t\t\t<div class=\"elementor-element elementor-element-26cb1f1 elementor-widget elementor-widget-text-editor\" data-id=\"26cb1f1\" data-element_type=\"widget\" data-e-type=\"widget\" data-widget_type=\"text-editor.default\">\n\t\t\t\t\t\t\t\t\t<h4>\u00a0 \u00a0 \u00a0 \u00a0 \u00a0 \u00a0 \u00a0 \u00a0 \u00a0 \u00a0 \u00a0 \u00a0 \u00a0 Vair\u0101k inform\u0101cijas par projekta aktivit\u0101t\u0113m: <a href=\"https:\/\/www.facebook.com\/profile.php?id=100064856650922\" target=\"_blank\" rel=\"noopener\">skat\u012bt \u0161eit<\/a><\/h4>\t\t\t\t\t\t\t\t<\/div>\n\t\t\t\t\t<\/div>\n\t\t\t\t<\/div>\n\t\t\t\t<\/div>\n\t\t","protected":false},"excerpt":{"rendered":"<p>Par projektu Kr\u0101sojam\u0101 gr\u0101mata ir projekta partnera: R\u0113zeknes pamatskolas &#8211; att\u012bst\u012bbas centra iniciat\u012bva. Skat\u012bt un lejupl\u0101d\u0113t gr\u0101matu iesp\u0113jams:\u00a0 \u0161eit E-r\u012bks \u201eToms un Ula: soci\u0101lie st\u0101sti&#8221;:\u00a0&hellip;<\/p>\n","protected":false},"author":1,"featured_media":0,"parent":0,"menu_order":0,"comment_status":"closed","ping_status":"closed","template":"","meta":{"footnotes":""},"class_list":["post-15530","page","type-page","status-publish","hentry"],"_links":{"self":[{"href":"https:\/\/riac.lv\/index.php?rest_route=\/wp\/v2\/pages\/15530","targetHints":{"allow":["GET"]}}],"collection":[{"href":"https:\/\/riac.lv\/index.php?rest_route=\/wp\/v2\/pages"}],"about":[{"href":"https:\/\/riac.lv\/index.php?rest_route=\/wp\/v2\/types\/page"}],"author":[{"embeddable":true,"href":"https:\/\/riac.lv\/index.php?rest_route=\/wp\/v2\/users\/1"}],"replies":[{"embeddable":true,"href":"https:\/\/riac.lv\/index.php?rest_route=%2Fwp%2Fv2%2Fcomments&post=15530"}],"version-history":[{"count":142,"href":"https:\/\/riac.lv\/index.php?rest_route=\/wp\/v2\/pages\/15530\/revisions"}],"predecessor-version":[{"id":24285,"href":"https:\/\/riac.lv\/index.php?rest_route=\/wp\/v2\/pages\/15530\/revisions\/24285"}],"wp:attachment":[{"href":"https:\/\/riac.lv\/index.php?rest_route=%2Fwp%2Fv2%2Fmedia&parent=15530"}],"curies":[{"name":"wp","href":"https:\/\/api.w.org\/{rel}","templated":true}]}}