{"id":18107,"date":"2023-05-24T10:48:48","date_gmt":"2023-05-24T07:48:48","guid":{"rendered":"http:\/\/riac.lv\/?page_id=18107"},"modified":"2025-09-14T20:40:14","modified_gmt":"2025-09-14T17:40:14","slug":"pieklustamibas-pazinojums","status":"publish","type":"page","link":"https:\/\/riac.lv\/?page_id=18107","title":{"rendered":"Piek\u013c\u016bstam\u012bbas pazi\u0146ojums"},"content":{"rendered":"\t\t<div data-elementor-type=\"wp-page\" data-elementor-id=\"18107\" class=\"elementor elementor-18107\">\n\t\t\t\t<div data-particle_enable=\"false\" data-particle-mobile-disabled=\"false\" class=\"elementor-element elementor-element-82e6d69 e-flex e-con-boxed e-con e-parent\" data-id=\"82e6d69\" data-element_type=\"container\" data-e-type=\"container\">\n\t\t\t\t\t<div class=\"e-con-inner\">\n\t\t\t\t<div class=\"elementor-element elementor-element-2509496 elementor-widget elementor-widget-text-editor\" data-id=\"2509496\" data-element_type=\"widget\" data-e-type=\"widget\" data-widget_type=\"text-editor.default\">\n\t\t\t\t\t\t\t\t\t<p style=\"text-align: left;\">R\u0113zeknes pamatskola \u2013 att\u012bst\u012bbas centrs (turpm\u0101k RPAC) saska\u0146\u0101 ar Ministru kabineta 2020. gada 14. j\u016blija noteikumiem Nr. 445 \u201cK\u0101rt\u012bba, k\u0101d\u0101 iest\u0101des ievieto inform\u0101ciju internet\u0101\u201d (turpm\u0101k \u2013 noteikumi Nr. 445) ap\u0146emas savu t\u012bmek\u013cvietni veidot piek\u013c\u016bstamu.<\/p><p style=\"text-align: left;\">\u0160is piek\u013c\u016bstam\u012bbas pazi\u0146ojums attiecas uz RPAC ofici\u0101lo m\u0101jaslapu\u00a0<a href=\"http:\/\/riac.lv\/\">http:\/\/riac.lv\/<\/a><\/p><p style=\"text-align: left;\">T\u012bmek\u013cvietnei veikts vienk\u0101r\u0161otais piek\u013c\u016bstam\u012bbas izv\u0113rt\u0113jums. Izmantot\u0101 metode \u2013 VARAM sagatavot\u0101s \u201cVadl\u012bnijas iest\u0101\u017eu t\u012bmek\u013cvietn\u0113m noteikto piek\u013c\u016bstam\u012bbas pras\u012bbu iev\u0113ro\u0161anas ietekmes izv\u0113rt\u0113\u0161anai un nesam\u0113r\u012bg\u0101 sloga pamato\u0161anai\u201d.<\/p><h4 style=\"text-align: left;\"><strong>Cik piek\u013c\u016bstama ir \u0161\u012b t\u012bmek\u013cvietne?<\/strong><\/h4><p style=\"text-align: left;\">Ofici\u0101l\u0101 R\u0113zeknes pamatskolas &#8211; att\u012bst\u012bbas centra t\u012bmek\u013cvietne da\u013c\u0113ji atbilst noteikumiem Nr.445 turpm\u0101k min\u0113to iemeslu d\u0113\u013c.<\/p><p style=\"text-align: left;\">Neatbilst\u012bba pras\u012bb\u0101m, kas min\u0113tas noteikumos Nr. 445:<\/p><ul style=\"text-align: left;\"><li>tekstu\u0101lais saturs ir aizvietos ar att\u0113liem uz kuriem ir izvietots teksts<\/li><li>att\u0113lu alt apraksti netiek uztur\u0113ti<\/li><li>video nav subtitru<\/li><\/ul><p style=\"text-align: left;\">\u0160\u012b t\u012bmek\u013cvietne pirmo reizi tika izv\u0113rt\u0113ta 23.05.2023. Izv\u0113rt\u0113\u0161anu veica R\u0113zeknes re\u0123ion\u0101l\u0101 datorcentra speci\u0101lists-metodi\u0137is, Mairis Drelings.<\/p><p><a href=\"http:\/\/riac.lv\/wp-content\/uploads\/2024\/12\/5b2d2732-c866-438e-b488-7b1314a32f65.pdf\">Izv\u0113rt\u0113jumu apliecino\u0161s dokuments<\/a><\/p><h4 style=\"text-align: left;\"><strong>Piek\u013c\u016bstam\u012bbas alternat\u012bvas<\/strong><\/h4><p style=\"text-align: left;\">Lai sa\u0146emtu saturu, kas \u0161obr\u012bd nav piek\u013c\u016bstams, cit\u0101 form\u0101t\u0101, pied\u0101v\u0101jam sazin\u0101ties RPAC izgl\u012bt\u012bbas metodi\u0137i Ilzi Tolopilo \u2013 e-pasts: <a href=\"mailto:ilze.tolopilo@gmail.com\">ilze.tolopilo@gmail.com<\/a>, nor\u0101dot<\/p><ul style=\"text-align: left;\"><li>saiti uz saturu (URL);<\/li><li>J\u016bsu v\u0101rdu un e-pasta adresi;<\/li><li>form\u0101tu, k\u0101ds jums nepiecie\u0161ams konkr\u0113tajam saturam.<\/li><\/ul><p style=\"text-align: left;\">R\u0113zeknes pamatskolas &#8211; att\u012bst\u012bbas centra atbild\u012bgie speci\u0101listi nep\u0101rtraukti uzlabo \u0161\u012bs vietnes piek\u013c\u016bstam\u012bbu.<\/p><p style=\"text-align: left;\">Ja R\u0113zeknes pamatskolas &#8211; att\u012bst\u012bbas centra speci\u0101listi nav atbilsto\u0161i rea\u0123\u0113jusi uz lietot\u0101ja iesniegumu vai s\u016bdz\u012bbu par t\u012bmek\u013cvietnes satura piek\u013c\u016bstam\u012bbu, lietot\u0101js var iesniegt s\u016bdz\u012bbu Latvijas Republikas Ties\u012bbsargam elektroniski uz e-pasta adresi: tiesibsargs@tiesibsargs.lv. Papildu inform\u0101cija t\u012bmek\u013cvietn\u0113 www.tiesibsargs.lv<\/p><h4 style=\"text-align: left;\"><strong>Zi\u0146as par pazi\u0146ojuma sagatavo\u0161anu<\/strong><\/h4><p style=\"text-align: left;\">\u0160is pazi\u0146ojums pirmo reizi tika sagatavots 2023. gada 24. maij\u0101.<\/p>\t\t\t\t\t\t\t\t<\/div>\n\t\t\t\t\t<\/div>\n\t\t\t\t<\/div>\n\t\t\t\t<\/div>\n\t\t","protected":false},"excerpt":{"rendered":"<p>R\u0113zeknes pamatskola \u2013 att\u012bst\u012bbas centrs (turpm\u0101k RPAC) saska\u0146\u0101 ar Ministru kabineta 2020. gada 14. j\u016blija noteikumiem Nr. 445 \u201cK\u0101rt\u012bba, k\u0101d\u0101 iest\u0101des ievieto inform\u0101ciju internet\u0101\u201d (turpm\u0101k&hellip;<\/p>\n","protected":false},"author":1,"featured_media":0,"parent":0,"menu_order":0,"comment_status":"closed","ping_status":"closed","template":"","meta":{"footnotes":""},"class_list":["post-18107","page","type-page","status-publish","hentry"],"_links":{"self":[{"href":"https:\/\/riac.lv\/index.php?rest_route=\/wp\/v2\/pages\/18107","targetHints":{"allow":["GET"]}}],"collection":[{"href":"https:\/\/riac.lv\/index.php?rest_route=\/wp\/v2\/pages"}],"about":[{"href":"https:\/\/riac.lv\/index.php?rest_route=\/wp\/v2\/types\/page"}],"author":[{"embeddable":true,"href":"https:\/\/riac.lv\/index.php?rest_route=\/wp\/v2\/users\/1"}],"replies":[{"embeddable":true,"href":"https:\/\/riac.lv\/index.php?rest_route=%2Fwp%2Fv2%2Fcomments&post=18107"}],"version-history":[{"count":16,"href":"https:\/\/riac.lv\/index.php?rest_route=\/wp\/v2\/pages\/18107\/revisions"}],"predecessor-version":[{"id":26899,"href":"https:\/\/riac.lv\/index.php?rest_route=\/wp\/v2\/pages\/18107\/revisions\/26899"}],"wp:attachment":[{"href":"https:\/\/riac.lv\/index.php?rest_route=%2Fwp%2Fv2%2Fmedia&parent=18107"}],"curies":[{"name":"wp","href":"https:\/\/api.w.org\/{rel}","templated":true}]}}