{"id":22517,"date":"2024-08-07T13:55:07","date_gmt":"2024-08-07T10:55:07","guid":{"rendered":"http:\/\/riac.lv\/?page_id=22517"},"modified":"2026-02-02T13:10:21","modified_gmt":"2026-02-02T11:10:21","slug":"supporting-children-with-autism-through-physical-education","status":"publish","type":"page","link":"https:\/\/riac.lv\/?page_id=22517","title":{"rendered":"Supporting Children with Autism through Physical Education"},"content":{"rendered":"\t\t<div data-elementor-type=\"wp-page\" data-elementor-id=\"22517\" class=\"elementor elementor-22517\">\n\t\t\t\t<div data-particle_enable=\"false\" data-particle-mobile-disabled=\"false\" class=\"elementor-element elementor-element-229ca40 e-flex e-con-boxed e-con e-parent\" data-id=\"229ca40\" data-element_type=\"container\" data-e-type=\"container\">\n\t\t\t\t\t<div class=\"e-con-inner\">\n\t\t\t\t<div class=\"elementor-element elementor-element-52bf9fa elementor-widget elementor-widget-button\" data-id=\"52bf9fa\" data-element_type=\"widget\" data-e-type=\"widget\" data-widget_type=\"button.default\">\n\t\t\t\t\t\t\t\t\t\t<a class=\"elementor-button elementor-button-link elementor-size-sm\" href=\"https:\/\/riac.lv\/?page_id=29334\">\n\t\t\t\t\t\t<span class=\"elementor-button-content-wrapper\">\n\t\t\t\t\t\t<span class=\"elementor-button-icon\">\n\t\t\t\t<svg aria-hidden=\"true\" class=\"e-font-icon-svg e-fas-angle-right\" viewBox=\"0 0 256 512\" xmlns=\"http:\/\/www.w3.org\/2000\/svg\"><path d=\"M224.3 273l-136 136c-9.4 9.4-24.6 9.4-33.9 0l-22.6-22.6c-9.4-9.4-9.4-24.6 0-33.9l96.4-96.4-96.4-96.4c-9.4-9.4-9.4-24.6 0-33.9L54.3 103c9.4-9.4 24.6-9.4 33.9 0l136 136c9.5 9.4 9.5 24.6.1 34z\"><\/path><\/svg>\t\t\t<\/span>\n\t\t\t\t\t\t\t\t\t<span class=\"elementor-button-text\">Projekta aktualit\u0101tes<\/span>\n\t\t\t\t\t<\/span>\n\t\t\t\t\t<\/a>\n\t\t\t\t\t\t\t\t<\/div>\n\t\t\t\t\t<\/div>\n\t\t\t\t<\/div>\n\t\t<div data-particle_enable=\"false\" data-particle-mobile-disabled=\"false\" class=\"elementor-element elementor-element-f335931 e-flex e-con-boxed e-con e-parent\" data-id=\"f335931\" data-element_type=\"container\" data-e-type=\"container\">\n\t\t\t\t\t<div class=\"e-con-inner\">\n\t\t\t\t<div class=\"elementor-element elementor-element-5d5baac elementor-widget elementor-widget-image-gallery\" data-id=\"5d5baac\" data-element_type=\"widget\" data-e-type=\"widget\" data-widget_type=\"image-gallery.default\">\n\t\t\t\t\t\t\t<div class=\"elementor-image-gallery\">\n\t\t\t<div id='gallery-1' class='gallery galleryid-22517 gallery-columns-1 gallery-size-large'><figure class='gallery-item'>\n\t\t\t<div class='gallery-icon landscape'>\n\t\t\t\t<a data-elementor-open-lightbox=\"yes\" data-elementor-lightbox-slideshow=\"5d5baac\" data-e-action-hash=\"#elementor-action%3Aaction%3Dlightbox%26settings%3DeyJpZCI6MjU5NzQsInVybCI6Imh0dHBzOlwvXC9yaWFjLmx2XC93cC1jb250ZW50XC91cGxvYWRzXC8yMDI1XC8wN1wvQmx1ZS1TYW5kLVdoaXRlLUJlYWNoLVNpbXBsZS1XYXRlcmNvbG9yLUV0c3ktU2hvcC1CYW5uZXIuanBnIiwic2xpZGVzaG93IjoiNWQ1YmFhYyJ9\" href='https:\/\/riac.lv\/wp-content\/uploads\/2025\/07\/Blue-Sand-White-Beach-Simple-Watercolor-Etsy-Shop-Banner.jpg'><img fetchpriority=\"high\" decoding=\"async\" width=\"843\" height=\"211\" src=\"https:\/\/riac.lv\/wp-content\/uploads\/2025\/07\/Blue-Sand-White-Beach-Simple-Watercolor-Etsy-Shop-Banner-1024x256.jpg\" class=\"attachment-large size-large\" alt=\"\" srcset=\"https:\/\/riac.lv\/wp-content\/uploads\/2025\/07\/Blue-Sand-White-Beach-Simple-Watercolor-Etsy-Shop-Banner-1024x256.jpg 1024w, https:\/\/riac.lv\/wp-content\/uploads\/2025\/07\/Blue-Sand-White-Beach-Simple-Watercolor-Etsy-Shop-Banner-300x75.jpg 300w, https:\/\/riac.lv\/wp-content\/uploads\/2025\/07\/Blue-Sand-White-Beach-Simple-Watercolor-Etsy-Shop-Banner-768x192.jpg 768w, https:\/\/riac.lv\/wp-content\/uploads\/2025\/07\/Blue-Sand-White-Beach-Simple-Watercolor-Etsy-Shop-Banner.jpg 1200w\" sizes=\"(max-width: 843px) 100vw, 843px\" \/><\/a>\n\t\t\t<\/div><\/figure>\n\t\t<\/div>\n\t\t<\/div>\n\t\t\t\t\t\t<\/div>\n\t\t\t\t\t<\/div>\n\t\t\t\t<\/div>\n\t\t<div data-particle_enable=\"false\" data-particle-mobile-disabled=\"false\" class=\"elementor-element elementor-element-a9ac466 e-flex e-con-boxed e-con e-parent\" data-id=\"a9ac466\" data-element_type=\"container\" data-e-type=\"container\">\n\t\t\t\t\t<div class=\"e-con-inner\">\n\t\t\t\t<div class=\"elementor-element elementor-element-55451d9 elementor-widget elementor-widget-image-gallery\" data-id=\"55451d9\" data-element_type=\"widget\" data-e-type=\"widget\" data-widget_type=\"image-gallery.default\">\n\t\t\t\t\t\t\t<div class=\"elementor-image-gallery\">\n\t\t\t<div id='gallery-2' class='gallery galleryid-22517 gallery-columns-1 gallery-size-large'><figure class='gallery-item'>\n\t\t\t<div class='gallery-icon landscape'>\n\t\t\t\t<a data-elementor-open-lightbox=\"yes\" data-elementor-lightbox-slideshow=\"55451d9\" data-e-action-hash=\"#elementor-action%3Aaction%3Dlightbox%26settings%3DeyJpZCI6MjU5NzgsInVybCI6Imh0dHBzOlwvXC9yaWFjLmx2XC93cC1jb250ZW50XC91cGxvYWRzXC8yMDI1XC8wN1wvUlBBQ19BU1QtcHJvamVrdGEtYXBzdGlwcmluYXNhbmEucG5nIiwic2xpZGVzaG93IjoiNTU0NTFkOSJ9\" href='https:\/\/riac.lv\/wp-content\/uploads\/2025\/07\/RPAC_AST-projekta-apstiprinasana.png'><img decoding=\"async\" width=\"843\" height=\"474\" src=\"https:\/\/riac.lv\/wp-content\/uploads\/2025\/07\/RPAC_AST-projekta-apstiprinasana-1024x576.png\" class=\"attachment-large size-large\" alt=\"\" srcset=\"https:\/\/riac.lv\/wp-content\/uploads\/2025\/07\/RPAC_AST-projekta-apstiprinasana-1024x576.png 1024w, https:\/\/riac.lv\/wp-content\/uploads\/2025\/07\/RPAC_AST-projekta-apstiprinasana-300x169.png 300w, https:\/\/riac.lv\/wp-content\/uploads\/2025\/07\/RPAC_AST-projekta-apstiprinasana-768x432.png 768w, https:\/\/riac.lv\/wp-content\/uploads\/2025\/07\/RPAC_AST-projekta-apstiprinasana-1536x864.png 1536w, https:\/\/riac.lv\/wp-content\/uploads\/2025\/07\/RPAC_AST-projekta-apstiprinasana.png 1920w\" sizes=\"(max-width: 843px) 100vw, 843px\" \/><\/a>\n\t\t\t<\/div><\/figure>\n\t\t<\/div>\n\t\t<\/div>\n\t\t\t\t\t\t<\/div>\n\t\t\t\t\t<\/div>\n\t\t\t\t<\/div>\n\t\t<div data-particle_enable=\"false\" data-particle-mobile-disabled=\"false\" class=\"elementor-element elementor-element-cf9a896 e-flex e-con-boxed e-con e-parent\" data-id=\"cf9a896\" data-element_type=\"container\" data-e-type=\"container\">\n\t\t\t\t\t<div class=\"e-con-inner\">\n\t\t\t\t<div class=\"elementor-element elementor-element-3ce2c85 elementor-widget elementor-widget-text-editor\" data-id=\"3ce2c85\" data-element_type=\"widget\" data-e-type=\"widget\" data-widget_type=\"text-editor.default\">\n\t\t\t\t\t\t\t\t\t<div class=\"xdj266r x14z9mp xat24cr x1lziwak x1vvkbs x126k92a\"><div dir=\"auto\"><span class=\"html-span xexx8yu xyri2b x18d9i69 x1c1uobl x1hl2dhg x16tdsg8 x1vvkbs x3nfvp2 x1j61x8r x1fcty0u xdj266r xat24cr xm2jcoa x1mpyi22 xxymvpz xlup9mm x1kky2od\"><img decoding=\"async\" class=\"xz74otr x15mokao x1ga7v0g x16uus16 xbiv7yw\" src=\"https:\/\/static.xx.fbcdn.net\/images\/emoji.php\/v9\/t8c\/1\/16\/1f389.png\" alt=\"\ud83c\udf89\" width=\"16\" height=\"16\" \/><\/span> ROKASGR\u0100MATA IR KL\u0100T! <span class=\"html-span xexx8yu xyri2b x18d9i69 x1c1uobl x1hl2dhg x16tdsg8 x1vvkbs x3nfvp2 x1j61x8r x1fcty0u xdj266r xat24cr xm2jcoa x1mpyi22 xxymvpz xlup9mm x1kky2od\"><img decoding=\"async\" class=\"xz74otr x15mokao x1ga7v0g x16uus16 xbiv7yw\" src=\"https:\/\/static.xx.fbcdn.net\/images\/emoji.php\/v9\/t8c\/1\/16\/1f389.png\" alt=\"\ud83c\udf89\" width=\"16\" height=\"16\" \/><\/span><\/div><div dir=\"auto\">\u00a0<\/div><div dir=\"auto\"><span class=\"html-span xexx8yu xyri2b x18d9i69 x1c1uobl x1hl2dhg x16tdsg8 x1vvkbs x3nfvp2 x1j61x8r x1fcty0u xdj266r xat24cr xm2jcoa x1mpyi22 xxymvpz xlup9mm x1kky2od\"><img loading=\"lazy\" decoding=\"async\" class=\"xz74otr x15mokao x1ga7v0g x16uus16 xbiv7yw\" src=\"https:\/\/static.xx.fbcdn.net\/images\/emoji.php\/v9\/ta9\/1\/16\/1f3c3_200d_2640.png\" alt=\"\ud83c\udfc3\u200d\u2640\ufe0f\" width=\"16\" height=\"16\" \/><\/span><span class=\"html-span xexx8yu xyri2b x18d9i69 x1c1uobl x1hl2dhg x16tdsg8 x1vvkbs x3nfvp2 x1j61x8r x1fcty0u xdj266r xat24cr xm2jcoa x1mpyi22 xxymvpz xlup9mm x1kky2od\"><img loading=\"lazy\" decoding=\"async\" class=\"xz74otr x15mokao x1ga7v0g x16uus16 xbiv7yw\" src=\"https:\/\/static.xx.fbcdn.net\/images\/emoji.php\/v9\/tb8\/1\/16\/1f3c0.png\" alt=\"\ud83c\udfc0\" width=\"16\" height=\"16\" \/><\/span> Autisk\u0101 spektra trauc\u0113jumi un sports: rokasgr\u0101mata skolot\u0101jiem un pedagogiem tagad ir pieejama ikvienam!<\/div><\/div><div class=\"x14z9mp xat24cr x1lziwak x1vvkbs xtlvy1s x126k92a\"><div dir=\"auto\">\u0160aj\u0101 visaptvero\u0161aj\u0101 rokasgr\u0101mat\u0101 ir ietverti vair\u0101k nek\u0101 15 m\u0101c\u012bbu scen\u0101riji, lai atbalst\u012btu skol\u0113nus ar autisk\u0101 spektra trauc\u0113jumiem sporta nodarb\u012bb\u0101s. Neatkar\u012bgi no t\u0101, vai esat sporta skolot\u0101js, \u0101rpusstundu nodarb\u012bbu vad\u012bt\u0101js, treneris, m\u0101c\u012bbu priek\u0161metu skolot\u0101js \u2013 \u0161\u012b rokasgr\u0101mata pal\u012bdz\u0113s veidot iek\u013caujo\u0161\u0101ku, akt\u012bv\u0101ku un atbalsto\u0161\u0101ku vidi ikvienam b\u0113rnam.<\/div><\/div><div class=\"x14z9mp xat24cr x1lziwak x1vvkbs xtlvy1s x126k92a\"><div dir=\"auto\"><span class=\"html-span xexx8yu xyri2b x18d9i69 x1c1uobl x1hl2dhg x16tdsg8 x1vvkbs x3nfvp2 x1j61x8r x1fcty0u xdj266r xat24cr xm2jcoa x1mpyi22 xxymvpz xlup9mm x1kky2od\"><img loading=\"lazy\" decoding=\"async\" class=\"xz74otr x15mokao x1ga7v0g x16uus16 xbiv7yw\" src=\"https:\/\/static.xx.fbcdn.net\/images\/emoji.php\/v9\/t3c\/1\/16\/1f4a1.png\" alt=\"\ud83d\udca1\" width=\"16\" height=\"16\" \/><\/span> Paredz\u0113ts skolot\u0101jiem, treneriem un skolu profesion\u0101\u013ciem<\/div><div dir=\"auto\"><span class=\"html-span xexx8yu xyri2b x18d9i69 x1c1uobl x1hl2dhg x16tdsg8 x1vvkbs x3nfvp2 x1j61x8r x1fcty0u xdj266r xat24cr xm2jcoa x1mpyi22 xxymvpz xlup9mm x1kky2od\"><img loading=\"lazy\" decoding=\"async\" class=\"xz74otr x15mokao x1ga7v0g x16uus16 xbiv7yw\" src=\"https:\/\/static.xx.fbcdn.net\/images\/emoji.php\/v9\/t5\/1\/16\/1f9e9.png\" alt=\"\ud83e\udde9\" width=\"16\" height=\"16\" \/><\/span> Fokus\u0113ts uz iek\u013cau\u0161anu, komunik\u0101ciju, sensoraj\u0101m vajadz\u012bb\u0101m un motiv\u0101ciju<\/div><div dir=\"auto\"><span class=\"html-span xexx8yu xyri2b x18d9i69 x1c1uobl x1hl2dhg x16tdsg8 x1vvkbs x3nfvp2 x1j61x8r x1fcty0u xdj266r xat24cr xm2jcoa x1mpyi22 xxymvpz xlup9mm x1kky2od\"><img loading=\"lazy\" decoding=\"async\" class=\"xz74otr x15mokao x1ga7v0g x16uus16 xbiv7yw\" src=\"https:\/\/static.xx.fbcdn.net\/images\/emoji.php\/v9\/t49\/1\/16\/1f4da.png\" alt=\"\ud83d\udcda\" width=\"16\" height=\"16\" \/><\/span> Ietver praktiskus piem\u0113rus, vizu\u0101lus r\u012bkus un piel\u0101go\u0161anas ieteikumus<\/div><div dir=\"auto\"><span class=\"html-span xexx8yu xyri2b x18d9i69 x1c1uobl x1hl2dhg x16tdsg8 x1vvkbs x3nfvp2 x1j61x8r x1fcty0u xdj266r xat24cr xm2jcoa x1mpyi22 xxymvpz xlup9mm x1kky2od\"><img loading=\"lazy\" decoding=\"async\" class=\"xz74otr x15mokao x1ga7v0g x16uus16 xbiv7yw\" src=\"https:\/\/static.xx.fbcdn.net\/images\/emoji.php\/v9\/t3f\/1\/16\/1f30d.png\" alt=\"\ud83c\udf0d\" width=\"16\" height=\"16\" \/><\/span> Pieejams latvie\u0161u, ang\u013cu, lietuvie\u0161u, turku un ma\u0137edonie\u0161u valod\u0101<\/div><\/div><p data-start=\"872\" data-end=\"919\">\ud83d\udce5 Lejupiel\u0101d\u0113 ce\u013cvedi \u0161eit \u27a1\ufe0f\u00a0<a href=\"http:\/\/riac.lv\/wp-content\/uploads\/2025\/07\/Guide-for-teachers-and-educators-Latvian.pdf\">Ce\u013cvedis skolot\u0101jam<\/a><\/p>\t\t\t\t\t\t\t\t<\/div>\n\t\t\t\t\t<\/div>\n\t\t\t\t<\/div>\n\t\t<div data-particle_enable=\"false\" data-particle-mobile-disabled=\"false\" class=\"elementor-element elementor-element-87a8f67 e-flex e-con-boxed e-con e-parent\" data-id=\"87a8f67\" data-element_type=\"container\" data-e-type=\"container\">\n\t\t\t\t\t<div class=\"e-con-inner\">\n\t\t\t\t<div class=\"elementor-element elementor-element-41e490d elementor-widget elementor-widget-text-editor\" data-id=\"41e490d\" data-element_type=\"widget\" data-e-type=\"widget\" data-widget_type=\"text-editor.default\">\n\t\t\t\t\t\t\t\t\t<p>Seko l\u012bdzi projekta aktivit\u0101t\u0113m projekta m\u0101jas lap\u0101. Sken\u0113 QR kodu vai dodies uz:\u00a0<a href=\"https:\/\/empowerable.wixsite.com\/supporting-children\">https:\/\/empowerable.wixsite.com\/supporting-children<\/a><\/p><p>T\u0101pat visa aktu\u0101l\u0101 inform\u0101cija tiek public\u0113ta \u0161eit, m\u016bsu m\u0101jas lap\u0101, k\u0101 ar\u012b RPAC soci\u0101l\u0101\u00a0 t\u012bkla &#8220;Facebook&#8221; kont\u0101:\u00a0<a href=\"https:\/\/www.facebook.com\/RPACentrs\/\">https:\/\/www.facebook.com\/RPACentrs\/<\/a><\/p>\t\t\t\t\t\t\t\t<\/div>\n\t\t\t\t\t<\/div>\n\t\t\t\t<\/div>\n\t\t<div data-particle_enable=\"false\" data-particle-mobile-disabled=\"false\" class=\"elementor-element elementor-element-65b3d0b e-flex e-con-boxed e-con e-parent\" data-id=\"65b3d0b\" data-element_type=\"container\" data-e-type=\"container\">\n\t\t\t\t\t<div class=\"e-con-inner\">\n\t\t\t\t<div class=\"elementor-element elementor-element-21c14af elementor-widget elementor-widget-image-gallery\" data-id=\"21c14af\" data-element_type=\"widget\" data-e-type=\"widget\" data-widget_type=\"image-gallery.default\">\n\t\t\t\t\t\t\t<div class=\"elementor-image-gallery\">\n\t\t\t<div id='gallery-3' class='gallery galleryid-22517 gallery-columns-1 gallery-size-medium'><figure class='gallery-item'>\n\t\t\t<div class='gallery-icon portrait'>\n\t\t\t\t<a data-elementor-open-lightbox=\"yes\" data-elementor-lightbox-slideshow=\"21c14af\" data-e-action-hash=\"#elementor-action%3Aaction%3Dlightbox%26settings%3DeyJpZCI6MjU5ODcsInVybCI6Imh0dHBzOlwvXC9yaWFjLmx2XC93cC1jb250ZW50XC91cGxvYWRzXC8yMDI1XC8wN1wvUVJfd2Vic2l0ZS5wbmciLCJzbGlkZXNob3ciOiIyMWMxNGFmIn0%3D\" href='https:\/\/riac.lv\/wp-content\/uploads\/2025\/07\/QR_website.png'><img loading=\"lazy\" decoding=\"async\" width=\"250\" height=\"300\" src=\"https:\/\/riac.lv\/wp-content\/uploads\/2025\/07\/QR_website-250x300.png\" class=\"attachment-medium size-medium\" alt=\"\" srcset=\"https:\/\/riac.lv\/wp-content\/uploads\/2025\/07\/QR_website-250x300.png 250w, https:\/\/riac.lv\/wp-content\/uploads\/2025\/07\/QR_website-853x1024.png 853w, https:\/\/riac.lv\/wp-content\/uploads\/2025\/07\/QR_website-768x922.png 768w, https:\/\/riac.lv\/wp-content\/uploads\/2025\/07\/QR_website.png 1100w\" sizes=\"(max-width: 250px) 100vw, 250px\" \/><\/a>\n\t\t\t<\/div><\/figure>\n\t\t<\/div>\n\t\t<\/div>\n\t\t\t\t\t\t<\/div>\n\t\t\t\t\t<\/div>\n\t\t\t\t<\/div>\n\t\t\t\t<\/div>\n\t\t","protected":false},"excerpt":{"rendered":"<p>Projekta aktualit\u0101tes ROKASGR\u0100MATA IR KL\u0100T! \u00a0 Autisk\u0101 spektra trauc\u0113jumi un sports: rokasgr\u0101mata skolot\u0101jiem un pedagogiem tagad ir pieejama ikvienam!\u0160aj\u0101 visaptvero\u0161aj\u0101 rokasgr\u0101mat\u0101 ir ietverti vair\u0101k nek\u0101&hellip;<\/p>\n","protected":false},"author":1,"featured_media":0,"parent":0,"menu_order":0,"comment_status":"closed","ping_status":"closed","template":"","meta":{"footnotes":""},"class_list":["post-22517","page","type-page","status-publish","hentry"],"_links":{"self":[{"href":"https:\/\/riac.lv\/index.php?rest_route=\/wp\/v2\/pages\/22517","targetHints":{"allow":["GET"]}}],"collection":[{"href":"https:\/\/riac.lv\/index.php?rest_route=\/wp\/v2\/pages"}],"about":[{"href":"https:\/\/riac.lv\/index.php?rest_route=\/wp\/v2\/types\/page"}],"author":[{"embeddable":true,"href":"https:\/\/riac.lv\/index.php?rest_route=\/wp\/v2\/users\/1"}],"replies":[{"embeddable":true,"href":"https:\/\/riac.lv\/index.php?rest_route=%2Fwp%2Fv2%2Fcomments&post=22517"}],"version-history":[{"count":73,"href":"https:\/\/riac.lv\/index.php?rest_route=\/wp\/v2\/pages\/22517\/revisions"}],"predecessor-version":[{"id":29375,"href":"https:\/\/riac.lv\/index.php?rest_route=\/wp\/v2\/pages\/22517\/revisions\/29375"}],"wp:attachment":[{"href":"https:\/\/riac.lv\/index.php?rest_route=%2Fwp%2Fv2%2Fmedia&parent=22517"}],"curies":[{"name":"wp","href":"https:\/\/api.w.org\/{rel}","templated":true}]}}