{"id":26939,"date":"2025-09-17T21:05:58","date_gmt":"2025-09-17T18:05:58","guid":{"rendered":"http:\/\/riac.lv\/?page_id=26939"},"modified":"2026-01-20T12:19:07","modified_gmt":"2026-01-20T10:19:07","slug":"paplasinata-realitate-skolenu-ar-specialam-izglitibas-vajadzibam-macibu-procesa","status":"publish","type":"page","link":"https:\/\/riac.lv\/?page_id=26939","title":{"rendered":"Papla\u0161in\u0101t\u0101 realit\u0101te skol\u0113nu ar speci\u0101l\u0101m izgl\u012bt\u012bbas vajadz\u012bb\u0101m m\u0101c\u012bbu proces\u0101"},"content":{"rendered":"<p><a role=\"button\"><br \/>\n\t\t\t\t\t\t\t\t\tIzstr\u0101d\u0101tie materi\u0101li<br \/>\n\t\t\t\t\t<\/a><br \/>\n\t\t\t\t\t\t\t\t\t\t\t\t\t\t<a href=\"https:\/\/riac.lv\/?page_id=28372\"><br \/>\n\t\t\t\t\t\t\t\t\tProjekta aktivit\u0101tes<br \/>\n\t\t\t\t\t<\/a><br \/>\n\t\t\t\t\t\t\t\t\t\t\t\t\t\t\t\t\t\t\t<img fetchpriority=\"high\" decoding=\"async\" width=\"843\" height=\"707\" src=\"http:\/\/riac.lv\/wp-content\/uploads\/2025\/09\/Projekts-KA220.jpg\" alt=\"\" srcset=\"https:\/\/riac.lv\/wp-content\/uploads\/2025\/09\/Projekts-KA220.jpg 940w, https:\/\/riac.lv\/wp-content\/uploads\/2025\/09\/Projekts-KA220-300x251.jpg 300w, https:\/\/riac.lv\/wp-content\/uploads\/2025\/09\/Projekts-KA220-768x644.jpg 768w\" sizes=\"(max-width: 843px) 100vw, 843px\" \/><\/p>\n","protected":false},"excerpt":{"rendered":"<p>Izstr\u0101d\u0101tie materi\u0101li Projekta aktivit\u0101tes<\/p>\n","protected":false},"author":4,"featured_media":0,"parent":0,"menu_order":0,"comment_status":"closed","ping_status":"closed","template":"","meta":{"footnotes":""},"class_list":["post-26939","page","type-page","status-publish","hentry"],"_links":{"self":[{"href":"https:\/\/riac.lv\/index.php?rest_route=\/wp\/v2\/pages\/26939","targetHints":{"allow":["GET"]}}],"collection":[{"href":"https:\/\/riac.lv\/index.php?rest_route=\/wp\/v2\/pages"}],"about":[{"href":"https:\/\/riac.lv\/index.php?rest_route=\/wp\/v2\/types\/page"}],"author":[{"embeddable":true,"href":"https:\/\/riac.lv\/index.php?rest_route=\/wp\/v2\/users\/4"}],"replies":[{"embeddable":true,"href":"https:\/\/riac.lv\/index.php?rest_route=%2Fwp%2Fv2%2Fcomments&post=26939"}],"version-history":[{"count":28,"href":"https:\/\/riac.lv\/index.php?rest_route=\/wp\/v2\/pages\/26939\/revisions"}],"predecessor-version":[{"id":29212,"href":"https:\/\/riac.lv\/index.php?rest_route=\/wp\/v2\/pages\/26939\/revisions\/29212"}],"wp:attachment":[{"href":"https:\/\/riac.lv\/index.php?rest_route=%2Fwp%2Fv2%2Fmedia&parent=26939"}],"curies":[{"name":"wp","href":"https:\/\/api.w.org\/{rel}","templated":true}]}}