{"id":27286,"date":"2025-10-06T21:40:47","date_gmt":"2025-10-06T18:40:47","guid":{"rendered":"http:\/\/riac.lv\/?page_id=27286"},"modified":"2026-03-19T15:43:46","modified_gmt":"2026-03-19T13:43:46","slug":"sikas-motorikas-prasmes","status":"publish","type":"page","link":"https:\/\/riac.lv\/?page_id=27286","title":{"rendered":"S\u012bk\u0101s motorikas prasmes"},"content":{"rendered":"\t\t<div data-elementor-type=\"wp-page\" data-elementor-id=\"27286\" class=\"elementor elementor-27286\">\n\t\t\t\t<div data-particle_enable=\"false\" data-particle-mobile-disabled=\"false\" class=\"elementor-element elementor-element-22a0d1c e-flex e-con-boxed e-con e-parent\" data-id=\"22a0d1c\" data-element_type=\"container\" data-e-type=\"container\">\n\t\t\t\t\t<div class=\"e-con-inner\">\n\t\t\t\t<div class=\"elementor-element elementor-element-580b206 elementor-widget elementor-widget-text-editor\" data-id=\"580b206\" data-element_type=\"widget\" data-e-type=\"widget\" data-widget_type=\"text-editor.default\">\n\t\t\t\t\t\t\t\t\t<h2>S\u012bk\u0101 motorika<\/h2><p><span style=\"color: #000000;\">Ikviens darb\u012bbas veids ir saist\u012bts ar kust\u012bbu. Ne tikai pirmsskolas vecum\u0101, bet ar\u012b s\u0101kumskolas skol\u0113niem ir \u013coti svar\u012bgi att\u012bst\u012bt s\u012bk\u0101s motorikas prasmes.<\/span><\/p><p><span style=\"color: #000000;\">Lai b\u0113rns sp\u0113tu veikt prec\u012bzas manipul\u0101cijas ar priek\u0161metiem, roku pirkstiem j\u0101sadarbojas koordin\u0113ti:<\/span><\/p><ul><li><span style=\"color: #000000;\">\u012ak\u0161\u0137is, r\u0101d\u012bt\u0101jpirksts un vid\u0113jais pirksts veic <strong>koordin\u0101cijas <\/strong>funkciju (satver\u0161anu, precizit\u0101ti).<\/span><\/li><li><span style=\"color: #000000;\">Zeltnesis un mazais pirksti\u0146\u0161 nodro\u0161ina <strong>stabilit\u0101ti<\/strong> plaukstas novietojumam.<\/span><\/li><\/ul><p><span style=\"color: #000000;\">S\u012bk\u0101s motorikas vingrin\u0101jumi veicina b\u0113rnu gar\u012bgo att\u012bst\u012bbu, stimul\u0113jot runas centru darb\u012bbu. B\u0113rni k\u013c\u016bst veikl\u0101ki element\u0101ro pa\u0161apkalpo\u0161an\u0101s iema\u0146u veik\u0161an\u0101 (\u0160ternfelde, 2017).<\/span><\/p>\t\t\t\t\t\t\t\t<\/div>\n\t\t\t\t<div class=\"elementor-element elementor-element-8a20fdb elementor-widget elementor-widget-text-editor\" data-id=\"8a20fdb\" data-element_type=\"widget\" data-e-type=\"widget\" data-widget_type=\"text-editor.default\">\n\t\t\t\t\t\t\t\t\t<h2>Pieejamie materi\u0101li:<\/h2><ul><li><a href=\"http:\/\/riac.lv\/wp-content\/uploads\/2025\/10\/Zilbju-celini.pdf\">Ska\u0146as \/S\/ nostiprin\u0101\u0161ana atv\u0113rt\u0101s zilb\u0113s (I.Tolopilo)<\/a><\/li><li><a href=\"http:\/\/riac.lv\/wp-content\/uploads\/2025\/10\/3_Skanu-nostiprinasana.pdf\">Ska\u0146u \/S\/, \/\u0160\/, \/Z\/, \/\u017d\/, \/L\/, \/R\/ nostiprin\u0101\u0161ana izol\u0113ti (I. Tolopilo)<\/a><\/li><li><a href=\"http:\/\/riac.lv\/wp-content\/uploads\/2025\/10\/1_Materials_Dzivnieku-raksti.pdf\">Dz\u012bvnieku ornamenti (I. Tolopilo)<\/a><\/li><li><a href=\"http:\/\/riac.lv\/wp-content\/uploads\/2025\/10\/4_Plastilina-alfabets.pdf\">&#8220;Plastil\u012bna&#8221; alfab\u0113ts (I. Tolopilo)<\/a><\/li><li><a href=\"http:\/\/riac.lv\/wp-content\/uploads\/2025\/10\/5_Pirkstinu-deja.pdf\">Pirksti\u0146u deja (I. Tolopilo)<\/a><\/li><\/ul>\t\t\t\t\t\t\t\t<\/div>\n\t\t\t\t<div class=\"elementor-element elementor-element-4621e16 gallery-spacing-custom elementor-widget elementor-widget-image-gallery\" data-id=\"4621e16\" data-element_type=\"widget\" data-e-type=\"widget\" data-widget_type=\"image-gallery.default\">\n\t\t\t\t\t\t\t<div class=\"elementor-image-gallery\">\n\t\t\t<div id='gallery-1' class='gallery galleryid-27286 gallery-columns-3 gallery-size-full'><figure class='gallery-item'>\n\t\t\t<div class='gallery-icon portrait'>\n\t\t\t\t<a data-elementor-open-lightbox=\"yes\" data-elementor-lightbox-slideshow=\"4621e16\" data-e-action-hash=\"#elementor-action%3Aaction%3Dlightbox%26settings%3DeyJpZCI6Mjc0MjIsInVybCI6Imh0dHBzOlwvXC9yaWFjLmx2XC93cC1jb250ZW50XC91cGxvYWRzXC8yMDI1XC8xMFwvMS00LmpwZyIsInNsaWRlc2hvdyI6IjQ2MjFlMTYifQ%3D%3D\" href='https:\/\/riac.lv\/wp-content\/uploads\/2025\/10\/1-4.jpg'><img fetchpriority=\"high\" decoding=\"async\" width=\"1333\" height=\"2000\" src=\"https:\/\/riac.lv\/wp-content\/uploads\/2025\/10\/1-4.jpg\" class=\"attachment-full size-full\" alt=\"\" srcset=\"https:\/\/riac.lv\/wp-content\/uploads\/2025\/10\/1-4.jpg 1333w, https:\/\/riac.lv\/wp-content\/uploads\/2025\/10\/1-4-200x300.jpg 200w, https:\/\/riac.lv\/wp-content\/uploads\/2025\/10\/1-4-682x1024.jpg 682w, https:\/\/riac.lv\/wp-content\/uploads\/2025\/10\/1-4-768x1152.jpg 768w, https:\/\/riac.lv\/wp-content\/uploads\/2025\/10\/1-4-1024x1536.jpg 1024w\" sizes=\"(max-width: 1333px) 100vw, 1333px\" \/><\/a>\n\t\t\t<\/div><\/figure><figure class='gallery-item'>\n\t\t\t<div class='gallery-icon portrait'>\n\t\t\t\t<a data-elementor-open-lightbox=\"yes\" data-elementor-lightbox-slideshow=\"4621e16\" data-e-action-hash=\"#elementor-action%3Aaction%3Dlightbox%26settings%3DeyJpZCI6Mjc0MjMsInVybCI6Imh0dHBzOlwvXC9yaWFjLmx2XC93cC1jb250ZW50XC91cGxvYWRzXC8yMDI1XC8xMFwvMi01LmpwZyIsInNsaWRlc2hvdyI6IjQ2MjFlMTYifQ%3D%3D\" href='https:\/\/riac.lv\/wp-content\/uploads\/2025\/10\/2-5.jpg'><img decoding=\"async\" width=\"1333\" height=\"2000\" src=\"https:\/\/riac.lv\/wp-content\/uploads\/2025\/10\/2-5.jpg\" class=\"attachment-full size-full\" alt=\"\" srcset=\"https:\/\/riac.lv\/wp-content\/uploads\/2025\/10\/2-5.jpg 1333w, https:\/\/riac.lv\/wp-content\/uploads\/2025\/10\/2-5-200x300.jpg 200w, https:\/\/riac.lv\/wp-content\/uploads\/2025\/10\/2-5-682x1024.jpg 682w, https:\/\/riac.lv\/wp-content\/uploads\/2025\/10\/2-5-768x1152.jpg 768w, https:\/\/riac.lv\/wp-content\/uploads\/2025\/10\/2-5-1024x1536.jpg 1024w\" sizes=\"(max-width: 1333px) 100vw, 1333px\" \/><\/a>\n\t\t\t<\/div><\/figure><figure class='gallery-item'>\n\t\t\t<div class='gallery-icon portrait'>\n\t\t\t\t<a data-elementor-open-lightbox=\"yes\" data-elementor-lightbox-slideshow=\"4621e16\" data-e-action-hash=\"#elementor-action%3Aaction%3Dlightbox%26settings%3DeyJpZCI6Mjc0MjQsInVybCI6Imh0dHBzOlwvXC9yaWFjLmx2XC93cC1jb250ZW50XC91cGxvYWRzXC8yMDI1XC8xMFwvMy0yLmpwZyIsInNsaWRlc2hvdyI6IjQ2MjFlMTYifQ%3D%3D\" href='https:\/\/riac.lv\/wp-content\/uploads\/2025\/10\/3-2.jpg'><img decoding=\"async\" width=\"1333\" height=\"2000\" src=\"https:\/\/riac.lv\/wp-content\/uploads\/2025\/10\/3-2.jpg\" class=\"attachment-full size-full\" alt=\"\" srcset=\"https:\/\/riac.lv\/wp-content\/uploads\/2025\/10\/3-2.jpg 1333w, https:\/\/riac.lv\/wp-content\/uploads\/2025\/10\/3-2-200x300.jpg 200w, https:\/\/riac.lv\/wp-content\/uploads\/2025\/10\/3-2-682x1024.jpg 682w, https:\/\/riac.lv\/wp-content\/uploads\/2025\/10\/3-2-768x1152.jpg 768w, https:\/\/riac.lv\/wp-content\/uploads\/2025\/10\/3-2-1024x1536.jpg 1024w\" sizes=\"(max-width: 1333px) 100vw, 1333px\" \/><\/a>\n\t\t\t<\/div><\/figure><figure class='gallery-item'>\n\t\t\t<div class='gallery-icon portrait'>\n\t\t\t\t<a data-elementor-open-lightbox=\"yes\" data-elementor-lightbox-slideshow=\"4621e16\" data-e-action-hash=\"#elementor-action%3Aaction%3Dlightbox%26settings%3DeyJpZCI6Mjc0MjUsInVybCI6Imh0dHBzOlwvXC9yaWFjLmx2XC93cC1jb250ZW50XC91cGxvYWRzXC8yMDI1XC8xMFwvNC5qcGciLCJzbGlkZXNob3ciOiI0NjIxZTE2In0%3D\" href='https:\/\/riac.lv\/wp-content\/uploads\/2025\/10\/4.jpg'><img loading=\"lazy\" decoding=\"async\" width=\"1333\" height=\"2000\" src=\"https:\/\/riac.lv\/wp-content\/uploads\/2025\/10\/4.jpg\" class=\"attachment-full size-full\" alt=\"\" srcset=\"https:\/\/riac.lv\/wp-content\/uploads\/2025\/10\/4.jpg 1333w, https:\/\/riac.lv\/wp-content\/uploads\/2025\/10\/4-200x300.jpg 200w, https:\/\/riac.lv\/wp-content\/uploads\/2025\/10\/4-682x1024.jpg 682w, https:\/\/riac.lv\/wp-content\/uploads\/2025\/10\/4-768x1152.jpg 768w, https:\/\/riac.lv\/wp-content\/uploads\/2025\/10\/4-1024x1536.jpg 1024w\" sizes=\"(max-width: 1333px) 100vw, 1333px\" \/><\/a>\n\t\t\t<\/div><\/figure><figure class='gallery-item'>\n\t\t\t<div class='gallery-icon portrait'>\n\t\t\t\t<a data-elementor-open-lightbox=\"yes\" data-elementor-lightbox-slideshow=\"4621e16\" data-e-action-hash=\"#elementor-action%3Aaction%3Dlightbox%26settings%3DeyJpZCI6Mjc0MjYsInVybCI6Imh0dHBzOlwvXC9yaWFjLmx2XC93cC1jb250ZW50XC91cGxvYWRzXC8yMDI1XC8xMFwvQS5qcGciLCJzbGlkZXNob3ciOiI0NjIxZTE2In0%3D\" href='https:\/\/riac.lv\/wp-content\/uploads\/2025\/10\/A.jpg'><img loading=\"lazy\" decoding=\"async\" width=\"1333\" height=\"2000\" src=\"https:\/\/riac.lv\/wp-content\/uploads\/2025\/10\/A.jpg\" class=\"attachment-full size-full\" alt=\"\" srcset=\"https:\/\/riac.lv\/wp-content\/uploads\/2025\/10\/A.jpg 1333w, https:\/\/riac.lv\/wp-content\/uploads\/2025\/10\/A-200x300.jpg 200w, https:\/\/riac.lv\/wp-content\/uploads\/2025\/10\/A-682x1024.jpg 682w, https:\/\/riac.lv\/wp-content\/uploads\/2025\/10\/A-768x1152.jpg 768w, https:\/\/riac.lv\/wp-content\/uploads\/2025\/10\/A-1024x1536.jpg 1024w\" sizes=\"(max-width: 1333px) 100vw, 1333px\" \/><\/a>\n\t\t\t<\/div><\/figure><figure class='gallery-item'>\n\t\t\t<div class='gallery-icon portrait'>\n\t\t\t\t<a data-elementor-open-lightbox=\"yes\" data-elementor-lightbox-slideshow=\"4621e16\" data-e-action-hash=\"#elementor-action%3Aaction%3Dlightbox%26settings%3DeyJpZCI6Mjc0MjcsInVybCI6Imh0dHBzOlwvXC9yaWFjLmx2XC93cC1jb250ZW50XC91cGxvYWRzXC8yMDI1XC8xMFwvQi5qcGciLCJzbGlkZXNob3ciOiI0NjIxZTE2In0%3D\" href='https:\/\/riac.lv\/wp-content\/uploads\/2025\/10\/B.jpg'><img loading=\"lazy\" decoding=\"async\" width=\"1333\" height=\"2000\" src=\"https:\/\/riac.lv\/wp-content\/uploads\/2025\/10\/B.jpg\" class=\"attachment-full size-full\" alt=\"\" srcset=\"https:\/\/riac.lv\/wp-content\/uploads\/2025\/10\/B.jpg 1333w, https:\/\/riac.lv\/wp-content\/uploads\/2025\/10\/B-200x300.jpg 200w, https:\/\/riac.lv\/wp-content\/uploads\/2025\/10\/B-682x1024.jpg 682w, https:\/\/riac.lv\/wp-content\/uploads\/2025\/10\/B-768x1152.jpg 768w, https:\/\/riac.lv\/wp-content\/uploads\/2025\/10\/B-1024x1536.jpg 1024w\" sizes=\"(max-width: 1333px) 100vw, 1333px\" \/><\/a>\n\t\t\t<\/div><\/figure>\n\t\t<\/div>\n\t\t<\/div>\n\t\t\t\t\t\t<\/div>\n\t\t\t\t\t<\/div>\n\t\t\t\t<\/div>\n\t\t\t\t<\/div>\n\t\t","protected":false},"excerpt":{"rendered":"<p>S\u012bk\u0101 motorika Ikviens darb\u012bbas veids ir saist\u012bts ar kust\u012bbu. Ne tikai pirmsskolas vecum\u0101, bet ar\u012b s\u0101kumskolas skol\u0113niem ir \u013coti svar\u012bgi att\u012bst\u012bt s\u012bk\u0101s motorikas prasmes. Lai&hellip;<\/p>\n","protected":false},"author":4,"featured_media":0,"parent":0,"menu_order":0,"comment_status":"closed","ping_status":"closed","template":"","meta":{"footnotes":""},"class_list":["post-27286","page","type-page","status-publish","hentry"],"_links":{"self":[{"href":"https:\/\/riac.lv\/index.php?rest_route=\/wp\/v2\/pages\/27286","targetHints":{"allow":["GET"]}}],"collection":[{"href":"https:\/\/riac.lv\/index.php?rest_route=\/wp\/v2\/pages"}],"about":[{"href":"https:\/\/riac.lv\/index.php?rest_route=\/wp\/v2\/types\/page"}],"author":[{"embeddable":true,"href":"https:\/\/riac.lv\/index.php?rest_route=\/wp\/v2\/users\/4"}],"replies":[{"embeddable":true,"href":"https:\/\/riac.lv\/index.php?rest_route=%2Fwp%2Fv2%2Fcomments&post=27286"}],"version-history":[{"count":16,"href":"https:\/\/riac.lv\/index.php?rest_route=\/wp\/v2\/pages\/27286\/revisions"}],"predecessor-version":[{"id":29869,"href":"https:\/\/riac.lv\/index.php?rest_route=\/wp\/v2\/pages\/27286\/revisions\/29869"}],"wp:attachment":[{"href":"https:\/\/riac.lv\/index.php?rest_route=%2Fwp%2Fv2%2Fmedia&parent=27286"}],"curies":[{"name":"wp","href":"https:\/\/api.w.org\/{rel}","templated":true}]}}