{"id":27976,"date":"2025-11-13T22:26:20","date_gmt":"2025-11-13T20:26:20","guid":{"rendered":"http:\/\/riac.lv\/?page_id=27976"},"modified":"2025-11-17T13:51:42","modified_gmt":"2025-11-17T11:51:42","slug":"skanu-uztversanas-prasmes","status":"publish","type":"page","link":"https:\/\/riac.lv\/?page_id=27976","title":{"rendered":"Ska\u0146u uztver\u0161anas prasmes"},"content":{"rendered":"\t\t<div data-elementor-type=\"wp-page\" data-elementor-id=\"27976\" class=\"elementor elementor-27976\">\n\t\t\t\t<div data-particle_enable=\"false\" data-particle-mobile-disabled=\"false\" class=\"elementor-element elementor-element-2a93417 e-flex e-con-boxed e-con e-parent\" data-id=\"2a93417\" data-element_type=\"container\" data-e-type=\"container\">\n\t\t\t\t\t<div class=\"e-con-inner\">\n\t\t\t\t<div class=\"elementor-element elementor-element-cff4e69 elementor-widget elementor-widget-text-editor\" data-id=\"cff4e69\" data-element_type=\"widget\" data-e-type=\"widget\" data-widget_type=\"text-editor.default\">\n\t\t\t\t\t\t\t\t\t<h2>Ska\u0146u uztver\u0161ana<\/h2>\t\t\t\t\t\t\t\t<\/div>\n\t\t\t\t\t<\/div>\n\t\t\t\t<\/div>\n\t\t<div data-particle_enable=\"false\" data-particle-mobile-disabled=\"false\" class=\"elementor-element elementor-element-0445e7e e-flex e-con-boxed e-con e-parent\" data-id=\"0445e7e\" data-element_type=\"container\" data-e-type=\"container\">\n\t\t\t\t\t<div class=\"e-con-inner\">\n\t\t\t\t<div class=\"elementor-element elementor-element-998c221 elementor-widget elementor-widget-text-editor\" data-id=\"998c221\" data-element_type=\"widget\" data-e-type=\"widget\" data-widget_type=\"text-editor.default\">\n\t\t\t\t\t\t\t\t\t<p>Fonem\u0101tisk\u0101 dzirde ir pamats,lai izprastu teikt\u0101 j\u0113gu. Ja runas ska\u0146u at\u0161\u0137ir\u0161ana nav att\u012bst\u012bta, b\u0113rns uztver (iegaum\u0113, atk\u0101rto, raksta) nevis to, kas vi\u0146am tika pateikts, bet to, ko vi\u0146\u0161 ir dzird\u0113jis \u2013 kaut ko pareizi, bet kaut ko \u013coti aptuvenu.<\/p><p>Bez labi att\u012bst\u012btas fonem\u0101tisk\u0101s uztveres nevar sekm\u012bgi apg\u016bt prasmes las\u012bt un rakst\u012bt (Rozenfelde, M., \u010capkevi\u010da O., Arhipova I., 2021)<\/p>\t\t\t\t\t\t\t\t<\/div>\n\t\t\t\t\t<\/div>\n\t\t\t\t<\/div>\n\t\t<div data-particle_enable=\"false\" data-particle-mobile-disabled=\"false\" class=\"elementor-element elementor-element-6115a44 e-flex e-con-boxed e-con e-parent\" data-id=\"6115a44\" data-element_type=\"container\" data-e-type=\"container\">\n\t\t\t\t\t<div class=\"e-con-inner\">\n\t\t\t\t<div class=\"elementor-element elementor-element-1fb1bd7 elementor-widget elementor-widget-text-editor\" data-id=\"1fb1bd7\" data-element_type=\"widget\" data-e-type=\"widget\" data-widget_type=\"text-editor.default\">\n\t\t\t\t\t\t\t\t\t<h2>Pieejamie materi\u0101li:<\/h2><ul><li><a href=\"http:\/\/riac.lv\/wp-content\/uploads\/2025\/11\/3_Lidzigi-skanosi-vardi.pdf\">L\u012bdz\u012bgi skano\u0161i v\u0101rdi (I. Tolopilo)<\/a><\/li><li><a href=\"http:\/\/riac.lv\/wp-content\/uploads\/2025\/11\/2_Veiklie-pirkstini.pdf\">Sp\u0113le &#8220;Veiklie pirksti\u0146i&#8221; &#8211; ska\u0146u \/S\/ un \/\u0160\/ diferenc\u0113\u0161ana v\u0101rda s\u0101kum\u0101, (I. Tolopilo)<\/a><\/li><li><a href=\"http:\/\/riac.lv\/wp-content\/uploads\/2025\/11\/Skanu-skirotajs-1.pdf\">Sp\u0113le &#8220;Ska\u0146u \u0161\u0137irot\u0101js&#8221; &#8211;\u00a0 ska\u0146u diferenc\u0113\u0161ana (s &#8211; \u0161, z &#8211; \u017e, c &#8211; dz, \u010d &#8211; d\u017e, t &#8211; d, p &#8211; b, m &#8211; n, f &#8211; h, l &#8211; r, l &#8211; v, k &#8211; g, \u0137 &#8211; \u0123), (A. Anc\u0101ne);<\/a><\/li><li><a href=\"http:\/\/riac.lv\/wp-content\/uploads\/2025\/11\/1_Burtu-detektivs.pdf\">Sp\u0113le &#8220;Burtu detekt\u012bvs&#8221; &#8211; v\u0101rda pirm\u0101s ska\u0146as noteik\u0161ana, (I. Tolopilo)<\/a><\/li><li><a href=\"http:\/\/riac.lv\/wp-content\/uploads\/2025\/11\/sound-C-1.pdf\">Ska\u0146a \/C\/ ang\u013cu valod\u0101, (A. Po\u013caka)<\/a><\/li><li><a href=\"http:\/\/riac.lv\/wp-content\/uploads\/2025\/11\/Skanu-uztversana.pdf\">Dzirdes uztveres att\u012bst\u012b\u0161ana (Jevge\u0146ija K\u0146azeva)<\/a><\/li><\/ul>\t\t\t\t\t\t\t\t<\/div>\n\t\t\t\t\t<\/div>\n\t\t\t\t<\/div>\n\t\t<div data-particle_enable=\"false\" data-particle-mobile-disabled=\"false\" class=\"elementor-element elementor-element-5f14e57 e-flex e-con-boxed e-con e-parent\" data-id=\"5f14e57\" data-element_type=\"container\" data-e-type=\"container\">\n\t\t\t\t\t<div class=\"e-con-inner\">\n\t\t\t\t<div class=\"elementor-element elementor-element-f023121 gallery-spacing-custom elementor-widget elementor-widget-image-gallery\" data-id=\"f023121\" data-element_type=\"widget\" data-e-type=\"widget\" data-widget_type=\"image-gallery.default\">\n\t\t\t\t\t\t\t<div class=\"elementor-image-gallery\">\n\t\t\t<div id='gallery-1' class='gallery galleryid-27976 gallery-columns-3 gallery-size-medium'><figure class='gallery-item'>\n\t\t\t<div class='gallery-icon portrait'>\n\t\t\t\t<a data-elementor-open-lightbox=\"yes\" data-elementor-lightbox-slideshow=\"f023121\" data-e-action-hash=\"#elementor-action%3Aaction%3Dlightbox%26settings%3DeyJpZCI6MjgwNTksInVybCI6Imh0dHBzOlwvXC9yaWFjLmx2XC93cC1jb250ZW50XC91cGxvYWRzXC8yMDI1XC8xMVwvSWV0ZWlrdW1pLUZVMDExMC1zY2FsZWQuanBnIiwic2xpZGVzaG93IjoiZjAyMzEyMSJ9\" href='https:\/\/riac.lv\/wp-content\/uploads\/2025\/11\/Ieteikumi-FU0110-scaled.jpg'><img fetchpriority=\"high\" decoding=\"async\" width=\"212\" height=\"300\" src=\"https:\/\/riac.lv\/wp-content\/uploads\/2025\/11\/Ieteikumi-FU0110-212x300.jpg\" class=\"attachment-medium size-medium\" alt=\"\" srcset=\"https:\/\/riac.lv\/wp-content\/uploads\/2025\/11\/Ieteikumi-FU0110-212x300.jpg 212w, https:\/\/riac.lv\/wp-content\/uploads\/2025\/11\/Ieteikumi-FU0110-724x1024.jpg 724w, https:\/\/riac.lv\/wp-content\/uploads\/2025\/11\/Ieteikumi-FU0110-768x1086.jpg 768w, https:\/\/riac.lv\/wp-content\/uploads\/2025\/11\/Ieteikumi-FU0110-1086x1536.jpg 1086w, https:\/\/riac.lv\/wp-content\/uploads\/2025\/11\/Ieteikumi-FU0110-1449x2048.jpg 1449w, https:\/\/riac.lv\/wp-content\/uploads\/2025\/11\/Ieteikumi-FU0110-scaled.jpg 1811w\" sizes=\"(max-width: 212px) 100vw, 212px\" \/><\/a>\n\t\t\t<\/div><\/figure><figure class='gallery-item'>\n\t\t\t<div class='gallery-icon portrait'>\n\t\t\t\t<a data-elementor-open-lightbox=\"yes\" data-elementor-lightbox-slideshow=\"f023121\" data-e-action-hash=\"#elementor-action%3Aaction%3Dlightbox%26settings%3DeyJpZCI6MjgwMDgsInVybCI6Imh0dHBzOlwvXC9yaWFjLmx2XC93cC1jb250ZW50XC91cGxvYWRzXC8yMDI1XC8xMVwvSU1HXzIwMjUxMDI4XzA5MjI1MS1zY2FsZWQuanBnIiwic2xpZGVzaG93IjoiZjAyMzEyMSJ9\" href='https:\/\/riac.lv\/wp-content\/uploads\/2025\/11\/IMG_20251028_092251-scaled.jpg'><img decoding=\"async\" width=\"225\" height=\"300\" src=\"https:\/\/riac.lv\/wp-content\/uploads\/2025\/11\/IMG_20251028_092251-225x300.jpg\" class=\"attachment-medium size-medium\" alt=\"\" srcset=\"https:\/\/riac.lv\/wp-content\/uploads\/2025\/11\/IMG_20251028_092251-225x300.jpg 225w, https:\/\/riac.lv\/wp-content\/uploads\/2025\/11\/IMG_20251028_092251-768x1024.jpg 768w, https:\/\/riac.lv\/wp-content\/uploads\/2025\/11\/IMG_20251028_092251-1152x1536.jpg 1152w, https:\/\/riac.lv\/wp-content\/uploads\/2025\/11\/IMG_20251028_092251-1536x2048.jpg 1536w, https:\/\/riac.lv\/wp-content\/uploads\/2025\/11\/IMG_20251028_092251-scaled.jpg 1920w\" sizes=\"(max-width: 225px) 100vw, 225px\" \/><\/a>\n\t\t\t<\/div><\/figure><figure class='gallery-item'>\n\t\t\t<div class='gallery-icon portrait'>\n\t\t\t\t<a data-elementor-open-lightbox=\"yes\" data-elementor-lightbox-slideshow=\"f023121\" data-e-action-hash=\"#elementor-action%3Aaction%3Dlightbox%26settings%3DeyJpZCI6MjgwMDksInVybCI6Imh0dHBzOlwvXC9yaWFjLmx2XC93cC1jb250ZW50XC91cGxvYWRzXC8yMDI1XC8xMVwvSU1HXzIwMjUxMDI4XzExMzYyMC1zY2FsZWQuanBnIiwic2xpZGVzaG93IjoiZjAyMzEyMSJ9\" href='https:\/\/riac.lv\/wp-content\/uploads\/2025\/11\/IMG_20251028_113620-scaled.jpg'><img decoding=\"async\" width=\"225\" height=\"300\" src=\"https:\/\/riac.lv\/wp-content\/uploads\/2025\/11\/IMG_20251028_113620-225x300.jpg\" class=\"attachment-medium size-medium\" alt=\"\" srcset=\"https:\/\/riac.lv\/wp-content\/uploads\/2025\/11\/IMG_20251028_113620-225x300.jpg 225w, https:\/\/riac.lv\/wp-content\/uploads\/2025\/11\/IMG_20251028_113620-768x1024.jpg 768w, https:\/\/riac.lv\/wp-content\/uploads\/2025\/11\/IMG_20251028_113620-1152x1536.jpg 1152w, https:\/\/riac.lv\/wp-content\/uploads\/2025\/11\/IMG_20251028_113620-1536x2048.jpg 1536w, https:\/\/riac.lv\/wp-content\/uploads\/2025\/11\/IMG_20251028_113620-scaled.jpg 1920w\" sizes=\"(max-width: 225px) 100vw, 225px\" \/><\/a>\n\t\t\t<\/div><\/figure><figure class='gallery-item'>\n\t\t\t<div class='gallery-icon landscape'>\n\t\t\t\t<a data-elementor-open-lightbox=\"yes\" data-elementor-lightbox-slideshow=\"f023121\" data-e-action-hash=\"#elementor-action%3Aaction%3Dlightbox%26settings%3DeyJpZCI6MjgwMDIsInVybCI6Imh0dHBzOlwvXC9yaWFjLmx2XC93cC1jb250ZW50XC91cGxvYWRzXC8yMDI1XC8xMVwvMS03LmpwZyIsInNsaWRlc2hvdyI6ImYwMjMxMjEifQ%3D%3D\" href='https:\/\/riac.lv\/wp-content\/uploads\/2025\/11\/1-7.jpg'><img loading=\"lazy\" decoding=\"async\" width=\"300\" height=\"240\" src=\"https:\/\/riac.lv\/wp-content\/uploads\/2025\/11\/1-7-300x240.jpg\" class=\"attachment-medium size-medium\" alt=\"\" srcset=\"https:\/\/riac.lv\/wp-content\/uploads\/2025\/11\/1-7-300x240.jpg 300w, https:\/\/riac.lv\/wp-content\/uploads\/2025\/11\/1-7-1024x819.jpg 1024w, https:\/\/riac.lv\/wp-content\/uploads\/2025\/11\/1-7-768x614.jpg 768w, https:\/\/riac.lv\/wp-content\/uploads\/2025\/11\/1-7-1536x1229.jpg 1536w, https:\/\/riac.lv\/wp-content\/uploads\/2025\/11\/1-7.jpg 2000w\" sizes=\"(max-width: 300px) 100vw, 300px\" \/><\/a>\n\t\t\t<\/div><\/figure><figure class='gallery-item'>\n\t\t\t<div class='gallery-icon landscape'>\n\t\t\t\t<a data-elementor-open-lightbox=\"yes\" data-elementor-lightbox-slideshow=\"f023121\" data-e-action-hash=\"#elementor-action%3Aaction%3Dlightbox%26settings%3DeyJpZCI6MjgwMDMsInVybCI6Imh0dHBzOlwvXC9yaWFjLmx2XC93cC1jb250ZW50XC91cGxvYWRzXC8yMDI1XC8xMVwvMi03LmpwZyIsInNsaWRlc2hvdyI6ImYwMjMxMjEifQ%3D%3D\" href='https:\/\/riac.lv\/wp-content\/uploads\/2025\/11\/2-7.jpg'><img loading=\"lazy\" decoding=\"async\" width=\"300\" height=\"240\" src=\"https:\/\/riac.lv\/wp-content\/uploads\/2025\/11\/2-7-300x240.jpg\" class=\"attachment-medium size-medium\" alt=\"\" srcset=\"https:\/\/riac.lv\/wp-content\/uploads\/2025\/11\/2-7-300x240.jpg 300w, https:\/\/riac.lv\/wp-content\/uploads\/2025\/11\/2-7-1024x819.jpg 1024w, https:\/\/riac.lv\/wp-content\/uploads\/2025\/11\/2-7-768x614.jpg 768w, https:\/\/riac.lv\/wp-content\/uploads\/2025\/11\/2-7-1536x1229.jpg 1536w, https:\/\/riac.lv\/wp-content\/uploads\/2025\/11\/2-7.jpg 2000w\" sizes=\"(max-width: 300px) 100vw, 300px\" \/><\/a>\n\t\t\t<\/div><\/figure><figure class='gallery-item'>\n\t\t\t<div class='gallery-icon landscape'>\n\t\t\t\t<a data-elementor-open-lightbox=\"yes\" data-elementor-lightbox-slideshow=\"f023121\" data-e-action-hash=\"#elementor-action%3Aaction%3Dlightbox%26settings%3DeyJpZCI6MjgwMDQsInVybCI6Imh0dHBzOlwvXC9yaWFjLmx2XC93cC1jb250ZW50XC91cGxvYWRzXC8yMDI1XC8xMVwvMy0zLmpwZyIsInNsaWRlc2hvdyI6ImYwMjMxMjEifQ%3D%3D\" href='https:\/\/riac.lv\/wp-content\/uploads\/2025\/11\/3-3.jpg'><img loading=\"lazy\" decoding=\"async\" width=\"300\" height=\"240\" src=\"https:\/\/riac.lv\/wp-content\/uploads\/2025\/11\/3-3-300x240.jpg\" class=\"attachment-medium size-medium\" alt=\"\" srcset=\"https:\/\/riac.lv\/wp-content\/uploads\/2025\/11\/3-3-300x240.jpg 300w, https:\/\/riac.lv\/wp-content\/uploads\/2025\/11\/3-3-1024x819.jpg 1024w, https:\/\/riac.lv\/wp-content\/uploads\/2025\/11\/3-3-768x614.jpg 768w, https:\/\/riac.lv\/wp-content\/uploads\/2025\/11\/3-3-1536x1229.jpg 1536w, https:\/\/riac.lv\/wp-content\/uploads\/2025\/11\/3-3.jpg 2000w\" sizes=\"(max-width: 300px) 100vw, 300px\" \/><\/a>\n\t\t\t<\/div><\/figure>\n\t\t<\/div>\n\t\t<\/div>\n\t\t\t\t\t\t<\/div>\n\t\t\t\t\t<\/div>\n\t\t\t\t<\/div>\n\t\t<div data-particle_enable=\"false\" data-particle-mobile-disabled=\"false\" class=\"elementor-element elementor-element-a176bea e-flex e-con-boxed e-con e-parent\" data-id=\"a176bea\" data-element_type=\"container\" data-e-type=\"container\">\n\t\t\t\t\t<div class=\"e-con-inner\">\n\t\t\t\t\t<\/div>\n\t\t\t\t<\/div>\n\t\t\t\t<\/div>\n\t\t","protected":false},"excerpt":{"rendered":"<p>Ska\u0146u uztver\u0161ana Fonem\u0101tisk\u0101 dzirde ir pamats,lai izprastu teikt\u0101 j\u0113gu. Ja runas ska\u0146u at\u0161\u0137ir\u0161ana nav att\u012bst\u012bta, b\u0113rns uztver (iegaum\u0113, atk\u0101rto, raksta) nevis to, kas vi\u0146am tika&hellip;<\/p>\n","protected":false},"author":4,"featured_media":0,"parent":0,"menu_order":0,"comment_status":"closed","ping_status":"closed","template":"","meta":{"footnotes":""},"class_list":["post-27976","page","type-page","status-publish","hentry"],"_links":{"self":[{"href":"https:\/\/riac.lv\/index.php?rest_route=\/wp\/v2\/pages\/27976","targetHints":{"allow":["GET"]}}],"collection":[{"href":"https:\/\/riac.lv\/index.php?rest_route=\/wp\/v2\/pages"}],"about":[{"href":"https:\/\/riac.lv\/index.php?rest_route=\/wp\/v2\/types\/page"}],"author":[{"embeddable":true,"href":"https:\/\/riac.lv\/index.php?rest_route=\/wp\/v2\/users\/4"}],"replies":[{"embeddable":true,"href":"https:\/\/riac.lv\/index.php?rest_route=%2Fwp%2Fv2%2Fcomments&post=27976"}],"version-history":[{"count":49,"href":"https:\/\/riac.lv\/index.php?rest_route=\/wp\/v2\/pages\/27976\/revisions"}],"predecessor-version":[{"id":28062,"href":"https:\/\/riac.lv\/index.php?rest_route=\/wp\/v2\/pages\/27976\/revisions\/28062"}],"wp:attachment":[{"href":"https:\/\/riac.lv\/index.php?rest_route=%2Fwp%2Fv2%2Fmedia&parent=27976"}],"curies":[{"name":"wp","href":"https:\/\/api.w.org\/{rel}","templated":true}]}}