{"id":28423,"date":"2025-12-11T14:42:22","date_gmt":"2025-12-11T12:42:22","guid":{"rendered":"https:\/\/riac.lv\/?page_id=28423"},"modified":"2025-12-13T17:42:47","modified_gmt":"2025-12-13T15:42:47","slug":"valodas-lietojuma-prasmes","status":"publish","type":"page","link":"https:\/\/riac.lv\/?page_id=28423","title":{"rendered":"Valodas lietojuma prasmes"},"content":{"rendered":"\t\t<div data-elementor-type=\"wp-page\" data-elementor-id=\"28423\" class=\"elementor elementor-28423\">\n\t\t\t\t<div data-particle_enable=\"false\" data-particle-mobile-disabled=\"false\" class=\"elementor-element elementor-element-d899653 e-flex e-con-boxed e-con e-parent\" data-id=\"d899653\" data-element_type=\"container\" data-e-type=\"container\">\n\t\t\t\t\t<div class=\"e-con-inner\">\n\t\t\t\t<div class=\"elementor-element elementor-element-bf17097 elementor-widget elementor-widget-text-editor\" data-id=\"bf17097\" data-element_type=\"widget\" data-e-type=\"widget\" data-widget_type=\"text-editor.default\">\n\t\t\t\t\t\t\t\t\t<div class=\"elementor-element elementor-element-2a93417 e-flex e-con-boxed e-con e-parent e-lazyloaded\" data-particle_enable=\"false\" data-particle-mobile-disabled=\"false\" data-id=\"2a93417\" data-element_type=\"container\"><div class=\"e-con-inner\"><div class=\"elementor-element elementor-element-cff4e69 elementor-widget elementor-widget-text-editor\" data-id=\"cff4e69\" data-element_type=\"widget\" data-widget_type=\"text-editor.default\"><h2>Valodas lietojums<\/h2><\/div><\/div><\/div><div class=\"elementor-element elementor-element-0445e7e e-flex e-con-boxed e-con e-parent e-lazyloaded\" data-particle_enable=\"false\" data-particle-mobile-disabled=\"false\" data-id=\"0445e7e\" data-element_type=\"container\"><div class=\"e-con-inner\"><div class=\"elementor-element elementor-element-998c221 elementor-widget elementor-widget-text-editor\" data-id=\"998c221\" data-element_type=\"widget\" data-widget_type=\"text-editor.default\">Saist\u012bt\u0101 runa b\u0113rnam ir \u013coti svar\u012bga, jo t\u0101 pal\u012bdz skaidri izteikt domas, j\u016btas un vajadz\u012bbas. Run\u0101jot pilniem, gramatiski pareiziem teikumiem, b\u0113rns m\u0101c\u0101s veidot sec\u012bgu st\u0101st\u012bjumu un lab\u0101k saprast apk\u0101rt\u0113jo pasauli.<\/div><div class=\"elementor-element elementor-element-998c221 elementor-widget elementor-widget-text-editor\" data-id=\"998c221\" data-element_type=\"widget\" data-widget_type=\"text-editor.default\">Izmantojot da\u017e\u0101du v\u0101rd\u0161\u0137iru v\u0101rdus \u2014 lietv\u0101rdus, darb\u012bbas v\u0101rdus, \u012bpa\u0161\u012bbas v\u0101rdus, apst\u0101k\u013ca v\u0101rdus, vietniekv\u0101rdus un priev\u0101rdus \u2014 b\u0113rna valoda k\u013c\u016bst bag\u0101t\u0101ka un izteiksm\u012bg\u0101ka. Tas veicina veiksm\u012bgu sazi\u0146u un ce\u013c b\u0113rna pa\u0161apzi\u0146u.<\/div><\/div><\/div><div class=\"elementor-element elementor-element-6115a44 e-flex e-con-boxed e-con e-parent e-lazyloaded\" data-particle_enable=\"false\" data-particle-mobile-disabled=\"false\" data-id=\"6115a44\" data-element_type=\"container\"><div class=\"e-con-inner\"><div class=\"elementor-element elementor-element-1fb1bd7 elementor-widget elementor-widget-text-editor\" data-id=\"1fb1bd7\" data-element_type=\"widget\" data-widget_type=\"text-editor.default\"><h2>Pieejamie materi\u0101li:<\/h2><ul><li><a href=\"http:\/\/riac.lv\/wp-content\/uploads\/2025\/12\/Darba-lapas_-Vards-attels_A_Korosenko.pdf\">Darba lapas &#8220;V\u0101rds &#8211; att\u0113ls&#8221; (A. Koro\u0161enko);<\/a><\/li><li><a href=\"http:\/\/riac.lv\/wp-content\/uploads\/2025\/12\/Cipars_krasa_prieksmets_I_Tolopilo.pdf\">Teikuma veido\u0161ana, saska\u0146ojot skaitli, dzimti, loc\u012bjumu (I.Tolopilo);<\/a><\/li><li><a href=\"http:\/\/riac.lv\/wp-content\/uploads\/2025\/12\/Uzdevums-ar-knagiem-I_Tolopilo.pdf\">Uzdevums lo\u0123isk\u0101s dom\u0101\u0161anas veicin\u0101\u0161anai (I. Tolopilo);<\/a><\/li><li><a href=\"http:\/\/riac.lv\/wp-content\/uploads\/2025\/12\/Lasi-un-kraso_I_Tolopilo.pdf\">Darba lapas las\u012bt\u0101 izpratnes att\u012bst\u012b\u0161anai (t\u0113mas &#8211; ap\u0123\u0113rbs, d\u0101rze\u0146i, aug\u013ci), (I. Tolopilo);<\/a><\/li><li><a href=\"http:\/\/riac.lv\/wp-content\/uploads\/2025\/12\/Lasi-un-kraso-I_Tolopilo.pdf\">Darba lapas las\u012bt\u0101 izpratnes att\u012bst\u012b\u0161anai &#8211; t\u0113ma dz\u012bvnieki (I. Tolopilo);<\/a><\/li><li><a href=\"http:\/\/riac.lv\/wp-content\/uploads\/2025\/12\/Lasi-raksti-stasti_I_Tolopilo.pdf\">Darba lapas st\u0101st\u012btprasmes att\u012bst\u012b\u0161anai (I. Tolopilo);<\/a><\/li><li><a href=\"http:\/\/riac.lv\/wp-content\/uploads\/2025\/12\/Valodas-lietojums_A_Ancane.pdf\">Uzdevumu idejas &#8220;Valodas lietojums&#8221; (A. Anc\u0101ne);<\/a><\/li><li><a href=\"http:\/\/riac.lv\/wp-content\/uploads\/2025\/12\/Valodas-lietojums_J_Knazeva.pdf\">Uzdevumu idejas &#8220;Valodas lietojums&#8221; (J. K\u0146azeva)<\/a><\/li><\/ul><\/div><\/div><\/div>\t\t\t\t\t\t\t\t<\/div>\n\t\t\t\t\t<\/div>\n\t\t\t\t<\/div>\n\t\t<div data-particle_enable=\"false\" data-particle-mobile-disabled=\"false\" class=\"elementor-element elementor-element-172920f e-flex e-con-boxed e-con e-parent\" data-id=\"172920f\" data-element_type=\"container\" data-e-type=\"container\">\n\t\t\t\t\t<div class=\"e-con-inner\">\n\t\t\t\t<div class=\"elementor-element elementor-element-1790163 gallery-spacing-custom elementor-widget elementor-widget-image-gallery\" data-id=\"1790163\" data-element_type=\"widget\" data-e-type=\"widget\" data-widget_type=\"image-gallery.default\">\n\t\t\t\t\t\t\t<div class=\"elementor-image-gallery\">\n\t\t\t<div id='gallery-1' class='gallery galleryid-28423 gallery-columns-4 gallery-size-custum_500x500'><figure class='gallery-item'>\n\t\t\t<div class='gallery-icon landscape'>\n\t\t\t\t<a data-elementor-open-lightbox=\"yes\" data-elementor-lightbox-slideshow=\"1790163\" data-e-action-hash=\"#elementor-action%3Aaction%3Dlightbox%26settings%3DeyJpZCI6Mjg1ODYsInVybCI6Imh0dHBzOlwvXC9yaWFjLmx2XC93cC1jb250ZW50XC91cGxvYWRzXC8yMDI1XC8xMlwvYnVydmp1LWthc3RlLmpwZyIsInNsaWRlc2hvdyI6IjE3OTAxNjMifQ%3D%3D\" href='https:\/\/riac.lv\/wp-content\/uploads\/2025\/12\/burvju-kaste.jpg'><img fetchpriority=\"high\" decoding=\"async\" width=\"500\" height=\"500\" src=\"https:\/\/riac.lv\/wp-content\/uploads\/2025\/12\/burvju-kaste-500x500.jpg\" class=\"attachment-custum_500x500 size-custum_500x500\" alt=\"\" srcset=\"https:\/\/riac.lv\/wp-content\/uploads\/2025\/12\/burvju-kaste-500x500.jpg 500w, https:\/\/riac.lv\/wp-content\/uploads\/2025\/12\/burvju-kaste-150x150.jpg 150w, https:\/\/riac.lv\/wp-content\/uploads\/2025\/12\/burvju-kaste-800x800.jpg 800w\" sizes=\"(max-width: 500px) 100vw, 500px\" \/><\/a>\n\t\t\t<\/div><\/figure><figure class='gallery-item'>\n\t\t\t<div class='gallery-icon landscape'>\n\t\t\t\t<a data-elementor-open-lightbox=\"yes\" data-elementor-lightbox-slideshow=\"1790163\" data-e-action-hash=\"#elementor-action%3Aaction%3Dlightbox%26settings%3DeyJpZCI6Mjg1ODgsInVybCI6Imh0dHBzOlwvXC9yaWFjLmx2XC93cC1jb250ZW50XC91cGxvYWRzXC8yMDI1XC8xMlwvdGVpa3VtdS12ZWlkb3NhbmEuanBnIiwic2xpZGVzaG93IjoiMTc5MDE2MyJ9\" href='https:\/\/riac.lv\/wp-content\/uploads\/2025\/12\/teikumu-veidosana.jpg'><img decoding=\"async\" width=\"500\" height=\"500\" src=\"https:\/\/riac.lv\/wp-content\/uploads\/2025\/12\/teikumu-veidosana-500x500.jpg\" class=\"attachment-custum_500x500 size-custum_500x500\" alt=\"\" srcset=\"https:\/\/riac.lv\/wp-content\/uploads\/2025\/12\/teikumu-veidosana-500x500.jpg 500w, https:\/\/riac.lv\/wp-content\/uploads\/2025\/12\/teikumu-veidosana-150x150.jpg 150w, https:\/\/riac.lv\/wp-content\/uploads\/2025\/12\/teikumu-veidosana-800x800.jpg 800w\" sizes=\"(max-width: 500px) 100vw, 500px\" \/><\/a>\n\t\t\t<\/div><\/figure><figure class='gallery-item'>\n\t\t\t<div class='gallery-icon landscape'>\n\t\t\t\t<a data-elementor-open-lightbox=\"yes\" data-elementor-lightbox-slideshow=\"1790163\" data-e-action-hash=\"#elementor-action%3Aaction%3Dlightbox%26settings%3DeyJpZCI6Mjg1ODcsInVybCI6Imh0dHBzOlwvXC9yaWFjLmx2XC93cC1jb250ZW50XC91cGxvYWRzXC8yMDI1XC8xMlwvZm90b2dyYWZzLmpwZyIsInNsaWRlc2hvdyI6IjE3OTAxNjMifQ%3D%3D\" href='https:\/\/riac.lv\/wp-content\/uploads\/2025\/12\/fotografs.jpg'><img decoding=\"async\" width=\"500\" height=\"500\" src=\"https:\/\/riac.lv\/wp-content\/uploads\/2025\/12\/fotografs-500x500.jpg\" class=\"attachment-custum_500x500 size-custum_500x500\" alt=\"\" srcset=\"https:\/\/riac.lv\/wp-content\/uploads\/2025\/12\/fotografs-500x500.jpg 500w, https:\/\/riac.lv\/wp-content\/uploads\/2025\/12\/fotografs-150x150.jpg 150w, https:\/\/riac.lv\/wp-content\/uploads\/2025\/12\/fotografs-800x800.jpg 800w\" sizes=\"(max-width: 500px) 100vw, 500px\" \/><\/a>\n\t\t\t<\/div><\/figure><figure class='gallery-item'>\n\t\t\t<div class='gallery-icon portrait'>\n\t\t\t\t<a data-elementor-open-lightbox=\"yes\" data-elementor-lightbox-slideshow=\"1790163\" data-e-action-hash=\"#elementor-action%3Aaction%3Dlightbox%26settings%3DeyJpZCI6Mjg1ODMsInVybCI6Imh0dHBzOlwvXC9yaWFjLmx2XC93cC1jb250ZW50XC91cGxvYWRzXC8yMDI1XC8xMlwvMi00LmpwZyIsInNsaWRlc2hvdyI6IjE3OTAxNjMifQ%3D%3D\" href='https:\/\/riac.lv\/wp-content\/uploads\/2025\/12\/2-4.jpg'><img loading=\"lazy\" decoding=\"async\" width=\"500\" height=\"500\" src=\"https:\/\/riac.lv\/wp-content\/uploads\/2025\/12\/2-4-500x500.jpg\" class=\"attachment-custum_500x500 size-custum_500x500\" alt=\"\" srcset=\"https:\/\/riac.lv\/wp-content\/uploads\/2025\/12\/2-4-500x500.jpg 500w, https:\/\/riac.lv\/wp-content\/uploads\/2025\/12\/2-4-150x150.jpg 150w\" sizes=\"(max-width: 500px) 100vw, 500px\" \/><\/a>\n\t\t\t<\/div><\/figure><figure class='gallery-item'>\n\t\t\t<div class='gallery-icon portrait'>\n\t\t\t\t<a data-elementor-open-lightbox=\"yes\" data-elementor-lightbox-slideshow=\"1790163\" data-e-action-hash=\"#elementor-action%3Aaction%3Dlightbox%26settings%3DeyJpZCI6Mjg1ODQsInVybCI6Imh0dHBzOlwvXC9yaWFjLmx2XC93cC1jb250ZW50XC91cGxvYWRzXC8yMDI1XC8xMlwvMy0zLmpwZyIsInNsaWRlc2hvdyI6IjE3OTAxNjMifQ%3D%3D\" href='https:\/\/riac.lv\/wp-content\/uploads\/2025\/12\/3-3.jpg'><img loading=\"lazy\" decoding=\"async\" width=\"500\" height=\"500\" src=\"https:\/\/riac.lv\/wp-content\/uploads\/2025\/12\/3-3-500x500.jpg\" class=\"attachment-custum_500x500 size-custum_500x500\" alt=\"\" srcset=\"https:\/\/riac.lv\/wp-content\/uploads\/2025\/12\/3-3-500x500.jpg 500w, https:\/\/riac.lv\/wp-content\/uploads\/2025\/12\/3-3-150x150.jpg 150w\" sizes=\"(max-width: 500px) 100vw, 500px\" \/><\/a>\n\t\t\t<\/div><\/figure><figure class='gallery-item'>\n\t\t\t<div class='gallery-icon portrait'>\n\t\t\t\t<a data-elementor-open-lightbox=\"yes\" data-elementor-lightbox-slideshow=\"1790163\" data-e-action-hash=\"#elementor-action%3Aaction%3Dlightbox%26settings%3DeyJpZCI6Mjg1ODIsInVybCI6Imh0dHBzOlwvXC9yaWFjLmx2XC93cC1jb250ZW50XC91cGxvYWRzXC8yMDI1XC8xMlwvMS0zLmpwZyIsInNsaWRlc2hvdyI6IjE3OTAxNjMifQ%3D%3D\" href='https:\/\/riac.lv\/wp-content\/uploads\/2025\/12\/1-3.jpg'><img loading=\"lazy\" decoding=\"async\" width=\"500\" height=\"500\" src=\"https:\/\/riac.lv\/wp-content\/uploads\/2025\/12\/1-3-500x500.jpg\" class=\"attachment-custum_500x500 size-custum_500x500\" alt=\"\" srcset=\"https:\/\/riac.lv\/wp-content\/uploads\/2025\/12\/1-3-500x500.jpg 500w, https:\/\/riac.lv\/wp-content\/uploads\/2025\/12\/1-3-150x150.jpg 150w\" sizes=\"(max-width: 500px) 100vw, 500px\" \/><\/a>\n\t\t\t<\/div><\/figure><figure class='gallery-item'>\n\t\t\t<div class='gallery-icon landscape'>\n\t\t\t\t<a data-elementor-open-lightbox=\"yes\" data-elementor-lightbox-slideshow=\"1790163\" data-e-action-hash=\"#elementor-action%3Aaction%3Dlightbox%26settings%3DeyJpZCI6Mjg1OTEsInVybCI6Imh0dHBzOlwvXC9yaWFjLmx2XC93cC1jb250ZW50XC91cGxvYWRzXC8yMDI1XC8xMlwvMy0xLmpwZWciLCJzbGlkZXNob3ciOiIxNzkwMTYzIn0%3D\" href='https:\/\/riac.lv\/wp-content\/uploads\/2025\/12\/3-1.jpeg'><img loading=\"lazy\" decoding=\"async\" width=\"500\" height=\"500\" src=\"https:\/\/riac.lv\/wp-content\/uploads\/2025\/12\/3-1-500x500.jpeg\" class=\"attachment-custum_500x500 size-custum_500x500\" alt=\"\" srcset=\"https:\/\/riac.lv\/wp-content\/uploads\/2025\/12\/3-1-500x500.jpeg 500w, https:\/\/riac.lv\/wp-content\/uploads\/2025\/12\/3-1-150x150.jpeg 150w, https:\/\/riac.lv\/wp-content\/uploads\/2025\/12\/3-1-800x800.jpeg 800w\" sizes=\"(max-width: 500px) 100vw, 500px\" \/><\/a>\n\t\t\t<\/div><\/figure><figure class='gallery-item'>\n\t\t\t<div class='gallery-icon landscape'>\n\t\t\t\t<a data-elementor-open-lightbox=\"yes\" data-elementor-lightbox-slideshow=\"1790163\" data-e-action-hash=\"#elementor-action%3Aaction%3Dlightbox%26settings%3DeyJpZCI6Mjg1ODksInVybCI6Imh0dHBzOlwvXC9yaWFjLmx2XC93cC1jb250ZW50XC91cGxvYWRzXC8yMDI1XC8xMlwvMS0xLmpwZWciLCJzbGlkZXNob3ciOiIxNzkwMTYzIn0%3D\" href='https:\/\/riac.lv\/wp-content\/uploads\/2025\/12\/1-1.jpeg'><img loading=\"lazy\" decoding=\"async\" width=\"500\" height=\"500\" src=\"https:\/\/riac.lv\/wp-content\/uploads\/2025\/12\/1-1-500x500.jpeg\" class=\"attachment-custum_500x500 size-custum_500x500\" alt=\"\" srcset=\"https:\/\/riac.lv\/wp-content\/uploads\/2025\/12\/1-1-500x500.jpeg 500w, https:\/\/riac.lv\/wp-content\/uploads\/2025\/12\/1-1-150x150.jpeg 150w, https:\/\/riac.lv\/wp-content\/uploads\/2025\/12\/1-1-800x800.jpeg 800w\" sizes=\"(max-width: 500px) 100vw, 500px\" \/><\/a>\n\t\t\t<\/div><\/figure><figure class='gallery-item'>\n\t\t\t<div class='gallery-icon portrait'>\n\t\t\t\t<a data-elementor-open-lightbox=\"yes\" data-elementor-lightbox-slideshow=\"1790163\" data-e-action-hash=\"#elementor-action%3Aaction%3Dlightbox%26settings%3DeyJpZCI6Mjg1OTAsInVybCI6Imh0dHBzOlwvXC9yaWFjLmx2XC93cC1jb250ZW50XC91cGxvYWRzXC8yMDI1XC8xMlwvMi0xLmpwZWciLCJzbGlkZXNob3ciOiIxNzkwMTYzIn0%3D\" href='https:\/\/riac.lv\/wp-content\/uploads\/2025\/12\/2-1.jpeg'><img loading=\"lazy\" decoding=\"async\" width=\"500\" height=\"500\" src=\"https:\/\/riac.lv\/wp-content\/uploads\/2025\/12\/2-1-500x500.jpeg\" class=\"attachment-custum_500x500 size-custum_500x500\" alt=\"\" srcset=\"https:\/\/riac.lv\/wp-content\/uploads\/2025\/12\/2-1-500x500.jpeg 500w, https:\/\/riac.lv\/wp-content\/uploads\/2025\/12\/2-1-150x150.jpeg 150w, https:\/\/riac.lv\/wp-content\/uploads\/2025\/12\/2-1-800x800.jpeg 800w\" sizes=\"(max-width: 500px) 100vw, 500px\" \/><\/a>\n\t\t\t<\/div><\/figure><figure class='gallery-item'>\n\t\t\t<div class='gallery-icon landscape'>\n\t\t\t\t<a data-elementor-open-lightbox=\"yes\" data-elementor-lightbox-slideshow=\"1790163\" data-e-action-hash=\"#elementor-action%3Aaction%3Dlightbox%26settings%3DeyJpZCI6Mjg1OTIsInVybCI6Imh0dHBzOlwvXC9yaWFjLmx2XC93cC1jb250ZW50XC91cGxvYWRzXC8yMDI1XC8xMlwvNF8tMS5qcGVnIiwic2xpZGVzaG93IjoiMTc5MDE2MyJ9\" href='https:\/\/riac.lv\/wp-content\/uploads\/2025\/12\/4_-1.jpeg'><img loading=\"lazy\" decoding=\"async\" width=\"500\" height=\"500\" src=\"https:\/\/riac.lv\/wp-content\/uploads\/2025\/12\/4_-1-500x500.jpeg\" class=\"attachment-custum_500x500 size-custum_500x500\" alt=\"\" srcset=\"https:\/\/riac.lv\/wp-content\/uploads\/2025\/12\/4_-1-500x500.jpeg 500w, https:\/\/riac.lv\/wp-content\/uploads\/2025\/12\/4_-1-150x150.jpeg 150w, https:\/\/riac.lv\/wp-content\/uploads\/2025\/12\/4_-1-800x800.jpeg 800w\" sizes=\"(max-width: 500px) 100vw, 500px\" \/><\/a>\n\t\t\t<\/div><\/figure>\n\t\t<\/div>\n\t\t<\/div>\n\t\t\t\t\t\t<\/div>\n\t\t\t\t\t<\/div>\n\t\t\t\t<\/div>\n\t\t\t\t<\/div>\n\t\t","protected":false},"excerpt":{"rendered":"<p>Valodas lietojums Saist\u012bt\u0101 runa b\u0113rnam ir \u013coti svar\u012bga, jo t\u0101 pal\u012bdz skaidri izteikt domas, j\u016btas un vajadz\u012bbas. Run\u0101jot pilniem, gramatiski pareiziem teikumiem, b\u0113rns m\u0101c\u0101s veidot&hellip;<\/p>\n","protected":false},"author":4,"featured_media":0,"parent":26761,"menu_order":0,"comment_status":"closed","ping_status":"closed","template":"","meta":{"footnotes":""},"class_list":["post-28423","page","type-page","status-publish","hentry"],"_links":{"self":[{"href":"https:\/\/riac.lv\/index.php?rest_route=\/wp\/v2\/pages\/28423","targetHints":{"allow":["GET"]}}],"collection":[{"href":"https:\/\/riac.lv\/index.php?rest_route=\/wp\/v2\/pages"}],"about":[{"href":"https:\/\/riac.lv\/index.php?rest_route=\/wp\/v2\/types\/page"}],"author":[{"embeddable":true,"href":"https:\/\/riac.lv\/index.php?rest_route=\/wp\/v2\/users\/4"}],"replies":[{"embeddable":true,"href":"https:\/\/riac.lv\/index.php?rest_route=%2Fwp%2Fv2%2Fcomments&post=28423"}],"version-history":[{"count":44,"href":"https:\/\/riac.lv\/index.php?rest_route=\/wp\/v2\/pages\/28423\/revisions"}],"predecessor-version":[{"id":28742,"href":"https:\/\/riac.lv\/index.php?rest_route=\/wp\/v2\/pages\/28423\/revisions\/28742"}],"up":[{"embeddable":true,"href":"https:\/\/riac.lv\/index.php?rest_route=\/wp\/v2\/pages\/26761"}],"wp:attachment":[{"href":"https:\/\/riac.lv\/index.php?rest_route=%2Fwp%2Fv2%2Fmedia&parent=28423"}],"curies":[{"name":"wp","href":"https:\/\/api.w.org\/{rel}","templated":true}]}}