{"id":29029,"date":"2026-01-12T19:59:14","date_gmt":"2026-01-12T17:59:14","guid":{"rendered":"https:\/\/riac.lv\/?page_id=29029"},"modified":"2026-03-19T15:46:16","modified_gmt":"2026-03-19T13:46:16","slug":"griesanas-prasmes","status":"publish","type":"page","link":"https:\/\/riac.lv\/?page_id=29029","title":{"rendered":"Grie\u0161anas prasmes"},"content":{"rendered":"\t\t<div data-elementor-type=\"wp-page\" data-elementor-id=\"29029\" class=\"elementor elementor-29029\">\n\t\t\t\t<div data-particle_enable=\"false\" data-particle-mobile-disabled=\"false\" class=\"elementor-element elementor-element-69fe3cd e-flex e-con-boxed e-con e-parent\" data-id=\"69fe3cd\" data-element_type=\"container\" data-e-type=\"container\">\n\t\t\t\t\t<div class=\"e-con-inner\">\n\t\t\t\t<div class=\"elementor-element elementor-element-6e7ae24 elementor-widget elementor-widget-text-editor\" data-id=\"6e7ae24\" data-element_type=\"widget\" data-e-type=\"widget\" data-widget_type=\"text-editor.default\">\n\t\t\t\t\t\t\t\t\t<p><span style=\"color: #000000;\">Grie\u0161ana ar \u0161\u0137\u0113r\u0113m ir viena no b\u016btisk\u0101kaj\u0101m s\u012bk\u0101s motorikas prasm\u0113m, kas b\u0113rniem att\u012bst\u0101s pak\u0101peniski. T\u0101 ietver ne tikai sp\u0113ju vad\u012bt roku kust\u012bbas, bet ar\u012b acu \u2013 roku koordin\u0101ciju, uzman\u012bbas notur\u012bbu. Pareizi apg\u016btas grie\u0161anas prasmes ir noz\u012bm\u012bgs pamats rakst\u012b\u0161anai, z\u012bm\u0113\u0161anai un cit\u0101m ikdienas darb\u012bb\u0101m. \ud83d\udc41\ufe0f\u270d\ufe0f<\/span><\/p><p><span style=\"color: #000000;\">\u012apa\u0161i svar\u012bgi ir iem\u0101c\u012bties pareizi tur\u0113t \u0161\u0137\u0113res. Pareizs satv\u0113riens pal\u012bdz nodro\u0161in\u0101t prec\u012bzu un kontrol\u0113tu kust\u012bbu. \u2702\ufe0f<\/span><\/p><p><span style=\"color: #000000;\">Grie\u0161anas uzdevumi var b\u016bt da\u017e\u0101das gr\u016bt\u012bbas pak\u0101pes \u2013 no vienk\u0101r\u0161u taisnu l\u012bniju grie\u0161anas l\u012bdz sare\u017e\u0123\u012bt\u0101m form\u0101m un kont\u016br\u0101m. Pak\u0101peniskums un atbilsto\u0161i izv\u0113l\u0113ti materi\u0101li pal\u012bdz b\u0113rnam soli pa solim att\u012bst\u012bt prasmes un sagatavoties arvien sare\u017e\u0123\u012bt\u0101kiem uzdevumiem.<\/span><\/p><p><span style=\"color: #000000;\">M\u016bsu pedagogu izstr\u0101d\u0101t\u0101s darba lapas grie\u0161anas prasmju att\u012bst\u012b\u0161anai vari lejupiel\u0101d\u0113t \u0161eit:<\/span><\/p><ul><li><span style=\"color: #000000;\">Ziemas darbi\u0146u burtn\u012bca grie\u0161anas prasmju att\u012bst\u012b\u0161anai (Aljeta Koro\u0161enko)<\/span>:\u00a0<a href=\"http:\/\/riac.lv\/wp-content\/uploads\/2026\/01\/Griesanas-burtnica.pdf\">http:\/\/riac.lv\/wp-content\/uploads\/2026\/01\/Griesanas-burtnica.pdf<\/a> ;<\/li><li><span style=\"color: #000000;\">Grie\u0161anas prasmju att\u012bst\u012b\u0161ana (Jev\u0123enija K\u0146azeva):<\/span>\u00a0<a href=\"http:\/\/riac.lv\/wp-content\/uploads\/2026\/01\/griesana.pdf\">http:\/\/riac.lv\/wp-content\/uploads\/2026\/01\/griesana.pdf ;<\/a><\/li><li><span style=\"color: #000000;\">Cipari &#8211; grie\u0161anas prasmju att\u012bst\u012b\u0161ana (Ilze Tolopilo)<\/span>: <a href=\"http:\/\/riac.lv\/wp-content\/uploads\/2026\/01\/Ciparu-griesana.pdf\">http:\/\/riac.lv\/wp-content\/uploads\/2026\/01\/Ciparu-griesana.pdf<\/a>;<\/li><li><span style=\"color: #000000;\">Ap\u0123\u0113rbi &#8211; grie\u0161anas prasmju att\u012bst\u012b\u0161ana (Ilze Tolopilo)<\/span>:\u00a0<a href=\"http:\/\/riac.lv\/wp-content\/uploads\/2026\/01\/Apgerbi.pdf\">http:\/\/riac.lv\/wp-content\/uploads\/2026\/01\/Apgerbi.pdf<\/a> ;<\/li><li><span style=\"color: #000000;\">Aug\u013ci un d\u0101rze\u0146i &#8211; grie\u0161anas prasmju att\u012bst\u012b\u0161ana (Ilze Tolopilo):<\/span>\u00a0<a href=\"http:\/\/riac.lv\/wp-content\/uploads\/2026\/01\/Augli-darzeni-kraso-griez.pdf\">http:\/\/riac.lv\/wp-content\/uploads\/2026\/01\/Augli-darzeni-kraso-griez.pdf<\/a> ;<\/li><li><span style=\"color: #000000;\">Mati &#8211; grie\u0161anas prasmju att\u012bst\u012b\u0161ana (Ilze Tolopilo):<\/span>\u00a0<a href=\"http:\/\/riac.lv\/wp-content\/uploads\/2026\/01\/Griesanas-prasmes-mati.pdf\">http:\/\/riac.lv\/wp-content\/uploads\/2026\/01\/Griesanas-prasmes-mati.pdf<\/a> .<\/li><\/ul>\t\t\t\t\t\t\t\t<\/div>\n\t\t\t\t\t<\/div>\n\t\t\t\t<\/div>\n\t\t<div data-particle_enable=\"false\" data-particle-mobile-disabled=\"false\" class=\"elementor-element elementor-element-0f4a271 e-flex e-con-boxed e-con e-parent\" data-id=\"0f4a271\" data-element_type=\"container\" data-e-type=\"container\">\n\t\t\t\t\t<div class=\"e-con-inner\">\n\t\t\t\t<div class=\"elementor-element elementor-element-cc17e41 gallery-spacing-custom elementor-widget elementor-widget-image-gallery\" data-id=\"cc17e41\" data-element_type=\"widget\" data-e-type=\"widget\" data-widget_type=\"image-gallery.default\">\n\t\t\t\t\t\t\t<div class=\"elementor-image-gallery\">\n\t\t\t<div id='gallery-1' class='gallery galleryid-29029 gallery-columns-4 gallery-size-custum_500x500'><figure class='gallery-item'>\n\t\t\t<div class='gallery-icon portrait'>\n\t\t\t\t<a data-elementor-open-lightbox=\"yes\" data-elementor-lightbox-slideshow=\"cc17e41\" data-e-action-hash=\"#elementor-action%3Aaction%3Dlightbox%26settings%3DeyJpZCI6MjkxMDMsInVybCI6Imh0dHBzOlwvXC9yaWFjLmx2XC93cC1jb250ZW50XC91cGxvYWRzXC8yMDI2XC8wMVwvMi0xLnBuZyIsInNsaWRlc2hvdyI6ImNjMTdlNDEifQ%3D%3D\" href='https:\/\/riac.lv\/wp-content\/uploads\/2026\/01\/2-1.png'><img fetchpriority=\"high\" decoding=\"async\" width=\"500\" height=\"500\" src=\"https:\/\/riac.lv\/wp-content\/uploads\/2026\/01\/2-1-500x500.png\" class=\"attachment-custum_500x500 size-custum_500x500\" alt=\"\" srcset=\"https:\/\/riac.lv\/wp-content\/uploads\/2026\/01\/2-1-500x500.png 500w, https:\/\/riac.lv\/wp-content\/uploads\/2026\/01\/2-1-150x150.png 150w, https:\/\/riac.lv\/wp-content\/uploads\/2026\/01\/2-1-800x800.png 800w\" sizes=\"(max-width: 500px) 100vw, 500px\" \/><\/a>\n\t\t\t<\/div><\/figure><figure class='gallery-item'>\n\t\t\t<div class='gallery-icon portrait'>\n\t\t\t\t<a data-elementor-open-lightbox=\"yes\" data-elementor-lightbox-slideshow=\"cc17e41\" data-e-action-hash=\"#elementor-action%3Aaction%3Dlightbox%26settings%3DeyJpZCI6MjkwNDQsInVybCI6Imh0dHBzOlwvXC9yaWFjLmx2XC93cC1jb250ZW50XC91cGxvYWRzXC8yMDI2XC8wMVwvZ3JpZXNhbmFzLXByYXNtZXMtYXByYWtzdHNfX3BhZ2UtMDAwMS5qcGciLCJzbGlkZXNob3ciOiJjYzE3ZTQxIn0%3D\" href='https:\/\/riac.lv\/wp-content\/uploads\/2026\/01\/griesanas-prasmes-apraksts__page-0001.jpg'><img decoding=\"async\" width=\"500\" height=\"500\" src=\"https:\/\/riac.lv\/wp-content\/uploads\/2026\/01\/griesanas-prasmes-apraksts__page-0001-500x500.jpg\" class=\"attachment-custum_500x500 size-custum_500x500\" alt=\"\" srcset=\"https:\/\/riac.lv\/wp-content\/uploads\/2026\/01\/griesanas-prasmes-apraksts__page-0001-500x500.jpg 500w, https:\/\/riac.lv\/wp-content\/uploads\/2026\/01\/griesanas-prasmes-apraksts__page-0001-150x150.jpg 150w, https:\/\/riac.lv\/wp-content\/uploads\/2026\/01\/griesanas-prasmes-apraksts__page-0001-800x800.jpg 800w\" sizes=\"(max-width: 500px) 100vw, 500px\" \/><\/a>\n\t\t\t<\/div><\/figure><figure class='gallery-item'>\n\t\t\t<div class='gallery-icon portrait'>\n\t\t\t\t<a data-elementor-open-lightbox=\"yes\" data-elementor-lightbox-slideshow=\"cc17e41\" data-e-action-hash=\"#elementor-action%3Aaction%3Dlightbox%26settings%3DeyJpZCI6MjkxMDQsInVybCI6Imh0dHBzOlwvXC9yaWFjLmx2XC93cC1jb250ZW50XC91cGxvYWRzXC8yMDI2XC8wMVwvNy5wbmciLCJzbGlkZXNob3ciOiJjYzE3ZTQxIn0%3D\" href='https:\/\/riac.lv\/wp-content\/uploads\/2026\/01\/7.png'><img decoding=\"async\" width=\"500\" height=\"500\" src=\"https:\/\/riac.lv\/wp-content\/uploads\/2026\/01\/7-500x500.png\" class=\"attachment-custum_500x500 size-custum_500x500\" alt=\"\" srcset=\"https:\/\/riac.lv\/wp-content\/uploads\/2026\/01\/7-500x500.png 500w, https:\/\/riac.lv\/wp-content\/uploads\/2026\/01\/7-150x150.png 150w, https:\/\/riac.lv\/wp-content\/uploads\/2026\/01\/7-800x800.png 800w\" sizes=\"(max-width: 500px) 100vw, 500px\" \/><\/a>\n\t\t\t<\/div><\/figure><figure class='gallery-item'>\n\t\t\t<div class='gallery-icon portrait'>\n\t\t\t\t<a data-elementor-open-lightbox=\"yes\" data-elementor-lightbox-slideshow=\"cc17e41\" data-e-action-hash=\"#elementor-action%3Aaction%3Dlightbox%26settings%3DeyJpZCI6MjkxMDAsInVybCI6Imh0dHBzOlwvXC9yaWFjLmx2XC93cC1jb250ZW50XC91cGxvYWRzXC8yMDI2XC8wMVwvMS5wbmciLCJzbGlkZXNob3ciOiJjYzE3ZTQxIn0%3D\" href='https:\/\/riac.lv\/wp-content\/uploads\/2026\/01\/1.png'><img loading=\"lazy\" decoding=\"async\" width=\"500\" height=\"500\" src=\"https:\/\/riac.lv\/wp-content\/uploads\/2026\/01\/1-500x500.png\" class=\"attachment-custum_500x500 size-custum_500x500\" alt=\"\" srcset=\"https:\/\/riac.lv\/wp-content\/uploads\/2026\/01\/1-500x500.png 500w, https:\/\/riac.lv\/wp-content\/uploads\/2026\/01\/1-150x150.png 150w, https:\/\/riac.lv\/wp-content\/uploads\/2026\/01\/1-800x800.png 800w\" sizes=\"(max-width: 500px) 100vw, 500px\" \/><\/a>\n\t\t\t<\/div><\/figure><figure class='gallery-item'>\n\t\t\t<div class='gallery-icon portrait'>\n\t\t\t\t<a data-elementor-open-lightbox=\"yes\" data-elementor-lightbox-slideshow=\"cc17e41\" data-e-action-hash=\"#elementor-action%3Aaction%3Dlightbox%26settings%3DeyJpZCI6MjkxMDEsInVybCI6Imh0dHBzOlwvXC9yaWFjLmx2XC93cC1jb250ZW50XC91cGxvYWRzXC8yMDI2XC8wMVwvMi5wbmciLCJzbGlkZXNob3ciOiJjYzE3ZTQxIn0%3D\" href='https:\/\/riac.lv\/wp-content\/uploads\/2026\/01\/2.png'><img loading=\"lazy\" decoding=\"async\" width=\"500\" height=\"500\" src=\"https:\/\/riac.lv\/wp-content\/uploads\/2026\/01\/2-500x500.png\" class=\"attachment-custum_500x500 size-custum_500x500\" alt=\"\" srcset=\"https:\/\/riac.lv\/wp-content\/uploads\/2026\/01\/2-500x500.png 500w, https:\/\/riac.lv\/wp-content\/uploads\/2026\/01\/2-150x150.png 150w, https:\/\/riac.lv\/wp-content\/uploads\/2026\/01\/2-800x800.png 800w\" sizes=\"(max-width: 500px) 100vw, 500px\" \/><\/a>\n\t\t\t<\/div><\/figure><figure class='gallery-item'>\n\t\t\t<div class='gallery-icon landscape'>\n\t\t\t\t<a data-elementor-open-lightbox=\"yes\" data-elementor-lightbox-slideshow=\"cc17e41\" data-e-action-hash=\"#elementor-action%3Aaction%3Dlightbox%26settings%3DeyJpZCI6MjkxMDIsInVybCI6Imh0dHBzOlwvXC9yaWFjLmx2XC93cC1jb250ZW50XC91cGxvYWRzXC8yMDI2XC8wMVwvMS0xLnBuZyIsInNsaWRlc2hvdyI6ImNjMTdlNDEifQ%3D%3D\" href='https:\/\/riac.lv\/wp-content\/uploads\/2026\/01\/1-1.png'><img loading=\"lazy\" decoding=\"async\" width=\"500\" height=\"500\" src=\"https:\/\/riac.lv\/wp-content\/uploads\/2026\/01\/1-1-500x500.png\" class=\"attachment-custum_500x500 size-custum_500x500\" alt=\"\" srcset=\"https:\/\/riac.lv\/wp-content\/uploads\/2026\/01\/1-1-500x500.png 500w, https:\/\/riac.lv\/wp-content\/uploads\/2026\/01\/1-1-150x150.png 150w, https:\/\/riac.lv\/wp-content\/uploads\/2026\/01\/1-1-800x800.png 800w\" sizes=\"(max-width: 500px) 100vw, 500px\" \/><\/a>\n\t\t\t<\/div><\/figure><figure class='gallery-item'>\n\t\t\t<div class='gallery-icon portrait'>\n\t\t\t\t<a data-elementor-open-lightbox=\"yes\" data-elementor-lightbox-slideshow=\"cc17e41\" data-e-action-hash=\"#elementor-action%3Aaction%3Dlightbox%26settings%3DeyJpZCI6MjkwOTksInVybCI6Imh0dHBzOlwvXC9yaWFjLmx2XC93cC1jb250ZW50XC91cGxvYWRzXC8yMDI2XC8wMVwvQXBnZXJiaV8ucG5nIiwic2xpZGVzaG93IjoiY2MxN2U0MSJ9\" href='https:\/\/riac.lv\/wp-content\/uploads\/2026\/01\/Apgerbi_.png'><img loading=\"lazy\" decoding=\"async\" width=\"500\" height=\"500\" src=\"https:\/\/riac.lv\/wp-content\/uploads\/2026\/01\/Apgerbi_-500x500.png\" class=\"attachment-custum_500x500 size-custum_500x500\" alt=\"\" srcset=\"https:\/\/riac.lv\/wp-content\/uploads\/2026\/01\/Apgerbi_-500x500.png 500w, https:\/\/riac.lv\/wp-content\/uploads\/2026\/01\/Apgerbi_-150x150.png 150w, https:\/\/riac.lv\/wp-content\/uploads\/2026\/01\/Apgerbi_-800x800.png 800w\" sizes=\"(max-width: 500px) 100vw, 500px\" \/><\/a>\n\t\t\t<\/div><\/figure><figure class='gallery-item'>\n\t\t\t<div class='gallery-icon portrait'>\n\t\t\t\t<a data-elementor-open-lightbox=\"yes\" data-elementor-lightbox-slideshow=\"cc17e41\" data-e-action-hash=\"#elementor-action%3Aaction%3Dlightbox%26settings%3DeyJpZCI6MjkxNjEsInVybCI6Imh0dHBzOlwvXC9yaWFjLmx2XC93cC1jb250ZW50XC91cGxvYWRzXC8yMDI2XC8wMVwvMi0zLnBuZyIsInNsaWRlc2hvdyI6ImNjMTdlNDEifQ%3D%3D\" href='https:\/\/riac.lv\/wp-content\/uploads\/2026\/01\/2-3.png'><img loading=\"lazy\" decoding=\"async\" width=\"500\" height=\"500\" src=\"https:\/\/riac.lv\/wp-content\/uploads\/2026\/01\/2-3-500x500.png\" class=\"attachment-custum_500x500 size-custum_500x500\" alt=\"\" srcset=\"https:\/\/riac.lv\/wp-content\/uploads\/2026\/01\/2-3-500x500.png 500w, https:\/\/riac.lv\/wp-content\/uploads\/2026\/01\/2-3-150x150.png 150w, https:\/\/riac.lv\/wp-content\/uploads\/2026\/01\/2-3-800x800.png 800w\" sizes=\"(max-width: 500px) 100vw, 500px\" \/><\/a>\n\t\t\t<\/div><\/figure>\n\t\t<\/div>\n\t\t<\/div>\n\t\t\t\t\t\t<\/div>\n\t\t\t\t\t<\/div>\n\t\t\t\t<\/div>\n\t\t\t\t<\/div>\n\t\t","protected":false},"excerpt":{"rendered":"<p>Grie\u0161ana ar \u0161\u0137\u0113r\u0113m ir viena no b\u016btisk\u0101kaj\u0101m s\u012bk\u0101s motorikas prasm\u0113m, kas b\u0113rniem att\u012bst\u0101s pak\u0101peniski. T\u0101 ietver ne tikai sp\u0113ju vad\u012bt roku kust\u012bbas, bet ar\u012b acu&hellip;<\/p>\n","protected":false},"author":4,"featured_media":0,"parent":26761,"menu_order":0,"comment_status":"closed","ping_status":"closed","template":"","meta":{"footnotes":""},"class_list":["post-29029","page","type-page","status-publish","hentry"],"_links":{"self":[{"href":"https:\/\/riac.lv\/index.php?rest_route=\/wp\/v2\/pages\/29029","targetHints":{"allow":["GET"]}}],"collection":[{"href":"https:\/\/riac.lv\/index.php?rest_route=\/wp\/v2\/pages"}],"about":[{"href":"https:\/\/riac.lv\/index.php?rest_route=\/wp\/v2\/types\/page"}],"author":[{"embeddable":true,"href":"https:\/\/riac.lv\/index.php?rest_route=\/wp\/v2\/users\/4"}],"replies":[{"embeddable":true,"href":"https:\/\/riac.lv\/index.php?rest_route=%2Fwp%2Fv2%2Fcomments&post=29029"}],"version-history":[{"count":46,"href":"https:\/\/riac.lv\/index.php?rest_route=\/wp\/v2\/pages\/29029\/revisions"}],"predecessor-version":[{"id":29872,"href":"https:\/\/riac.lv\/index.php?rest_route=\/wp\/v2\/pages\/29029\/revisions\/29872"}],"up":[{"embeddable":true,"href":"https:\/\/riac.lv\/index.php?rest_route=\/wp\/v2\/pages\/26761"}],"wp:attachment":[{"href":"https:\/\/riac.lv\/index.php?rest_route=%2Fwp%2Fv2%2Fmedia&parent=29029"}],"curies":[{"name":"wp","href":"https:\/\/api.w.org\/{rel}","templated":true}]}}