{"id":30064,"date":"2026-04-13T15:25:15","date_gmt":"2026-04-13T12:25:15","guid":{"rendered":"https:\/\/riac.lv\/?page_id=30064"},"modified":"2026-04-13T15:27:28","modified_gmt":"2026-04-13T12:27:28","slug":"enu-diena-2026","status":"publish","type":"page","link":"https:\/\/riac.lv\/?page_id=30064","title":{"rendered":"\u0112nu diena 2026"},"content":{"rendered":"\t\t<div data-elementor-type=\"wp-page\" data-elementor-id=\"30064\" class=\"elementor elementor-30064\">\n\t\t\t\t<div data-particle_enable=\"false\" data-particle-mobile-disabled=\"false\" class=\"elementor-element elementor-element-37171f3 e-flex e-con-boxed e-con e-parent\" data-id=\"37171f3\" data-element_type=\"container\" data-e-type=\"container\">\n\t\t\t\t\t<div class=\"e-con-inner\">\n\t\t\t\t<div class=\"elementor-element elementor-element-fd8a24e elementor-widget elementor-widget-text-editor\" data-id=\"fd8a24e\" data-element_type=\"widget\" data-e-type=\"widget\" data-widget_type=\"text-editor.default\">\n\t\t\t\t\t\t\t\t\t<p><span style=\"color: #000000;\">R\u0113zeknes pamatskolas-att\u012bst\u012bbas centra skol\u0113ni piedal\u0101s \u201c\u0112nu diena 2026\u201d<\/span><br \/><span style=\"color: #000000;\">Latvij\u0101 \u201c\u0112nu diena\u201d ir ikgad\u0113js, atpaz\u012bstams karjeras izgl\u012bt\u012bbas pas\u0101kums 1.-12.kla\u0161u<\/span><br \/><span style=\"color: #000000;\">skol\u0113niem, kas \u0161ogad norisin\u0101j\u0101s 1.apr\u012bl\u012b.<\/span><br \/><span style=\"color: #000000;\">Pas\u0101kuma m\u0113r\u0137is ir iepaz\u012bstin\u0101t skol\u0113nus ar da\u017e\u0101du profesiju un nozaru pras\u012bb\u0101m, lai<\/span><br \/><span style=\"color: #000000;\">pal\u012bdz\u0113tu jaunie\u0161iem izv\u0113l\u0113ties profesiju, kura laik\u0101 skol\u0113ni apmekl\u0113 k\u0101du darba vietu un 4 \u2013 6<\/span><br \/><span style=\"color: #000000;\">stundu garum\u0101 v\u0113ro interes\u0113jo\u0161\u0101s profesijas p\u0101rst\u0101vja darba ikdienu.<\/span><br \/><span style=\"color: #000000;\">\u201c\u0112nu diena 2026\u201d piedal\u012bj\u0101s 4 R\u0113zeknes pamatskolas-att\u012bst\u012bbas centra skol\u0113ni, kas<\/span><br \/><span style=\"color: #000000;\">iepazina t\u0101das profesijas un\/vai amatus, uz\u0146\u0113mumus R\u0113zeknes pils\u0113t\u0101 k\u0101 fotogr\u0101fs\/video<\/span><br \/><span style=\"color: #000000;\">operators Valsts robe\u017esardzes koled\u017e\u0101, apak\u0161staciju grupas meistars AS \u201cAugstsprieguma<\/span><br \/><span style=\"color: #000000;\">t\u012bkls\u201d, pas\u0101kuma producents SIA \u201cAustrumlatvijas koncertz\u0101l\u0113\u201d (Latgales v\u0113stniec\u012bb\u0101 GORS)<\/span><br \/><span style=\"color: #000000;\">un mehaniz\u0101cijas da\u013cas darbn\u012bcas meistars VAS \u201cLatvijas dzelzce\u013c\u0161\u201d.<\/span><br \/><span style=\"color: #000000;\">\u201c\u0112not\u0101jiem\u201d bija iesp\u0113ja ne tikai v\u0113rot speci\u0101listu darbu, sa\u0146emt atbildes uz interes\u0113jo\u0161iem<\/span><br \/><span style=\"color: #000000;\">jaut\u0101jumiem, bet ar\u012b pa\u0161iem izm\u0113\u0123in\u0101t pielietot da\u017e\u0101das darb\u0101 izmantojam\u0101s ier\u012bces.<\/span><br \/><span style=\"color: #000000;\">Ruslans Sokols no 8.B.klases ir \u201c&#8230;apskat\u012bjis k\u0101 notiek remontdarbi dzelzce\u013c\u0101, k\u0101das iek\u0101rtas<\/span><br \/><span style=\"color: #000000;\">tiek izmantotas, apskat\u012bju vilciena vagonus\u2026 \u201d.<\/span><br \/><span style=\"color: #000000;\">\u201c\u0112nu diena 2026\u201d R\u0113zeknes pamatskolas-att\u012bst\u012bbas centra \u201c\u0113not\u0101jiem\u201d ir sniegusi<\/span><br \/><span style=\"color: #000000;\">priek\u0161tatu par darba specifiku konkr\u0113taj\u0101s iest\u0101d\u0113s, pieredzi tiekoties ar da\u017e\u0101diem cilv\u0113kiem<\/span><br \/><span style=\"color: #000000;\">un atrodoties nepaz\u012bstam\u0101, sve\u0161\u0101 vid\u0113; att\u012bst\u012bjusi t\u0101das prasmes k\u0101 pa\u0161prezent\u0101cijas, sadarb\u012bbas<\/span><br \/><span style=\"color: #000000;\">u.c. prasmes.<\/span><\/p><p><span style=\"color: #000000;\">R\u0113zeknes pamatskolas-attt\u012bst\u012bbas centa<\/span><br \/><span style=\"color: #000000;\">pedagogs karjeras konsultants<\/span><br \/><span style=\"color: #000000;\">Karol\u012bna Sjatkina<\/span><\/p>\t\t\t\t\t\t\t\t<\/div>\n\t\t\t\t\t<\/div>\n\t\t\t\t<\/div>\n\t\t<div data-particle_enable=\"false\" data-particle-mobile-disabled=\"false\" class=\"elementor-element elementor-element-d4fcea8 e-flex e-con-boxed e-con e-parent\" data-id=\"d4fcea8\" data-element_type=\"container\" data-e-type=\"container\">\n\t\t\t\t\t<div class=\"e-con-inner\">\n\t\t\t\t<div class=\"elementor-element elementor-element-820e5be gallery-spacing-custom elementor-widget elementor-widget-image-gallery\" data-id=\"820e5be\" data-element_type=\"widget\" data-e-type=\"widget\" data-widget_type=\"image-gallery.default\">\n\t\t\t\t\t\t\t<div class=\"elementor-image-gallery\">\n\t\t\t<div id='gallery-1' class='gallery galleryid-30064 gallery-columns-2 gallery-size-custum_500x500'><figure class='gallery-item'>\n\t\t\t<div class='gallery-icon landscape'>\n\t\t\t\t<a data-elementor-open-lightbox=\"yes\" data-elementor-lightbox-slideshow=\"820e5be\" data-e-action-hash=\"#elementor-action%3Aaction%3Dlightbox%26settings%3DeyJpZCI6MzAwNzEsInVybCI6Imh0dHBzOlwvXC9yaWFjLmx2XC93cC1jb250ZW50XC91cGxvYWRzXC8yMDI2XC8wNFwvV2hpdGUtYW5kLVllbGxvdy1JbGx1c3RyYXRpb24tV2UtQXJlLUhpcmluZy1JbnN0YWdyYW0tUG9zdC0xLTIucG5nIiwic2xpZGVzaG93IjoiODIwZTViZSJ9\" href='https:\/\/riac.lv\/wp-content\/uploads\/2026\/04\/White-and-Yellow-Illustration-We-Are-Hiring-Instagram-Post-1-2.png'><img fetchpriority=\"high\" decoding=\"async\" width=\"500\" height=\"500\" src=\"https:\/\/riac.lv\/wp-content\/uploads\/2026\/04\/White-and-Yellow-Illustration-We-Are-Hiring-Instagram-Post-1-2-500x500.png\" class=\"attachment-custum_500x500 size-custum_500x500\" alt=\"\" srcset=\"https:\/\/riac.lv\/wp-content\/uploads\/2026\/04\/White-and-Yellow-Illustration-We-Are-Hiring-Instagram-Post-1-2-500x500.png 500w, https:\/\/riac.lv\/wp-content\/uploads\/2026\/04\/White-and-Yellow-Illustration-We-Are-Hiring-Instagram-Post-1-2-300x300.png 300w, https:\/\/riac.lv\/wp-content\/uploads\/2026\/04\/White-and-Yellow-Illustration-We-Are-Hiring-Instagram-Post-1-2-1024x1024.png 1024w, https:\/\/riac.lv\/wp-content\/uploads\/2026\/04\/White-and-Yellow-Illustration-We-Are-Hiring-Instagram-Post-1-2-150x150.png 150w, https:\/\/riac.lv\/wp-content\/uploads\/2026\/04\/White-and-Yellow-Illustration-We-Are-Hiring-Instagram-Post-1-2-768x768.png 768w, https:\/\/riac.lv\/wp-content\/uploads\/2026\/04\/White-and-Yellow-Illustration-We-Are-Hiring-Instagram-Post-1-2-800x800.png 800w, https:\/\/riac.lv\/wp-content\/uploads\/2026\/04\/White-and-Yellow-Illustration-We-Are-Hiring-Instagram-Post-1-2.png 1080w\" sizes=\"(max-width: 500px) 100vw, 500px\" \/><\/a>\n\t\t\t<\/div><\/figure><figure class='gallery-item'>\n\t\t\t<div class='gallery-icon portrait'>\n\t\t\t\t<a data-elementor-open-lightbox=\"yes\" data-elementor-lightbox-slideshow=\"820e5be\" data-e-action-hash=\"#elementor-action%3Aaction%3Dlightbox%26settings%3DeyJpZCI6MzAwNjksInVybCI6Imh0dHBzOlwvXC9yaWFjLmx2XC93cC1jb250ZW50XC91cGxvYWRzXC8yMDI2XC8wNFwvQmVpZ2UtTWluaW1hbGlzdC1Db2xsYWdlLUluc3RhZ3JhbS1Qb3N0LTEucG5nIiwic2xpZGVzaG93IjoiODIwZTViZSJ9\" href='https:\/\/riac.lv\/wp-content\/uploads\/2026\/04\/Beige-Minimalist-Collage-Instagram-Post-1.png'><img decoding=\"async\" width=\"500\" height=\"500\" src=\"https:\/\/riac.lv\/wp-content\/uploads\/2026\/04\/Beige-Minimalist-Collage-Instagram-Post-1-500x500.png\" class=\"attachment-custum_500x500 size-custum_500x500\" alt=\"\" srcset=\"https:\/\/riac.lv\/wp-content\/uploads\/2026\/04\/Beige-Minimalist-Collage-Instagram-Post-1-500x500.png 500w, https:\/\/riac.lv\/wp-content\/uploads\/2026\/04\/Beige-Minimalist-Collage-Instagram-Post-1-150x150.png 150w, https:\/\/riac.lv\/wp-content\/uploads\/2026\/04\/Beige-Minimalist-Collage-Instagram-Post-1-800x800.png 800w\" sizes=\"(max-width: 500px) 100vw, 500px\" \/><\/a>\n\t\t\t<\/div><\/figure>\n\t\t<\/div>\n\t\t<\/div>\n\t\t\t\t\t\t<\/div>\n\t\t\t\t\t<\/div>\n\t\t\t\t<\/div>\n\t\t\t\t<\/div>\n\t\t","protected":false},"excerpt":{"rendered":"<p>R\u0113zeknes pamatskolas-att\u012bst\u012bbas centra skol\u0113ni piedal\u0101s \u201c\u0112nu diena 2026\u201dLatvij\u0101 \u201c\u0112nu diena\u201d ir ikgad\u0113js, atpaz\u012bstams karjeras izgl\u012bt\u012bbas pas\u0101kums 1.-12.kla\u0161uskol\u0113niem, kas \u0161ogad norisin\u0101j\u0101s 1.apr\u012bl\u012b.Pas\u0101kuma m\u0113r\u0137is ir iepaz\u012bstin\u0101t skol\u0113nus&hellip;<\/p>\n","protected":false},"author":4,"featured_media":0,"parent":0,"menu_order":0,"comment_status":"closed","ping_status":"closed","template":"","meta":{"footnotes":""},"class_list":["post-30064","page","type-page","status-publish","hentry"],"_links":{"self":[{"href":"https:\/\/riac.lv\/index.php?rest_route=\/wp\/v2\/pages\/30064","targetHints":{"allow":["GET"]}}],"collection":[{"href":"https:\/\/riac.lv\/index.php?rest_route=\/wp\/v2\/pages"}],"about":[{"href":"https:\/\/riac.lv\/index.php?rest_route=\/wp\/v2\/types\/page"}],"author":[{"embeddable":true,"href":"https:\/\/riac.lv\/index.php?rest_route=\/wp\/v2\/users\/4"}],"replies":[{"embeddable":true,"href":"https:\/\/riac.lv\/index.php?rest_route=%2Fwp%2Fv2%2Fcomments&post=30064"}],"version-history":[{"count":6,"href":"https:\/\/riac.lv\/index.php?rest_route=\/wp\/v2\/pages\/30064\/revisions"}],"predecessor-version":[{"id":30077,"href":"https:\/\/riac.lv\/index.php?rest_route=\/wp\/v2\/pages\/30064\/revisions\/30077"}],"wp:attachment":[{"href":"https:\/\/riac.lv\/index.php?rest_route=%2Fwp%2Fv2%2Fmedia&parent=30064"}],"curies":[{"name":"wp","href":"https:\/\/api.w.org\/{rel}","templated":true}]}}