{"id":3907,"date":"2018-11-23T07:14:34","date_gmt":"2018-11-23T07:14:34","guid":{"rendered":"http:\/\/www.riac.lv\/?page_id=3907"},"modified":"2025-10-12T20:50:19","modified_gmt":"2025-10-12T17:50:19","slug":"par-skolu","status":"publish","type":"page","link":"https:\/\/riac.lv\/?page_id=3907","title":{"rendered":"Par skolu"},"content":{"rendered":"\t\t<div data-elementor-type=\"wp-page\" data-elementor-id=\"3907\" class=\"elementor elementor-3907\">\n\t\t\t\t<div data-particle_enable=\"false\" data-particle-mobile-disabled=\"false\" class=\"elementor-element elementor-element-3cea680 e-flex e-con-boxed e-con e-parent\" data-id=\"3cea680\" data-element_type=\"container\" data-e-type=\"container\">\n\t\t\t\t\t<div class=\"e-con-inner\">\n\t\t\t\t<div class=\"elementor-element elementor-element-fe54da1 elementor-widget__width-initial elementor-widget elementor-widget-video\" data-id=\"fe54da1\" data-element_type=\"widget\" data-e-type=\"widget\" data-settings=\"{&quot;video_type&quot;:&quot;hosted&quot;,&quot;controls&quot;:&quot;yes&quot;}\" data-widget_type=\"video.default\">\n\t\t\t\t\t\t\t<div class=\"e-hosted-video elementor-wrapper elementor-open-inline\">\n\t\t\t\t\t<video class=\"elementor-video\" src=\"http:\/\/riac.lv\/wp-content\/uploads\/2022\/05\/video-1651131306-1-1.mp4\" controls=\"\" preload=\"metadata\" controlsList=\"nodownload\"><\/video>\n\t\t\t\t<\/div>\n\t\t\t\t\t\t<\/div>\n\t\t\t\t\t<\/div>\n\t\t\t\t<\/div>\n\t\t<div data-particle_enable=\"false\" data-particle-mobile-disabled=\"false\" class=\"elementor-element elementor-element-1973ee05 e-flex e-con-boxed e-con e-parent\" data-id=\"1973ee05\" data-element_type=\"container\" data-e-type=\"container\">\n\t\t\t\t\t<div class=\"e-con-inner\">\n\t\t\t\t<div class=\"elementor-element elementor-element-30f6d3d6 elementor-widget elementor-widget-text-editor\" data-id=\"30f6d3d6\" data-element_type=\"widget\" data-e-type=\"widget\" data-widget_type=\"text-editor.default\">\n\t\t\t\t\t\t\t\t\t<p><\/p><p><strong><span style=\"color: #003300;\"><em><img fetchpriority=\"high\" decoding=\"async\" class=\"wp-image-26691 size-medium alignleft\" src=\"http:\/\/riac.lv\/wp-content\/uploads\/2025\/09\/Pamatskola-1-300x200.jpeg\" alt=\"\" width=\"300\" height=\"200\" srcset=\"https:\/\/riac.lv\/wp-content\/uploads\/2025\/09\/Pamatskola-1-300x200.jpeg 300w, https:\/\/riac.lv\/wp-content\/uploads\/2025\/09\/Pamatskola-1-1024x684.jpeg 1024w, https:\/\/riac.lv\/wp-content\/uploads\/2025\/09\/Pamatskola-1-768x513.jpeg 768w, https:\/\/riac.lv\/wp-content\/uploads\/2025\/09\/Pamatskola-1-1536x1025.jpeg 1536w, https:\/\/riac.lv\/wp-content\/uploads\/2025\/09\/Pamatskola-1-2048x1367.jpeg 2048w\" sizes=\"(max-width: 300px) 100vw, 300px\" \/><\/em><\/span><\/strong><\/p><p><strong><span style=\"color: #003300;\"><em>R\u0113zeknes pamatsk<\/em><\/span><\/strong><strong><span style=\"color: #003300;\"><em>ola \u2013 att\u012bst\u012bbas centrs (RPAC)<\/em><\/span><\/strong><em><strong><span style=\"color: #003300;\">\u00a0<\/span><\/strong>\u2013 <\/em><em>skola, kas iet l\u012bdzi laikam. T\u0101 ir izgl\u012bt\u012bbas iest\u0101de, kur\u0101 vienl\u012bdz labi j\u016btas gan <span style=\"color: #003300;\"><strong>pirmsskolas<\/strong><\/span>, gan <strong><span style=\"color: #003300;\">skolas vecuma<\/span><\/strong> b\u0113rni, gan <strong><span style=\"color: #003300;\">profesion\u0101l\u0101s izgl\u012bt\u012bbas<\/span><\/strong> izgl\u012btojamie .<\/em><\/p><p><em><img decoding=\"async\" class=\"wp-image-7197 alignright\" src=\"http:\/\/riac.lv\/wp-content\/uploads\/2020\/11\/multisensora-telpa_1-300x200.jpg\" alt=\"\" width=\"254\" height=\"169\" srcset=\"https:\/\/riac.lv\/wp-content\/uploads\/2020\/11\/multisensora-telpa_1-300x200.jpg 300w, https:\/\/riac.lv\/wp-content\/uploads\/2020\/11\/multisensora-telpa_1-1024x683.jpg 1024w, https:\/\/riac.lv\/wp-content\/uploads\/2020\/11\/multisensora-telpa_1-768x512.jpg 768w, https:\/\/riac.lv\/wp-content\/uploads\/2020\/11\/multisensora-telpa_1-1536x1024.jpg 1536w, https:\/\/riac.lv\/wp-content\/uploads\/2020\/11\/multisensora-telpa_1-2048x1365.jpg 2048w\" sizes=\"(max-width: 254px) 100vw, 254px\" \/><\/em><\/p><p><em>Te tiek nodro\u0161in\u0101ta <strong><span style=\"color: #003300;\">harmoniska<\/span> <\/strong>b\u0113rnu att\u012bst\u012bba, iev\u0113rojot vi\u0146u <span style=\"color: #003300;\"><strong>sp\u0113jas<\/strong><\/span>, <span style=\"color: #003300;\"><strong>vesel\u012bbas st\u0101vokli<\/strong><\/span>, <span style=\"color: #003300;\"><strong>intereses<\/strong><\/span>, radot iesp\u0113jas un vidi zin\u0101\u0161anu ieguvei, darba iema\u0146u un prasmju att\u012bst\u012bbai, att\u012bstot ikviena b\u0113rna rado\u0161umu, talantu.<\/em><\/p><h4 style=\"text-align: center;\"><span style=\"color: #ff0000;\">M\u016bsu pedagogi un atbalsta person\u0101ls<\/span><\/h4><p>RPAC ir nodro\u0161in\u0101ta ar kvalific\u0113tu pedago\u0123isko un atbalsta person\u0101lu, kuri\u00a0 nodro\u0161ina <strong><span style=\"color: #003300;\">individu\u0101lu pieeju<\/span><\/strong>, sniedz pedago\u0123isko, psiholo\u0123isko, soci\u0101lo <strong><span style=\"color: #003300;\">atbalstu<\/span> <\/strong>un <strong><span style=\"color: #003300;\">medic\u012bnisko pal\u012bdz\u012bbu<\/span><\/strong>. RPAC ir nokomplekt\u0113ts\u00a0 person\u0101ls visu \u012bstenojamo izgl\u012bt\u012bbas programmu, person\u012bbas att\u012bst\u012bbas, izaugsmes un\u00a0 izgl\u012btojamo sadz\u012bves nodro\u0161in\u0101\u0161an\u0101.<\/p><p><a href=\"http:\/\/riac.lv\/wp-content\/uploads\/2021\/09\/skolas-kolektivs.png\"><img decoding=\"async\" class=\"wp-image-9155 alignleft\" src=\"http:\/\/riac.lv\/wp-content\/uploads\/2021\/09\/skolas-kolektivs.png\" alt=\"\" width=\"341\" height=\"227\" srcset=\"https:\/\/riac.lv\/wp-content\/uploads\/2021\/09\/skolas-kolektivs.png 1042w, https:\/\/riac.lv\/wp-content\/uploads\/2021\/09\/skolas-kolektivs-300x200.png 300w, https:\/\/riac.lv\/wp-content\/uploads\/2021\/09\/skolas-kolektivs-1024x684.png 1024w, https:\/\/riac.lv\/wp-content\/uploads\/2021\/09\/skolas-kolektivs-768x513.png 768w\" sizes=\"(max-width: 341px) 100vw, 341px\" \/><\/a>Skol\u0101 str\u0101d\u0101 &#8211; 3 sertific\u0113ti <strong><span style=\"color: #003300;\">izgl\u012bt\u012bbas psihologi<\/span><\/strong>, <strong><span style=\"color: #003300;\">soci\u0101lais pedagogs<\/span><\/strong>, 21 visp\u0101r\u0113j\u0101s izgl\u012bt\u012bbas pedagogs <span style=\"color: #003300;\"><strong>ar sertifik\u0101tu<\/strong><\/span> speci\u0101laj\u0101 izgl\u012bt\u012bb\u0101, 7 <span style=\"color: #003300;\"><strong>speci\u0101l\u0101s izgl\u012bt\u012bbas<\/strong><\/span>\u00a0 pedagogi, 13 <strong><span style=\"color: #003300;\">pirmsskolas izgl\u012bt\u012bbas skolot\u0101ji<\/span><\/strong>, 10 <span style=\"color: #003300;\"><strong>logop\u0113di<\/strong> <\/span>, 9 <span style=\"color: #003300;\"><strong>intern\u0101ta skolot\u0101ji<\/strong><\/span>. Visu pedago\u0123isko darbinieku izgl\u012bt\u012bba atbilst normat\u012bvajos aktos noteiktaj\u0101m pras\u012bb\u0101m.<\/p><p>Pedagogi ir iesaist\u012bti valsts speci\u0101l\u0101s izgl\u012bt\u012bbas &#8211; att\u012bst\u012bbas centru re\u0123ion\u0101l\u0101 metodisk\u0101 un pedagogu t\u0101l\u0101kizgl\u012bt\u012bbas centra funkciju \u012bsteno\u0161an\u0101 &#8211; <span style=\"color: #003300;\"><strong>vada kursus un semin\u0101rus Latgales re\u0123iona kol\u0113\u0123iem<\/strong><\/span>, kas ir otrs izgl\u012bt\u012bbas iest\u0101des &#8211; att\u012bst\u012bbas centra b\u016btisk\u0101kais uzdevums.<\/p><h4 style=\"text-align: center;\"><span style=\"color: #ff0000;\">Uz\u0146em\u0161ana<\/span><\/h4><p><u><img loading=\"lazy\" decoding=\"async\" class=\" wp-image-7202 alignleft\" src=\"http:\/\/riac.lv\/wp-content\/uploads\/2020\/11\/IMG_4398-300x200.jpg\" alt=\"\" width=\"341\" height=\"227\" srcset=\"https:\/\/riac.lv\/wp-content\/uploads\/2020\/11\/IMG_4398-300x200.jpg 300w, https:\/\/riac.lv\/wp-content\/uploads\/2020\/11\/IMG_4398-1024x683.jpg 1024w, https:\/\/riac.lv\/wp-content\/uploads\/2020\/11\/IMG_4398-768x512.jpg 768w, https:\/\/riac.lv\/wp-content\/uploads\/2020\/11\/IMG_4398-1536x1024.jpg 1536w, https:\/\/riac.lv\/wp-content\/uploads\/2020\/11\/IMG_4398-2048x1365.jpg 2048w\" sizes=\"(max-width: 341px) 100vw, 341px\" \/>Izgl\u012btojamie RPAC tiek uz\u0146emti visa m\u0101c\u012bbu gada laik\u0101:<\/u><\/p><p><strong><span style=\"color: #003300;\">Pirmskol\u0101 <\/span><\/strong>&#8211; ar valsts vai pa\u0161vald\u012bbas PMK* atzinumu,<br \/><span style=\"color: #003300;\"><strong>1.-4.klas\u0113<\/strong><\/span> \u2013 ar valsts vai pa\u0161vald\u012bbas PMK* atzinumu,<\/p><p><span style=\"color: #003300;\"><strong>5.-9.klas\u0113<\/strong><\/span> \u2013 tikai ar valsts PMK* atzinumu,<\/p><p><strong><span style=\"color: #003300;\">Profesion\u0101l\u0101s izgl\u012bt\u012bbas programm\u0101<\/span> \u201cM\u0101jtur\u012bba. Kvalifik\u0101cija m\u0101jkalpot\u0101js\u201d<\/strong> \u2013 ar IP21015811 apliec\u012bbu par ieg\u016bto pamatizgl\u012bt\u012bbu.<br \/><em>\/*PMK \u2013 pedago\u0123iski medic\u012bnisk\u0101 komisija\/<\/em><\/p><h4 style=\"text-align: center;\"><span style=\"color: #ff0000;\">M\u016bsu darbs\u00a0<\/span><\/h4><p><span style=\"color: #003300;\"><strong><img loading=\"lazy\" decoding=\"async\" class=\" wp-image-5519 alignleft\" src=\"http:\/\/riac.lv\/wp-content\/uploads\/2020\/01\/IMG_4419-300x200.jpg\" alt=\"\" width=\"341\" height=\"227\" srcset=\"https:\/\/riac.lv\/wp-content\/uploads\/2020\/01\/IMG_4419-300x200.jpg 300w, https:\/\/riac.lv\/wp-content\/uploads\/2020\/01\/IMG_4419-768x512.jpg 768w, https:\/\/riac.lv\/wp-content\/uploads\/2020\/01\/IMG_4419-1024x683.jpg 1024w\" sizes=\"(max-width: 341px) 100vw, 341px\" \/>Skolas \u2013 centra m\u0101c\u012bbu proces\u0101 noteico\u0161ais: <\/strong><\/span>izgl\u012bt\u012bbas saturs, kas noteikts valsts pamatizgl\u012bt\u012bbas standart\u0101 un tiek \u012bstenots:<\/p><ul><li>skolas izgl\u012bt\u012bbas <span style=\"color: #003300;\"><strong>programm\u0101s<\/strong><\/span>;<\/li><li><strong><span style=\"color: #003300;\">individu\u0101la<\/span> <\/strong>un <span style=\"color: #003300;\"><strong>diferenc\u0113ta<\/strong> <\/span>pieeja;<\/li><li><strong><span style=\"color: #003300;\">korekcijas<\/span> <\/strong>darbs, kas ietver:<br \/>\u2013 grupu un individu\u0101l\u0101s nodarb\u012bbas logop\u0113dij\u0101;<br \/>\u2013 ritmiku un logoritmiku;<br \/>\u2013 \u0101rstniecisko vingro\u0161anu;<br \/>\u2013 psihologa un soci\u0101l\u0101 pedagoga konsult\u0101cijas;<br \/>\u2013 fizioterapeita nodarb\u012bbas;<br \/>\u2013 soci\u0101l\u0101 dienesta pakalpojumus.<\/li><\/ul><p>Pedagogu un izgl\u012btojamo\u00a0 darba kvalit\u0101ti apliecina <strong><span style=\"color: #003300;\">izgl\u012btojamo sp\u0113ja<\/span><\/strong> turpin\u0101t izgl\u012bto\u0161anos vid\u0113j\u0101s un profesion\u0101l\u0101s izgl\u012bt\u012bbas iest\u0101d\u0113s, k\u0101 ar\u012b\u00a0 iesaist\u012b\u0161an\u0101s izgl\u012bt\u012bbas kvalit\u0101ti uzlabojo\u0161u aktivit\u0101\u0161u \u012bsteno\u0161an\u0101.<\/p><h4 style=\"text-align: center;\"><span style=\"color: #ff0000;\">Multisensor\u0101s telpas &#8211; atbalsts skol\u0113niem<\/span><\/h4><p><strong><img loading=\"lazy\" decoding=\"async\" class=\" wp-image-7200 alignleft\" src=\"http:\/\/riac.lv\/wp-content\/uploads\/2020\/11\/multisensora-telpa_7-200x300.jpg\" alt=\"\" width=\"211\" height=\"317\" srcset=\"https:\/\/riac.lv\/wp-content\/uploads\/2020\/11\/multisensora-telpa_7-200x300.jpg 200w, https:\/\/riac.lv\/wp-content\/uploads\/2020\/11\/multisensora-telpa_7-683x1024.jpg 683w, https:\/\/riac.lv\/wp-content\/uploads\/2020\/11\/multisensora-telpa_7-768x1152.jpg 768w, https:\/\/riac.lv\/wp-content\/uploads\/2020\/11\/multisensora-telpa_7-1024x1536.jpg 1024w, https:\/\/riac.lv\/wp-content\/uploads\/2020\/11\/multisensora-telpa_7-1365x2048.jpg 1365w, https:\/\/riac.lv\/wp-content\/uploads\/2020\/11\/multisensora-telpa_7-scaled.jpg 1707w\" sizes=\"(max-width: 211px) 100vw, 211px\" \/><\/strong><\/p><p><strong>Izgl\u012bt\u012bbas iest\u0101d\u0113 ir atkl\u0101tas m\u016bsdien\u012bgas <\/strong><span style=\"color: #0000ff;\"><strong>sensor\u0101s telpas<\/strong> <\/span>izgl\u012btojamajiem ar speci\u0101laj\u0101m vajadz\u012bb\u0101m , kas ir \u013coti b\u016btiski izgl\u012btojamo visp\u0101r\u0113jai att\u012bst\u012bbai. T\u0101s regul\u0101ri tiek papildin\u0101tas ar nepiecie\u0161amo apr\u012bkojumu, \u0146emot v\u0113r\u0101 izgl\u012btojamo individu\u0101l\u0101s vajadz\u012bbas.<\/p><h4 style=\"text-align: center;\"><span style=\"color: #ff0000;\">M\u0113s ejam roku rok\u0101 ar visu jauno!<\/span><\/h4><p><span style=\"color: #800000;\"><strong><span style=\"color: #003300;\">Izgl\u012bt\u012bbas iest\u0101de tr\u012bs gadus darboj\u0101s VISC projekt\u0101 \u201c<span style=\"color: #ff0000;\">Kompeten\u010du pieeja m\u0101c\u012bbu satur\u0101<\/span>\u201d k\u0101 pilotskola.<\/span><\/strong><\/span><\/p><h4 style=\"text-align: center;\"><span style=\"color: #ff0000;\">M\u0113s augam, lai \u012bstenotu ieceres!<\/span><\/h4><p style=\"text-align: center;\"><strong> <img loading=\"lazy\" decoding=\"async\" class=\" wp-image-7208 alignleft\" src=\"http:\/\/riac.lv\/wp-content\/uploads\/2020\/11\/latgale-300x181.png\" alt=\"\" width=\"167\" height=\"101\" srcset=\"https:\/\/riac.lv\/wp-content\/uploads\/2020\/11\/latgale-300x181.png 300w, https:\/\/riac.lv\/wp-content\/uploads\/2020\/11\/latgale-1024x617.png 1024w, https:\/\/riac.lv\/wp-content\/uploads\/2020\/11\/latgale-768x463.png 768w, https:\/\/riac.lv\/wp-content\/uploads\/2020\/11\/latgale.png 1280w\" sizes=\"(max-width: 167px) 100vw, 167px\" \/>R\u0113zeknes pamatskolas &#8211; att\u012bst\u012bbas centra\u00a0 m\u0113r\u0137is &#8211; k\u013c\u016bt par <\/strong><span style=\"color: #003300;\"><strong>speci\u0101l\u0101s izgl\u012bt\u012bbas centru Latgal\u0113.<\/strong><\/span><\/p>\t\t\t\t\t\t\t\t<\/div>\n\t\t\t\t\t<\/div>\n\t\t\t\t<\/div>\n\t\t\t\t<\/div>\n\t\t","protected":false},"excerpt":{"rendered":"<p>http:\/\/riac.lv\/wp-content\/uploads\/2022\/05\/video-1651131306-1-1.mp4 R\u0113zeknes pamatskola \u2013 att\u012bst\u012bbas centrs (RPAC)\u00a0\u2013 skola, kas iet l\u012bdzi laikam. T\u0101 ir izgl\u012bt\u012bbas iest\u0101de, kur\u0101 vienl\u012bdz labi j\u016btas gan pirmsskolas, gan skolas vecuma&hellip;<\/p>\n","protected":false},"author":1,"featured_media":0,"parent":0,"menu_order":0,"comment_status":"closed","ping_status":"closed","template":"","meta":{"footnotes":""},"class_list":["post-3907","page","type-page","status-publish","hentry"],"_links":{"self":[{"href":"https:\/\/riac.lv\/index.php?rest_route=\/wp\/v2\/pages\/3907","targetHints":{"allow":["GET"]}}],"collection":[{"href":"https:\/\/riac.lv\/index.php?rest_route=\/wp\/v2\/pages"}],"about":[{"href":"https:\/\/riac.lv\/index.php?rest_route=\/wp\/v2\/types\/page"}],"author":[{"embeddable":true,"href":"https:\/\/riac.lv\/index.php?rest_route=\/wp\/v2\/users\/1"}],"replies":[{"embeddable":true,"href":"https:\/\/riac.lv\/index.php?rest_route=%2Fwp%2Fv2%2Fcomments&post=3907"}],"version-history":[{"count":55,"href":"https:\/\/riac.lv\/index.php?rest_route=\/wp\/v2\/pages\/3907\/revisions"}],"predecessor-version":[{"id":27417,"href":"https:\/\/riac.lv\/index.php?rest_route=\/wp\/v2\/pages\/3907\/revisions\/27417"}],"wp:attachment":[{"href":"https:\/\/riac.lv\/index.php?rest_route=%2Fwp%2Fv2%2Fmedia&parent=3907"}],"curies":[{"name":"wp","href":"https:\/\/api.w.org\/{rel}","templated":true}]}}