{"id":3912,"date":"2018-11-23T07:15:48","date_gmt":"2018-11-23T07:15:48","guid":{"rendered":"http:\/\/www.riac.lv\/?page_id=3912"},"modified":"2025-11-26T20:36:20","modified_gmt":"2025-11-26T18:36:20","slug":"ka-iestaties-skola","status":"publish","type":"page","link":"https:\/\/riac.lv\/?page_id=3912","title":{"rendered":"Uz\u0146em\u0161ana"},"content":{"rendered":"\t\t<div data-elementor-type=\"wp-page\" data-elementor-id=\"3912\" class=\"elementor elementor-3912\">\n\t\t\t\t<div data-particle_enable=\"false\" data-particle-mobile-disabled=\"false\" class=\"elementor-element elementor-element-a701ba6 e-flex e-con-boxed e-con e-parent\" data-id=\"a701ba6\" data-element_type=\"container\" data-e-type=\"container\">\n\t\t\t\t\t<div class=\"e-con-inner\">\n\t\t\t\t<div class=\"elementor-element elementor-element-cbac5a9 gallery-spacing-custom elementor-widget elementor-widget-image-gallery\" data-id=\"cbac5a9\" data-element_type=\"widget\" data-e-type=\"widget\" data-widget_type=\"image-gallery.default\">\n\t\t\t\t\t\t\t<div class=\"elementor-image-gallery\">\n\t\t\t<div id='gallery-1' class='gallery galleryid-3912 gallery-columns-1 gallery-size-full'><figure class='gallery-item'>\n\t\t\t<div class='gallery-icon portrait'>\n\t\t\t\t<a data-elementor-open-lightbox=\"yes\" data-elementor-lightbox-slideshow=\"cbac5a9\" data-e-action-hash=\"#elementor-action%3Aaction%3Dlightbox%26settings%3DeyJpZCI6MjgxMzAsInVybCI6Imh0dHBzOlwvXC9yaWFjLmx2XC93cC1jb250ZW50XC91cGxvYWRzXC8yMDI1XC8xMVwvSXpnbGl0b2phbW8tcHJvZ3JhbW1hcy5qcGciLCJzbGlkZXNob3ciOiJjYmFjNWE5In0%3D\" href='https:\/\/riac.lv\/wp-content\/uploads\/2025\/11\/Izglitojamo-programmas.jpg'><img fetchpriority=\"high\" decoding=\"async\" width=\"1591\" height=\"2250\" src=\"https:\/\/riac.lv\/wp-content\/uploads\/2025\/11\/Izglitojamo-programmas.jpg\" class=\"attachment-full size-full\" alt=\"\" srcset=\"https:\/\/riac.lv\/wp-content\/uploads\/2025\/11\/Izglitojamo-programmas.jpg 1591w, https:\/\/riac.lv\/wp-content\/uploads\/2025\/11\/Izglitojamo-programmas-212x300.jpg 212w, https:\/\/riac.lv\/wp-content\/uploads\/2025\/11\/Izglitojamo-programmas-724x1024.jpg 724w, https:\/\/riac.lv\/wp-content\/uploads\/2025\/11\/Izglitojamo-programmas-768x1086.jpg 768w, https:\/\/riac.lv\/wp-content\/uploads\/2025\/11\/Izglitojamo-programmas-1086x1536.jpg 1086w, https:\/\/riac.lv\/wp-content\/uploads\/2025\/11\/Izglitojamo-programmas-1448x2048.jpg 1448w\" sizes=\"(max-width: 1591px) 100vw, 1591px\" \/><\/a>\n\t\t\t<\/div><\/figure>\n\t\t<\/div>\n\t\t<\/div>\n\t\t\t\t\t\t<\/div>\n\t\t\t\t\t<\/div>\n\t\t\t\t<\/div>\n\t\t\t\t<section data-particle_enable=\"false\" data-particle-mobile-disabled=\"false\" class=\"elementor-section elementor-top-section elementor-element elementor-element-1ff35682 elementor-section-boxed elementor-section-height-default elementor-section-height-default\" data-id=\"1ff35682\" data-element_type=\"section\" data-e-type=\"section\">\n\t\t\t\t\t\t<div class=\"elementor-container elementor-column-gap-default\">\n\t\t\t\t\t<div class=\"elementor-column elementor-col-100 elementor-top-column elementor-element elementor-element-33e969bd\" data-id=\"33e969bd\" data-element_type=\"column\" data-e-type=\"column\">\n\t\t\t<div class=\"elementor-widget-wrap elementor-element-populated\">\n\t\t\t\t\t\t<div class=\"elementor-element elementor-element-6890948 elementor-widget elementor-widget-text-editor\" data-id=\"6890948\" data-element_type=\"widget\" data-e-type=\"widget\" data-widget_type=\"text-editor.default\">\n\t\t\t\t\t\t\t\t\t<ul><li><strong><span style=\"color: #003300;\">Uz\u0146em\u0161anas iesniegums: <a href=\"http:\/\/riac.lv\/wp-content\/uploads\/2025\/08\/Iesniegumi-uznemsanai-skola_2025.pdf\">Iesniegums uz\u0146em\u0161anai pirmsskol\u0101\u00a0<\/a><\/span><\/strong><\/li><li><span style=\"color: #003300;\"><strong>Inform\u0101cija par R\u0113zeknes pedago\u0123iski medic\u012bnisko komisiju: <a href=\"http:\/\/www.rezeknesip.lv\/rezeknes-pilsetas-pedagogiski-mediciniska-komisija\/\">R\u0113zeknes pils\u0113tas pedago\u0123iski medic\u012bnisk\u0101 komisija<\/a><\/strong><\/span><\/li><li><span style=\"color: #003300;\"><strong>Inform\u0101cija par Valsts pedago\u0123iski medic\u012bnisko komisiju: <a href=\"http:\/\/www.visc.gov.lv\/lv\/valsts-pedagogiski-mediciniska-komisija\">www.visc.lv. &#8211; Valsts pedago\u0123iski medic\u012bnisk\u0101 komisija<\/a><\/strong><\/span><\/li><\/ul>\t\t\t\t\t\t\t\t<\/div>\n\t\t\t\t\t<\/div>\n\t\t<\/div>\n\t\t\t\t\t<\/div>\n\t\t<\/section>\n\t\t\t\t<\/div>\n\t\t","protected":false},"excerpt":{"rendered":"<p>Uz\u0146em\u0161anas iesniegums: Iesniegums uz\u0146em\u0161anai pirmsskol\u0101\u00a0 Inform\u0101cija par R\u0113zeknes pedago\u0123iski medic\u012bnisko komisiju: R\u0113zeknes pils\u0113tas pedago\u0123iski medic\u012bnisk\u0101 komisija Inform\u0101cija par Valsts pedago\u0123iski medic\u012bnisko komisiju: www.visc.lv. &#8211; Valsts&hellip;<\/p>\n","protected":false},"author":1,"featured_media":0,"parent":0,"menu_order":0,"comment_status":"closed","ping_status":"closed","template":"","meta":{"footnotes":""},"class_list":["post-3912","page","type-page","status-publish","hentry"],"_links":{"self":[{"href":"https:\/\/riac.lv\/index.php?rest_route=\/wp\/v2\/pages\/3912","targetHints":{"allow":["GET"]}}],"collection":[{"href":"https:\/\/riac.lv\/index.php?rest_route=\/wp\/v2\/pages"}],"about":[{"href":"https:\/\/riac.lv\/index.php?rest_route=\/wp\/v2\/types\/page"}],"author":[{"embeddable":true,"href":"https:\/\/riac.lv\/index.php?rest_route=\/wp\/v2\/users\/1"}],"replies":[{"embeddable":true,"href":"https:\/\/riac.lv\/index.php?rest_route=%2Fwp%2Fv2%2Fcomments&post=3912"}],"version-history":[{"count":53,"href":"https:\/\/riac.lv\/index.php?rest_route=\/wp\/v2\/pages\/3912\/revisions"}],"predecessor-version":[{"id":28156,"href":"https:\/\/riac.lv\/index.php?rest_route=\/wp\/v2\/pages\/3912\/revisions\/28156"}],"wp:attachment":[{"href":"https:\/\/riac.lv\/index.php?rest_route=%2Fwp%2Fv2%2Fmedia&parent=3912"}],"curies":[{"name":"wp","href":"https:\/\/api.w.org\/{rel}","templated":true}]}}