{"id":3923,"date":"2018-11-23T07:19:47","date_gmt":"2018-11-23T07:19:47","guid":{"rendered":"http:\/\/www.riac.lv\/?page_id=3923"},"modified":"2025-08-29T18:35:56","modified_gmt":"2025-08-29T15:35:56","slug":"macibu-un-audzinasanas-darbs","status":"publish","type":"page","link":"https:\/\/riac.lv\/?page_id=3923","title":{"rendered":"M\u0101c\u012bbu un audzin\u0101\u0161anas darbs"},"content":{"rendered":"\t\t<div data-elementor-type=\"wp-page\" data-elementor-id=\"3923\" class=\"elementor elementor-3923\">\n\t\t\t\t\t\t<section data-particle_enable=\"false\" data-particle-mobile-disabled=\"false\" class=\"elementor-section elementor-top-section elementor-element elementor-element-7981940 elementor-section-boxed elementor-section-height-default elementor-section-height-default\" data-id=\"7981940\" data-element_type=\"section\" data-e-type=\"section\">\n\t\t\t\t\t\t<div class=\"elementor-container elementor-column-gap-default\">\n\t\t\t\t\t<div class=\"elementor-column elementor-col-100 elementor-top-column elementor-element elementor-element-5e01015\" data-id=\"5e01015\" data-element_type=\"column\" data-e-type=\"column\">\n\t\t\t<div class=\"elementor-widget-wrap elementor-element-populated\">\n\t\t\t\t\t\t<div class=\"elementor-element elementor-element-8525074 elementor-widget elementor-widget-image-gallery\" data-id=\"8525074\" data-element_type=\"widget\" data-e-type=\"widget\" data-widget_type=\"image-gallery.default\">\n\t\t\t\t\t\t\t<div class=\"elementor-image-gallery\">\n\t\t\t<div id='gallery-1' class='gallery galleryid-3923 gallery-columns-1 gallery-size-medium_large'><figure class='gallery-item'>\n\t\t\t<div class='gallery-icon landscape'>\n\t\t\t\t<a data-elementor-open-lightbox=\"yes\" data-elementor-lightbox-slideshow=\"8525074\" data-e-action-hash=\"#elementor-action%3Aaction%3Dlightbox%26settings%3DeyJpZCI6MTA4NzQsInVybCI6Imh0dHBzOlwvXC9yaWFjLmx2XC93cC1jb250ZW50XC91cGxvYWRzXC8yMDIxXC8xMlwvU2tvbGFzLWF0dGlzdGliYXMtdml6aWphLTEuanBnIiwic2xpZGVzaG93IjoiODUyNTA3NCJ9\" href='https:\/\/riac.lv\/wp-content\/uploads\/2021\/12\/Skolas-attistibas-vizija-1.jpg'><img fetchpriority=\"high\" decoding=\"async\" width=\"768\" height=\"545\" src=\"https:\/\/riac.lv\/wp-content\/uploads\/2021\/12\/Skolas-attistibas-vizija-1-768x545.jpg\" class=\"attachment-medium_large size-medium_large\" alt=\"\" srcset=\"https:\/\/riac.lv\/wp-content\/uploads\/2021\/12\/Skolas-attistibas-vizija-1-768x545.jpg 768w, https:\/\/riac.lv\/wp-content\/uploads\/2021\/12\/Skolas-attistibas-vizija-1-300x213.jpg 300w, https:\/\/riac.lv\/wp-content\/uploads\/2021\/12\/Skolas-attistibas-vizija-1-1024x726.jpg 1024w, https:\/\/riac.lv\/wp-content\/uploads\/2021\/12\/Skolas-attistibas-vizija-1-1536x1090.jpg 1536w, https:\/\/riac.lv\/wp-content\/uploads\/2021\/12\/Skolas-attistibas-vizija-1.jpg 1748w\" sizes=\"(max-width: 768px) 100vw, 768px\" \/><\/a>\n\t\t\t<\/div><\/figure>\n\t\t<\/div>\n\t\t<\/div>\n\t\t\t\t\t\t<\/div>\n\t\t\t\t\t<\/div>\n\t\t<\/div>\n\t\t\t\t\t<\/div>\n\t\t<\/section>\n\t\t\t\t<\/div>\n\t\t","protected":false},"excerpt":{"rendered":"","protected":false},"author":1,"featured_media":0,"parent":0,"menu_order":0,"comment_status":"closed","ping_status":"closed","template":"","meta":{"footnotes":""},"class_list":["post-3923","page","type-page","status-publish","hentry"],"_links":{"self":[{"href":"https:\/\/riac.lv\/index.php?rest_route=\/wp\/v2\/pages\/3923","targetHints":{"allow":["GET"]}}],"collection":[{"href":"https:\/\/riac.lv\/index.php?rest_route=\/wp\/v2\/pages"}],"about":[{"href":"https:\/\/riac.lv\/index.php?rest_route=\/wp\/v2\/types\/page"}],"author":[{"embeddable":true,"href":"https:\/\/riac.lv\/index.php?rest_route=\/wp\/v2\/users\/1"}],"replies":[{"embeddable":true,"href":"https:\/\/riac.lv\/index.php?rest_route=%2Fwp%2Fv2%2Fcomments&post=3923"}],"version-history":[{"count":108,"href":"https:\/\/riac.lv\/index.php?rest_route=\/wp\/v2\/pages\/3923\/revisions"}],"predecessor-version":[{"id":26117,"href":"https:\/\/riac.lv\/index.php?rest_route=\/wp\/v2\/pages\/3923\/revisions\/26117"}],"wp:attachment":[{"href":"https:\/\/riac.lv\/index.php?rest_route=%2Fwp%2Fv2%2Fmedia&parent=3923"}],"curies":[{"name":"wp","href":"https:\/\/api.w.org\/{rel}","templated":true}]}}