{"id":3933,"date":"2018-11-23T07:20:55","date_gmt":"2018-11-23T07:20:55","guid":{"rendered":"http:\/\/www.riac.lv\/?page_id=3933"},"modified":"2025-10-08T22:35:11","modified_gmt":"2025-10-08T19:35:11","slug":"atbalsts-skoleniem","status":"publish","type":"page","link":"https:\/\/riac.lv\/?page_id=3933","title":{"rendered":"Atbalsts skol\u0113niem"},"content":{"rendered":"\t\t<div data-elementor-type=\"wp-page\" data-elementor-id=\"3933\" class=\"elementor elementor-3933\">\n\t\t\t\t\t\t<section data-particle_enable=\"false\" data-particle-mobile-disabled=\"false\" class=\"elementor-section elementor-top-section elementor-element elementor-element-12154a1 elementor-section-boxed elementor-section-height-default elementor-section-height-default\" data-id=\"12154a1\" data-element_type=\"section\" data-e-type=\"section\">\n\t\t\t\t\t\t<div class=\"elementor-container elementor-column-gap-default\">\n\t\t\t\t\t<div class=\"elementor-column elementor-col-100 elementor-top-column elementor-element elementor-element-3cf33e9\" data-id=\"3cf33e9\" data-element_type=\"column\" data-e-type=\"column\">\n\t\t\t<div class=\"elementor-widget-wrap elementor-element-populated\">\n\t\t\t\t\t\t<div class=\"elementor-element elementor-element-5be72ee elementor-widget elementor-widget-heading\" data-id=\"5be72ee\" data-element_type=\"widget\" data-e-type=\"widget\" data-widget_type=\"heading.default\">\n\t\t\t\t\t<h2 class=\"elementor-heading-title elementor-size-default\">Atbalsta pas\u0101kumi<\/h2>\t\t\t\t<\/div>\n\t\t\t\t\t<\/div>\n\t\t<\/div>\n\t\t\t\t\t<\/div>\n\t\t<\/section>\n\t\t\t\t<section data-particle_enable=\"false\" data-particle-mobile-disabled=\"false\" class=\"elementor-section elementor-top-section elementor-element elementor-element-f633a7d elementor-section-boxed elementor-section-height-default elementor-section-height-default\" data-id=\"f633a7d\" data-element_type=\"section\" data-e-type=\"section\">\n\t\t\t\t\t\t<div class=\"elementor-container elementor-column-gap-default\">\n\t\t\t\t\t<div class=\"elementor-column elementor-col-100 elementor-top-column elementor-element elementor-element-3583275\" data-id=\"3583275\" data-element_type=\"column\" data-e-type=\"column\">\n\t\t\t<div class=\"elementor-widget-wrap elementor-element-populated\">\n\t\t\t\t\t\t<div class=\"elementor-element elementor-element-2c3341d gallery-spacing-custom elementor-widget elementor-widget-image-gallery\" data-id=\"2c3341d\" data-element_type=\"widget\" data-e-type=\"widget\" data-widget_type=\"image-gallery.default\">\n\t\t\t\t\t\t\t<div class=\"elementor-image-gallery\">\n\t\t\t<div id='gallery-1' class='gallery galleryid-3933 gallery-columns-3 gallery-size-large'><figure class='gallery-item'>\n\t\t\t<div class='gallery-icon landscape'>\n\t\t\t\t<a data-elementor-open-lightbox=\"yes\" data-elementor-lightbox-slideshow=\"2c3341d\" data-e-action-hash=\"#elementor-action%3Aaction%3Dlightbox%26settings%3DeyJpZCI6MTIwNzksInVybCI6Imh0dHBzOlwvXC9yaWFjLmx2XC93cC1jb250ZW50XC91cGxvYWRzXC8yMDIyXC8wMVwvMS0xMS5qcGciLCJzbGlkZXNob3ciOiIyYzMzNDFkIn0%3D\" href='https:\/\/riac.lv\/wp-content\/uploads\/2022\/01\/1-11.jpg'><img fetchpriority=\"high\" decoding=\"async\" width=\"843\" height=\"596\" src=\"https:\/\/riac.lv\/wp-content\/uploads\/2022\/01\/1-11-1024x724.jpg\" class=\"attachment-large size-large\" alt=\"\" srcset=\"https:\/\/riac.lv\/wp-content\/uploads\/2022\/01\/1-11-1024x724.jpg 1024w, https:\/\/riac.lv\/wp-content\/uploads\/2022\/01\/1-11-300x212.jpg 300w, https:\/\/riac.lv\/wp-content\/uploads\/2022\/01\/1-11-768x543.jpg 768w, https:\/\/riac.lv\/wp-content\/uploads\/2022\/01\/1-11-1536x1086.jpg 1536w, https:\/\/riac.lv\/wp-content\/uploads\/2022\/01\/1-11-2048x1448.jpg 2048w\" sizes=\"(max-width: 843px) 100vw, 843px\" \/><\/a>\n\t\t\t<\/div><\/figure><figure class='gallery-item'>\n\t\t\t<div class='gallery-icon landscape'>\n\t\t\t\t<a data-elementor-open-lightbox=\"yes\" data-elementor-lightbox-slideshow=\"2c3341d\" data-e-action-hash=\"#elementor-action%3Aaction%3Dlightbox%26settings%3DeyJpZCI6MTIwODAsInVybCI6Imh0dHBzOlwvXC9yaWFjLmx2XC93cC1jb250ZW50XC91cGxvYWRzXC8yMDIyXC8wMVwvMi0xMS5qcGciLCJzbGlkZXNob3ciOiIyYzMzNDFkIn0%3D\" href='https:\/\/riac.lv\/wp-content\/uploads\/2022\/01\/2-11.jpg'><img decoding=\"async\" width=\"843\" height=\"596\" src=\"https:\/\/riac.lv\/wp-content\/uploads\/2022\/01\/2-11-1024x724.jpg\" class=\"attachment-large size-large\" alt=\"\" srcset=\"https:\/\/riac.lv\/wp-content\/uploads\/2022\/01\/2-11-1024x724.jpg 1024w, https:\/\/riac.lv\/wp-content\/uploads\/2022\/01\/2-11-300x212.jpg 300w, https:\/\/riac.lv\/wp-content\/uploads\/2022\/01\/2-11-768x543.jpg 768w, https:\/\/riac.lv\/wp-content\/uploads\/2022\/01\/2-11-1536x1086.jpg 1536w, https:\/\/riac.lv\/wp-content\/uploads\/2022\/01\/2-11-2048x1448.jpg 2048w\" sizes=\"(max-width: 843px) 100vw, 843px\" \/><\/a>\n\t\t\t<\/div><\/figure><figure class='gallery-item'>\n\t\t\t<div class='gallery-icon landscape'>\n\t\t\t\t<a data-elementor-open-lightbox=\"yes\" data-elementor-lightbox-slideshow=\"2c3341d\" data-e-action-hash=\"#elementor-action%3Aaction%3Dlightbox%26settings%3DeyJpZCI6MTIwODEsInVybCI6Imh0dHBzOlwvXC9yaWFjLmx2XC93cC1jb250ZW50XC91cGxvYWRzXC8yMDIyXC8wMVwvMy02LmpwZyIsInNsaWRlc2hvdyI6IjJjMzM0MWQifQ%3D%3D\" href='https:\/\/riac.lv\/wp-content\/uploads\/2022\/01\/3-6.jpg'><img decoding=\"async\" width=\"843\" height=\"596\" src=\"https:\/\/riac.lv\/wp-content\/uploads\/2022\/01\/3-6-1024x724.jpg\" class=\"attachment-large size-large\" alt=\"\" srcset=\"https:\/\/riac.lv\/wp-content\/uploads\/2022\/01\/3-6-1024x724.jpg 1024w, https:\/\/riac.lv\/wp-content\/uploads\/2022\/01\/3-6-300x212.jpg 300w, https:\/\/riac.lv\/wp-content\/uploads\/2022\/01\/3-6-768x543.jpg 768w, https:\/\/riac.lv\/wp-content\/uploads\/2022\/01\/3-6-1536x1086.jpg 1536w, https:\/\/riac.lv\/wp-content\/uploads\/2022\/01\/3-6-2048x1448.jpg 2048w\" sizes=\"(max-width: 843px) 100vw, 843px\" \/><\/a>\n\t\t\t<\/div><\/figure><figure class='gallery-item'>\n\t\t\t<div class='gallery-icon landscape'>\n\t\t\t\t<a data-elementor-open-lightbox=\"yes\" data-elementor-lightbox-slideshow=\"2c3341d\" data-e-action-hash=\"#elementor-action%3Aaction%3Dlightbox%26settings%3DeyJpZCI6MTIwODIsInVybCI6Imh0dHBzOlwvXC9yaWFjLmx2XC93cC1jb250ZW50XC91cGxvYWRzXC8yMDIyXC8wMVwvNC00LmpwZyIsInNsaWRlc2hvdyI6IjJjMzM0MWQifQ%3D%3D\" href='https:\/\/riac.lv\/wp-content\/uploads\/2022\/01\/4-4.jpg'><img loading=\"lazy\" decoding=\"async\" width=\"843\" height=\"596\" src=\"https:\/\/riac.lv\/wp-content\/uploads\/2022\/01\/4-4-1024x724.jpg\" class=\"attachment-large size-large\" alt=\"\" srcset=\"https:\/\/riac.lv\/wp-content\/uploads\/2022\/01\/4-4-1024x724.jpg 1024w, https:\/\/riac.lv\/wp-content\/uploads\/2022\/01\/4-4-300x212.jpg 300w, https:\/\/riac.lv\/wp-content\/uploads\/2022\/01\/4-4-768x543.jpg 768w, https:\/\/riac.lv\/wp-content\/uploads\/2022\/01\/4-4-1536x1086.jpg 1536w, https:\/\/riac.lv\/wp-content\/uploads\/2022\/01\/4-4-2048x1448.jpg 2048w\" sizes=\"(max-width: 843px) 100vw, 843px\" \/><\/a>\n\t\t\t<\/div><\/figure><figure class='gallery-item'>\n\t\t\t<div class='gallery-icon landscape'>\n\t\t\t\t<a data-elementor-open-lightbox=\"yes\" data-elementor-lightbox-slideshow=\"2c3341d\" data-e-action-hash=\"#elementor-action%3Aaction%3Dlightbox%26settings%3DeyJpZCI6MTIwODMsInVybCI6Imh0dHBzOlwvXC9yaWFjLmx2XC93cC1jb250ZW50XC91cGxvYWRzXC8yMDIyXC8wMVwvNS0zLmpwZyIsInNsaWRlc2hvdyI6IjJjMzM0MWQifQ%3D%3D\" href='https:\/\/riac.lv\/wp-content\/uploads\/2022\/01\/5-3.jpg'><img loading=\"lazy\" decoding=\"async\" width=\"843\" height=\"596\" src=\"https:\/\/riac.lv\/wp-content\/uploads\/2022\/01\/5-3-1024x724.jpg\" class=\"attachment-large size-large\" alt=\"\" srcset=\"https:\/\/riac.lv\/wp-content\/uploads\/2022\/01\/5-3-1024x724.jpg 1024w, https:\/\/riac.lv\/wp-content\/uploads\/2022\/01\/5-3-300x212.jpg 300w, https:\/\/riac.lv\/wp-content\/uploads\/2022\/01\/5-3-768x543.jpg 768w, https:\/\/riac.lv\/wp-content\/uploads\/2022\/01\/5-3-1536x1086.jpg 1536w, https:\/\/riac.lv\/wp-content\/uploads\/2022\/01\/5-3-2048x1448.jpg 2048w\" sizes=\"(max-width: 843px) 100vw, 843px\" \/><\/a>\n\t\t\t<\/div><\/figure><figure class='gallery-item'>\n\t\t\t<div class='gallery-icon landscape'>\n\t\t\t\t<a data-elementor-open-lightbox=\"yes\" data-elementor-lightbox-slideshow=\"2c3341d\" data-e-action-hash=\"#elementor-action%3Aaction%3Dlightbox%26settings%3DeyJpZCI6MTA4MTgsInVybCI6Imh0dHBzOlwvXC9yaWFjLmx2XC93cC1jb250ZW50XC91cGxvYWRzXC8yMDIxXC8xMlwvYS5qcGciLCJzbGlkZXNob3ciOiIyYzMzNDFkIn0%3D\" href='https:\/\/riac.lv\/wp-content\/uploads\/2021\/12\/a.jpg'><img loading=\"lazy\" decoding=\"async\" width=\"768\" height=\"537\" src=\"https:\/\/riac.lv\/wp-content\/uploads\/2021\/12\/a.jpg\" class=\"attachment-large size-large\" alt=\"\" srcset=\"https:\/\/riac.lv\/wp-content\/uploads\/2021\/12\/a.jpg 768w, https:\/\/riac.lv\/wp-content\/uploads\/2021\/12\/a-300x210.jpg 300w\" sizes=\"(max-width: 768px) 100vw, 768px\" \/><\/a>\n\t\t\t<\/div><\/figure><figure class='gallery-item'>\n\t\t\t<div class='gallery-icon landscape'>\n\t\t\t\t<a data-elementor-open-lightbox=\"yes\" data-elementor-lightbox-slideshow=\"2c3341d\" data-e-action-hash=\"#elementor-action%3Aaction%3Dlightbox%26settings%3DeyJpZCI6MTY3MDMsInVybCI6Imh0dHBzOlwvXC9yaWFjLmx2XC93cC1jb250ZW50XC91cGxvYWRzXC8yMDIzXC8wMVwvMS0xLnBuZyIsInNsaWRlc2hvdyI6IjJjMzM0MWQifQ%3D%3D\" href='https:\/\/riac.lv\/wp-content\/uploads\/2023\/01\/1-1.png'><img loading=\"lazy\" decoding=\"async\" width=\"843\" height=\"598\" src=\"https:\/\/riac.lv\/wp-content\/uploads\/2023\/01\/1-1-1024x726.png\" class=\"attachment-large size-large\" alt=\"\" srcset=\"https:\/\/riac.lv\/wp-content\/uploads\/2023\/01\/1-1-1024x726.png 1024w, https:\/\/riac.lv\/wp-content\/uploads\/2023\/01\/1-1-300x213.png 300w, https:\/\/riac.lv\/wp-content\/uploads\/2023\/01\/1-1-768x545.png 768w, https:\/\/riac.lv\/wp-content\/uploads\/2023\/01\/1-1-1536x1090.png 1536w, https:\/\/riac.lv\/wp-content\/uploads\/2023\/01\/1-1.png 1748w\" sizes=\"(max-width: 843px) 100vw, 843px\" \/><\/a>\n\t\t\t<\/div><\/figure><figure class='gallery-item'>\n\t\t\t<div class='gallery-icon landscape'>\n\t\t\t\t<a data-elementor-open-lightbox=\"yes\" data-elementor-lightbox-slideshow=\"2c3341d\" data-e-action-hash=\"#elementor-action%3Aaction%3Dlightbox%26settings%3DeyJpZCI6MTY3MDQsInVybCI6Imh0dHBzOlwvXC9yaWFjLmx2XC93cC1jb250ZW50XC91cGxvYWRzXC8yMDIzXC8wMVwvMi0xLnBuZyIsInNsaWRlc2hvdyI6IjJjMzM0MWQifQ%3D%3D\" href='https:\/\/riac.lv\/wp-content\/uploads\/2023\/01\/2-1.png'><img loading=\"lazy\" decoding=\"async\" width=\"843\" height=\"598\" src=\"https:\/\/riac.lv\/wp-content\/uploads\/2023\/01\/2-1-1024x726.png\" class=\"attachment-large size-large\" alt=\"\" srcset=\"https:\/\/riac.lv\/wp-content\/uploads\/2023\/01\/2-1-1024x726.png 1024w, https:\/\/riac.lv\/wp-content\/uploads\/2023\/01\/2-1-300x213.png 300w, https:\/\/riac.lv\/wp-content\/uploads\/2023\/01\/2-1-768x545.png 768w, https:\/\/riac.lv\/wp-content\/uploads\/2023\/01\/2-1-1536x1090.png 1536w, https:\/\/riac.lv\/wp-content\/uploads\/2023\/01\/2-1.png 1748w\" sizes=\"(max-width: 843px) 100vw, 843px\" \/><\/a>\n\t\t\t<\/div><\/figure><figure class='gallery-item'>\n\t\t\t<div class='gallery-icon landscape'>\n\t\t\t\t<a data-elementor-open-lightbox=\"yes\" data-elementor-lightbox-slideshow=\"2c3341d\" data-e-action-hash=\"#elementor-action%3Aaction%3Dlightbox%26settings%3DeyJpZCI6MTkwOTksInVybCI6Imh0dHBzOlwvXC9yaWFjLmx2XC93cC1jb250ZW50XC91cGxvYWRzXC8yMDIzXC8wOVwvU2FkYXJiaWJhLWl6cGV0ZWktdW4tYXRiYWxzdGEtc25pZWdzYW5haS0zLTc2OHg1NDMtMS5qcGciLCJzbGlkZXNob3ciOiIyYzMzNDFkIn0%3D\" href='https:\/\/riac.lv\/wp-content\/uploads\/2023\/09\/Sadarbiba-izpetei-un-atbalsta-sniegsanai-3-768x543-1.jpg'><img loading=\"lazy\" decoding=\"async\" width=\"768\" height=\"543\" src=\"https:\/\/riac.lv\/wp-content\/uploads\/2023\/09\/Sadarbiba-izpetei-un-atbalsta-sniegsanai-3-768x543-1.jpg\" class=\"attachment-large size-large\" alt=\"\" srcset=\"https:\/\/riac.lv\/wp-content\/uploads\/2023\/09\/Sadarbiba-izpetei-un-atbalsta-sniegsanai-3-768x543-1.jpg 768w, https:\/\/riac.lv\/wp-content\/uploads\/2023\/09\/Sadarbiba-izpetei-un-atbalsta-sniegsanai-3-768x543-1-300x212.jpg 300w\" sizes=\"(max-width: 768px) 100vw, 768px\" \/><\/a>\n\t\t\t<\/div><\/figure>\n\t\t<\/div>\n\t\t<\/div>\n\t\t\t\t\t\t<\/div>\n\t\t\t\t\t<\/div>\n\t\t<\/div>\n\t\t\t\t\t<\/div>\n\t\t<\/section>\n\t\t\t\t<section data-particle_enable=\"false\" data-particle-mobile-disabled=\"false\" class=\"elementor-section elementor-top-section elementor-element elementor-element-83cacb3 elementor-section-boxed elementor-section-height-default elementor-section-height-default\" data-id=\"83cacb3\" data-element_type=\"section\" data-e-type=\"section\">\n\t\t\t\t\t\t<div class=\"elementor-container elementor-column-gap-default\">\n\t\t\t\t\t<div class=\"elementor-column elementor-col-100 elementor-top-column elementor-element elementor-element-1e4b50e\" data-id=\"1e4b50e\" data-element_type=\"column\" data-e-type=\"column\">\n\t\t\t<div class=\"elementor-widget-wrap elementor-element-populated\">\n\t\t\t\t\t\t<div class=\"elementor-element elementor-element-49794fa elementor-widget elementor-widget-text-editor\" data-id=\"49794fa\" data-element_type=\"widget\" data-e-type=\"widget\" data-widget_type=\"text-editor.default\">\n\t\t\t\t\t\t\t\t\t<h3><a href=\"http:\/\/riac.lv\/wp-content\/uploads\/2022\/01\/Atbalsts-vardarbiba-konflikti-4.pdf\" target=\"_blank\" rel=\"noopener\">R\u012bc\u012bbas sh\u0113ma konfliktu gad\u012bjum\u0101<\/a><\/h3>\t\t\t\t\t\t\t\t<\/div>\n\t\t\t\t\t<\/div>\n\t\t<\/div>\n\t\t\t\t\t<\/div>\n\t\t<\/section>\n\t\t<div data-particle_enable=\"false\" data-particle-mobile-disabled=\"false\" class=\"elementor-element elementor-element-c50bd26 e-flex e-con-boxed e-con e-parent\" data-id=\"c50bd26\" data-element_type=\"container\" data-e-type=\"container\">\n\t\t\t\t\t<div class=\"e-con-inner\">\n\t\t\t\t<div class=\"elementor-element elementor-element-fcf2efd elementor-widget elementor-widget-n-accordion\" data-id=\"fcf2efd\" data-element_type=\"widget\" data-e-type=\"widget\" data-settings=\"{&quot;default_state&quot;:&quot;all_collapsed&quot;,&quot;max_items_expended&quot;:&quot;one&quot;,&quot;n_accordion_animation_duration&quot;:{&quot;unit&quot;:&quot;ms&quot;,&quot;size&quot;:400,&quot;sizes&quot;:[]}}\" data-widget_type=\"nested-accordion.default\">\n\t\t\t\t\t\t\t<div class=\"e-n-accordion\" aria-label=\"Accordion. Open links with Enter or Space, close with Escape, and navigate with Arrow Keys\">\n\t\t\t\t\t\t<details id=\"e-n-accordion-item-2650\" class=\"e-n-accordion-item\" >\n\t\t\t\t<summary class=\"e-n-accordion-item-title\" data-accordion-index=\"1\" tabindex=\"0\" aria-expanded=\"false\" aria-controls=\"e-n-accordion-item-2650\" >\n\t\t\t\t\t<span class='e-n-accordion-item-title-header'><div class=\"e-n-accordion-item-title-text\"> Atbalsta person\u0101ls <\/div><\/span>\n\t\t\t\t\t\t\t<span class='e-n-accordion-item-title-icon'>\n\t\t\t<span class='e-opened' ><svg aria-hidden=\"true\" class=\"e-font-icon-svg e-fas-minus\" viewBox=\"0 0 448 512\" xmlns=\"http:\/\/www.w3.org\/2000\/svg\"><path d=\"M416 208H32c-17.67 0-32 14.33-32 32v32c0 17.67 14.33 32 32 32h384c17.67 0 32-14.33 32-32v-32c0-17.67-14.33-32-32-32z\"><\/path><\/svg><\/span>\n\t\t\t<span class='e-closed'><svg aria-hidden=\"true\" class=\"e-font-icon-svg e-fas-plus\" viewBox=\"0 0 448 512\" xmlns=\"http:\/\/www.w3.org\/2000\/svg\"><path d=\"M416 208H272V64c0-17.67-14.33-32-32-32h-32c-17.67 0-32 14.33-32 32v144H32c-17.67 0-32 14.33-32 32v32c0 17.67 14.33 32 32 32h144v144c0 17.67 14.33 32 32 32h32c17.67 0 32-14.33 32-32V304h144c17.67 0 32-14.33 32-32v-32c0-17.67-14.33-32-32-32z\"><\/path><\/svg><\/span>\n\t\t<\/span>\n\n\t\t\t\t\t\t<\/summary>\n\t\t\t\t<div data-particle_enable=\"false\" data-particle-mobile-disabled=\"false\" role=\"region\" aria-labelledby=\"e-n-accordion-item-2650\" class=\"elementor-element elementor-element-8379c34 e-flex e-con-boxed e-con e-child\" data-id=\"8379c34\" data-element_type=\"container\" data-e-type=\"container\">\n\t\t\t\t\t<div class=\"e-con-inner\">\n\t\t<div data-particle_enable=\"false\" data-particle-mobile-disabled=\"false\" role=\"region\" aria-labelledby=\"e-n-accordion-item-2650\" class=\"elementor-element elementor-element-a6bfd90 e-con-full e-flex e-con e-child\" data-id=\"a6bfd90\" data-element_type=\"container\" data-e-type=\"container\">\n\t\t\t\t<div class=\"elementor-element elementor-element-ebd324a elementor-widget__width-initial elementor-widget elementor-widget-text-editor\" data-id=\"ebd324a\" data-element_type=\"widget\" data-e-type=\"widget\" data-widget_type=\"text-editor.default\">\n\t\t\t\t\t\t\t\t\t<p><strong>Speci\u0101lais pedagogs:<\/strong> N. Nikonova<\/p><p><strong>Soci\u0101lais pedagogs:<\/strong> K. Sjatkina, M. Kudurs<\/p><p><strong>Medic\u012bnas m\u0101sa:<\/strong> S. Laiz\u0101ne<\/p><p><strong>Psihologi:<\/strong> I. Kruste, S. Opinc\u0101ne<\/p><p><strong>Logop\u0113di:<\/strong> A. Koro\u0161enko, S. Opinc\u0101ne, I. Avdijanova, I. Saule, A. Deksne, A. Anc\u0101ne, I. Tolopilo<\/p><p><strong>Soci\u0101lais rehabilit\u0113t\u0101js:<\/strong> O. Drobi\u0161evska<\/p><p><strong>Soci\u0101lais darbinieks:<\/strong> T. I\u013cjina<\/p><p><strong>Fizioterapeits:<\/strong>\u00a0<\/p><p><strong>Karjeras konsultants:<\/strong> K. Sjatkina<\/p><p><strong>Silto graudu speci\u0101liste:<\/strong> K. Zinkevi\u010da<\/p>\t\t\t\t\t\t\t\t<\/div>\n\t\t\t\t<\/div>\n\t\t\t\t\t<\/div>\n\t\t\t\t<\/div>\n\t\t\t\t\t<\/details>\n\t\t\t\t\t\t<details id=\"e-n-accordion-item-2651\" class=\"e-n-accordion-item\" >\n\t\t\t\t<summary class=\"e-n-accordion-item-title\" data-accordion-index=\"2\" tabindex=\"-1\" aria-expanded=\"false\" aria-controls=\"e-n-accordion-item-2651\" >\n\t\t\t\t\t<span class='e-n-accordion-item-title-header'><div class=\"e-n-accordion-item-title-text\"> Karjeras konsultanta darbs <\/div><\/span>\n\t\t\t\t\t\t\t<span class='e-n-accordion-item-title-icon'>\n\t\t\t<span class='e-opened' ><svg aria-hidden=\"true\" class=\"e-font-icon-svg e-fas-minus\" viewBox=\"0 0 448 512\" xmlns=\"http:\/\/www.w3.org\/2000\/svg\"><path d=\"M416 208H32c-17.67 0-32 14.33-32 32v32c0 17.67 14.33 32 32 32h384c17.67 0 32-14.33 32-32v-32c0-17.67-14.33-32-32-32z\"><\/path><\/svg><\/span>\n\t\t\t<span class='e-closed'><svg aria-hidden=\"true\" class=\"e-font-icon-svg e-fas-plus\" viewBox=\"0 0 448 512\" xmlns=\"http:\/\/www.w3.org\/2000\/svg\"><path d=\"M416 208H272V64c0-17.67-14.33-32-32-32h-32c-17.67 0-32 14.33-32 32v144H32c-17.67 0-32 14.33-32 32v32c0 17.67 14.33 32 32 32h144v144c0 17.67 14.33 32 32 32h32c17.67 0 32-14.33 32-32V304h144c17.67 0 32-14.33 32-32v-32c0-17.67-14.33-32-32-32z\"><\/path><\/svg><\/span>\n\t\t<\/span>\n\n\t\t\t\t\t\t<\/summary>\n\t\t\t\t<div data-particle_enable=\"false\" data-particle-mobile-disabled=\"false\" role=\"region\" aria-labelledby=\"e-n-accordion-item-2651\" class=\"elementor-element elementor-element-8611c9c e-flex e-con-boxed e-con e-child\" data-id=\"8611c9c\" data-element_type=\"container\" data-e-type=\"container\">\n\t\t\t\t\t<div class=\"e-con-inner\">\n\t\t<div data-particle_enable=\"false\" data-particle-mobile-disabled=\"false\" role=\"region\" aria-labelledby=\"e-n-accordion-item-2651\" class=\"elementor-element elementor-element-19537e4 e-flex e-con-boxed e-con e-child\" data-id=\"19537e4\" data-element_type=\"container\" data-e-type=\"container\">\n\t\t\t\t\t<div class=\"e-con-inner\">\n\t\t\t\t<div class=\"elementor-element elementor-element-a26f33f elementor-widget elementor-widget-text-editor\" data-id=\"a26f33f\" data-element_type=\"widget\" data-e-type=\"widget\" data-widget_type=\"text-editor.default\">\n\t\t\t\t\t\t\t\t\t<section class=\"elementor-section elementor-top-section elementor-element elementor-element-c01a0f7 elementor-section-boxed elementor-section-height-default elementor-section-height-default\" data-id=\"c01a0f7\" data-element_type=\"section\"><div class=\"elementor-container elementor-column-gap-default\"><div class=\"elementor-column elementor-col-100 elementor-top-column elementor-element elementor-element-6618ce8\" data-id=\"6618ce8\" data-element_type=\"column\"><div class=\"elementor-widget-wrap elementor-element-populated\"><div class=\"elementor-element elementor-element-4647a1c elementor-widget elementor-widget-heading\" data-id=\"4647a1c\" data-element_type=\"widget\" data-widget_type=\"heading.default\"><div class=\"elementor-widget-container\"><h2 class=\"elementor-heading-title elementor-size-default\">\u00a0 \u00a0 \u00a0 \u00a0 \u00a0 \u00a0 \u00a0 \u00a0 \u00a0 \u00a0 <span style=\"color: #ff6600;\">\u00a0K\u0101da ir Tava sap\u0146u profesija?<\/span><\/h2><\/div><\/div><\/div><\/div><\/div><\/section><section class=\"elementor-section elementor-top-section elementor-element elementor-element-5dc947e elementor-section-boxed elementor-section-height-default elementor-section-height-default\" data-id=\"5dc947e\" data-element_type=\"section\"><div class=\"elementor-container elementor-column-gap-default\"><div class=\"elementor-column elementor-col-100 elementor-top-column elementor-element elementor-element-58f062a\" data-id=\"58f062a\" data-element_type=\"column\"><div class=\"elementor-widget-wrap elementor-element-populated\"><div class=\"elementor-element elementor-element-3be1de0 elementor-widget elementor-widget-text-editor\" data-id=\"3be1de0\" data-element_type=\"widget\" data-widget_type=\"text-editor.default\"><div class=\"elementor-widget-container\"><h4 style=\"text-align: left;\"><span style=\"color: #000000;\">Valsts b\u0113rnu ties\u012bbu aizsardz\u012bbas inspekcija pied\u0101v\u0101 15 profesiju video st\u0101stus, kuros jaunie speci\u0101listi, uz\u0146\u0113mumu un organiz\u0101ciju vad\u012bt\u0101ji st\u0101sta un r\u0101da par profesiju ikdienas izaicin\u0101jumiem. Pieejamie video materi\u0101li ir par \u0161\u0101d\u0101m profesij\u0101m: \u2013 IT speci\u0101lists, \u2013 CNC met\u0101lapstr\u0101des darbgaldu operators, \u2013 \u0137\u012bmijas speci\u0101lists, \u2013 \u0101rsts, \u2013 fizioterapeits, \u2013 aktieris u.c. Pieejami ar\u012b video par profesiju kopumu da\u017e\u0101d\u0101s jom\u0101s.<\/span><\/h4><\/div><h2 style=\"text-align: center;\"><a href=\"https:\/\/www.youtube.com\/playlist?list=PLNLpMJStynulEVNh7-na2e1AJUfZMRjF3\">Skaties video \u0161eit!<\/a><\/h2><\/div><\/div><\/div><\/div><\/section>\t\t\t\t\t\t\t\t<\/div>\n\t\t\t\t\t<\/div>\n\t\t\t\t<\/div>\n\t\t\t\t\t<\/div>\n\t\t\t\t<\/div>\n\t\t\t\t\t<\/details>\n\t\t\t\t\t\t<details id=\"e-n-accordion-item-2652\" class=\"e-n-accordion-item\" >\n\t\t\t\t<summary class=\"e-n-accordion-item-title\" data-accordion-index=\"3\" tabindex=\"-1\" aria-expanded=\"false\" aria-controls=\"e-n-accordion-item-2652\" >\n\t\t\t\t\t<span class='e-n-accordion-item-title-header'><div class=\"e-n-accordion-item-title-text\"> Soci\u0101l\u0101 pedagoga darbs <\/div><\/span>\n\t\t\t\t\t\t\t<span class='e-n-accordion-item-title-icon'>\n\t\t\t<span class='e-opened' ><svg aria-hidden=\"true\" class=\"e-font-icon-svg e-fas-minus\" viewBox=\"0 0 448 512\" xmlns=\"http:\/\/www.w3.org\/2000\/svg\"><path d=\"M416 208H32c-17.67 0-32 14.33-32 32v32c0 17.67 14.33 32 32 32h384c17.67 0 32-14.33 32-32v-32c0-17.67-14.33-32-32-32z\"><\/path><\/svg><\/span>\n\t\t\t<span class='e-closed'><svg aria-hidden=\"true\" class=\"e-font-icon-svg e-fas-plus\" viewBox=\"0 0 448 512\" xmlns=\"http:\/\/www.w3.org\/2000\/svg\"><path d=\"M416 208H272V64c0-17.67-14.33-32-32-32h-32c-17.67 0-32 14.33-32 32v144H32c-17.67 0-32 14.33-32 32v32c0 17.67 14.33 32 32 32h144v144c0 17.67 14.33 32 32 32h32c17.67 0 32-14.33 32-32V304h144c17.67 0 32-14.33 32-32v-32c0-17.67-14.33-32-32-32z\"><\/path><\/svg><\/span>\n\t\t<\/span>\n\n\t\t\t\t\t\t<\/summary>\n\t\t\t\t<div data-particle_enable=\"false\" data-particle-mobile-disabled=\"false\" role=\"region\" aria-labelledby=\"e-n-accordion-item-2652\" class=\"elementor-element elementor-element-e250ba2 e-flex e-con-boxed e-con e-child\" data-id=\"e250ba2\" data-element_type=\"container\" data-e-type=\"container\">\n\t\t\t\t\t<div class=\"e-con-inner\">\n\t\t<div data-particle_enable=\"false\" data-particle-mobile-disabled=\"false\" role=\"region\" aria-labelledby=\"e-n-accordion-item-2652\" class=\"elementor-element elementor-element-b2c3bba e-flex e-con-boxed e-con e-child\" data-id=\"b2c3bba\" data-element_type=\"container\" data-e-type=\"container\">\n\t\t\t\t\t<div class=\"e-con-inner\">\n\t\t\t\t<div class=\"elementor-element elementor-element-22d4885 elementor-widget elementor-widget-text-editor\" data-id=\"22d4885\" data-element_type=\"widget\" data-e-type=\"widget\" data-widget_type=\"text-editor.default\">\n\t\t\t\t\t\t\t\t\t<div class=\"wp-block-image\"><a href=\"http:\/\/riac.lv\/wp-content\/uploads\/2023\/09\/1-9.jpg\"><img loading=\"lazy\" decoding=\"async\" class=\"wp-image-19081 alignleft\" src=\"http:\/\/riac.lv\/wp-content\/uploads\/2023\/09\/1-9-300x213.jpg\" alt=\"\" width=\"415\" height=\"295\" srcset=\"https:\/\/riac.lv\/wp-content\/uploads\/2023\/09\/1-9-300x213.jpg 300w, https:\/\/riac.lv\/wp-content\/uploads\/2023\/09\/1-9-1024x726.jpg 1024w, https:\/\/riac.lv\/wp-content\/uploads\/2023\/09\/1-9-768x545.jpg 768w, https:\/\/riac.lv\/wp-content\/uploads\/2023\/09\/1-9-1536x1090.jpg 1536w, https:\/\/riac.lv\/wp-content\/uploads\/2023\/09\/1-9.jpg 1748w\" sizes=\"(max-width: 415px) 100vw, 415px\" \/><\/a><\/div><h3><a href=\"https:\/\/www.youtube.com\/watch?v=VbdIJ1xArCU\">Soci\u0101l\u0101 pedagoga nodarb\u012bbas<\/a><\/h3>\t\t\t\t\t\t\t\t<\/div>\n\t\t\t\t\t<\/div>\n\t\t\t\t<\/div>\n\t\t\t\t\t<\/div>\n\t\t\t\t<\/div>\n\t\t\t\t\t<\/details>\n\t\t\t\t\t<\/div>\n\t\t\t\t\t\t<\/div>\n\t\t\t\t\t<\/div>\n\t\t\t\t<\/div>\n\t\t\t\t<\/div>\n\t\t","protected":false},"excerpt":{"rendered":"<p>Atbalsta pas\u0101kumi R\u012bc\u012bbas sh\u0113ma konfliktu gad\u012bjum\u0101 Atbalsta person\u0101ls Speci\u0101lais pedagogs: N. Nikonova Soci\u0101lais pedagogs: K. Sjatkina, M. Kudurs Medic\u012bnas m\u0101sa: S. Laiz\u0101ne Psihologi: I. Kruste,&hellip;<\/p>\n","protected":false},"author":1,"featured_media":0,"parent":0,"menu_order":0,"comment_status":"closed","ping_status":"closed","template":"","meta":{"footnotes":""},"class_list":["post-3933","page","type-page","status-publish","hentry"],"_links":{"self":[{"href":"https:\/\/riac.lv\/index.php?rest_route=\/wp\/v2\/pages\/3933","targetHints":{"allow":["GET"]}}],"collection":[{"href":"https:\/\/riac.lv\/index.php?rest_route=\/wp\/v2\/pages"}],"about":[{"href":"https:\/\/riac.lv\/index.php?rest_route=\/wp\/v2\/types\/page"}],"author":[{"embeddable":true,"href":"https:\/\/riac.lv\/index.php?rest_route=\/wp\/v2\/users\/1"}],"replies":[{"embeddable":true,"href":"https:\/\/riac.lv\/index.php?rest_route=%2Fwp%2Fv2%2Fcomments&post=3933"}],"version-history":[{"count":230,"href":"https:\/\/riac.lv\/index.php?rest_route=\/wp\/v2\/pages\/3933\/revisions"}],"predecessor-version":[{"id":27361,"href":"https:\/\/riac.lv\/index.php?rest_route=\/wp\/v2\/pages\/3933\/revisions\/27361"}],"wp:attachment":[{"href":"https:\/\/riac.lv\/index.php?rest_route=%2Fwp%2Fv2%2Fmedia&parent=3933"}],"curies":[{"name":"wp","href":"https:\/\/api.w.org\/{rel}","templated":true}]}}