{"id":3943,"date":"2018-11-23T07:22:55","date_gmt":"2018-11-23T07:22:55","guid":{"rendered":"http:\/\/www.riac.lv\/?page_id=3943"},"modified":"2025-10-12T20:50:57","modified_gmt":"2025-10-12T17:50:57","slug":"specialisti","status":"publish","type":"page","link":"https:\/\/riac.lv\/?page_id=3943","title":{"rendered":"Speci\u0101listi"},"content":{"rendered":"\t\t<div data-elementor-type=\"wp-page\" data-elementor-id=\"3943\" class=\"elementor elementor-3943\">\n\t\t\t\t<div data-particle_enable=\"false\" data-particle-mobile-disabled=\"false\" class=\"elementor-element elementor-element-4da63132 e-flex e-con-boxed e-con e-parent\" data-id=\"4da63132\" data-element_type=\"container\" data-e-type=\"container\">\n\t\t\t\t\t<div class=\"e-con-inner\">\n\t\t\t\t<div class=\"elementor-element elementor-element-6b45c0ce elementor-widget elementor-widget-text-editor\" data-id=\"6b45c0ce\" data-element_type=\"widget\" data-e-type=\"widget\" data-widget_type=\"text-editor.default\">\n\t\t\t\t\t\t\t\t\t<p>\u00a0Pamatojoties uz 2016.gada 29.marta MK noteikumiem Nr.187, un balstoties uz iek\u013caujo\u0161\u0101s izgl\u012bt\u012bbas pamatnost\u0101dn\u0113m, R\u0113zeknes pamatskolas &#8211; att\u012bst\u012bbas centra metodiskais centrs bez maksas pied\u0101v\u0101 <strong><span style=\"color: #800000;\">konsult\u0101cijas skol\u0113niem<\/span> <\/strong>un\u00a0<strong><span style=\"color: #800000;\">vec\u0101kiem<\/span><\/strong>, k\u0101 ar\u012b <strong><span style=\"color: #800000;\">metodisku un pedago\u0123isku pal\u012bdz\u012bbu skolot\u0101jiem<\/span><\/strong> kvalitat\u012bvas speci\u0101l\u0101s izgl\u012bt\u012bbas nodro\u0161in\u0101\u0161anai:<\/p><ul><li><strong><span style=\"color: #800000;\">Logop\u0113disko<\/span> <\/strong>diagnostisku un konsult\u0101cijas.<\/li><li><strong><span style=\"color: #800000;\">Speci\u0101l\u0101 pedagoga<\/span><\/strong> izp\u0113ti un konsult\u0101cijas.<\/li><li><strong><span style=\"color: #800000;\">Sertific\u0113ta psihologa<\/span><\/strong> diagnostiku un konsult\u0101cijas.<\/li><li><strong><span style=\"color: #800000;\">Latvie\u0161u valodas<\/span><\/strong> un <strong><span style=\"color: #800000;\">matem\u0101tikas<\/span> <\/strong>sasniegumu p\u0101rbaudi.<\/li><li><strong><span style=\"color: #800000;\">Konsult\u0101cijas<\/span> <span style=\"color: #800000;\">dokumentu<\/span> <\/strong>sagatavo\u0161anai pedago\u0123iski medic\u012bniskajai komisijai, lai preciz\u0113tu b\u0113rna izgl\u012bt\u012bbas programmu.<\/li><li><strong><span style=\"color: #800000;\">Konsult\u0101cijas<\/span> <\/strong>pedagogiem, atbalsta person\u0101la speci\u0101listiem, instit\u016bciju darbiniekiem par speci\u0101l\u0101s izgl\u012bt\u012bbas jaut\u0101jumiem.<\/li><li><strong><span style=\"color: #800000;\">Konsult\u0101cijas<\/span> <\/strong>izgl\u012btojamo ar speci\u0101l\u0101m vajadz\u012bb\u0101m vec\u0101kiem.<\/li><li><strong><span style=\"color: #800000;\">Izgl\u012btojo\u0161us pas\u0101kumus<\/span><\/strong> (kursus, semin\u0101rus, praktikumus u.c.) par speci\u0101l\u0101s pedago\u0123ijas jaut\u0101jumiem (p\u0113c piepras\u012bjuma).<\/li><li><strong><span style=\"color: #800000;\">Agr\u012bn\u0101s att\u012bst\u012bbas izv\u0113rt\u0113\u0161ana<\/span><\/strong>, izmantojot Minhenes funkcion\u0101l\u0101s att\u012bst\u012bbas diagnostikas metodi.<\/li><li><strong><span style=\"color: #800000;\">M\u0101c\u012bbu sasniegumu nov\u0113rt\u0113\u0161anas test\u0113\u0161ana<\/span> <\/strong>p\u0113c &#8220;Latvie\u0161u valodas un matem\u0101tikas sasniegumu testa (LMST II)&#8221;.<\/li><\/ul><p>Pieteik\u0161an\u0101s konsult\u0101cij\u0101m:<\/p><ol><li>e-pasts:<b> riac.metodika@inbox.lv<\/b><\/li><li>Telefons: <strong>27312184<\/strong><\/li><\/ol>\t\t\t\t\t\t\t\t<\/div>\n\t\t\t\t\t<\/div>\n\t\t\t\t<\/div>\n\t\t\t\t<\/div>\n\t\t","protected":false},"excerpt":{"rendered":"<p>\u00a0Pamatojoties uz 2016.gada 29.marta MK noteikumiem Nr.187, un balstoties uz iek\u013caujo\u0161\u0101s izgl\u012bt\u012bbas pamatnost\u0101dn\u0113m, R\u0113zeknes pamatskolas &#8211; att\u012bst\u012bbas centra metodiskais centrs bez maksas pied\u0101v\u0101 konsult\u0101cijas skol\u0113niem&hellip;<\/p>\n","protected":false},"author":1,"featured_media":0,"parent":0,"menu_order":0,"comment_status":"closed","ping_status":"closed","template":"","meta":{"footnotes":""},"class_list":["post-3943","page","type-page","status-publish","hentry"],"_links":{"self":[{"href":"https:\/\/riac.lv\/index.php?rest_route=\/wp\/v2\/pages\/3943","targetHints":{"allow":["GET"]}}],"collection":[{"href":"https:\/\/riac.lv\/index.php?rest_route=\/wp\/v2\/pages"}],"about":[{"href":"https:\/\/riac.lv\/index.php?rest_route=\/wp\/v2\/types\/page"}],"author":[{"embeddable":true,"href":"https:\/\/riac.lv\/index.php?rest_route=\/wp\/v2\/users\/1"}],"replies":[{"embeddable":true,"href":"https:\/\/riac.lv\/index.php?rest_route=%2Fwp%2Fv2%2Fcomments&post=3943"}],"version-history":[{"count":15,"href":"https:\/\/riac.lv\/index.php?rest_route=\/wp\/v2\/pages\/3943\/revisions"}],"predecessor-version":[{"id":27420,"href":"https:\/\/riac.lv\/index.php?rest_route=\/wp\/v2\/pages\/3943\/revisions\/27420"}],"wp:attachment":[{"href":"https:\/\/riac.lv\/index.php?rest_route=%2Fwp%2Fv2%2Fmedia&parent=3943"}],"curies":[{"name":"wp","href":"https:\/\/api.w.org\/{rel}","templated":true}]}}