{"id":3945,"date":"2018-11-23T07:23:01","date_gmt":"2018-11-23T07:23:01","guid":{"rendered":"http:\/\/www.riac.lv\/?page_id=3945"},"modified":"2023-02-10T13:42:58","modified_gmt":"2023-02-10T11:42:58","slug":"kursi-un-seminari","status":"publish","type":"page","link":"https:\/\/riac.lv\/?page_id=3945","title":{"rendered":"Kursi un semin\u0101ri"},"content":{"rendered":"\t\t<div data-elementor-type=\"wp-page\" data-elementor-id=\"3945\" class=\"elementor elementor-3945\">\n\t\t\t\t\t\t<section data-particle_enable=\"false\" data-particle-mobile-disabled=\"false\" class=\"elementor-section elementor-top-section elementor-element elementor-element-62920110 elementor-section-boxed elementor-section-height-default elementor-section-height-default\" data-id=\"62920110\" data-element_type=\"section\" data-e-type=\"section\">\n\t\t\t\t\t\t<div class=\"elementor-container elementor-column-gap-default\">\n\t\t\t\t\t<div class=\"elementor-column elementor-col-100 elementor-top-column elementor-element elementor-element-5bb79319\" data-id=\"5bb79319\" data-element_type=\"column\" data-e-type=\"column\">\n\t\t\t<div class=\"elementor-widget-wrap elementor-element-populated\">\n\t\t\t\t\t\t<div class=\"elementor-element elementor-element-59fd4d99 elementor-widget elementor-widget-text-editor\" data-id=\"59fd4d99\" data-element_type=\"widget\" data-e-type=\"widget\" data-widget_type=\"text-editor.default\">\n\t\t\t\t\t\t\t\t\t<p><a href=\"http:\/\/riac.lv\/wp-content\/uploads\/2022\/01\/1516456877192231115clipart-email-icon.med-removebg-preview.png\"><img decoding=\"async\" class=\"alignleft wp-image-10965\" src=\"http:\/\/riac.lv\/wp-content\/uploads\/2022\/01\/1516456877192231115clipart-email-icon.med-removebg-preview.png\" alt=\"\" width=\"54\" height=\"55\" srcset=\"https:\/\/riac.lv\/wp-content\/uploads\/2022\/01\/1516456877192231115clipart-email-icon.med-removebg-preview.png 295w, https:\/\/riac.lv\/wp-content\/uploads\/2022\/01\/1516456877192231115clipart-email-icon.med-removebg-preview-150x150.png 150w\" sizes=\"(max-width: 54px) 100vw, 54px\" \/><\/a><\/p><p>Jaut\u0101jumi par kursiem: <b>riac.metodika@inbox.lv<\/b><\/p><hr \/><p><a href=\"http:\/\/riac.lv\/wp-content\/uploads\/2022\/01\/barboleta-removebg-preview.png\"><img fetchpriority=\"high\" decoding=\"async\" class=\"aligncenter size-full wp-image-10961\" src=\"http:\/\/riac.lv\/wp-content\/uploads\/2022\/01\/barboleta-removebg-preview.png\" alt=\"\" width=\"318\" height=\"159\" srcset=\"https:\/\/riac.lv\/wp-content\/uploads\/2022\/01\/barboleta-removebg-preview.png 318w, https:\/\/riac.lv\/wp-content\/uploads\/2022\/01\/barboleta-removebg-preview-300x150.png 300w\" sizes=\"(max-width: 318px) 100vw, 318px\" \/><\/a><\/p><h4 style=\"text-align: center;\">Atkar\u012bb\u0101 no piepras\u012bjuma, tiek organiz\u0113ta inovat\u012bv\u0101s m\u0101c\u012bbu metodes <span style=\"color: #800000;\"><strong>Barboleta<\/strong> <\/span>speci\u0101listu apm\u0101c\u012bba.<br \/>Apm\u0101c\u012bbas vada <strong><span style=\"color: #008000;\">trenere Ilona Saule.<\/span><\/strong><\/h4><p><div id='gallery-1' class='gallery galleryid-3945 gallery-columns-2 gallery-size-full'><figure class='gallery-item'>\n\t\t\t<div class='gallery-icon landscape'>\n\t\t\t\t<a href='https:\/\/riac.lv\/?attachment_id=7674'><img decoding=\"async\" width=\"280\" height=\"161\" src=\"https:\/\/riac.lv\/wp-content\/uploads\/2020\/12\/barboleta-1-460x260_c-1.jpeg\" class=\"attachment-full size-full\" alt=\"\" \/><\/a>\n\t\t\t<\/div><\/figure><figure class='gallery-item'>\n\t\t\t<div class='gallery-icon landscape'>\n\t\t\t\t<a href='https:\/\/riac.lv\/?attachment_id=7728'><img loading=\"lazy\" decoding=\"async\" width=\"2338\" height=\"1700\" src=\"https:\/\/riac.lv\/wp-content\/uploads\/2020\/12\/Barboleta_Ilona_trenera_apliecinajums.jpg\" class=\"attachment-full size-full\" alt=\"\" srcset=\"https:\/\/riac.lv\/wp-content\/uploads\/2020\/12\/Barboleta_Ilona_trenera_apliecinajums.jpg 2338w, https:\/\/riac.lv\/wp-content\/uploads\/2020\/12\/Barboleta_Ilona_trenera_apliecinajums-300x218.jpg 300w, https:\/\/riac.lv\/wp-content\/uploads\/2020\/12\/Barboleta_Ilona_trenera_apliecinajums-1024x745.jpg 1024w, https:\/\/riac.lv\/wp-content\/uploads\/2020\/12\/Barboleta_Ilona_trenera_apliecinajums-768x558.jpg 768w, https:\/\/riac.lv\/wp-content\/uploads\/2020\/12\/Barboleta_Ilona_trenera_apliecinajums-1536x1117.jpg 1536w, https:\/\/riac.lv\/wp-content\/uploads\/2020\/12\/Barboleta_Ilona_trenera_apliecinajums-2048x1489.jpg 2048w\" sizes=\"(max-width: 2338px) 100vw, 2338px\" \/><\/a>\n\t\t\t<\/div><\/figure>\n\t\t<\/div>\n<\/p><hr \/><h3><strong><span style=\"color: #003300;\">Kursu arh\u012bvs\u00a0<\/span><\/strong><\/h3>\t\t\t\t\t\t\t\t<\/div>\n\t\t\t\t<div class=\"elementor-element elementor-element-fe29e8b gallery-spacing-custom elementor-widget elementor-widget-image-gallery\" data-id=\"fe29e8b\" data-element_type=\"widget\" data-e-type=\"widget\" data-widget_type=\"image-gallery.default\">\n\t\t\t\t\t\t\t<div class=\"elementor-image-gallery\">\n\t\t\t<div id='gallery-1' class='gallery galleryid-3945 gallery-columns-4 gallery-size-thumbnail'><figure class='gallery-item'>\n\t\t\t<div class='gallery-icon landscape'>\n\t\t\t\t<a data-elementor-open-lightbox=\"yes\" data-elementor-lightbox-slideshow=\"fe29e8b\" data-e-action-hash=\"#elementor-action%3Aaction%3Dlightbox%26settings%3DeyJpZCI6MTY5MzAsInVybCI6Imh0dHBzOlwvXC9yaWFjLmx2XC93cC1jb250ZW50XC91cGxvYWRzXC8yMDIzXC8wMlwvRGlnaUVrc3BlcnRzLTc2OHg0MzItMS5qcGciLCJzbGlkZXNob3ciOiJmZTI5ZThiIn0%3D\" href='https:\/\/riac.lv\/wp-content\/uploads\/2023\/02\/DigiEksperts-768x432-1.jpg'><img loading=\"lazy\" decoding=\"async\" width=\"150\" height=\"150\" src=\"https:\/\/riac.lv\/wp-content\/uploads\/2023\/02\/DigiEksperts-768x432-1-150x150.jpg\" class=\"attachment-thumbnail size-thumbnail\" alt=\"\" \/><\/a>\n\t\t\t<\/div><\/figure><figure class='gallery-item'>\n\t\t\t<div class='gallery-icon portrait'>\n\t\t\t\t<a data-elementor-open-lightbox=\"yes\" data-elementor-lightbox-slideshow=\"fe29e8b\" data-e-action-hash=\"#elementor-action%3Aaction%3Dlightbox%26settings%3DeyJpZCI6MTY5MjYsInVybCI6Imh0dHBzOlwvXC9yaWFjLmx2XC93cC1jb250ZW50XC91cGxvYWRzXC8yMDIzXC8wMlwvRWR1Y2F0aW9uLUlsbHVzdHJhdGVkLUNyZWF0aXZlLUNvbG9yZnVsLVBvc3Rlci03Njh4MTA4Ni0xLnBuZyIsInNsaWRlc2hvdyI6ImZlMjllOGIifQ%3D%3D\" href='https:\/\/riac.lv\/wp-content\/uploads\/2023\/02\/Education-Illustrated-Creative-Colorful-Poster-768x1086-1.png'><img loading=\"lazy\" decoding=\"async\" width=\"150\" height=\"150\" src=\"https:\/\/riac.lv\/wp-content\/uploads\/2023\/02\/Education-Illustrated-Creative-Colorful-Poster-768x1086-1-150x150.png\" class=\"attachment-thumbnail size-thumbnail\" alt=\"\" srcset=\"https:\/\/riac.lv\/wp-content\/uploads\/2023\/02\/Education-Illustrated-Creative-Colorful-Poster-768x1086-1-150x150.png 150w, https:\/\/riac.lv\/wp-content\/uploads\/2023\/02\/Education-Illustrated-Creative-Colorful-Poster-768x1086-1-500x500.png 500w\" sizes=\"(max-width: 150px) 100vw, 150px\" \/><\/a>\n\t\t\t<\/div><\/figure><figure class='gallery-item'>\n\t\t\t<div class='gallery-icon landscape'>\n\t\t\t\t<a data-elementor-open-lightbox=\"yes\" data-elementor-lightbox-slideshow=\"fe29e8b\" data-e-action-hash=\"#elementor-action%3Aaction%3Dlightbox%26settings%3DeyJpZCI6MTY3MTksInVybCI6Imh0dHBzOlwvXC9yaWFjLmx2XC93cC1jb250ZW50XC91cGxvYWRzXC8yMDIzXC8wMVwvc2FzLnBuZyIsInNsaWRlc2hvdyI6ImZlMjllOGIifQ%3D%3D\" href='https:\/\/riac.lv\/wp-content\/uploads\/2023\/01\/sas.png'><img loading=\"lazy\" decoding=\"async\" width=\"150\" height=\"150\" src=\"https:\/\/riac.lv\/wp-content\/uploads\/2023\/01\/sas-150x150.png\" class=\"attachment-thumbnail size-thumbnail\" alt=\"\" srcset=\"https:\/\/riac.lv\/wp-content\/uploads\/2023\/01\/sas-150x150.png 150w, https:\/\/riac.lv\/wp-content\/uploads\/2023\/01\/sas-500x500.png 500w, https:\/\/riac.lv\/wp-content\/uploads\/2023\/01\/sas-800x800.png 800w\" sizes=\"(max-width: 150px) 100vw, 150px\" \/><\/a>\n\t\t\t<\/div><\/figure><figure class='gallery-item'>\n\t\t\t<div class='gallery-icon landscape'>\n\t\t\t\t<a data-elementor-open-lightbox=\"yes\" data-elementor-lightbox-slideshow=\"fe29e8b\" data-e-action-hash=\"#elementor-action%3Aaction%3Dlightbox%26settings%3DeyJpZCI6MTY3MTUsInVybCI6Imh0dHBzOlwvXC9yaWFjLmx2XC93cC1jb250ZW50XC91cGxvYWRzXC8yMDIzXC8wMVwvR2xvYmFsYS1sYXNpc2FuYXMtbWV0b2RlLWRhcmJhLWFyLWJlcm5pZW0tYXItQVNULTEtNzY4eDU0My0xLnBuZyIsInNsaWRlc2hvdyI6ImZlMjllOGIifQ%3D%3D\" href='https:\/\/riac.lv\/wp-content\/uploads\/2023\/01\/Globala-lasisanas-metode-darba-ar-berniem-ar-AST-1-768x543-1.png'><img loading=\"lazy\" decoding=\"async\" width=\"150\" height=\"150\" src=\"https:\/\/riac.lv\/wp-content\/uploads\/2023\/01\/Globala-lasisanas-metode-darba-ar-berniem-ar-AST-1-768x543-1-150x150.png\" class=\"attachment-thumbnail size-thumbnail\" alt=\"\" srcset=\"https:\/\/riac.lv\/wp-content\/uploads\/2023\/01\/Globala-lasisanas-metode-darba-ar-berniem-ar-AST-1-768x543-1-150x150.png 150w, https:\/\/riac.lv\/wp-content\/uploads\/2023\/01\/Globala-lasisanas-metode-darba-ar-berniem-ar-AST-1-768x543-1-500x500.png 500w\" sizes=\"(max-width: 150px) 100vw, 150px\" \/><\/a>\n\t\t\t<\/div><\/figure><figure class='gallery-item'>\n\t\t\t<div class='gallery-icon landscape'>\n\t\t\t\t<a data-elementor-open-lightbox=\"yes\" data-elementor-lightbox-slideshow=\"fe29e8b\" data-e-action-hash=\"#elementor-action%3Aaction%3Dlightbox%26settings%3DeyJpZCI6MTMwMzMsInVybCI6Imh0dHBzOlwvXC9yaWFjLmx2XC93cC1jb250ZW50XC91cGxvYWRzXC8yMDIyXC8wNFwvTGFzaXNhbmFzLWtvbXBldGVuY2VzLWF0dGlzdGlzYW5hLXBhbWF0c2tvbGFzLXBpcm1hamEtcG9zbWEtMS4tNi4ta2xhc2UtaXpnbGl0b2phbWFqaWVtLWFyLWRhemFkaWVtLXRyYXVjZWp1bXUtdmVpZGllbS5qcGciLCJzbGlkZXNob3ciOiJmZTI5ZThiIn0%3D\" href='https:\/\/riac.lv\/wp-content\/uploads\/2022\/04\/Lasisanas-kompetences-attistisana-pamatskolas-pirmaja-posma-1.-6.-klase-izglitojamajiem-ar-dazadiem-traucejumu-veidiem.jpg'><img loading=\"lazy\" decoding=\"async\" width=\"150\" height=\"150\" src=\"https:\/\/riac.lv\/wp-content\/uploads\/2022\/04\/Lasisanas-kompetences-attistisana-pamatskolas-pirmaja-posma-1.-6.-klase-izglitojamajiem-ar-dazadiem-traucejumu-veidiem-150x150.jpg\" class=\"attachment-thumbnail size-thumbnail\" alt=\"\" \/><\/a>\n\t\t\t<\/div><\/figure><figure class='gallery-item'>\n\t\t\t<div class='gallery-icon portrait'>\n\t\t\t\t<a data-elementor-open-lightbox=\"yes\" data-elementor-lightbox-slideshow=\"fe29e8b\" data-e-action-hash=\"#elementor-action%3Aaction%3Dlightbox%26settings%3DeyJpZCI6MTIxMTAsInVybCI6Imh0dHBzOlwvXC9yaWFjLmx2XC93cC1jb250ZW50XC91cGxvYWRzXC8yMDIyXC8wMVwvS29uZmVyZW5jZV9pbmZvLXBsYWthdHMuanBnIiwic2xpZGVzaG93IjoiZmUyOWU4YiJ9\" href='https:\/\/riac.lv\/wp-content\/uploads\/2022\/01\/Konference_info-plakats.jpg'><img loading=\"lazy\" decoding=\"async\" width=\"150\" height=\"150\" src=\"https:\/\/riac.lv\/wp-content\/uploads\/2022\/01\/Konference_info-plakats-150x150.jpg\" class=\"attachment-thumbnail size-thumbnail\" alt=\"\" \/><\/a>\n\t\t\t<\/div><\/figure><figure class='gallery-item'>\n\t\t\t<div class='gallery-icon portrait'>\n\t\t\t\t<a data-elementor-open-lightbox=\"yes\" data-elementor-lightbox-slideshow=\"fe29e8b\" data-e-action-hash=\"#elementor-action%3Aaction%3Dlightbox%26settings%3DeyJpZCI6OTU2NSwidXJsIjoiaHR0cHM6XC9cL3JpYWMubHZcL3dwLWNvbnRlbnRcL3VwbG9hZHNcLzIwMjFcLzExXC9zcGVjLWl6Z2xpdGliYS5wbmciLCJzbGlkZXNob3ciOiJmZTI5ZThiIn0%3D\" href='https:\/\/riac.lv\/wp-content\/uploads\/2021\/11\/spec-izglitiba.png'><img loading=\"lazy\" decoding=\"async\" width=\"150\" height=\"150\" src=\"https:\/\/riac.lv\/wp-content\/uploads\/2021\/11\/spec-izglitiba-150x150.png\" class=\"attachment-thumbnail size-thumbnail\" alt=\"\" \/><\/a>\n\t\t\t<\/div><\/figure><figure class='gallery-item'>\n\t\t\t<div class='gallery-icon portrait'>\n\t\t\t\t<a data-elementor-open-lightbox=\"yes\" data-elementor-lightbox-slideshow=\"fe29e8b\" data-e-action-hash=\"#elementor-action%3Aaction%3Dlightbox%26settings%3DeyJpZCI6OTU2MSwidXJsIjoiaHR0cHM6XC9cL3JpYWMubHZcL3dwLWNvbnRlbnRcL3VwbG9hZHNcLzIwMjFcLzExXC9UZWF0cmEtbWFrc2xhX3NlbWluYXJzLmpwZyIsInNsaWRlc2hvdyI6ImZlMjllOGIifQ%3D%3D\" href='https:\/\/riac.lv\/wp-content\/uploads\/2021\/11\/Teatra-maksla_seminars.jpg'><img loading=\"lazy\" decoding=\"async\" width=\"150\" height=\"150\" src=\"https:\/\/riac.lv\/wp-content\/uploads\/2021\/11\/Teatra-maksla_seminars-150x150.jpg\" class=\"attachment-thumbnail size-thumbnail\" alt=\"\" \/><\/a>\n\t\t\t<\/div><\/figure><figure class='gallery-item'>\n\t\t\t<div class='gallery-icon portrait'>\n\t\t\t\t<a data-elementor-open-lightbox=\"yes\" data-elementor-lightbox-slideshow=\"fe29e8b\" data-e-action-hash=\"#elementor-action%3Aaction%3Dlightbox%26settings%3DeyJpZCI6OTU1OSwidXJsIjoiaHR0cHM6XC9cL3JpYWMubHZcL3dwLWNvbnRlbnRcL3VwbG9hZHNcLzIwMjFcLzExXC9LdXJzaV8zLmpwZyIsInNsaWRlc2hvdyI6ImZlMjllOGIifQ%3D%3D\" href='https:\/\/riac.lv\/wp-content\/uploads\/2021\/11\/Kursi_3.jpg'><img loading=\"lazy\" decoding=\"async\" width=\"150\" height=\"150\" src=\"https:\/\/riac.lv\/wp-content\/uploads\/2021\/11\/Kursi_3-150x150.jpg\" class=\"attachment-thumbnail size-thumbnail\" alt=\"\" \/><\/a>\n\t\t\t<\/div><\/figure><figure class='gallery-item'>\n\t\t\t<div class='gallery-icon portrait'>\n\t\t\t\t<a data-elementor-open-lightbox=\"yes\" data-elementor-lightbox-slideshow=\"fe29e8b\" data-e-action-hash=\"#elementor-action%3Aaction%3Dlightbox%26settings%3DeyJpZCI6OTU1OCwidXJsIjoiaHR0cHM6XC9cL3JpYWMubHZcL3dwLWNvbnRlbnRcL3VwbG9hZHNcLzIwMjFcLzExXC9LdXJzaV8yLmpwZyIsInNsaWRlc2hvdyI6ImZlMjllOGIifQ%3D%3D\" href='https:\/\/riac.lv\/wp-content\/uploads\/2021\/11\/Kursi_2.jpg'><img loading=\"lazy\" decoding=\"async\" width=\"150\" height=\"150\" src=\"https:\/\/riac.lv\/wp-content\/uploads\/2021\/11\/Kursi_2-150x150.jpg\" class=\"attachment-thumbnail size-thumbnail\" alt=\"\" \/><\/a>\n\t\t\t<\/div><\/figure><figure class='gallery-item'>\n\t\t\t<div class='gallery-icon landscape'>\n\t\t\t\t<a data-elementor-open-lightbox=\"yes\" data-elementor-lightbox-slideshow=\"fe29e8b\" data-e-action-hash=\"#elementor-action%3Aaction%3Dlightbox%26settings%3DeyJpZCI6OTU1NywidXJsIjoiaHR0cHM6XC9cL3JpYWMubHZcL3dwLWNvbnRlbnRcL3VwbG9hZHNcLzIwMjFcLzExXC9LdXJzaV8xLmpwZyIsInNsaWRlc2hvdyI6ImZlMjllOGIifQ%3D%3D\" href='https:\/\/riac.lv\/wp-content\/uploads\/2021\/11\/Kursi_1.jpg'><img loading=\"lazy\" decoding=\"async\" width=\"150\" height=\"150\" src=\"https:\/\/riac.lv\/wp-content\/uploads\/2021\/11\/Kursi_1-150x150.jpg\" class=\"attachment-thumbnail size-thumbnail\" alt=\"\" \/><\/a>\n\t\t\t<\/div><\/figure><figure class='gallery-item'>\n\t\t\t<div class='gallery-icon portrait'>\n\t\t\t\t<a data-elementor-open-lightbox=\"yes\" data-elementor-lightbox-slideshow=\"fe29e8b\" data-e-action-hash=\"#elementor-action%3Aaction%3Dlightbox%26settings%3DeyJpZCI6MTA5NzYsInVybCI6Imh0dHBzOlwvXC9yaWFjLmx2XC93cC1jb250ZW50XC91cGxvYWRzXC8yMDIyXC8wMVwvUmV6ZWtuZXMtcGFtYXRza29sYS1hdHRpc3RpYmFzLWNlbnRycy0zLmpwZyIsInNsaWRlc2hvdyI6ImZlMjllOGIifQ%3D%3D\" href='https:\/\/riac.lv\/wp-content\/uploads\/2022\/01\/Rezeknes-pamatskola-attistibas-centrs-3.jpg'><img loading=\"lazy\" decoding=\"async\" width=\"150\" height=\"150\" src=\"https:\/\/riac.lv\/wp-content\/uploads\/2022\/01\/Rezeknes-pamatskola-attistibas-centrs-3-150x150.jpg\" class=\"attachment-thumbnail size-thumbnail\" alt=\"\" \/><\/a>\n\t\t\t<\/div><\/figure><figure class='gallery-item'>\n\t\t\t<div class='gallery-icon portrait'>\n\t\t\t\t<a data-elementor-open-lightbox=\"yes\" data-elementor-lightbox-slideshow=\"fe29e8b\" data-e-action-hash=\"#elementor-action%3Aaction%3Dlightbox%26settings%3DeyJpZCI6MTA5NTQsInVybCI6Imh0dHBzOlwvXC9yaWFjLmx2XC93cC1jb250ZW50XC91cGxvYWRzXC8yMDIyXC8wMVwvUmV6ZWtuZXMtcGFtYXRza29sYS1hdHRpc3RpYmFzLWNlbnRycy5qcGciLCJzbGlkZXNob3ciOiJmZTI5ZThiIn0%3D\" href='https:\/\/riac.lv\/wp-content\/uploads\/2022\/01\/Rezeknes-pamatskola-attistibas-centrs.jpg'><img loading=\"lazy\" decoding=\"async\" width=\"150\" height=\"150\" src=\"https:\/\/riac.lv\/wp-content\/uploads\/2022\/01\/Rezeknes-pamatskola-attistibas-centrs-150x150.jpg\" class=\"attachment-thumbnail size-thumbnail\" alt=\"\" \/><\/a>\n\t\t\t<\/div><\/figure><figure class='gallery-item'>\n\t\t\t<div class='gallery-icon portrait'>\n\t\t\t\t<a data-elementor-open-lightbox=\"yes\" data-elementor-lightbox-slideshow=\"fe29e8b\" data-e-action-hash=\"#elementor-action%3Aaction%3Dlightbox%26settings%3DeyJpZCI6OTU2MCwidXJsIjoiaHR0cHM6XC9cL3JpYWMubHZcL3dwLWNvbnRlbnRcL3VwbG9hZHNcLzIwMjFcLzExXC9zZW1pbmFycy5wbmciLCJzbGlkZXNob3ciOiJmZTI5ZThiIn0%3D\" href='https:\/\/riac.lv\/wp-content\/uploads\/2021\/11\/seminars.png'><img loading=\"lazy\" decoding=\"async\" width=\"150\" height=\"150\" src=\"https:\/\/riac.lv\/wp-content\/uploads\/2021\/11\/seminars-150x150.png\" class=\"attachment-thumbnail size-thumbnail\" alt=\"\" \/><\/a>\n\t\t\t<\/div><\/figure><figure class='gallery-item'>\n\t\t\t<div class='gallery-icon portrait'>\n\t\t\t\t<a data-elementor-open-lightbox=\"yes\" data-elementor-lightbox-slideshow=\"fe29e8b\" data-e-action-hash=\"#elementor-action%3Aaction%3Dlightbox%26settings%3DeyJpZCI6MTA5MjcsInVybCI6Imh0dHBzOlwvXC9yaWFjLmx2XC93cC1jb250ZW50XC91cGxvYWRzXC8yMDIyXC8wMVwvU3BlY2lhbG8tcGVkYWdvZ3UtZGllbmFzLmpwZyIsInNsaWRlc2hvdyI6ImZlMjllOGIifQ%3D%3D\" href='https:\/\/riac.lv\/wp-content\/uploads\/2022\/01\/Specialo-pedagogu-dienas.jpg'><img loading=\"lazy\" decoding=\"async\" width=\"150\" height=\"150\" src=\"https:\/\/riac.lv\/wp-content\/uploads\/2022\/01\/Specialo-pedagogu-dienas-150x150.jpg\" class=\"attachment-thumbnail size-thumbnail\" alt=\"\" \/><\/a>\n\t\t\t<\/div><\/figure><figure class='gallery-item'>\n\t\t\t<div class='gallery-icon portrait'>\n\t\t\t\t<a data-elementor-open-lightbox=\"yes\" data-elementor-lightbox-slideshow=\"fe29e8b\" data-e-action-hash=\"#elementor-action%3Aaction%3Dlightbox%26settings%3DeyJpZCI6MTMwNzgsInVybCI6Imh0dHBzOlwvXC9yaWFjLmx2XC93cC1jb250ZW50XC91cGxvYWRzXC8yMDIyXC8wNFwvNC1zdHVuZHUtc2VtaW5hcnMtUElJLW1ldG9kaWtpZW0tNi1wcmFrdGlza2ktcGFkb21pLXBpcm1zc2tvbGFzLWJlcm51LXZlY2FraWVtLU1pc2lqYS1penBpbGRpdGEtMjguMDQuMjAyMi4ucG5nIiwic2xpZGVzaG93IjoiZmUyOWU4YiJ9\" href='https:\/\/riac.lv\/wp-content\/uploads\/2022\/04\/4-stundu-seminars-PII-metodikiem-6-praktiski-padomi-pirmsskolas-bernu-vecakiem-Misija-izpildita-28.04.2022..png'><img loading=\"lazy\" decoding=\"async\" width=\"150\" height=\"150\" src=\"https:\/\/riac.lv\/wp-content\/uploads\/2022\/04\/4-stundu-seminars-PII-metodikiem-6-praktiski-padomi-pirmsskolas-bernu-vecakiem-Misija-izpildita-28.04.2022.-150x150.png\" class=\"attachment-thumbnail size-thumbnail\" alt=\"\" \/><\/a>\n\t\t\t<\/div><\/figure>\n\t\t<\/div>\n\t\t<\/div>\n\t\t\t\t\t\t<\/div>\n\t\t\t\t\t<\/div>\n\t\t<\/div>\n\t\t\t\t\t<\/div>\n\t\t<\/section>\n\t\t\t\t<section data-particle_enable=\"false\" data-particle-mobile-disabled=\"false\" class=\"elementor-section elementor-top-section elementor-element elementor-element-475f469 elementor-section-boxed elementor-section-height-default elementor-section-height-default\" data-id=\"475f469\" data-element_type=\"section\" data-e-type=\"section\">\n\t\t\t\t\t\t<div class=\"elementor-container elementor-column-gap-default\">\n\t\t\t\t\t<div class=\"elementor-column elementor-col-100 elementor-top-column elementor-element elementor-element-e72955d\" data-id=\"e72955d\" data-element_type=\"column\" data-e-type=\"column\">\n\t\t\t<div class=\"elementor-widget-wrap\">\n\t\t\t\t\t\t\t<\/div>\n\t\t<\/div>\n\t\t\t\t\t<\/div>\n\t\t<\/section>\n\t\t\t\t<\/div>\n\t\t","protected":false},"excerpt":{"rendered":"<p>Jaut\u0101jumi par kursiem: riac.metodika@inbox.lv Atkar\u012bb\u0101 no piepras\u012bjuma, tiek organiz\u0113ta inovat\u012bv\u0101s m\u0101c\u012bbu metodes Barboleta speci\u0101listu apm\u0101c\u012bba.Apm\u0101c\u012bbas vada trenere Ilona Saule. Kursu arh\u012bvs\u00a0<\/p>\n","protected":false},"author":1,"featured_media":0,"parent":0,"menu_order":0,"comment_status":"closed","ping_status":"closed","template":"","meta":{"footnotes":""},"class_list":["post-3945","page","type-page","status-publish","hentry"],"_links":{"self":[{"href":"https:\/\/riac.lv\/index.php?rest_route=\/wp\/v2\/pages\/3945","targetHints":{"allow":["GET"]}}],"collection":[{"href":"https:\/\/riac.lv\/index.php?rest_route=\/wp\/v2\/pages"}],"about":[{"href":"https:\/\/riac.lv\/index.php?rest_route=\/wp\/v2\/types\/page"}],"author":[{"embeddable":true,"href":"https:\/\/riac.lv\/index.php?rest_route=\/wp\/v2\/users\/1"}],"replies":[{"embeddable":true,"href":"https:\/\/riac.lv\/index.php?rest_route=%2Fwp%2Fv2%2Fcomments&post=3945"}],"version-history":[{"count":73,"href":"https:\/\/riac.lv\/index.php?rest_route=\/wp\/v2\/pages\/3945\/revisions"}],"predecessor-version":[{"id":16933,"href":"https:\/\/riac.lv\/index.php?rest_route=\/wp\/v2\/pages\/3945\/revisions\/16933"}],"wp:attachment":[{"href":"https:\/\/riac.lv\/index.php?rest_route=%2Fwp%2Fv2%2Fmedia&parent=3945"}],"curies":[{"name":"wp","href":"https:\/\/api.w.org\/{rel}","templated":true}]}}