{"id":4222,"date":"2019-01-24T09:09:05","date_gmt":"2019-01-24T09:09:05","guid":{"rendered":"http:\/\/www.riac.lv\/?page_id=4222"},"modified":"2021-11-12T12:30:03","modified_gmt":"2021-11-12T10:30:03","slug":"kompetencu-pieeja-macibu-satura","status":"publish","type":"page","link":"https:\/\/riac.lv\/?page_id=4222","title":{"rendered":"Kompeten\u010du pieeja m\u0101c\u012bbu satur\u0101"},"content":{"rendered":"\t\t<div data-elementor-type=\"wp-page\" data-elementor-id=\"4222\" class=\"elementor elementor-4222\">\n\t\t\t\t\t\t<section data-particle_enable=\"false\" data-particle-mobile-disabled=\"false\" class=\"elementor-section elementor-top-section elementor-element elementor-element-ef05063 elementor-section-boxed elementor-section-height-default elementor-section-height-default\" data-id=\"ef05063\" data-element_type=\"section\" data-e-type=\"section\">\n\t\t\t\t\t\t<div class=\"elementor-container elementor-column-gap-default\">\n\t\t\t\t\t<div class=\"elementor-column elementor-col-100 elementor-top-column elementor-element elementor-element-606d41d\" data-id=\"606d41d\" data-element_type=\"column\" data-e-type=\"column\">\n\t\t\t<div class=\"elementor-widget-wrap elementor-element-populated\">\n\t\t\t\t\t\t<div class=\"elementor-element elementor-element-bf0ab66 elementor-widget elementor-widget-image-gallery\" data-id=\"bf0ab66\" data-element_type=\"widget\" data-e-type=\"widget\" data-widget_type=\"image-gallery.default\">\n\t\t\t\t\t\t\t<div class=\"elementor-image-gallery\">\n\t\t\t<div id='gallery-1' class='gallery galleryid-4222 gallery-columns-1 gallery-size-medium'><figure class='gallery-item'>\n\t\t\t<div class='gallery-icon landscape'>\n\t\t\t\t<a data-elementor-open-lightbox=\"yes\" data-elementor-lightbox-slideshow=\"bf0ab66\" data-e-action-hash=\"#elementor-action%3Aaction%3Dlightbox%26settings%3DeyJpZCI6OTg0MywidXJsIjoiaHR0cHM6XC9cL3JpYWMubHZcL3dwLWNvbnRlbnRcL3VwbG9hZHNcLzIwMjFcLzExXC9ldXJvcGUtZm9uZHMucG5nIiwic2xpZGVzaG93IjoiYmYwYWI2NiJ9\" href='https:\/\/riac.lv\/wp-content\/uploads\/2021\/11\/europe-fonds.png'><img decoding=\"async\" width=\"300\" height=\"80\" src=\"https:\/\/riac.lv\/wp-content\/uploads\/2021\/11\/europe-fonds-300x80.png\" class=\"attachment-medium size-medium\" alt=\"\" srcset=\"https:\/\/riac.lv\/wp-content\/uploads\/2021\/11\/europe-fonds-300x80.png 300w, https:\/\/riac.lv\/wp-content\/uploads\/2021\/11\/europe-fonds.png 441w\" sizes=\"(max-width: 300px) 100vw, 300px\" \/><\/a>\n\t\t\t<\/div><\/figure>\n\t\t<\/div>\n\t\t<\/div>\n\t\t\t\t\t\t<\/div>\n\t\t\t\t\t<\/div>\n\t\t<\/div>\n\t\t\t\t\t<\/div>\n\t\t<\/section>\n\t\t\t\t<section data-particle_enable=\"false\" data-particle-mobile-disabled=\"false\" class=\"elementor-section elementor-top-section elementor-element elementor-element-cdfba9b elementor-section-boxed elementor-section-height-default elementor-section-height-default\" data-id=\"cdfba9b\" data-element_type=\"section\" data-e-type=\"section\">\n\t\t\t\t\t\t<div class=\"elementor-container elementor-column-gap-default\">\n\t\t\t\t\t<div class=\"elementor-column elementor-col-100 elementor-top-column elementor-element elementor-element-5f8ef20\" data-id=\"5f8ef20\" data-element_type=\"column\" data-e-type=\"column\">\n\t\t\t<div class=\"elementor-widget-wrap elementor-element-populated\">\n\t\t\t\t\t\t<div class=\"elementor-element elementor-element-a2c53e6 elementor-widget elementor-widget-text-editor\" data-id=\"a2c53e6\" data-element_type=\"widget\" data-e-type=\"widget\" data-widget_type=\"text-editor.default\">\n\t\t\t\t\t\t\t\t\t<h4><strong>PROJEKTS \u201eKompeten\u010du pieeja m\u0101c\u012bbu satur\u0101\u201d skol\u0101 2020.\/2021.m.g.<\/strong><\/h4>\t\t\t\t\t\t\t\t<\/div>\n\t\t\t\t\t<\/div>\n\t\t<\/div>\n\t\t\t\t\t<\/div>\n\t\t<\/section>\n\t\t\t\t<section data-particle_enable=\"false\" data-particle-mobile-disabled=\"false\" class=\"elementor-section elementor-top-section elementor-element elementor-element-846ae98 elementor-section-boxed elementor-section-height-default elementor-section-height-default\" data-id=\"846ae98\" data-element_type=\"section\" data-e-type=\"section\">\n\t\t\t\t\t\t<div class=\"elementor-container elementor-column-gap-default\">\n\t\t\t\t\t<div class=\"elementor-column elementor-col-100 elementor-top-column elementor-element elementor-element-a4c3de3\" data-id=\"a4c3de3\" data-element_type=\"column\" data-e-type=\"column\">\n\t\t\t<div class=\"elementor-widget-wrap elementor-element-populated\">\n\t\t\t\t\t\t<div class=\"elementor-element elementor-element-7b3f98b gallery-spacing-custom elementor-widget elementor-widget-image-gallery\" data-id=\"7b3f98b\" data-element_type=\"widget\" data-e-type=\"widget\" data-widget_type=\"image-gallery.default\">\n\t\t\t\t\t\t\t<div class=\"elementor-image-gallery\">\n\t\t\t<div id='gallery-2' class='gallery galleryid-4222 gallery-columns-4 gallery-size-medium'><figure class='gallery-item'>\n\t\t\t<div class='gallery-icon landscape'>\n\t\t\t\t<a data-elementor-open-lightbox=\"yes\" data-elementor-lightbox-slideshow=\"7b3f98b\" data-e-action-hash=\"#elementor-action%3Aaction%3Dlightbox%26settings%3DeyJpZCI6OTg1MCwidXJsIjoiaHR0cHM6XC9cL3JpYWMubHZcL3dwLWNvbnRlbnRcL3VwbG9hZHNcLzIwMjFcLzExXC8xLmpwZyIsInNsaWRlc2hvdyI6IjdiM2Y5OGIifQ%3D%3D\" href='https:\/\/riac.lv\/wp-content\/uploads\/2021\/11\/1.jpg'><img fetchpriority=\"high\" decoding=\"async\" width=\"300\" height=\"213\" src=\"https:\/\/riac.lv\/wp-content\/uploads\/2021\/11\/1-300x213.jpg\" class=\"attachment-medium size-medium\" alt=\"\" srcset=\"https:\/\/riac.lv\/wp-content\/uploads\/2021\/11\/1-300x213.jpg 300w, https:\/\/riac.lv\/wp-content\/uploads\/2021\/11\/1-1024x726.jpg 1024w, https:\/\/riac.lv\/wp-content\/uploads\/2021\/11\/1-768x545.jpg 768w, https:\/\/riac.lv\/wp-content\/uploads\/2021\/11\/1-1536x1090.jpg 1536w, https:\/\/riac.lv\/wp-content\/uploads\/2021\/11\/1.jpg 1748w\" sizes=\"(max-width: 300px) 100vw, 300px\" \/><\/a>\n\t\t\t<\/div><\/figure><figure class='gallery-item'>\n\t\t\t<div class='gallery-icon landscape'>\n\t\t\t\t<a data-elementor-open-lightbox=\"yes\" data-elementor-lightbox-slideshow=\"7b3f98b\" data-e-action-hash=\"#elementor-action%3Aaction%3Dlightbox%26settings%3DeyJpZCI6OTg1MSwidXJsIjoiaHR0cHM6XC9cL3JpYWMubHZcL3dwLWNvbnRlbnRcL3VwbG9hZHNcLzIwMjFcLzExXC8yLmpwZyIsInNsaWRlc2hvdyI6IjdiM2Y5OGIifQ%3D%3D\" href='https:\/\/riac.lv\/wp-content\/uploads\/2021\/11\/2.jpg'><img decoding=\"async\" width=\"300\" height=\"213\" src=\"https:\/\/riac.lv\/wp-content\/uploads\/2021\/11\/2-300x213.jpg\" class=\"attachment-medium size-medium\" alt=\"\" srcset=\"https:\/\/riac.lv\/wp-content\/uploads\/2021\/11\/2-300x213.jpg 300w, https:\/\/riac.lv\/wp-content\/uploads\/2021\/11\/2-1024x726.jpg 1024w, https:\/\/riac.lv\/wp-content\/uploads\/2021\/11\/2-768x545.jpg 768w, https:\/\/riac.lv\/wp-content\/uploads\/2021\/11\/2-1536x1090.jpg 1536w, https:\/\/riac.lv\/wp-content\/uploads\/2021\/11\/2.jpg 1748w\" sizes=\"(max-width: 300px) 100vw, 300px\" \/><\/a>\n\t\t\t<\/div><\/figure><figure class='gallery-item'>\n\t\t\t<div class='gallery-icon landscape'>\n\t\t\t\t<a data-elementor-open-lightbox=\"yes\" data-elementor-lightbox-slideshow=\"7b3f98b\" data-e-action-hash=\"#elementor-action%3Aaction%3Dlightbox%26settings%3DeyJpZCI6OTg1MiwidXJsIjoiaHR0cHM6XC9cL3JpYWMubHZcL3dwLWNvbnRlbnRcL3VwbG9hZHNcLzIwMjFcLzExXC8zLmpwZyIsInNsaWRlc2hvdyI6IjdiM2Y5OGIifQ%3D%3D\" href='https:\/\/riac.lv\/wp-content\/uploads\/2021\/11\/3.jpg'><img loading=\"lazy\" decoding=\"async\" width=\"300\" height=\"213\" src=\"https:\/\/riac.lv\/wp-content\/uploads\/2021\/11\/3-300x213.jpg\" class=\"attachment-medium size-medium\" alt=\"\" srcset=\"https:\/\/riac.lv\/wp-content\/uploads\/2021\/11\/3-300x213.jpg 300w, https:\/\/riac.lv\/wp-content\/uploads\/2021\/11\/3-1024x726.jpg 1024w, https:\/\/riac.lv\/wp-content\/uploads\/2021\/11\/3-768x545.jpg 768w, https:\/\/riac.lv\/wp-content\/uploads\/2021\/11\/3-1536x1090.jpg 1536w, https:\/\/riac.lv\/wp-content\/uploads\/2021\/11\/3.jpg 1748w\" sizes=\"(max-width: 300px) 100vw, 300px\" \/><\/a>\n\t\t\t<\/div><\/figure><figure class='gallery-item'>\n\t\t\t<div class='gallery-icon landscape'>\n\t\t\t\t<a data-elementor-open-lightbox=\"yes\" data-elementor-lightbox-slideshow=\"7b3f98b\" data-e-action-hash=\"#elementor-action%3Aaction%3Dlightbox%26settings%3DeyJpZCI6OTg1MywidXJsIjoiaHR0cHM6XC9cL3JpYWMubHZcL3dwLWNvbnRlbnRcL3VwbG9hZHNcLzIwMjFcLzExXC80LmpwZyIsInNsaWRlc2hvdyI6IjdiM2Y5OGIifQ%3D%3D\" href='https:\/\/riac.lv\/wp-content\/uploads\/2021\/11\/4.jpg'><img loading=\"lazy\" decoding=\"async\" width=\"300\" height=\"213\" src=\"https:\/\/riac.lv\/wp-content\/uploads\/2021\/11\/4-300x213.jpg\" class=\"attachment-medium size-medium\" alt=\"\" srcset=\"https:\/\/riac.lv\/wp-content\/uploads\/2021\/11\/4-300x213.jpg 300w, https:\/\/riac.lv\/wp-content\/uploads\/2021\/11\/4-1024x726.jpg 1024w, https:\/\/riac.lv\/wp-content\/uploads\/2021\/11\/4-768x545.jpg 768w, https:\/\/riac.lv\/wp-content\/uploads\/2021\/11\/4-1536x1090.jpg 1536w, https:\/\/riac.lv\/wp-content\/uploads\/2021\/11\/4.jpg 1748w\" sizes=\"(max-width: 300px) 100vw, 300px\" \/><\/a>\n\t\t\t<\/div><\/figure><figure class='gallery-item'>\n\t\t\t<div class='gallery-icon landscape'>\n\t\t\t\t<a data-elementor-open-lightbox=\"yes\" data-elementor-lightbox-slideshow=\"7b3f98b\" data-e-action-hash=\"#elementor-action%3Aaction%3Dlightbox%26settings%3DeyJpZCI6OTg1NCwidXJsIjoiaHR0cHM6XC9cL3JpYWMubHZcL3dwLWNvbnRlbnRcL3VwbG9hZHNcLzIwMjFcLzExXC81LmpwZyIsInNsaWRlc2hvdyI6IjdiM2Y5OGIifQ%3D%3D\" href='https:\/\/riac.lv\/wp-content\/uploads\/2021\/11\/5.jpg'><img loading=\"lazy\" decoding=\"async\" width=\"300\" height=\"213\" src=\"https:\/\/riac.lv\/wp-content\/uploads\/2021\/11\/5-300x213.jpg\" class=\"attachment-medium size-medium\" alt=\"\" srcset=\"https:\/\/riac.lv\/wp-content\/uploads\/2021\/11\/5-300x213.jpg 300w, https:\/\/riac.lv\/wp-content\/uploads\/2021\/11\/5-1024x726.jpg 1024w, https:\/\/riac.lv\/wp-content\/uploads\/2021\/11\/5-768x545.jpg 768w, https:\/\/riac.lv\/wp-content\/uploads\/2021\/11\/5-1536x1090.jpg 1536w, https:\/\/riac.lv\/wp-content\/uploads\/2021\/11\/5.jpg 1748w\" sizes=\"(max-width: 300px) 100vw, 300px\" \/><\/a>\n\t\t\t<\/div><\/figure>\n\t\t<\/div>\n\t\t<\/div>\n\t\t\t\t\t\t<\/div>\n\t\t\t\t\t<\/div>\n\t\t<\/div>\n\t\t\t\t\t<\/div>\n\t\t<\/section>\n\t\t\t\t<section data-particle_enable=\"false\" data-particle-mobile-disabled=\"false\" class=\"elementor-section elementor-top-section elementor-element elementor-element-4a4e7c8 elementor-section-boxed elementor-section-height-default elementor-section-height-default\" data-id=\"4a4e7c8\" data-element_type=\"section\" data-e-type=\"section\">\n\t\t\t\t\t\t<div class=\"elementor-container elementor-column-gap-default\">\n\t\t\t\t\t<div class=\"elementor-column elementor-col-100 elementor-top-column elementor-element elementor-element-1720382\" data-id=\"1720382\" data-element_type=\"column\" data-e-type=\"column\">\n\t\t\t<div class=\"elementor-widget-wrap elementor-element-populated\">\n\t\t\t\t\t\t<div class=\"elementor-element elementor-element-83cf57b elementor-widget elementor-widget-text-editor\" data-id=\"83cf57b\" data-element_type=\"widget\" data-e-type=\"widget\" data-widget_type=\"text-editor.default\">\n\t\t\t\t\t\t\t\t\t<h4><a href=\"http:\/\/riac.lv\/wp-content\/uploads\/2021\/11\/Aprobejamas-temas.pdf\" target=\"_blank\" rel=\"noopener\">Aprob\u0113jam\u0101s t\u0113mas<\/a><\/h4>\t\t\t\t\t\t\t\t<\/div>\n\t\t\t\t\t<\/div>\n\t\t<\/div>\n\t\t\t\t\t<\/div>\n\t\t<\/section>\n\t\t\t\t<\/div>\n\t\t","protected":false},"excerpt":{"rendered":"<p>PROJEKTS \u201eKompeten\u010du pieeja m\u0101c\u012bbu satur\u0101\u201d skol\u0101 2020.\/2021.m.g. Aprob\u0113jam\u0101s t\u0113mas<\/p>\n","protected":false},"author":1,"featured_media":0,"parent":0,"menu_order":0,"comment_status":"closed","ping_status":"closed","template":"","meta":{"footnotes":""},"class_list":["post-4222","page","type-page","status-publish","hentry"],"_links":{"self":[{"href":"https:\/\/riac.lv\/index.php?rest_route=\/wp\/v2\/pages\/4222","targetHints":{"allow":["GET"]}}],"collection":[{"href":"https:\/\/riac.lv\/index.php?rest_route=\/wp\/v2\/pages"}],"about":[{"href":"https:\/\/riac.lv\/index.php?rest_route=\/wp\/v2\/types\/page"}],"author":[{"embeddable":true,"href":"https:\/\/riac.lv\/index.php?rest_route=\/wp\/v2\/users\/1"}],"replies":[{"embeddable":true,"href":"https:\/\/riac.lv\/index.php?rest_route=%2Fwp%2Fv2%2Fcomments&post=4222"}],"version-history":[{"count":20,"href":"https:\/\/riac.lv\/index.php?rest_route=\/wp\/v2\/pages\/4222\/revisions"}],"predecessor-version":[{"id":10036,"href":"https:\/\/riac.lv\/index.php?rest_route=\/wp\/v2\/pages\/4222\/revisions\/10036"}],"wp:attachment":[{"href":"https:\/\/riac.lv\/index.php?rest_route=%2Fwp%2Fv2%2Fmedia&parent=4222"}],"curies":[{"name":"wp","href":"https:\/\/api.w.org\/{rel}","templated":true}]}}