{"id":5010,"date":"2019-10-17T08:08:23","date_gmt":"2019-10-17T08:08:23","guid":{"rendered":"http:\/\/www.riac.lv\/?page_id=5010"},"modified":"2025-11-30T16:42:15","modified_gmt":"2025-11-30T14:42:15","slug":"pirmsskolas-izglitiba","status":"publish","type":"page","link":"https:\/\/riac.lv\/?page_id=5010","title":{"rendered":"Pirmsskola"},"content":{"rendered":"\t\t<div data-elementor-type=\"wp-page\" data-elementor-id=\"5010\" class=\"elementor elementor-5010\">\n\t\t\t\t<div data-particle_enable=\"false\" data-particle-mobile-disabled=\"false\" class=\"elementor-element elementor-element-ffa0ed8 e-flex e-con-boxed e-con e-parent\" data-id=\"ffa0ed8\" data-element_type=\"container\" data-e-type=\"container\">\n\t\t\t\t\t<div class=\"e-con-inner\">\n\t\t\t\t<div class=\"elementor-element elementor-element-575bfec elementor-widget elementor-widget-video\" data-id=\"575bfec\" data-element_type=\"widget\" data-e-type=\"widget\" data-settings=\"{&quot;video_type&quot;:&quot;hosted&quot;,&quot;controls&quot;:&quot;yes&quot;}\" data-widget_type=\"video.default\">\n\t\t\t\t\t\t\t<div class=\"e-hosted-video elementor-wrapper elementor-open-inline\">\n\t\t\t\t\t<video class=\"elementor-video\" src=\"http:\/\/riac.lv\/wp-content\/uploads\/2025\/11\/REZEKNES-PAMATSKOLA-ATTISTIBAS-CENTRS-pirmsskolas-grupas.mp4\" controls=\"\" preload=\"metadata\" controlsList=\"nodownload\"><\/video>\n\t\t\t\t<\/div>\n\t\t\t\t\t\t<\/div>\n\t\t\t\t\t<\/div>\n\t\t\t\t<\/div>\n\t\t<div data-particle_enable=\"false\" data-particle-mobile-disabled=\"false\" class=\"elementor-element elementor-element-65ad5f51 e-flex e-con-boxed e-con e-parent\" data-id=\"65ad5f51\" data-element_type=\"container\" data-e-type=\"container\">\n\t\t\t\t\t<div class=\"e-con-inner\">\n\t\t\t\t<div class=\"elementor-element elementor-element-a9a7742 elementor-widget elementor-widget-text-editor\" data-id=\"a9a7742\" data-element_type=\"widget\" data-e-type=\"widget\" data-widget_type=\"text-editor.default\">\n\t\t\t\t\t\t\t\t\t<p><span style=\"color: #003300;\"><strong>Adrese:<\/strong><\/span> Atbr\u012bvo\u0161anas aleja 52 a, R\u0113zekne, LV &#8211; 4601<\/p><p><strong><span style=\"color: #003300;\">T\u0101lruni<\/span><\/strong><strong><span style=\"color: #003300;\">s<\/span><\/strong>: 64623189<\/p><p><img fetchpriority=\"high\" decoding=\"async\" class=\"alignnone size-full wp-image-7617\" src=\"http:\/\/riac.lv\/wp-content\/uploads\/2020\/12\/DSC06262-scaled.jpg\" alt=\"\" width=\"2560\" height=\"1920\" srcset=\"https:\/\/riac.lv\/wp-content\/uploads\/2020\/12\/DSC06262-scaled.jpg 2560w, https:\/\/riac.lv\/wp-content\/uploads\/2020\/12\/DSC06262-300x225.jpg 300w, https:\/\/riac.lv\/wp-content\/uploads\/2020\/12\/DSC06262-1024x768.jpg 1024w, https:\/\/riac.lv\/wp-content\/uploads\/2020\/12\/DSC06262-768x576.jpg 768w, https:\/\/riac.lv\/wp-content\/uploads\/2020\/12\/DSC06262-1536x1152.jpg 1536w, https:\/\/riac.lv\/wp-content\/uploads\/2020\/12\/DSC06262-2048x1536.jpg 2048w\" sizes=\"(max-width: 2560px) 100vw, 2560px\" \/><\/p>\t\t\t\t\t\t\t\t<\/div>\n\t\t\t\t\t<\/div>\n\t\t\t\t<\/div>\n\t\t\t\t<\/div>\n\t\t","protected":false},"excerpt":{"rendered":"<p>http:\/\/riac.lv\/wp-content\/uploads\/2025\/11\/REZEKNES-PAMATSKOLA-ATTISTIBAS-CENTRS-pirmsskolas-grupas.mp4 Adrese: Atbr\u012bvo\u0161anas aleja 52 a, R\u0113zekne, LV &#8211; 4601 T\u0101lrunis: 64623189<\/p>\n","protected":false},"author":1,"featured_media":0,"parent":0,"menu_order":0,"comment_status":"closed","ping_status":"closed","template":"","meta":{"footnotes":""},"class_list":["post-5010","page","type-page","status-publish","hentry"],"_links":{"self":[{"href":"https:\/\/riac.lv\/index.php?rest_route=\/wp\/v2\/pages\/5010","targetHints":{"allow":["GET"]}}],"collection":[{"href":"https:\/\/riac.lv\/index.php?rest_route=\/wp\/v2\/pages"}],"about":[{"href":"https:\/\/riac.lv\/index.php?rest_route=\/wp\/v2\/types\/page"}],"author":[{"embeddable":true,"href":"https:\/\/riac.lv\/index.php?rest_route=\/wp\/v2\/users\/1"}],"replies":[{"embeddable":true,"href":"https:\/\/riac.lv\/index.php?rest_route=%2Fwp%2Fv2%2Fcomments&post=5010"}],"version-history":[{"count":30,"href":"https:\/\/riac.lv\/index.php?rest_route=\/wp\/v2\/pages\/5010\/revisions"}],"predecessor-version":[{"id":28345,"href":"https:\/\/riac.lv\/index.php?rest_route=\/wp\/v2\/pages\/5010\/revisions\/28345"}],"wp:attachment":[{"href":"https:\/\/riac.lv\/index.php?rest_route=%2Fwp%2Fv2%2Fmedia&parent=5010"}],"curies":[{"name":"wp","href":"https:\/\/api.w.org\/{rel}","templated":true}]}}