{"id":5894,"date":"2020-03-25T17:53:35","date_gmt":"2020-03-25T15:53:35","guid":{"rendered":"http:\/\/riac.lv\/?page_id=5894"},"modified":"2025-09-02T19:30:39","modified_gmt":"2025-09-02T16:30:39","slug":"metodiskie-materiali-macibu-darbam","status":"publish","type":"page","link":"https:\/\/riac.lv\/?page_id=5894","title":{"rendered":"M\u0101c\u012bbu materi\u0101li pa jom\u0101m"},"content":{"rendered":"\t\t<div data-elementor-type=\"wp-page\" data-elementor-id=\"5894\" class=\"elementor elementor-5894\">\n\t\t\t\t<div data-particle_enable=\"false\" data-particle-mobile-disabled=\"false\" class=\"elementor-element elementor-element-47df4bdb e-flex e-con-boxed e-con e-parent\" data-id=\"47df4bdb\" data-element_type=\"container\" data-e-type=\"container\">\n\t\t\t\t\t<div class=\"e-con-inner\">\n\t\t\t\t<div class=\"elementor-element elementor-element-5e75a089 elementor-widget elementor-widget-text-editor\" data-id=\"5e75a089\" data-element_type=\"widget\" data-e-type=\"widget\" data-widget_type=\"text-editor.default\">\n\t\t\t\t\t\t\t\t\t<div class=\"wp-block-image\"><a href=\"http:\/\/riac.lv\/wp-content\/uploads\/2023\/09\/c3199cb5801b69f2751b101fe69e7754-removebg-preview.png\"><img decoding=\"async\" class=\"aligncenter  wp-image-19106\" src=\"http:\/\/riac.lv\/wp-content\/uploads\/2023\/09\/c3199cb5801b69f2751b101fe69e7754-removebg-preview-300x190.png\" alt=\"\" width=\"200\" height=\"127\" srcset=\"https:\/\/riac.lv\/wp-content\/uploads\/2023\/09\/c3199cb5801b69f2751b101fe69e7754-removebg-preview-300x190.png 300w, https:\/\/riac.lv\/wp-content\/uploads\/2023\/09\/c3199cb5801b69f2751b101fe69e7754-removebg-preview.png 628w\" sizes=\"(max-width: 200px) 100vw, 200px\" \/><\/a><\/div><p><span style=\"color: #000000;\">Saska\u0146\u0101 ar R\u0113zeknes pamatskolas \u2013 att\u012bst\u012bbas centra speci\u0101listu nol\u016bkiem <strong><span style=\"color: #003300;\">metodisko materi\u0101lu sist\u0113mas<\/span> <span style=\"color: #003300;\">efekt\u012bva izmanto\u0161ana<\/span><\/strong> rada iesp\u0113jas nodro\u0161in\u0101t <strong><span style=\"color: #003300;\">interakt\u012bvu<\/span> <\/strong>m\u0101c\u012bbu procesu, kur\u0101 izgl\u012btojamais <strong><span style=\"color: #003300;\">akt\u012bvi iesaist\u0101s<\/span><\/strong>, apg\u016bst <strong><span style=\"color: #003300;\">dialoga formas<\/span><\/strong>, att\u012bsta <strong><span style=\"color: #003300;\">komunik\u0101cijas<\/span> <\/strong>un <strong><span style=\"color: #003300;\">starppersonu<\/span> <\/strong>mijiedarb\u012bbas prasmes, t\u0101d\u0113j\u0101di tiek paaugstin\u0101ta iesp\u0113ja <strong><span style=\"color: #003300;\">veiksm\u012bg\u0101k socializ\u0113ties sabiedr\u012bb\u0101<\/span><\/strong>.<\/span><\/p>\t\t\t\t\t\t\t\t<\/div>\n\t\t\t\t\t<\/div>\n\t\t\t\t<\/div>\n\t\t<div data-particle_enable=\"false\" data-particle-mobile-disabled=\"false\" class=\"elementor-element elementor-element-99a2e49 e-flex e-con-boxed e-con e-parent\" data-id=\"99a2e49\" data-element_type=\"container\" data-e-type=\"container\">\n\t\t\t\t\t<div class=\"e-con-inner\">\n\t\t\t\t<div class=\"elementor-element elementor-element-5cdcb13 elementor-widget elementor-widget-text-editor\" data-id=\"5cdcb13\" data-element_type=\"widget\" data-e-type=\"widget\" data-widget_type=\"text-editor.default\">\n\t\t\t\t\t\t\t\t\t<h1><strong><span style=\"color: #ff6600;\">\u00a0 \u00a0 \u00a0 \u00a0 \u00a0 \u00a0 \u00a0 \u00a0Izv\u0113lieties sev interes\u0113jo\u0161o jomu:<\/span><\/strong><\/h1>\t\t\t\t\t\t\t\t<\/div>\n\t\t\t\t\t<\/div>\n\t\t\t\t<\/div>\n\t\t<div data-particle_enable=\"false\" data-particle-mobile-disabled=\"false\" class=\"elementor-element elementor-element-449ddca e-flex e-con-boxed e-con e-parent\" data-id=\"449ddca\" data-element_type=\"container\" data-e-type=\"container\">\n\t\t\t\t\t<div class=\"e-con-inner\">\n\t\t<div data-particle_enable=\"false\" data-particle-mobile-disabled=\"false\" class=\"elementor-element elementor-element-580acf4 e-con-full e-flex e-con e-child\" data-id=\"580acf4\" data-element_type=\"container\" data-e-type=\"container\">\n\t\t\t\t<div class=\"elementor-element elementor-element-a7f5cb2 elementor-widget elementor-widget-button\" data-id=\"a7f5cb2\" data-element_type=\"widget\" data-e-type=\"widget\" data-widget_type=\"button.default\">\n\t\t\t\t\t\t\t\t\t\t<a class=\"elementor-button elementor-button-link elementor-size-lg\" href=\"http:\/\/riac.lv\/?page_id=6090\">\n\t\t\t\t\t\t<span class=\"elementor-button-content-wrapper\">\n\t\t\t\t\t\t\t\t\t<span class=\"elementor-button-text\">Valodu m\u0101c\u012bbu joma<\/span>\n\t\t\t\t\t<\/span>\n\t\t\t\t\t<\/a>\n\t\t\t\t\t\t\t\t<\/div>\n\t\t\t\t<\/div>\n\t\t<div data-particle_enable=\"false\" data-particle-mobile-disabled=\"false\" class=\"elementor-element elementor-element-f02817d e-con-full e-flex e-con e-child\" data-id=\"f02817d\" data-element_type=\"container\" data-e-type=\"container\">\n\t\t\t\t<div class=\"elementor-element elementor-element-66f1b1a elementor-widget elementor-widget-button\" data-id=\"66f1b1a\" data-element_type=\"widget\" data-e-type=\"widget\" data-widget_type=\"button.default\">\n\t\t\t\t\t\t\t\t\t\t<a class=\"elementor-button elementor-button-link elementor-size-lg\" href=\"http:\/\/riac.lv\/?page_id=6109\">\n\t\t\t\t\t\t<span class=\"elementor-button-content-wrapper\">\n\t\t\t\t\t\t\t\t\t<span class=\"elementor-button-text\">Soci\u0101l\u0101 m\u0101c\u012bbu joma<\/span>\n\t\t\t\t\t<\/span>\n\t\t\t\t\t<\/a>\n\t\t\t\t\t\t\t\t<\/div>\n\t\t\t\t<\/div>\n\t\t<div data-particle_enable=\"false\" data-particle-mobile-disabled=\"false\" class=\"elementor-element elementor-element-ab9a1e0 e-con-full e-flex e-con e-child\" data-id=\"ab9a1e0\" data-element_type=\"container\" data-e-type=\"container\">\n\t\t\t\t<div class=\"elementor-element elementor-element-1c59307 elementor-widget elementor-widget-button\" data-id=\"1c59307\" data-element_type=\"widget\" data-e-type=\"widget\" data-widget_type=\"button.default\">\n\t\t\t\t\t\t\t\t\t\t<a class=\"elementor-button elementor-button-link elementor-size-lg\" href=\"http:\/\/riac.lv\/?page_id=6085\">\n\t\t\t\t\t\t<span class=\"elementor-button-content-wrapper\">\n\t\t\t\t\t\t\t\t\t<span class=\"elementor-button-text\">Dabaszin\u012bbu m\u0101c\u012bbu joma <\/span>\n\t\t\t\t\t<\/span>\n\t\t\t\t\t<\/a>\n\t\t\t\t\t\t\t\t<\/div>\n\t\t\t\t<\/div>\n\t\t<div data-particle_enable=\"false\" data-particle-mobile-disabled=\"false\" class=\"elementor-element elementor-element-7cc2344 e-con-full e-flex e-con e-child\" data-id=\"7cc2344\" data-element_type=\"container\" data-e-type=\"container\">\n\t\t\t\t<div class=\"elementor-element elementor-element-f670d14 elementor-widget elementor-widget-button\" data-id=\"f670d14\" data-element_type=\"widget\" data-e-type=\"widget\" data-widget_type=\"button.default\">\n\t\t\t\t\t\t\t\t\t\t<a class=\"elementor-button elementor-button-link elementor-size-lg\" href=\"http:\/\/riac.lv\/?page_id=6119\">\n\t\t\t\t\t\t<span class=\"elementor-button-content-wrapper\">\n\t\t\t\t\t\t\t\t\t<span class=\"elementor-button-text\">Vesel\u012bbas m\u0101c\u012bbu joma <\/span>\n\t\t\t\t\t<\/span>\n\t\t\t\t\t<\/a>\n\t\t\t\t\t\t\t\t<\/div>\n\t\t\t\t<\/div>\n\t\t\t\t\t<\/div>\n\t\t\t\t<\/div>\n\t\t<div data-particle_enable=\"false\" data-particle-mobile-disabled=\"false\" class=\"elementor-element elementor-element-8ddf333 e-flex e-con-boxed e-con e-parent\" data-id=\"8ddf333\" data-element_type=\"container\" data-e-type=\"container\">\n\t\t\t\t\t<div class=\"e-con-inner\">\n\t\t<div data-particle_enable=\"false\" data-particle-mobile-disabled=\"false\" class=\"elementor-element elementor-element-d1e4235 e-con-full e-flex e-con e-child\" data-id=\"d1e4235\" data-element_type=\"container\" data-e-type=\"container\">\n\t\t\t\t<div class=\"elementor-element elementor-element-bc3edba elementor-widget elementor-widget-button\" data-id=\"bc3edba\" data-element_type=\"widget\" data-e-type=\"widget\" data-widget_type=\"button.default\">\n\t\t\t\t\t\t\t\t\t\t<a class=\"elementor-button elementor-button-link elementor-size-lg\" href=\"http:\/\/riac.lv\/?page_id=6113\">\n\t\t\t\t\t\t<span class=\"elementor-button-content-wrapper\">\n\t\t\t\t\t\t\t\t\t<span class=\"elementor-button-text\">Kult\u016bras m\u0101c\u012bbu joma<\/span>\n\t\t\t\t\t<\/span>\n\t\t\t\t\t<\/a>\n\t\t\t\t\t\t\t\t<\/div>\n\t\t\t\t<\/div>\n\t\t<div data-particle_enable=\"false\" data-particle-mobile-disabled=\"false\" class=\"elementor-element elementor-element-5e3bce0 e-con-full e-flex e-con e-child\" data-id=\"5e3bce0\" data-element_type=\"container\" data-e-type=\"container\">\n\t\t\t\t<div class=\"elementor-element elementor-element-2c17562 elementor-widget elementor-widget-button\" data-id=\"2c17562\" data-element_type=\"widget\" data-e-type=\"widget\" data-widget_type=\"button.default\">\n\t\t\t\t\t\t\t\t\t\t<a class=\"elementor-button elementor-button-link elementor-size-lg\" href=\"http:\/\/riac.lv\/?page_id=6115\">\n\t\t\t\t\t\t<span class=\"elementor-button-content-wrapper\">\n\t\t\t\t\t\t\t\t\t<span class=\"elementor-button-text\">Matem. m\u0101c\u012bbu joma <\/span>\n\t\t\t\t\t<\/span>\n\t\t\t\t\t<\/a>\n\t\t\t\t\t\t\t\t<\/div>\n\t\t\t\t<\/div>\n\t\t<div data-particle_enable=\"false\" data-particle-mobile-disabled=\"false\" class=\"elementor-element elementor-element-69a9b5c e-con-full e-flex e-con e-child\" data-id=\"69a9b5c\" data-element_type=\"container\" data-e-type=\"container\">\n\t\t\t\t<div class=\"elementor-element elementor-element-c7b415e elementor-widget elementor-widget-button\" data-id=\"c7b415e\" data-element_type=\"widget\" data-e-type=\"widget\" data-widget_type=\"button.default\">\n\t\t\t\t\t\t\t\t\t\t<a class=\"elementor-button elementor-button-link elementor-size-lg\" href=\"http:\/\/riac.lv\/?page_id=6117\">\n\t\t\t\t\t\t<span class=\"elementor-button-content-wrapper\">\n\t\t\t\t\t\t\t\t\t<span class=\"elementor-button-text\">Tehnolo\u0123iju m\u0101c\u012bbu joma <\/span>\n\t\t\t\t\t<\/span>\n\t\t\t\t\t<\/a>\n\t\t\t\t\t\t\t\t<\/div>\n\t\t\t\t<\/div>\n\t\t<div data-particle_enable=\"false\" data-particle-mobile-disabled=\"false\" class=\"elementor-element elementor-element-87693f6 e-con-full e-flex e-con e-child\" data-id=\"87693f6\" data-element_type=\"container\" data-e-type=\"container\">\n\t\t\t\t<\/div>\n\t\t\t\t\t<\/div>\n\t\t\t\t<\/div>\n\t\t\t\t<\/div>\n\t\t","protected":false},"excerpt":{"rendered":"<p>Saska\u0146\u0101 ar R\u0113zeknes pamatskolas \u2013 att\u012bst\u012bbas centra speci\u0101listu nol\u016bkiem metodisko materi\u0101lu sist\u0113mas efekt\u012bva izmanto\u0161ana rada iesp\u0113jas nodro\u0161in\u0101t interakt\u012bvu m\u0101c\u012bbu procesu, kur\u0101 izgl\u012btojamais akt\u012bvi iesaist\u0101s, apg\u016bst&hellip;<\/p>\n","protected":false},"author":1,"featured_media":0,"parent":0,"menu_order":0,"comment_status":"closed","ping_status":"closed","template":"","meta":{"footnotes":""},"class_list":["post-5894","page","type-page","status-publish","hentry"],"_links":{"self":[{"href":"https:\/\/riac.lv\/index.php?rest_route=\/wp\/v2\/pages\/5894","targetHints":{"allow":["GET"]}}],"collection":[{"href":"https:\/\/riac.lv\/index.php?rest_route=\/wp\/v2\/pages"}],"about":[{"href":"https:\/\/riac.lv\/index.php?rest_route=\/wp\/v2\/types\/page"}],"author":[{"embeddable":true,"href":"https:\/\/riac.lv\/index.php?rest_route=\/wp\/v2\/users\/1"}],"replies":[{"embeddable":true,"href":"https:\/\/riac.lv\/index.php?rest_route=%2Fwp%2Fv2%2Fcomments&post=5894"}],"version-history":[{"count":58,"href":"https:\/\/riac.lv\/index.php?rest_route=\/wp\/v2\/pages\/5894\/revisions"}],"predecessor-version":[{"id":26394,"href":"https:\/\/riac.lv\/index.php?rest_route=\/wp\/v2\/pages\/5894\/revisions\/26394"}],"wp:attachment":[{"href":"https:\/\/riac.lv\/index.php?rest_route=%2Fwp%2Fv2%2Fmedia&parent=5894"}],"curies":[{"name":"wp","href":"https:\/\/api.w.org\/{rel}","templated":true}]}}