{"id":6113,"date":"2020-04-06T19:17:17","date_gmt":"2020-04-06T16:17:17","guid":{"rendered":"http:\/\/riac.lv\/?page_id=6113"},"modified":"2025-09-04T22:30:54","modified_gmt":"2025-09-04T19:30:54","slug":"kulturas-izpratnes-un-pasizpausmes-maksla-macibu-joma","status":"publish","type":"page","link":"https:\/\/riac.lv\/?page_id=6113","title":{"rendered":"Kult\u016bras izpratnes un pa\u0161izpausmes m\u0101ksl\u0101 m\u0101c\u012bbu joma"},"content":{"rendered":"\t\t<div data-elementor-type=\"wp-page\" data-elementor-id=\"6113\" class=\"elementor elementor-6113\">\n\t\t\t\t<div data-particle_enable=\"false\" data-particle-mobile-disabled=\"false\" class=\"elementor-element elementor-element-5782ae4 e-flex e-con-boxed e-con e-parent\" data-id=\"5782ae4\" data-element_type=\"container\" data-e-type=\"container\">\n\t\t\t\t\t<div class=\"e-con-inner\">\n\t\t\t\t<div class=\"elementor-element elementor-element-3c3e252 elementor-widget elementor-widget-n-accordion\" data-id=\"3c3e252\" data-element_type=\"widget\" data-e-type=\"widget\" data-settings=\"{&quot;default_state&quot;:&quot;all_collapsed&quot;,&quot;max_items_expended&quot;:&quot;one&quot;,&quot;n_accordion_animation_duration&quot;:{&quot;unit&quot;:&quot;ms&quot;,&quot;size&quot;:400,&quot;sizes&quot;:[]}}\" data-widget_type=\"nested-accordion.default\">\n\t\t\t\t\t\t\t<div class=\"e-n-accordion\" aria-label=\"Accordion. Open links with Enter or Space, close with Escape, and navigate with Arrow Keys\">\n\t\t\t\t\t\t<details id=\"e-n-accordion-item-6310\" class=\"e-n-accordion-item\" >\n\t\t\t\t<summary class=\"e-n-accordion-item-title\" data-accordion-index=\"1\" tabindex=\"0\" aria-expanded=\"false\" aria-controls=\"e-n-accordion-item-6310\" >\n\t\t\t\t\t<span class='e-n-accordion-item-title-header'><div class=\"e-n-accordion-item-title-text\"> M\u016bzika <\/div><\/span>\n\t\t\t\t\t\t\t<span class='e-n-accordion-item-title-icon'>\n\t\t\t<span class='e-opened' ><svg aria-hidden=\"true\" class=\"e-font-icon-svg e-fas-minus\" viewBox=\"0 0 448 512\" xmlns=\"http:\/\/www.w3.org\/2000\/svg\"><path d=\"M416 208H32c-17.67 0-32 14.33-32 32v32c0 17.67 14.33 32 32 32h384c17.67 0 32-14.33 32-32v-32c0-17.67-14.33-32-32-32z\"><\/path><\/svg><\/span>\n\t\t\t<span class='e-closed'><svg aria-hidden=\"true\" class=\"e-font-icon-svg e-fas-plus\" viewBox=\"0 0 448 512\" xmlns=\"http:\/\/www.w3.org\/2000\/svg\"><path d=\"M416 208H272V64c0-17.67-14.33-32-32-32h-32c-17.67 0-32 14.33-32 32v144H32c-17.67 0-32 14.33-32 32v32c0 17.67 14.33 32 32 32h144v144c0 17.67 14.33 32 32 32h32c17.67 0 32-14.33 32-32V304h144c17.67 0 32-14.33 32-32v-32c0-17.67-14.33-32-32-32z\"><\/path><\/svg><\/span>\n\t\t<\/span>\n\n\t\t\t\t\t\t<\/summary>\n\t\t\t\t<div data-particle_enable=\"false\" data-particle-mobile-disabled=\"false\" role=\"region\" aria-labelledby=\"e-n-accordion-item-6310\" class=\"elementor-element elementor-element-8323c83 e-con-full e-flex e-con e-child\" data-id=\"8323c83\" data-element_type=\"container\" data-e-type=\"container\">\n\t\t\t\t<div class=\"elementor-element elementor-element-9a52021 elementor-widget elementor-widget-text-editor\" data-id=\"9a52021\" data-element_type=\"widget\" data-e-type=\"widget\" data-widget_type=\"text-editor.default\">\n\t\t\t\t\t\t\t\t\t<ul><li><ul><li><h4><a href=\"http:\/\/riac.lv\/wp-content\/uploads\/2025\/03\/Skanu_ipasibas.pdf\">Ska\u0146u \u012bpa\u0161\u012bbas (marts, 2025) Ludmila Kasatkina<\/a><\/h4><\/li><li><h4><a href=\"http:\/\/riac.lv\/wp-content\/uploads\/2024\/01\/Atrodi-muzikas-instrumentu.pdf\">Atrodi m\u016bzikas instrumentu (decembris, 2023) Larisa Vasi\u013cjeva<\/a><\/h4><\/li><li><h4><a href=\"http:\/\/riac.lv\/wp-content\/uploads\/2024\/01\/Metodiskais-materials_-Ludmila-Kastatkina-1.pdf\">Ritma z\u012bmes un zilbes. (decembris, 2023) Ludmila Kasatkina<\/a><\/h4><\/li><li><h4><a href=\"http:\/\/riac.lv\/wp-content\/uploads\/2024\/01\/prezentacija-magistra-darbs_compressed-1.pdf\">Vizualiz\u0101cijas pielietojums m\u016bzikas m\u0101c\u012bbu programmas apguv\u0113 skol\u0113niem ar vid\u0113jiem un smagiem gar\u012bg\u0101s att\u012bst\u012bbas trauc\u0113jumiem_Larisa Vasi\u013cjeva<\/a><\/h4><\/li><li><h4><strong>Uzdevums m\u016bzik\u0101<\/strong>: Iem\u0101cies un uzd\u0101vini m\u0101mi\u0146ai dziesmi\u0146u! (Izpilda: pirmsskolas skolot\u0101ja <strong>N.Golubeva<\/strong>, m\u016bzikas skolot\u0101ja\u00a0<strong>J.Kuzmina<\/strong>)<\/h4><\/li><\/ul><p><div style=\"width: 352px;\" class=\"wp-video\"><video class=\"wp-video-shortcode\" id=\"video-6113-1\" width=\"352\" height=\"640\" preload=\"metadata\" controls=\"controls\"><source type=\"video\/mp4\" src=\"http:\/\/riac.lv\/wp-content\/uploads\/2024\/01\/VID-20200507-WA0000-1.mp4?_=1\" \/><a href=\"http:\/\/riac.lv\/wp-content\/uploads\/2024\/01\/VID-20200507-WA0000-1.mp4\">http:\/\/riac.lv\/wp-content\/uploads\/2024\/01\/VID-20200507-WA0000-1.mp4<\/a><\/video><\/div><\/p><ul><li><h4><strong>Inese Bogdanova.<\/strong>\u00a0M\u016bzikas stunda. Dziesmas ,,Kas d\u0101rz\u0101\u201d ritmiz\u0113\u0161ana.<\/h4><\/li><\/ul><p><div style=\"width: 640px;\" class=\"wp-video\"><video class=\"wp-video-shortcode\" id=\"video-6113-2\" width=\"640\" height=\"368\" preload=\"metadata\" controls=\"controls\"><source type=\"video\/mp4\" src=\"http:\/\/riac.lv\/wp-content\/uploads\/2024\/01\/video-1586950115-1.mp4?_=2\" \/><a href=\"http:\/\/riac.lv\/wp-content\/uploads\/2024\/01\/video-1586950115-1.mp4\">http:\/\/riac.lv\/wp-content\/uploads\/2024\/01\/video-1586950115-1.mp4<\/a><\/video><\/div><\/p><ul><li><h4><strong>Inese Bogdanova<\/strong>. M\u016bzikas stunda. T\u0113ma \u2013 dziesmas ritmiz\u0113\u0161ana. (Kust\u012bbu koordin\u0101cija, sp\u0113l\u0113\u0161ana uz m\u016bzikas instrumentiem-koci\u0146iem.)<\/h4><\/li><\/ul><p><div style=\"width: 843px;\" class=\"wp-video\"><video class=\"wp-video-shortcode\" id=\"video-6113-3\" width=\"843\" height=\"477\" preload=\"metadata\" controls=\"controls\"><source type=\"video\/mp4\" src=\"http:\/\/riac.lv\/wp-content\/uploads\/2024\/01\/VID-20200511-WA0023.mp4?_=3\" \/><a href=\"http:\/\/riac.lv\/wp-content\/uploads\/2024\/01\/VID-20200511-WA0023.mp4\">http:\/\/riac.lv\/wp-content\/uploads\/2024\/01\/VID-20200511-WA0023.mp4<\/a><\/video><\/div><\/p><\/li><li><a href=\"https:\/\/www.flipbookpdf.net\/web\/site\/dd263205fd5d70d8aa408f8d6607f1fd11fd2ea1202301.pdf.html\" target=\"_blank\" rel=\"noopener\">Melodiskie materi\u0101li m\u016bzik\u0101 (janv\u0101ris, 2023) Ludmila Kasatkina<\/a><\/li><\/ul>\t\t\t\t\t\t\t\t<\/div>\n\t\t\t\t<\/div>\n\t\t\t\t\t<\/details>\n\t\t\t\t\t\t<details id=\"e-n-accordion-item-6311\" class=\"e-n-accordion-item\" >\n\t\t\t\t<summary class=\"e-n-accordion-item-title\" data-accordion-index=\"2\" tabindex=\"-1\" aria-expanded=\"false\" aria-controls=\"e-n-accordion-item-6311\" >\n\t\t\t\t\t<span class='e-n-accordion-item-title-header'><div class=\"e-n-accordion-item-title-text\"> Vizu\u0101l\u0101 m\u0101ksla <\/div><\/span>\n\t\t\t\t\t\t\t<span class='e-n-accordion-item-title-icon'>\n\t\t\t<span class='e-opened' ><svg aria-hidden=\"true\" class=\"e-font-icon-svg e-fas-minus\" viewBox=\"0 0 448 512\" xmlns=\"http:\/\/www.w3.org\/2000\/svg\"><path d=\"M416 208H32c-17.67 0-32 14.33-32 32v32c0 17.67 14.33 32 32 32h384c17.67 0 32-14.33 32-32v-32c0-17.67-14.33-32-32-32z\"><\/path><\/svg><\/span>\n\t\t\t<span class='e-closed'><svg aria-hidden=\"true\" class=\"e-font-icon-svg e-fas-plus\" viewBox=\"0 0 448 512\" xmlns=\"http:\/\/www.w3.org\/2000\/svg\"><path d=\"M416 208H272V64c0-17.67-14.33-32-32-32h-32c-17.67 0-32 14.33-32 32v144H32c-17.67 0-32 14.33-32 32v32c0 17.67 14.33 32 32 32h144v144c0 17.67 14.33 32 32 32h32c17.67 0 32-14.33 32-32V304h144c17.67 0 32-14.33 32-32v-32c0-17.67-14.33-32-32-32z\"><\/path><\/svg><\/span>\n\t\t<\/span>\n\n\t\t\t\t\t\t<\/summary>\n\t\t\t\t<div data-particle_enable=\"false\" data-particle-mobile-disabled=\"false\" role=\"region\" aria-labelledby=\"e-n-accordion-item-6311\" class=\"elementor-element elementor-element-b3bc769 e-con-full e-flex e-con e-child\" data-id=\"b3bc769\" data-element_type=\"container\" data-e-type=\"container\">\n\t\t\t\t<div class=\"elementor-element elementor-element-8399371 elementor-widget elementor-widget-text-editor\" data-id=\"8399371\" data-element_type=\"widget\" data-e-type=\"widget\" data-widget_type=\"text-editor.default\">\n\t\t\t\t\t\t\t\t\t<ul><li><a href=\"http:\/\/riac.lv\/wp-content\/uploads\/2024\/01\/lineara-parspektiva-5.klasei.pdf\" target=\"_blank\" rel=\"noopener\">Line\u0101r\u0101 perspekt\u012bva. 5.klase (decembris, 2023) Karn\u0113lija Kei\u0161a<\/a><\/li><\/ul>\t\t\t\t\t\t\t\t<\/div>\n\t\t\t\t<\/div>\n\t\t\t\t\t<\/details>\n\t\t\t\t\t<\/div>\n\t\t\t\t\t\t<\/div>\n\t\t\t\t\t<\/div>\n\t\t\t\t<\/div>\n\t\t\t\t<\/div>\n\t\t","protected":false},"excerpt":{"rendered":"<p>M\u016bzika Ska\u0146u \u012bpa\u0161\u012bbas (marts, 2025) Ludmila Kasatkina Atrodi m\u016bzikas instrumentu (decembris, 2023) Larisa Vasi\u013cjeva Ritma z\u012bmes un zilbes. (decembris, 2023) Ludmila Kasatkina Vizualiz\u0101cijas pielietojums m\u016bzikas&hellip;<\/p>\n","protected":false},"author":1,"featured_media":0,"parent":0,"menu_order":0,"comment_status":"closed","ping_status":"closed","template":"","meta":{"footnotes":""},"class_list":["post-6113","page","type-page","status-publish","hentry"],"_links":{"self":[{"href":"https:\/\/riac.lv\/index.php?rest_route=\/wp\/v2\/pages\/6113","targetHints":{"allow":["GET"]}}],"collection":[{"href":"https:\/\/riac.lv\/index.php?rest_route=\/wp\/v2\/pages"}],"about":[{"href":"https:\/\/riac.lv\/index.php?rest_route=\/wp\/v2\/types\/page"}],"author":[{"embeddable":true,"href":"https:\/\/riac.lv\/index.php?rest_route=\/wp\/v2\/users\/1"}],"replies":[{"embeddable":true,"href":"https:\/\/riac.lv\/index.php?rest_route=%2Fwp%2Fv2%2Fcomments&post=6113"}],"version-history":[{"count":108,"href":"https:\/\/riac.lv\/index.php?rest_route=\/wp\/v2\/pages\/6113\/revisions"}],"predecessor-version":[{"id":26521,"href":"https:\/\/riac.lv\/index.php?rest_route=\/wp\/v2\/pages\/6113\/revisions\/26521"}],"wp:attachment":[{"href":"https:\/\/riac.lv\/index.php?rest_route=%2Fwp%2Fv2%2Fmedia&parent=6113"}],"curies":[{"name":"wp","href":"https:\/\/api.w.org\/{rel}","templated":true}]}}