{"id":6117,"date":"2020-04-06T19:18:41","date_gmt":"2020-04-06T16:18:41","guid":{"rendered":"http:\/\/riac.lv\/?page_id=6117"},"modified":"2025-09-01T12:33:05","modified_gmt":"2025-09-01T09:33:05","slug":"tehnologiju-macibu-joma","status":"publish","type":"page","link":"https:\/\/riac.lv\/?page_id=6117","title":{"rendered":"Tehnolo\u0123iju m\u0101c\u012bbu joma"},"content":{"rendered":"\t\t<div data-elementor-type=\"wp-page\" data-elementor-id=\"6117\" class=\"elementor elementor-6117\">\n\t\t\t\t<div data-particle_enable=\"false\" data-particle-mobile-disabled=\"false\" class=\"elementor-element elementor-element-93a682a e-flex e-con-boxed e-con e-parent\" data-id=\"93a682a\" data-element_type=\"container\" data-e-type=\"container\">\n\t\t\t\t\t<div class=\"e-con-inner\">\n\t\t\t\t<div class=\"elementor-element elementor-element-19e9aa4 elementor-widget elementor-widget-n-accordion\" data-id=\"19e9aa4\" data-element_type=\"widget\" data-e-type=\"widget\" data-settings=\"{&quot;default_state&quot;:&quot;all_collapsed&quot;,&quot;max_items_expended&quot;:&quot;one&quot;,&quot;n_accordion_animation_duration&quot;:{&quot;unit&quot;:&quot;ms&quot;,&quot;size&quot;:400,&quot;sizes&quot;:[]}}\" data-widget_type=\"nested-accordion.default\">\n\t\t\t\t\t\t\t<div class=\"e-n-accordion\" aria-label=\"Accordion. Open links with Enter or Space, close with Escape, and navigate with Arrow Keys\">\n\t\t\t\t\t\t<details id=\"e-n-accordion-item-2710\" class=\"e-n-accordion-item\" >\n\t\t\t\t<summary class=\"e-n-accordion-item-title\" data-accordion-index=\"1\" tabindex=\"0\" aria-expanded=\"false\" aria-controls=\"e-n-accordion-item-2710\" >\n\t\t\t\t\t<span class='e-n-accordion-item-title-header'><div class=\"e-n-accordion-item-title-text\"> Digit\u0101lo r\u012bku instrukcijas <\/div><\/span>\n\t\t\t\t\t\t\t<span class='e-n-accordion-item-title-icon'>\n\t\t\t<span class='e-opened' ><svg aria-hidden=\"true\" class=\"e-font-icon-svg e-fas-minus\" viewBox=\"0 0 448 512\" xmlns=\"http:\/\/www.w3.org\/2000\/svg\"><path d=\"M416 208H32c-17.67 0-32 14.33-32 32v32c0 17.67 14.33 32 32 32h384c17.67 0 32-14.33 32-32v-32c0-17.67-14.33-32-32-32z\"><\/path><\/svg><\/span>\n\t\t\t<span class='e-closed'><svg aria-hidden=\"true\" class=\"e-font-icon-svg e-fas-plus\" viewBox=\"0 0 448 512\" xmlns=\"http:\/\/www.w3.org\/2000\/svg\"><path d=\"M416 208H272V64c0-17.67-14.33-32-32-32h-32c-17.67 0-32 14.33-32 32v144H32c-17.67 0-32 14.33-32 32v32c0 17.67 14.33 32 32 32h144v144c0 17.67 14.33 32 32 32h32c17.67 0 32-14.33 32-32V304h144c17.67 0 32-14.33 32-32v-32c0-17.67-14.33-32-32-32z\"><\/path><\/svg><\/span>\n\t\t<\/span>\n\n\t\t\t\t\t\t<\/summary>\n\t\t\t\t<div data-particle_enable=\"false\" data-particle-mobile-disabled=\"false\" role=\"region\" aria-labelledby=\"e-n-accordion-item-2710\" class=\"elementor-element elementor-element-2ff1c6d e-con-full e-flex e-con e-child\" data-id=\"2ff1c6d\" data-element_type=\"container\" data-e-type=\"container\">\n\t\t\t\t<div class=\"elementor-element elementor-element-f427c5e elementor-widget elementor-widget-text-editor\" data-id=\"f427c5e\" data-element_type=\"widget\" data-e-type=\"widget\" data-widget_type=\"text-editor.default\">\n\t\t\t\t\t\t\t\t\t<ul><li><a href=\"http:\/\/riac.lv\/wp-content\/uploads\/2024\/08\/Ka-veidot-attelus-izmantojot-maksliga-intelekta-rikus-Instrukcija._compressed.pdf\">IT risin\u0101jumi izgl\u012bt\u012bb\u0101 &#8211; K\u0101 veidot att\u0113lus, izmantojot m\u0101ksl\u012bg\u0101 intelekta r\u012bkus (augusts, 2024) Evija Ka\u0161a<\/a><\/li><li><a href=\"http:\/\/riac.lv\/wp-content\/uploads\/2023\/12\/IT-risinajumi-izglitiba-Genial.ly_.pdf\">IT risin\u0101jumi izgl\u012bt\u012bb\u0101 \u2013 Genial.ly (decembris, 2023) Evija Ka\u0161a<\/a><\/li><li><a href=\"http:\/\/riac.lv\/wp-content\/uploads\/2023\/12\/IT-risinajumi-izglitiba-Wizer.pdf\">IT risin\u0101jumi izgl\u012bt\u012bb\u0101 \u2013 Wizer (decembris, 2023) Evija Ka\u0161a<\/a><\/li><li><a href=\"http:\/\/riac.lv\/wp-content\/uploads\/2023\/12\/IT-risinajumi-izglitiba-Puzzlemaker.pdf\">IT risin\u0101jumi izgl\u012bt\u012bb\u0101 \u2013 Puzzlemaker (decembris, 2023) Evija Ka\u0161a<\/a><\/li><li><a href=\"http:\/\/riac.lv\/wp-content\/uploads\/2023\/12\/IT-risinajumi-izglitiba-Educaplay.pdf\">IT risin\u0101jumi izgl\u012bt\u012bb\u0101 \u2013 Educaplay (decembris, 2023) Evija Ka\u0161a<\/a><\/li><li><a href=\"http:\/\/riac.lv\/wp-content\/uploads\/2023\/12\/Ilustrativi-audialo-vardnicu-izveide.-Instrukcija.pdf\">IT risin\u0101jumi izgl\u012bt\u012bb\u0101 \u2013 Ilustrativi audi\u0101lo v\u0101rdn\u012bcu izveide (oktobris, 2023) Evija Ka\u0161a<\/a><\/li><\/ul>\t\t\t\t\t\t\t\t<\/div>\n\t\t\t\t<\/div>\n\t\t\t\t\t<\/details>\n\t\t\t\t\t\t<details id=\"e-n-accordion-item-2711\" class=\"e-n-accordion-item\" >\n\t\t\t\t<summary class=\"e-n-accordion-item-title\" data-accordion-index=\"2\" tabindex=\"-1\" aria-expanded=\"false\" aria-controls=\"e-n-accordion-item-2711\" >\n\t\t\t\t\t<span class='e-n-accordion-item-title-header'><div class=\"e-n-accordion-item-title-text\"> Idejas projektiem un prezent\u0101cijas <\/div><\/span>\n\t\t\t\t\t\t\t<span class='e-n-accordion-item-title-icon'>\n\t\t\t<span class='e-opened' ><svg aria-hidden=\"true\" class=\"e-font-icon-svg e-fas-minus\" viewBox=\"0 0 448 512\" xmlns=\"http:\/\/www.w3.org\/2000\/svg\"><path d=\"M416 208H32c-17.67 0-32 14.33-32 32v32c0 17.67 14.33 32 32 32h384c17.67 0 32-14.33 32-32v-32c0-17.67-14.33-32-32-32z\"><\/path><\/svg><\/span>\n\t\t\t<span class='e-closed'><svg aria-hidden=\"true\" class=\"e-font-icon-svg e-fas-plus\" viewBox=\"0 0 448 512\" xmlns=\"http:\/\/www.w3.org\/2000\/svg\"><path d=\"M416 208H272V64c0-17.67-14.33-32-32-32h-32c-17.67 0-32 14.33-32 32v144H32c-17.67 0-32 14.33-32 32v32c0 17.67 14.33 32 32 32h144v144c0 17.67 14.33 32 32 32h32c17.67 0 32-14.33 32-32V304h144c17.67 0 32-14.33 32-32v-32c0-17.67-14.33-32-32-32z\"><\/path><\/svg><\/span>\n\t\t<\/span>\n\n\t\t\t\t\t\t<\/summary>\n\t\t\t\t<div data-particle_enable=\"false\" data-particle-mobile-disabled=\"false\" role=\"region\" aria-labelledby=\"e-n-accordion-item-2711\" class=\"elementor-element elementor-element-36661a3 e-con-full e-flex e-con e-child\" data-id=\"36661a3\" data-element_type=\"container\" data-e-type=\"container\">\n\t\t\t\t<div class=\"elementor-element elementor-element-4955577 elementor-widget elementor-widget-text-editor\" data-id=\"4955577\" data-element_type=\"widget\" data-e-type=\"widget\" data-widget_type=\"text-editor.default\">\n\t\t\t\t\t\t\t\t\t<ul><li><a href=\"https:\/\/docs.google.com\/presentation\/d\/1_NSYbxp3Fp4b9Hdx72Of_bXFeFgfM8pT\/edit?usp=sharing&amp;ouid=114761422699916973033&amp;rtpof=true&amp;sd=true\">Dzija (novembris, 2023) Veneranda \u0160krjaba<\/a><\/li><li><a href=\"http:\/\/riac.lv\/wp-content\/uploads\/2023\/12\/Atstarotajs-drosibai.pdf\">T\u0113ma: Atstarot\u0101js dro\u0161\u012bbai \u201cManas m\u0101jas-Latvija\u201d (decembris, 2023) Ilga Vi\u0161\u0137ere<\/a><\/li><li><a href=\"http:\/\/riac.lv\/wp-content\/uploads\/2024\/01\/Recepte.pdf\">Pank\u016bku recepte (janv\u0101ris, 2024) Inga Kairi\u0161a<\/a><\/li><li><a href=\"http:\/\/riac.lv\/wp-content\/uploads\/2024\/01\/AUZU-PARSLU-CEPUMI-RECEPTE.pdf\">Recepte \u201cAuzu p\u0101rslu cepumi\u201d (janv\u0101ris, 2024) Inese Bogdanova<\/a><\/li><li><a href=\"https:\/\/read.bookcreator.com\/LBSdJjogwJVEc6EMEh25oMcx9DP2\/ikBTz-QEQ--QVOpCjzekaA\">T\u0113ma: Mana m\u0101ja_ Ilga Vi\u0161\u0137ere (2021)<\/a><strong><b>\u00a0<\/b><\/strong><\/li><\/ul>\t\t\t\t\t\t\t\t<\/div>\n\t\t\t\t<\/div>\n\t\t\t\t\t<\/details>\n\t\t\t\t\t\t<details id=\"e-n-accordion-item-2712\" class=\"e-n-accordion-item\" >\n\t\t\t\t<summary class=\"e-n-accordion-item-title\" data-accordion-index=\"3\" tabindex=\"-1\" aria-expanded=\"false\" aria-controls=\"e-n-accordion-item-2712\" >\n\t\t\t\t\t<span class='e-n-accordion-item-title-header'><div class=\"e-n-accordion-item-title-text\"> M\u0101c\u012bbu materi\u0101li <\/div><\/span>\n\t\t\t\t\t\t\t<span class='e-n-accordion-item-title-icon'>\n\t\t\t<span class='e-opened' ><svg aria-hidden=\"true\" class=\"e-font-icon-svg e-fas-minus\" viewBox=\"0 0 448 512\" xmlns=\"http:\/\/www.w3.org\/2000\/svg\"><path d=\"M416 208H32c-17.67 0-32 14.33-32 32v32c0 17.67 14.33 32 32 32h384c17.67 0 32-14.33 32-32v-32c0-17.67-14.33-32-32-32z\"><\/path><\/svg><\/span>\n\t\t\t<span class='e-closed'><svg aria-hidden=\"true\" class=\"e-font-icon-svg e-fas-plus\" viewBox=\"0 0 448 512\" xmlns=\"http:\/\/www.w3.org\/2000\/svg\"><path d=\"M416 208H272V64c0-17.67-14.33-32-32-32h-32c-17.67 0-32 14.33-32 32v144H32c-17.67 0-32 14.33-32 32v32c0 17.67 14.33 32 32 32h144v144c0 17.67 14.33 32 32 32h32c17.67 0 32-14.33 32-32V304h144c17.67 0 32-14.33 32-32v-32c0-17.67-14.33-32-32-32z\"><\/path><\/svg><\/span>\n\t\t<\/span>\n\n\t\t\t\t\t\t<\/summary>\n\t\t\t\t<div data-particle_enable=\"false\" data-particle-mobile-disabled=\"false\" role=\"region\" aria-labelledby=\"e-n-accordion-item-2712\" class=\"elementor-element elementor-element-f667787 e-flex e-con-boxed e-con e-child\" data-id=\"f667787\" data-element_type=\"container\" data-e-type=\"container\">\n\t\t\t\t\t<div class=\"e-con-inner\">\n\t\t\t\t<div class=\"elementor-element elementor-element-e609bcc elementor-widget elementor-widget-text-editor\" data-id=\"e609bcc\" data-element_type=\"widget\" data-e-type=\"widget\" data-widget_type=\"text-editor.default\">\n\t\t\t\t\t\t\t\t\t<ul><li><a href=\"http:\/\/riac.lv\/wp-content\/uploads\/2025\/03\/Pavargramata.pdf\">Jautrie pav\u0101ri\u0146i. Recep\u0161u gr\u0101mata. (marts, 2025) I.Bogdanova, B. Ribakova, I. Kairi\u0161a, O.Makejeva, A.Liepi\u0146a, K. Bok\u0101ne<\/a><\/li><li><a href=\"https:\/\/docs.google.com\/presentation\/d\/1rslP89S3HOEurO_I8tDdOjkC8g02qoTU\/edit?usp=sharing&amp;ouid=114761422699916973033&amp;rtpof=true&amp;sd=true\">Modes v\u0113sture. (marts, 2025) Larisa Vasi\u013cjeva<\/a><\/li><\/ul>\t\t\t\t\t\t\t\t<\/div>\n\t\t\t\t\t<\/div>\n\t\t\t\t<\/div>\n\t\t\t\t\t<\/details>\n\t\t\t\t\t<\/div>\n\t\t\t\t\t\t<\/div>\n\t\t\t\t\t<\/div>\n\t\t\t\t<\/div>\n\t\t\t\t<\/div>\n\t\t","protected":false},"excerpt":{"rendered":"<p>Digit\u0101lo r\u012bku instrukcijas IT risin\u0101jumi izgl\u012bt\u012bb\u0101 &#8211; K\u0101 veidot att\u0113lus, izmantojot m\u0101ksl\u012bg\u0101 intelekta r\u012bkus (augusts, 2024) Evija Ka\u0161a IT risin\u0101jumi izgl\u012bt\u012bb\u0101 \u2013 Genial.ly (decembris, 2023)&hellip;<\/p>\n","protected":false},"author":1,"featured_media":0,"parent":0,"menu_order":0,"comment_status":"closed","ping_status":"closed","template":"","meta":{"footnotes":""},"class_list":["post-6117","page","type-page","status-publish","hentry"],"_links":{"self":[{"href":"https:\/\/riac.lv\/index.php?rest_route=\/wp\/v2\/pages\/6117","targetHints":{"allow":["GET"]}}],"collection":[{"href":"https:\/\/riac.lv\/index.php?rest_route=\/wp\/v2\/pages"}],"about":[{"href":"https:\/\/riac.lv\/index.php?rest_route=\/wp\/v2\/types\/page"}],"author":[{"embeddable":true,"href":"https:\/\/riac.lv\/index.php?rest_route=\/wp\/v2\/users\/1"}],"replies":[{"embeddable":true,"href":"https:\/\/riac.lv\/index.php?rest_route=%2Fwp%2Fv2%2Fcomments&post=6117"}],"version-history":[{"count":179,"href":"https:\/\/riac.lv\/index.php?rest_route=\/wp\/v2\/pages\/6117\/revisions"}],"predecessor-version":[{"id":26242,"href":"https:\/\/riac.lv\/index.php?rest_route=\/wp\/v2\/pages\/6117\/revisions\/26242"}],"wp:attachment":[{"href":"https:\/\/riac.lv\/index.php?rest_route=%2Fwp%2Fv2%2Fmedia&parent=6117"}],"curies":[{"name":"wp","href":"https:\/\/api.w.org\/{rel}","templated":true}]}}