{"id":6119,"date":"2020-04-06T19:19:00","date_gmt":"2020-04-06T16:19:00","guid":{"rendered":"http:\/\/riac.lv\/?page_id=6119"},"modified":"2022-01-10T10:27:46","modified_gmt":"2022-01-10T08:27:46","slug":"veselibas-un-fiziskas-aktivitates-macibu-joma","status":"publish","type":"page","link":"https:\/\/riac.lv\/?page_id=6119","title":{"rendered":"Vesel\u012bbas un fizisk\u0101s aktivit\u0101tes m\u0101c\u012bbu joma"},"content":{"rendered":"<p><a href=\"http:\/\/riac.lv\/wp-content\/uploads\/2022\/01\/Veseliba-removebg-preview.png\"><img fetchpriority=\"high\" decoding=\"async\" class=\"aligncenter  wp-image-11242\" src=\"http:\/\/riac.lv\/wp-content\/uploads\/2022\/01\/Veseliba-removebg-preview.png\" alt=\"\" width=\"431\" height=\"247\" srcset=\"https:\/\/riac.lv\/wp-content\/uploads\/2022\/01\/Veseliba-removebg-preview.png 659w, https:\/\/riac.lv\/wp-content\/uploads\/2022\/01\/Veseliba-removebg-preview-300x172.png 300w\" sizes=\"(max-width: 431px) 100vw, 431px\" \/><\/a><\/p>\n<p><strong><span style=\"color: #003300;\"><img decoding=\"async\" class=\"wp-image-7594 alignleft\" src=\"http:\/\/riac.lv\/wp-content\/uploads\/2020\/12\/lejupielade.png\" alt=\"\" width=\"51\" height=\"61\" \/>In\u0101ra Treikale &#8211; s\u0101kumskolas skolot\u0101ja\u00a0 \u00a0\u00a0<\/span><\/strong><\/p>\n<ul>\n<li><a href=\"http:\/\/riac.lv\/wp-content\/uploads\/2021\/12\/Veseligs-dzivesveids-1.pdf\" target=\"_blank\" rel=\"noopener\">Vesel\u012bgs dz\u012bvesveids<\/a><\/li>\n<\/ul>\n<p><strong><span style=\"color: #003300;\"><img decoding=\"async\" class=\"wp-image-7594 alignleft\" src=\"http:\/\/riac.lv\/wp-content\/uploads\/2020\/12\/lejupielade.png\" alt=\"\" width=\"51\" height=\"61\" \/>Al\u012bna Bogdanova<\/span><\/strong><\/p>\n<ul>\n<li><a href=\"http:\/\/riac.lv\/wp-content\/uploads\/2021\/02\/Vingrosim-majas.-Paliglidzeklis-bernu-vecakiem-converted.pdf\" target=\"_blank\" rel=\"noopener\">Vingrosim-m\u0101j\u0101s.-Pal\u012bgl\u012bdzeklis-b\u0113rnu-vec\u0101kiem<\/a><\/li>\n<\/ul>\n<p><strong><span style=\"color: #003300;\"><img decoding=\"async\" class=\"wp-image-7594 alignleft\" src=\"http:\/\/riac.lv\/wp-content\/uploads\/2020\/12\/lejupielade.png\" alt=\"\" width=\"51\" height=\"61\" \/>Arina Sarane<\/span><\/strong> &#8211; sporta skolot\u0101ja<\/p>\n<ul>\n<li>&#8220;Vingro kop\u0101 ar mani katru r\u012btu!&#8221;<\/li>\n<\/ul>\n<div style=\"width: 843px;\" class=\"wp-video\"><video class=\"wp-video-shortcode\" id=\"video-6119-1\" width=\"843\" height=\"477\" preload=\"metadata\" controls=\"controls\"><source type=\"video\/mp4\" src=\"http:\/\/riac.lv\/wp-content\/uploads\/2020\/05\/VID-20200514-WA0000.mp4?_=1\" \/><a href=\"http:\/\/riac.lv\/wp-content\/uploads\/2020\/05\/VID-20200514-WA0000.mp4\">http:\/\/riac.lv\/wp-content\/uploads\/2020\/05\/VID-20200514-WA0000.mp4<\/a><\/video><\/div>\n<p><strong><span style=\"color: #003300;\"><img decoding=\"async\" class=\"wp-image-7594 alignleft\" src=\"http:\/\/riac.lv\/wp-content\/uploads\/2020\/12\/lejupielade.png\" alt=\"\" width=\"51\" height=\"61\" \/>T. Katkovska<\/span><\/strong><\/p>\n<div id='gallery-1' class='gallery galleryid-6119 gallery-columns-1 gallery-size-full'><figure class='gallery-item'>\n\t\t\t<div class='gallery-icon portrait'>\n\t\t\t\t<a href='https:\/\/riac.lv\/?attachment_id=6523'><img decoding=\"async\" width=\"1240\" height=\"1754\" src=\"https:\/\/riac.lv\/wp-content\/uploads\/2020\/05\/Sporta-stundas-page-001.jpg\" class=\"attachment-full size-full\" alt=\"\" srcset=\"https:\/\/riac.lv\/wp-content\/uploads\/2020\/05\/Sporta-stundas-page-001.jpg 1240w, https:\/\/riac.lv\/wp-content\/uploads\/2020\/05\/Sporta-stundas-page-001-212x300.jpg 212w, https:\/\/riac.lv\/wp-content\/uploads\/2020\/05\/Sporta-stundas-page-001-768x1086.jpg 768w, https:\/\/riac.lv\/wp-content\/uploads\/2020\/05\/Sporta-stundas-page-001-724x1024.jpg 724w\" sizes=\"(max-width: 1240px) 100vw, 1240px\" \/><\/a>\n\t\t\t<\/div><\/figure>\n\t\t<\/div>\n\n","protected":false},"excerpt":{"rendered":"<p>In\u0101ra Treikale &#8211; s\u0101kumskolas skolot\u0101ja\u00a0 \u00a0\u00a0 Vesel\u012bgs dz\u012bvesveids Al\u012bna Bogdanova Vingrosim-m\u0101j\u0101s.-Pal\u012bgl\u012bdzeklis-b\u0113rnu-vec\u0101kiem Arina Sarane &#8211; sporta skolot\u0101ja &#8220;Vingro kop\u0101 ar mani katru r\u012btu!&#8221; T. Katkovska<\/p>\n","protected":false},"author":1,"featured_media":0,"parent":0,"menu_order":0,"comment_status":"closed","ping_status":"closed","template":"","meta":{"footnotes":""},"class_list":["post-6119","page","type-page","status-publish","hentry"],"_links":{"self":[{"href":"https:\/\/riac.lv\/index.php?rest_route=\/wp\/v2\/pages\/6119","targetHints":{"allow":["GET"]}}],"collection":[{"href":"https:\/\/riac.lv\/index.php?rest_route=\/wp\/v2\/pages"}],"about":[{"href":"https:\/\/riac.lv\/index.php?rest_route=\/wp\/v2\/types\/page"}],"author":[{"embeddable":true,"href":"https:\/\/riac.lv\/index.php?rest_route=\/wp\/v2\/users\/1"}],"replies":[{"embeddable":true,"href":"https:\/\/riac.lv\/index.php?rest_route=%2Fwp%2Fv2%2Fcomments&post=6119"}],"version-history":[{"count":12,"href":"https:\/\/riac.lv\/index.php?rest_route=\/wp\/v2\/pages\/6119\/revisions"}],"predecessor-version":[{"id":11243,"href":"https:\/\/riac.lv\/index.php?rest_route=\/wp\/v2\/pages\/6119\/revisions\/11243"}],"wp:attachment":[{"href":"https:\/\/riac.lv\/index.php?rest_route=%2Fwp%2Fv2%2Fmedia&parent=6119"}],"curies":[{"name":"wp","href":"https:\/\/api.w.org\/{rel}","templated":true}]}}