{"id":6884,"date":"2020-10-22T15:43:57","date_gmt":"2020-10-22T12:43:57","guid":{"rendered":"http:\/\/riac.lv\/?page_id=6884"},"modified":"2025-08-15T11:47:02","modified_gmt":"2025-08-15T08:47:02","slug":"vesture","status":"publish","type":"page","link":"https:\/\/riac.lv\/?page_id=6884","title":{"rendered":"V\u0113sture"},"content":{"rendered":"<p><strong><img fetchpriority=\"high\" decoding=\"async\" class=\"size-full wp-image-7185 alignleft\" src=\"http:\/\/riac.lv\/wp-content\/uploads\/2020\/11\/Bilde1.jpg\" alt=\"\" width=\"300\" height=\"243\" \/><\/strong><\/p>\n<p>&nbsp;<\/p>\n<p><strong>Pirm\u0101 <span style=\"color: #008000;\">kurlm\u0113mo b\u0113rnu skola<\/span> Laiz\u0101nu m\u0101j\u0101 1923.g. <\/strong><\/p>\n<p>&nbsp;<\/p>\n<p>&nbsp;<\/p>\n<p><strong><img decoding=\"async\" class=\"size-full wp-image-7186 alignright\" src=\"http:\/\/riac.lv\/wp-content\/uploads\/2020\/11\/Bilde2.jpg\" alt=\"\" width=\"300\" height=\"226\" \/><\/strong><\/p>\n<p>&nbsp;<\/p>\n<p><strong>Kurlm<\/strong><strong>\u0113mo b\u0113rnu skolas \u0113ka <span style=\"color: #008000;\">Malt\u0101<\/span> 1944-1950<\/strong><\/p>\n<p>&nbsp;<\/p>\n<p>&nbsp;<\/p>\n<p><strong><img decoding=\"async\" class=\"size-full wp-image-7187 alignleft\" src=\"http:\/\/riac.lv\/wp-content\/uploads\/2020\/11\/Bilde3.jpg\" alt=\"\" width=\"300\" height=\"209\" \/><\/strong><\/p>\n<p>&nbsp;<\/p>\n<p>&nbsp;<\/p>\n<p><strong>Kurlm\u0113mo b\u0113rnu skolas \u0113ka <span style=\"color: #008000;\">Feima\u0146os<\/span> 1950-1956<\/strong><\/p>\n<p>&nbsp;<\/p>\n<p>&nbsp;<\/p>\n<p><strong><img loading=\"lazy\" decoding=\"async\" class=\"size-full wp-image-7188 alignleft\" src=\"http:\/\/riac.lv\/wp-content\/uploads\/2020\/11\/Bilde4.jpg\" alt=\"\" width=\"300\" height=\"191\" \/><\/strong><\/p>\n<p>&nbsp;<\/p>\n<p><strong>Skolas \u0113ka 1956.<\/strong> <strong>gad\u0101<\/strong> celta k\u0101 intern\u0101tskola <strong><span style=\"color: #008000;\">nedzird\u012bgiem b\u0113rniem<\/span><\/strong>. No 1980. gada t\u0101 darbojas k\u0101 speci\u0101l\u0101 skola b\u0113rniem ar smagiem valodas trauc\u0113jumiem<\/p>\n<p>&nbsp;<\/p>\n<p><strong><img loading=\"lazy\" decoding=\"async\" class=\"alignleft\" src=\"https:\/\/rezekne.lv\/wp-content\/uploads\/2020\/04\/img_0206-e1587970240299-1038x584.jpg\" alt=\"Atbalsts p\u0101rtikas ieg\u0101d\u0113 R\u0113zeknes pamatskolas \u2013 att\u012bst\u012bbas centra audz\u0113k\u0146iem \u2013 R\u0113zekne \u2013 pils\u0113ta Latgales sird\u012b\" width=\"258\" height=\"145\" \/>No 2016.gada 6.j\u016blija<\/strong>\u00a0skolai pie\u0161\u0137irts <span style=\"color: #008000;\"><strong>speci\u0101l\u0101s izgl\u012bt\u012bbas att\u012bst\u012bbas centra statuss<\/strong><\/span>, kura uzdevums ir nodro\u0161in\u0101t b\u0113rniem ar speci\u0101laj\u0101m vajadz\u012bb\u0101m, k\u0101 ar\u012b vi\u0146u vec\u0101kiem un pedagogiem vien\u0101das iesp\u0113jas sa\u0146emt konsultat\u012bvu un metodisku atbalstu speci\u0101l\u0101s izgl\u012bt\u012bbas jaut\u0101jumos, neatkar\u012bgi no b\u0113rna izgl\u012bt\u012bbas ieguves vietas.<\/p>\n","protected":false},"excerpt":{"rendered":"<p>&nbsp; Pirm\u0101 kurlm\u0113mo b\u0113rnu skola Laiz\u0101nu m\u0101j\u0101 1923.g. &nbsp; &nbsp; &nbsp; Kurlm\u0113mo b\u0113rnu skolas \u0113ka Malt\u0101 1944-1950 &nbsp; &nbsp; &nbsp; &nbsp; Kurlm\u0113mo b\u0113rnu skolas \u0113ka&hellip;<\/p>\n","protected":false},"author":1,"featured_media":0,"parent":0,"menu_order":0,"comment_status":"closed","ping_status":"closed","template":"","meta":{"footnotes":""},"class_list":["post-6884","page","type-page","status-publish","hentry"],"_links":{"self":[{"href":"https:\/\/riac.lv\/index.php?rest_route=\/wp\/v2\/pages\/6884","targetHints":{"allow":["GET"]}}],"collection":[{"href":"https:\/\/riac.lv\/index.php?rest_route=\/wp\/v2\/pages"}],"about":[{"href":"https:\/\/riac.lv\/index.php?rest_route=\/wp\/v2\/types\/page"}],"author":[{"embeddable":true,"href":"https:\/\/riac.lv\/index.php?rest_route=\/wp\/v2\/users\/1"}],"replies":[{"embeddable":true,"href":"https:\/\/riac.lv\/index.php?rest_route=%2Fwp%2Fv2%2Fcomments&post=6884"}],"version-history":[{"count":17,"href":"https:\/\/riac.lv\/index.php?rest_route=\/wp\/v2\/pages\/6884\/revisions"}],"predecessor-version":[{"id":26014,"href":"https:\/\/riac.lv\/index.php?rest_route=\/wp\/v2\/pages\/6884\/revisions\/26014"}],"wp:attachment":[{"href":"https:\/\/riac.lv\/index.php?rest_route=%2Fwp%2Fv2%2Fmedia&parent=6884"}],"curies":[{"name":"wp","href":"https:\/\/api.w.org\/{rel}","templated":true}]}}