{"id":6896,"date":"2020-10-22T15:55:30","date_gmt":"2020-10-22T12:55:30","guid":{"rendered":"http:\/\/riac.lv\/?page_id=6896"},"modified":"2026-01-20T14:02:55","modified_gmt":"2026-01-20T12:02:55","slug":"dokumenti-un-noteikumi","status":"publish","type":"page","link":"https:\/\/riac.lv\/?page_id=6896","title":{"rendered":"Dokumenti un noteikumi"},"content":{"rendered":"\t\t<div data-elementor-type=\"wp-page\" data-elementor-id=\"6896\" class=\"elementor elementor-6896\">\n\t\t\t\t\t\t<section data-particle_enable=\"false\" data-particle-mobile-disabled=\"false\" class=\"elementor-section elementor-top-section elementor-element elementor-element-4f7c0307 elementor-section-boxed elementor-section-height-default elementor-section-height-default\" data-id=\"4f7c0307\" data-element_type=\"section\" data-e-type=\"section\">\n\t\t\t\t\t\t<div class=\"elementor-container elementor-column-gap-default\">\n\t\t\t\t\t<div class=\"elementor-column elementor-col-100 elementor-top-column elementor-element elementor-element-9d24fce\" data-id=\"9d24fce\" data-element_type=\"column\" data-e-type=\"column\">\n\t\t\t<div class=\"elementor-widget-wrap elementor-element-populated\">\n\t\t\t\t\t\t<div class=\"elementor-element elementor-element-2c020042 elementor-widget elementor-widget-text-editor\" data-id=\"2c020042\" data-element_type=\"widget\" data-e-type=\"widget\" data-widget_type=\"text-editor.default\">\n\t\t\t\t\t\t\t\t\t<h3 class=\"wp-block-image\"><span style=\"color: #003300;\"><strong>Nolikums<\/strong><\/span><\/h3><p><a href=\"http:\/\/riac.lv\/wp-content\/uploads\/2023\/07\/RPAC-nolikums_compressed.pdf\" target=\"_blank\" rel=\"noopener\">RPAC nolikums<\/a><\/p><h3><span style=\"color: #003300;\"><strong>Pl\u0101ni\u00a0<\/strong><\/span><\/h3><p><a href=\"http:\/\/riac.lv\/wp-content\/uploads\/2024\/09\/Attistibas-plans-2024-2027-1.pdf\">Skolas att\u012bst\u012bbas pl\u0101ns 2024.\/2027.m.g.<\/a><\/p><h3><span style=\"color: #003300;\"><strong>Programmas<\/strong><\/span><\/h3><p><a href=\"http:\/\/riac.lv\/wp-content\/uploads\/2025\/12\/Audzinasanas-darba-programma-2024-2027-gadam.pdf\">Audzin\u0101\u0161anas darba programma 2024. \u2013 2027. gadam<\/a><\/p><h3><span style=\"color: #003300;\"><strong>Zi\u0146ojumi\u00a0<\/strong><\/span><\/h3><p><a href=\"http:\/\/riac.lv\/wp-content\/uploads\/2025\/12\/RPAC-Pasnovertejuma-zinojums-24_25.pdf\">RPAC pa\u0161nov\u0113rt\u0113juma zi\u0146ojums 2024. &#8211; 2025. gads<\/a><\/p><p><a href=\"http:\/\/riac.lv\/wp-content\/uploads\/2024\/10\/RPAC-23.24.m.g.-pasnovertejuma-zinojums.pdf\">RPAC pa\u0161nov\u0113rt\u0113juma zi\u0146ojums 2024<\/a><\/p><p><a href=\"http:\/\/riac.lv\/wp-content\/uploads\/2023\/10\/Pasnovertejuma-zinojums-2022._2023.pdf\">RPAC pa\u0161nov\u0113rt\u0113juma zi\u0146ojums 2023<\/a><\/p><p><a href=\"http:\/\/riac.lv\/wp-content\/uploads\/2022\/10\/RPAC-pasnovertejuma-zinojums_2022.pdf\" target=\"_blank\" rel=\"noopener\">RPAC pa\u0161nov\u0113rt\u0113juma zi\u0146ojums 2022<\/a><\/p><p><a href=\"http:\/\/riac.lv\/wp-content\/uploads\/2022\/02\/2020._2021.m.g.-RPAC-PASVERTEJUMA-ZINOJUMS.pdf\" target=\"_blank\" rel=\"noopener\">RPAC pa\u0161nov\u0113rt\u0113juma zi\u0146ojums 2021<\/a><\/p><p><a href=\"http:\/\/riac.lv\/wp-content\/uploads\/2022\/01\/ilovepdf_merged-2.pdf\" target=\"_blank\" rel=\"noopener\">RPAC pa\u0161nov\u0113rt\u0113juma zi\u0146ojums 2020<\/a><\/p><p><a href=\"http:\/\/riac.lv\/wp-content\/uploads\/2020\/02\/Skolas-pasvertejums.pdf\" target=\"_blank\" rel=\"noopener\">RPAC pa\u0161nov\u0113rt\u0113juma zi\u0146ojums 2016<\/a><\/p><h3><strong><span style=\"color: #003300;\">Not<\/span><\/strong><strong><span style=\"color: #003300;\">eikumi<\/span><\/strong><strong style=\"color: #003300;\">\u00a0<\/strong><\/h3><p><a href=\"http:\/\/riac.lv\/wp-content\/uploads\/2025\/12\/Ieksejas-kart_not_2025-29.08.2025.pdf\">RPAC iek\u0161\u0113j\u0101s k\u0101rt\u012bbas noteikumi 2025<\/a><\/p><h3><span style=\"color: #003300;\"><b>Reglamenti<\/b><\/span><\/h3><p><a href=\"http:\/\/riac.lv\/wp-content\/uploads\/2026\/01\/Metodisko-jomu-reglaments.pdf\" target=\"_blank\" rel=\"noopener\">Metodisko jomu reglaments<\/a><\/p><p><a href=\"http:\/\/riac.lv\/wp-content\/uploads\/2022\/01\/Metodiskas-Padomes-reglaments.pdf\" target=\"_blank\" rel=\"noopener\">Metodisk\u0101s padomes reglaments<\/a><\/p><p><a href=\"http:\/\/riac.lv\/wp-content\/uploads\/2022\/01\/Pedagogu-profesionala-kompetences-pilnveides-reglaments.pdf\" target=\"_blank\" rel=\"noopener\">Pedagogu profesion\u0101l\u0101s kompetences pilnveides reglaments<\/a><\/p><h3><span style=\"color: #003300;\"><b>K\u0101rt\u012bbas<\/b><\/span><\/h3><p><a href=\"http:\/\/riac.lv\/wp-content\/uploads\/2025\/04\/izg_kavejumu_uzskaite-kartiba.pdf\">Izgl\u012btojamo kav\u0113jumu uzskaites un administr\u0113\u0161anas k\u0101rt\u012bba<\/a><\/p><p><a href=\"http:\/\/riac.lv\/wp-content\/uploads\/2025\/12\/MSVK_2025_gads.pdf\">M\u0101c\u012bbu sasniegumu v\u0113rt\u0113\u0161anas k\u0101rt\u012bba. 2025.\/2026.m.g<\/a><\/p><p><a href=\"http:\/\/riac.lv\/wp-content\/uploads\/2021\/10\/Kartiba-kada-tiek-nodrosinats-un-organizets-attalinatais-macibu.pdf\" target=\"_blank\" rel=\"noopener\">K\u0101rt\u012bba, k\u0101d\u0101 tiek nodro\u0161in\u0101ts un organiz\u0113ts att\u0101lin\u0101tais m\u0101c\u012bbu process<\/a><\/p><p><a href=\"http:\/\/riac.lv\/wp-content\/uploads\/2025\/12\/RPAC_COVID-kartiba-27.08.21._labosanai.pdf\" target=\"_blank\" rel=\"noopener\">K\u0101rt\u012bba, k\u0101d\u0101 tiek ierobe\u017eota COVID 19 izplat\u012bba_ 27.08.21.<\/a><\/p><p><a href=\"http:\/\/riac.lv\/wp-content\/uploads\/2022\/01\/Atbalsta-komandas-darbibas-kartiba_21.pdf\" target=\"_blank\" rel=\"noopener\">Atbalsta komandas darb\u012bbas k\u0101rt\u012bba<\/a><\/p><p><div id='gallery-1' class='gallery galleryid-6896 gallery-columns-1 gallery-size-medium'><figure class='gallery-item'>\n\t\t\t<div class='gallery-icon portrait'>\n\t\t\t\t<a href='https:\/\/riac.lv\/wp-content\/uploads\/2020\/11\/001-2.jpg'><img fetchpriority=\"high\" decoding=\"async\" width=\"218\" height=\"300\" src=\"https:\/\/riac.lv\/wp-content\/uploads\/2020\/11\/001-2-218x300.jpg\" class=\"attachment-medium size-medium\" alt=\"\" srcset=\"https:\/\/riac.lv\/wp-content\/uploads\/2020\/11\/001-2-218x300.jpg 218w, https:\/\/riac.lv\/wp-content\/uploads\/2020\/11\/001-2-745x1024.jpg 745w, https:\/\/riac.lv\/wp-content\/uploads\/2020\/11\/001-2-768x1056.jpg 768w, https:\/\/riac.lv\/wp-content\/uploads\/2020\/11\/001-2-1117x1536.jpg 1117w, https:\/\/riac.lv\/wp-content\/uploads\/2020\/11\/001-2-1489x2048.jpg 1489w, https:\/\/riac.lv\/wp-content\/uploads\/2020\/11\/001-2.jpg 1700w\" sizes=\"(max-width: 218px) 100vw, 218px\" \/><\/a>\n\t\t\t<\/div><\/figure>\n\t\t<\/div>\n<\/p>\t\t\t\t\t\t\t\t<\/div>\n\t\t\t\t\t<\/div>\n\t\t<\/div>\n\t\t\t\t\t<\/div>\n\t\t<\/section>\n\t\t\t\t<\/div>\n\t\t","protected":false},"excerpt":{"rendered":"<p>Nolikums RPAC nolikums Pl\u0101ni\u00a0 Skolas att\u012bst\u012bbas pl\u0101ns 2024.\/2027.m.g. Programmas Audzin\u0101\u0161anas darba programma 2024. \u2013 2027. gadam Zi\u0146ojumi\u00a0 RPAC pa\u0161nov\u0113rt\u0113juma zi\u0146ojums 2024. &#8211; 2025. gads RPAC&hellip;<\/p>\n","protected":false},"author":1,"featured_media":0,"parent":0,"menu_order":0,"comment_status":"closed","ping_status":"closed","template":"","meta":{"footnotes":""},"class_list":["post-6896","page","type-page","status-publish","hentry"],"_links":{"self":[{"href":"https:\/\/riac.lv\/index.php?rest_route=\/wp\/v2\/pages\/6896","targetHints":{"allow":["GET"]}}],"collection":[{"href":"https:\/\/riac.lv\/index.php?rest_route=\/wp\/v2\/pages"}],"about":[{"href":"https:\/\/riac.lv\/index.php?rest_route=\/wp\/v2\/types\/page"}],"author":[{"embeddable":true,"href":"https:\/\/riac.lv\/index.php?rest_route=\/wp\/v2\/users\/1"}],"replies":[{"embeddable":true,"href":"https:\/\/riac.lv\/index.php?rest_route=%2Fwp%2Fv2%2Fcomments&post=6896"}],"version-history":[{"count":186,"href":"https:\/\/riac.lv\/index.php?rest_route=\/wp\/v2\/pages\/6896\/revisions"}],"predecessor-version":[{"id":29239,"href":"https:\/\/riac.lv\/index.php?rest_route=\/wp\/v2\/pages\/6896\/revisions\/29239"}],"wp:attachment":[{"href":"https:\/\/riac.lv\/index.php?rest_route=%2Fwp%2Fv2%2Fmedia&parent=6896"}],"curies":[{"name":"wp","href":"https:\/\/api.w.org\/{rel}","templated":true}]}}