{"id":7388,"date":"2020-11-17T10:18:18","date_gmt":"2020-11-17T08:18:18","guid":{"rendered":"http:\/\/riac.lv\/?page_id=7388"},"modified":"2025-11-11T15:30:15","modified_gmt":"2025-11-11T13:30:15","slug":"kontakti","status":"publish","type":"page","link":"https:\/\/riac.lv\/?page_id=7388","title":{"rendered":"Kontakti"},"content":{"rendered":"\t\t<div data-elementor-type=\"wp-page\" data-elementor-id=\"7388\" class=\"elementor elementor-7388\">\n\t\t\t\t<div data-particle_enable=\"false\" data-particle-mobile-disabled=\"false\" class=\"elementor-element elementor-element-341f0014 e-flex e-con-boxed e-con e-parent\" data-id=\"341f0014\" data-element_type=\"container\" data-e-type=\"container\">\n\t\t\t\t\t<div class=\"e-con-inner\">\n\t\t\t\t<div class=\"elementor-element elementor-element-549027a4 elementor-widget elementor-widget-text-editor\" data-id=\"549027a4\" data-element_type=\"widget\" data-e-type=\"widget\" data-widget_type=\"text-editor.default\">\n\t\t\t\t\t\t\t\t\t<h4><strong><span style=\"color: #003300;\">Adrese<\/span><\/strong>: F. Varslav\u0101na iela &#8211; 5, R\u0113zekn\u0113, LV-4601<br \/><strong><span style=\"color: #003300;\">T\u0101lrunis<\/span><\/strong>: 646 22658 (lietvede)<br \/><span style=\"color: #003300;\">Skolas direktore:<\/span> 64625003<br \/><strong><span style=\"color: #003300;\">E-pasts<\/span><\/strong>:\u00a0<a href=\"mailto:logopeduskola@rezekne.lv\">logopeduskola@rezekne.lv<\/a><br \/><span style=\"color: #003300;\"><strong>Pirmsskolas izgl\u012bt\u012bbas iest\u0101de<\/strong>:<\/span> Atbr\u012bvo\u0161anas aleja 52A, R\u0113zekne, LV-4601<\/h4><p><\/p><p><strong><span style=\"color: #003300;\">Skolas\u00a0 rekviz\u012bti:<\/span><\/strong><\/p><p>R\u0113zeknes pamatskola- att\u012bst\u012bbas centrs<br \/>F. Varslav\u0101na iel\u0101 5, R\u0113zekn\u0113, LV 4601<br \/>Iest\u0101des re\u0123. Nr. \u00a03124903147<\/p><p>Maks\u0101t\u0101js<br \/>R\u0113zeknes pils\u0113tas Izgl\u012bt\u012bbas p\u0101rvalde<br \/>Atbr\u012bvo\u0161anas aleja 91, R\u0113zekn\u0113, LV 4600<br \/>PVN maks. Re\u0123. Nr. 90000025446<\/p>\t\t\t\t\t\t\t\t<\/div>\n\t\t\t\t\t<\/div>\n\t\t\t\t<\/div>\n\t\t<div data-particle_enable=\"false\" data-particle-mobile-disabled=\"false\" class=\"elementor-element elementor-element-fcf09cd e-flex e-con-boxed e-con e-parent\" data-id=\"fcf09cd\" data-element_type=\"container\" data-e-type=\"container\">\n\t\t\t\t\t<div class=\"e-con-inner\">\n\t\t\t\t<div class=\"elementor-element elementor-element-d50c3ae elementor-widget elementor-widget-image\" data-id=\"d50c3ae\" data-element_type=\"widget\" data-e-type=\"widget\" data-widget_type=\"image.default\">\n\t\t\t\t\t\t\t\t\t\t\t\t\t\t\t<img fetchpriority=\"high\" decoding=\"async\" width=\"843\" height=\"544\" src=\"https:\/\/riac.lv\/wp-content\/uploads\/2025\/11\/Personals-Administracija-1024x661.jpg\" class=\"attachment-large size-large wp-image-27914\" alt=\"\" srcset=\"https:\/\/riac.lv\/wp-content\/uploads\/2025\/11\/Personals-Administracija-1024x661.jpg 1024w, https:\/\/riac.lv\/wp-content\/uploads\/2025\/11\/Personals-Administracija-300x194.jpg 300w, https:\/\/riac.lv\/wp-content\/uploads\/2025\/11\/Personals-Administracija-768x496.jpg 768w, https:\/\/riac.lv\/wp-content\/uploads\/2025\/11\/Personals-Administracija-1536x991.jpg 1536w, https:\/\/riac.lv\/wp-content\/uploads\/2025\/11\/Personals-Administracija.jpg 1754w\" sizes=\"(max-width: 843px) 100vw, 843px\" \/>\t\t\t\t\t\t\t\t\t\t\t\t\t\t\t<\/div>\n\t\t\t\t\t<\/div>\n\t\t\t\t<\/div>\n\t\t\t\t<\/div>\n\t\t","protected":false},"excerpt":{"rendered":"<p>Adrese: F. Varslav\u0101na iela &#8211; 5, R\u0113zekn\u0113, LV-4601T\u0101lrunis: 646 22658 (lietvede)Skolas direktore: 64625003E-pasts:\u00a0logopeduskola@rezekne.lvPirmsskolas izgl\u012bt\u012bbas iest\u0101de: Atbr\u012bvo\u0161anas aleja 52A, R\u0113zekne, LV-4601 Skolas\u00a0 rekviz\u012bti: R\u0113zeknes pamatskola- att\u012bst\u012bbas&hellip;<\/p>\n","protected":false},"author":1,"featured_media":0,"parent":0,"menu_order":0,"comment_status":"closed","ping_status":"closed","template":"","meta":{"footnotes":""},"class_list":["post-7388","page","type-page","status-publish","hentry"],"_links":{"self":[{"href":"https:\/\/riac.lv\/index.php?rest_route=\/wp\/v2\/pages\/7388","targetHints":{"allow":["GET"]}}],"collection":[{"href":"https:\/\/riac.lv\/index.php?rest_route=\/wp\/v2\/pages"}],"about":[{"href":"https:\/\/riac.lv\/index.php?rest_route=\/wp\/v2\/types\/page"}],"author":[{"embeddable":true,"href":"https:\/\/riac.lv\/index.php?rest_route=\/wp\/v2\/users\/1"}],"replies":[{"embeddable":true,"href":"https:\/\/riac.lv\/index.php?rest_route=%2Fwp%2Fv2%2Fcomments&post=7388"}],"version-history":[{"count":25,"href":"https:\/\/riac.lv\/index.php?rest_route=\/wp\/v2\/pages\/7388\/revisions"}],"predecessor-version":[{"id":27920,"href":"https:\/\/riac.lv\/index.php?rest_route=\/wp\/v2\/pages\/7388\/revisions\/27920"}],"wp:attachment":[{"href":"https:\/\/riac.lv\/index.php?rest_route=%2Fwp%2Fv2%2Fmedia&parent=7388"}],"curies":[{"name":"wp","href":"https:\/\/api.w.org\/{rel}","templated":true}]}}