{"id":7434,"date":"2020-11-19T13:11:45","date_gmt":"2020-11-19T11:11:45","guid":{"rendered":"http:\/\/riac.lv\/?page_id=7434"},"modified":"2025-10-09T21:30:43","modified_gmt":"2025-10-09T18:30:43","slug":"grupinas","status":"publish","type":"page","link":"https:\/\/riac.lv\/?page_id=7434","title":{"rendered":"Grupi\u0146as"},"content":{"rendered":"\t\t<div data-elementor-type=\"wp-page\" data-elementor-id=\"7434\" class=\"elementor elementor-7434\">\n\t\t\t\t\t\t<section data-particle_enable=\"false\" data-particle-mobile-disabled=\"false\" class=\"elementor-section elementor-top-section elementor-element elementor-element-3ae784a1 elementor-section-boxed elementor-section-height-default elementor-section-height-default\" data-id=\"3ae784a1\" data-element_type=\"section\" data-e-type=\"section\">\n\t\t\t\t\t\t<div class=\"elementor-container elementor-column-gap-default\">\n\t\t\t\t\t<div class=\"elementor-column elementor-col-100 elementor-top-column elementor-element elementor-element-628c8a92\" data-id=\"628c8a92\" data-element_type=\"column\" data-e-type=\"column\">\n\t\t\t<div class=\"elementor-widget-wrap elementor-element-populated\">\n\t\t\t\t\t\t<div class=\"elementor-element elementor-element-6d1f89a5 elementor-widget elementor-widget-text-editor\" data-id=\"6d1f89a5\" data-element_type=\"widget\" data-e-type=\"widget\" data-widget_type=\"text-editor.default\">\n\t\t\t\t\t\t\t\t\t<div class=\"wp-block-image\"><a href=\"http:\/\/riac.lv\/wp-content\/uploads\/2023\/02\/b5083128beb57656aa5faabdce6ac643-removebg-preview.png\"><img fetchpriority=\"high\" decoding=\"async\" class=\"aligncenter size-medium wp-image-16850\" src=\"http:\/\/riac.lv\/wp-content\/uploads\/2023\/02\/b5083128beb57656aa5faabdce6ac643-removebg-preview-300x200.png\" alt=\"\" width=\"300\" height=\"200\" srcset=\"https:\/\/riac.lv\/wp-content\/uploads\/2023\/02\/b5083128beb57656aa5faabdce6ac643-removebg-preview-300x200.png 300w, https:\/\/riac.lv\/wp-content\/uploads\/2023\/02\/b5083128beb57656aa5faabdce6ac643-removebg-preview.png 350w\" sizes=\"(max-width: 300px) 100vw, 300px\" \/><\/a><\/div><ul><li><a href=\"http:\/\/riac.lv\/wp-content\/uploads\/2025\/10\/Dienas-ritms.docx\">RPAC pirmsskolas grupu darba ritums 2025.\/2026.m.g.<\/a><\/li><li><a href=\"http:\/\/riac.lv\/wp-content\/uploads\/2025\/10\/Macibu-procesa-organizacija-2025_26_.docx\">RPAC pirmsskolas grupu m\u0101c\u012bbu procesa organiz\u0101cija 2025.\/2026.m.g.<\/a><\/li><li><a href=\"http:\/\/riac.lv\/wp-content\/uploads\/2025\/10\/Pedagogiska-darba-organizacija.doc\">Par pedago\u0123isk\u0101 darba organiz\u0101ciju RPAC pirmsskolas grup\u0101s 2025.\/2026.m.g.<\/a><\/li><\/ul>\t\t\t\t\t\t\t\t<\/div>\n\t\t\t\t\t<\/div>\n\t\t<\/div>\n\t\t\t\t\t<\/div>\n\t\t<\/section>\n\t\t\t\t<\/div>\n\t\t","protected":false},"excerpt":{"rendered":"<p>RPAC pirmsskolas grupu darba ritums 2025.\/2026.m.g. RPAC pirmsskolas grupu m\u0101c\u012bbu procesa organiz\u0101cija 2025.\/2026.m.g. Par pedago\u0123isk\u0101 darba organiz\u0101ciju RPAC pirmsskolas grup\u0101s 2025.\/2026.m.g.<\/p>\n","protected":false},"author":1,"featured_media":0,"parent":0,"menu_order":0,"comment_status":"closed","ping_status":"closed","template":"","meta":{"footnotes":""},"class_list":["post-7434","page","type-page","status-publish","hentry"],"_links":{"self":[{"href":"https:\/\/riac.lv\/index.php?rest_route=\/wp\/v2\/pages\/7434","targetHints":{"allow":["GET"]}}],"collection":[{"href":"https:\/\/riac.lv\/index.php?rest_route=\/wp\/v2\/pages"}],"about":[{"href":"https:\/\/riac.lv\/index.php?rest_route=\/wp\/v2\/types\/page"}],"author":[{"embeddable":true,"href":"https:\/\/riac.lv\/index.php?rest_route=\/wp\/v2\/users\/1"}],"replies":[{"embeddable":true,"href":"https:\/\/riac.lv\/index.php?rest_route=%2Fwp%2Fv2%2Fcomments&post=7434"}],"version-history":[{"count":44,"href":"https:\/\/riac.lv\/index.php?rest_route=\/wp\/v2\/pages\/7434\/revisions"}],"predecessor-version":[{"id":27390,"href":"https:\/\/riac.lv\/index.php?rest_route=\/wp\/v2\/pages\/7434\/revisions\/27390"}],"wp:attachment":[{"href":"https:\/\/riac.lv\/index.php?rest_route=%2Fwp%2Fv2%2Fmedia&parent=7434"}],"curies":[{"name":"wp","href":"https:\/\/api.w.org\/{rel}","templated":true}]}}