{"id":7436,"date":"2020-11-19T13:11:59","date_gmt":"2020-11-19T11:11:59","guid":{"rendered":"http:\/\/riac.lv\/?page_id=7436"},"modified":"2025-10-12T22:28:25","modified_gmt":"2025-10-12T19:28:25","slug":"atbalsta-komanda","status":"publish","type":"page","link":"https:\/\/riac.lv\/?page_id=7436","title":{"rendered":"Atbalsta komanda"},"content":{"rendered":"\t\t<div data-elementor-type=\"wp-page\" data-elementor-id=\"7436\" class=\"elementor elementor-7436\">\n\t\t\t\t<div data-particle_enable=\"false\" data-particle-mobile-disabled=\"false\" class=\"elementor-element elementor-element-51c98663 e-flex e-con-boxed e-con e-parent\" data-id=\"51c98663\" data-element_type=\"container\" data-e-type=\"container\">\n\t\t\t\t\t<div class=\"e-con-inner\">\n\t\t\t\t<div class=\"elementor-element elementor-element-6c4c61e elementor-widget elementor-widget-text-editor\" data-id=\"6c4c61e\" data-element_type=\"widget\" data-e-type=\"widget\" data-widget_type=\"text-editor.default\">\n\t\t\t\t\t\t\t\t\t<div class=\"wp-block-image\"><div class=\"wp-block-image\"><a href=\"http:\/\/riac.lv\/wp-content\/uploads\/2025\/03\/hands-7107606_1280-removebg-preview-1.png\"><img fetchpriority=\"high\" decoding=\"async\" class=\"wpa-warning wpa-image-missing-alt aligncenter size-medium wp-image-25128\" src=\"http:\/\/riac.lv\/wp-content\/uploads\/2025\/03\/hands-7107606_1280-removebg-preview-1-300x167.png\" alt=\"\" width=\"300\" height=\"167\" data-warning=\"Missing alt text\" srcset=\"https:\/\/riac.lv\/wp-content\/uploads\/2025\/03\/hands-7107606_1280-removebg-preview-1-300x167.png 300w, https:\/\/riac.lv\/wp-content\/uploads\/2025\/03\/hands-7107606_1280-removebg-preview-1.png 421w\" sizes=\"(max-width: 300px) 100vw, 300px\" \/><\/a><\/div><\/div><h2 style=\"text-align: center;\"><span style=\"color: #003300;\"><strong>Atbalsta komanda:<\/strong><\/span><\/h2><p><span style=\"color: #003300;\"><strong>paredz\u0113ta<\/strong><\/span>, <span style=\"color: #000000;\">lai veiksm\u012bg\u0101k pl\u0101notu un organiz\u0113tu pedago\u0123iski &#8211;\u00a0 psiholo\u0123isko un vesel\u012bbas stiprin\u0101\u0161anas darbu ar b\u0113rniem, kuriem ir nepiecie\u0161ama pal\u012bdz\u012bba.<\/span> <span style=\"color: #003300;\"><strong>Atbalsta komandas speci\u0101listi<\/strong> <\/span><span style=\"color: #000000;\">savas kompetences ietvaros veic pedago\u0123isk\u0101s, psiholo\u0123isk\u0101s un soci\u0101l\u0101s pal\u012bdz\u012bbas koordin\u0113\u0161anu un nodro\u0161in\u0101\u0161anu izgl\u012btojamajiem, ieskaitot vi\u0146u vec\u0101kus, pedagogus, pirmsskolas darbiniekus.<\/span> <strong><span style=\"color: #003300;\">Atbalsta person\u0101la modelis<\/span><\/strong> <span style=\"color: #000000;\">paredz koordin\u0113tu sadarb\u012bbu starp komandas locek\u013ciem, paredzot vesel\u012bbu veicino\u0161as, atbalstu sniedzo\u0161as un dro\u0161as vides nodro\u0161in\u0101\u0161anu pirmsskolas izgl\u012bt\u012bbas iest\u0101d\u0113.<\/span><\/p><p><span style=\"color: #003300;\"><strong>Atbalsta komandas sast\u0101v\u0101:<\/strong><\/span><\/p><ul><li><p><span style=\"color: #000000;\">izgl\u012bt\u012bbas metodi\u0137is,<\/span><\/p><\/li><li><p><span style=\"color: #000000;\">izgl\u012bt\u012bbas psihologs,<\/span><\/p><\/li><li><p><span style=\"color: #000000;\">logop\u0113ds,<\/span><\/p><\/li><li><p><span style=\"color: #000000;\">medic\u012bnas m\u0101sa,<\/span><\/p><\/li><li><p><span style=\"color: #000000;\">fizioterapeits,<\/span><\/p><\/li><li><p><span style=\"color: #000000;\">sporta skolot\u0101ja.<\/span><\/p><\/li><\/ul><p><span style=\"color: #003300;\"><strong>Atbalsta komandas uzdevumi:<\/strong><\/span><\/p><ul><li><span style=\"color: #800000;\"><strong>Veidot<\/strong> <\/span><span style=\"color: #000000;\">izgl\u012btojamo psiholo\u0123iski un fizisko vesel\u012bbu un harmonisku att\u012bst\u012bbu pirmsskol\u0101.<\/span><\/li><li><strong><span style=\"color: #800000;\">Nodro\u0161in\u0101t<\/span> <\/strong><span style=\"color: #000000;\">veiksm\u012bgu adapt\u0101cijas procesu pirmsskol\u0101.<\/span><\/li><li><strong><span style=\"color: #800000;\">Koordin\u0113t<\/span> <\/strong><span style=\"color: #000000;\">b\u0113rnu pedago\u0123isk\u0101s, psiholo\u0123isk\u0101s un soci\u0101l\u0101s izp\u0113tes darbu pirmsskolas izgl\u012bt\u012bbas iest\u0101d\u0113.<\/span><\/li><li><strong><span style=\"color: #800000;\">Izstr\u0101d\u0101t<\/span><\/strong>, <strong><span style=\"color: #800000;\">\u012bstenot<\/span> <\/strong><span style=\"color: #000000;\">un<\/span> <strong><span style=\"color: #800000;\">izv\u0113rt\u0113t<\/span> <\/strong><span style=\"color: #000000;\">izgl\u012btojamo individu\u0101lus izgl\u012bt\u012bbas pl\u0101nus.<\/span><\/li><li><strong><span style=\"color: #800000;\">Organiz\u0113t<\/span> <\/strong><span style=\"color: #000000;\">nepiecie\u0161amo pal\u012bdz\u012bbu b\u0113rniem un vi\u0146u vec\u0101kiem, skolot\u0101jiem, iest\u0101des darbiniekiem.<\/span><\/li><li><strong><span style=\"color: #800000;\">Regul\u0101ri inform\u0113t<\/span><\/strong> <span style=\"color: #000000;\">izgl\u012btojamo vec\u0101kus par b\u0113rnu m\u0101c\u012bbu sasniegumiem, atvese\u013co\u0161anas procesu un adapt\u0101cijas periodu.<\/span><\/li><li><strong><span style=\"color: #800000;\">Sadarboties<\/span> <\/strong><span style=\"color: #000000;\">ar valsts instit\u016bcij\u0101m un pa\u0161vald\u012bbu instit\u016bcij\u0101m.<\/span><\/li><li><strong><span style=\"color: #800000;\">Apkopot<\/span> <\/strong><span style=\"color: #000000;\">inform\u0101ciju, analiz\u0113t komandas darba pieredzi.<\/span><\/li><\/ul><p><strong><span style=\"color: #003300;\">Atbalsta komandas m\u0113r\u0137grupas:<\/span><\/strong><\/p><ul><li><span style=\"color: #000000;\">b\u0113rni ar<\/span> <strong><span style=\"color: #800000;\">jauktiem att\u012bst\u012bbas trauc\u0113jumiem<\/span><\/strong>,<\/li><li><span style=\"color: #000000;\">b\u0113rni, kuriem pedagogs ir konstat\u0113jis<\/span> <strong><span style=\"color: #800000;\">atbalsta pas\u0101kumu nepiecie\u0161am\u012bbu<\/span><\/strong>,<\/li><li><span style=\"color: #000000;\">b\u0113rni, kuriem ir<\/span> <strong><span style=\"color: #800000;\">adapt\u0101cijas gr\u016bt\u012bbas<\/span><\/strong>,<\/li><li><span style=\"color: #000000;\">b\u0113rnu<\/span> <strong><span style=\"color: #800000;\">vec\u0101ki<\/span><\/strong>, <span style=\"color: #000000;\">kas pa\u0161i l\u016bgu\u0161i pal\u012bdz\u012bbu k\u0101dam no atbalsta komandas speci\u0101listiem.<\/span><\/li><\/ul><h2>\u00a0<\/h2><h2 style=\"text-align: center;\"><span style=\"color: #003300;\"><strong>RPAC pirmsskolas grupu pedagogi:<\/strong><\/span><\/h2><p><span style=\"color: #000000;\">Visiem pirmsskolas (PII) pedagogiem ir<\/span> <strong><span style=\"color: #003300;\">atbilsto\u0161a augst\u0101k\u0101 izgl\u012bt\u012bba, speci\u0101l\u0101 izgl\u012bt\u012bba<\/span><\/strong>. <span style=\"color: #000000;\">Skolot\u0101jas patst\u0101v\u012bgi papildina savas zin\u0101\u0161anas t\u0101lm\u0101c\u012bbas kursos, semin\u0101ros. Skolot\u0101jas labpr\u0101t piedal\u0101s da\u017e\u0101dos semin\u0101ros, kur dal\u0101s ar savu pieredzi. Katru gadu skolot\u0101ji dal\u0101s ar savu darba pieredzi<\/span> <strong><span style=\"color: #003300;\">pieredzes apmai\u0146as rota\u013cnodarb\u012bb\u0101s<\/span><\/strong>. <span style=\"color: #000000;\">Skolot\u0101jas tradicion\u0101li<\/span> <strong><span style=\"color: #003300;\">noform\u0113 grupi\u0146as<\/span> <\/strong><span style=\"color: #000000;\">un<\/span> <strong><span style=\"color: #003300;\">skatlogus<\/span> <\/strong><span style=\"color: #000000;\">atbilsto\u0161i gadalaikiem un sv\u0113tkiem, raksta sv\u0113tku, jautro br\u012b\u017eu, te\u0101tru dienu scen\u0101rijus, kurus veiksm\u012bgi \u012bsteno dz\u012bv\u0113.<\/span><\/p>\t\t\t\t\t\t\t\t<\/div>\n\t\t\t\t\t<\/div>\n\t\t\t\t<\/div>\n\t\t<div data-particle_enable=\"false\" data-particle-mobile-disabled=\"false\" class=\"elementor-element elementor-element-2cc9a28 e-flex e-con-boxed e-con e-parent\" data-id=\"2cc9a28\" data-element_type=\"container\" data-e-type=\"container\">\n\t\t\t\t\t<div class=\"e-con-inner\">\n\t\t\t\t<div class=\"elementor-element elementor-element-360206d elementor-widget elementor-widget-image\" data-id=\"360206d\" data-element_type=\"widget\" data-e-type=\"widget\" data-widget_type=\"image.default\">\n\t\t\t\t\t\t\t\t\t\t\t\t\t\t\t<img decoding=\"async\" width=\"843\" height=\"544\" src=\"https:\/\/riac.lv\/wp-content\/uploads\/2025\/10\/Personals_PII-1024x661.jpg\" class=\"attachment-large size-large wp-image-27434\" alt=\"\" srcset=\"https:\/\/riac.lv\/wp-content\/uploads\/2025\/10\/Personals_PII-1024x661.jpg 1024w, https:\/\/riac.lv\/wp-content\/uploads\/2025\/10\/Personals_PII-300x194.jpg 300w, https:\/\/riac.lv\/wp-content\/uploads\/2025\/10\/Personals_PII-768x496.jpg 768w, https:\/\/riac.lv\/wp-content\/uploads\/2025\/10\/Personals_PII-1536x991.jpg 1536w, https:\/\/riac.lv\/wp-content\/uploads\/2025\/10\/Personals_PII.jpg 1754w\" sizes=\"(max-width: 843px) 100vw, 843px\" \/>\t\t\t\t\t\t\t\t\t\t\t\t\t\t\t<\/div>\n\t\t\t\t\t<\/div>\n\t\t\t\t<\/div>\n\t\t\t\t<\/div>\n\t\t","protected":false},"excerpt":{"rendered":"<p>Atbalsta komanda: paredz\u0113ta, lai veiksm\u012bg\u0101k pl\u0101notu un organiz\u0113tu pedago\u0123iski &#8211;\u00a0 psiholo\u0123isko un vesel\u012bbas stiprin\u0101\u0161anas darbu ar b\u0113rniem, kuriem ir nepiecie\u0161ama pal\u012bdz\u012bba. Atbalsta komandas speci\u0101listi savas&hellip;<\/p>\n","protected":false},"author":1,"featured_media":0,"parent":0,"menu_order":0,"comment_status":"closed","ping_status":"closed","template":"","meta":{"footnotes":""},"class_list":["post-7436","page","type-page","status-publish","hentry"],"_links":{"self":[{"href":"https:\/\/riac.lv\/index.php?rest_route=\/wp\/v2\/pages\/7436","targetHints":{"allow":["GET"]}}],"collection":[{"href":"https:\/\/riac.lv\/index.php?rest_route=\/wp\/v2\/pages"}],"about":[{"href":"https:\/\/riac.lv\/index.php?rest_route=\/wp\/v2\/types\/page"}],"author":[{"embeddable":true,"href":"https:\/\/riac.lv\/index.php?rest_route=\/wp\/v2\/users\/1"}],"replies":[{"embeddable":true,"href":"https:\/\/riac.lv\/index.php?rest_route=%2Fwp%2Fv2%2Fcomments&post=7436"}],"version-history":[{"count":33,"href":"https:\/\/riac.lv\/index.php?rest_route=\/wp\/v2\/pages\/7436\/revisions"}],"predecessor-version":[{"id":28153,"href":"https:\/\/riac.lv\/index.php?rest_route=\/wp\/v2\/pages\/7436\/revisions\/28153"}],"wp:attachment":[{"href":"https:\/\/riac.lv\/index.php?rest_route=%2Fwp%2Fv2%2Fmedia&parent=7436"}],"curies":[{"name":"wp","href":"https:\/\/api.w.org\/{rel}","templated":true}]}}