{"id":7688,"date":"2020-12-10T13:07:03","date_gmt":"2020-12-10T11:07:03","guid":{"rendered":"http:\/\/riac.lv\/?page_id=7688"},"modified":"2022-01-04T12:47:27","modified_gmt":"2022-01-04T10:47:27","slug":"dabas-vides-estetikas-studija","status":"publish","type":"page","link":"https:\/\/riac.lv\/?page_id=7688","title":{"rendered":"Dabas vides est\u0113tikas studija"},"content":{"rendered":"<p><iframe title=\"B\u0113rni un daba\" width=\"843\" height=\"474\" src=\"https:\/\/www.youtube.com\/embed\/tv7foz80rQY?feature=oembed\" frameborder=\"0\" allow=\"accelerometer; autoplay; clipboard-write; encrypted-media; gyroscope; picture-in-picture\" allowfullscreen><\/iframe><\/p>\n<h4><\/h4>\n<h4 style=\"text-align: right;\">\u201eT\u0101pat k\u0101 cilv\u0113kam ir j\u0101r\u016bp\u0113jas par dabu, ar\u012b dabai j\u0101r\u016bp\u0113jas par cilv\u0113ku, sniedzot emocion\u0101lo patv\u0113rumu, uzturu, \u0101rst\u0113jot un \u013caujot cilv\u0113kam iepaz\u012bt \u00a0dz\u012bves formu, kas br\u012bva no Sist\u0113mas.\u201d<br \/>\n\/Bern\u0101rs Sord\u0113\/<\/h4>\n<p><img fetchpriority=\"high\" decoding=\"async\" class=\"size-full wp-image-7692 alignleft\" src=\"http:\/\/riac.lv\/wp-content\/uploads\/2020\/12\/dabas-vide_1.jpg\" alt=\"\" width=\"353\" height=\"230\" srcset=\"https:\/\/riac.lv\/wp-content\/uploads\/2020\/12\/dabas-vide_1.jpg 353w, https:\/\/riac.lv\/wp-content\/uploads\/2020\/12\/dabas-vide_1-300x195.jpg 300w\" sizes=\"(max-width: 353px) 100vw, 353px\" \/>Dievs rad\u012bja <strong><span style=\"color: #003300;\">Dabu<\/span> <\/strong>un <strong><span style=\"color: #003300;\">cilv\u0113ku<\/span> <\/strong>k\u0101 Dabas sast\u0101vda\u013cu. Bie\u017ei vien, cilv\u0113ks nodz\u012bvo savu m\u016b\u017eu, t\u0101 ar\u012b neapzinoties, ka vi\u0146\u0161 ir <strong><span style=\"color: #003300;\">da\u013ca no DABAS.<\/span><\/strong> Dab\u0101 viss ir <strong><span style=\"color: #003300;\">ritmiz\u0113ts<\/span><\/strong>, <strong><span style=\"color: #003300;\">struktur\u0113ts<\/span><\/strong>, gadalaiki seko cits citam noteikt\u0101 k\u0101rt\u012bb\u0101 \u2013 ziema, pavasaris, vasara, rudens un atkal ziema. Lai ieg\u016bt maizi, s\u0101kum\u0101 ir j\u0101ies\u0113j s\u0113kla, tad t\u0101 aug, p\u0101rv\u0113r\u0161oties par augu. Viss ir <strong><span style=\"color: #003300;\">ciklisks<\/span><\/strong>. Ar\u012b cilv\u0113ka dz\u012bve ir cikliska. <strong><span style=\"color: #003300;\">Cilv\u0113ka dz\u012bv\u0113<\/span> <\/strong>ar\u012b ir noteikts ritms \u2013 dzim\u0161ana, b\u0113rn\u012bba, jaun\u012bba, briedums, vecums, gals. K\u0101da b\u016bs dz\u012bve ir atkar\u012bgs no katra indiv\u012bda. K\u0101 to nodz\u012bvosi? Cik <strong><span style=\"color: #003300;\">kvalitat\u012bva<\/span> <\/strong>t\u0101 b\u016bs? Cik\u00a0 <strong><span style=\"color: #003300;\">sekm\u012bga<\/span> <\/strong>un <strong><span style=\"color: #003300;\">pies\u0101tin\u0101ta<\/span><\/strong>? Skrienot paka\u013c sapnim, aizmirstam apst\u0101ties un ieklaus\u012bties sev\u012b, pal\u016bkoties apk\u0101rt\u2026 Cik gan daudz <strong><span style=\"color: #003300;\">neparasta<\/span><\/strong>, <strong><span style=\"color: #003300;\">apbr\u012bnojama<\/span> <\/strong>var ieraudz\u012bt, ja skat\u0101s, saklaus\u012bt, ja klaus\u0101s, sajust, ja m\u0113\u0123ina sajust!<\/p>\n<h4 style=\"text-align: center;\">\u201e\u2026nu gatavie pumpuri pasaul\u0113 iziet<br \/>\ntie k\u013c\u016bst par lap\u0101m<br \/>\nkas v\u0113jam un lietav\u0101m sp\u012bt\u0113<br \/>\nkaut lapas v\u0113l za\u013cas<br \/>\nun nezin t\u0101s neko<br \/>\nt\u0101s sp\u012bt\u0113jot izslejas<br \/>\nun t\u0113lo nez ko\u2026\u201d<\/h4>\n<p style=\"text-align: right;\">https:\/\/www.dzejolis.lv\/par-dabu\/lapu-gads\/<\/p>\n<p><strong><span style=\"color: #003300;\">B\u0113rna psihes att\u012bst\u012bbas proces\u0101<\/span><\/strong> viena no galvenaj\u0101m lom\u0101m ir <strong><span style=\"color: #003300;\">saskarsmei<\/span> <\/strong>un <strong><span style=\"color: #003300;\">komunik\u0101cijai<\/span> <\/strong>starp b\u0113rnu un apk\u0101rt\u0113jo\u00a0 vidi, sabiedr\u012bbu. \u0160aj\u0101 saskarsmes proces\u0101 vi\u0146\u0161 tiek iesaist\u012bts jau ar pirmo elpas vilcienu \u2013 b\u016bdams viens no savas \u0123imenes locek\u013ciem. [<em>Landr\u0101te E., T\u016bbele S. Autisms un saskarsme. RaKa, R: 2011.]<\/em> <strong><span style=\"color: #003300;\">K\u0101 b\u0113rns uztvers pasauli<\/span><\/strong> ir atkar\u012bgs no \u0123imenes, apk\u0101rtnes. Man ir paveicies, jo esmu izjutusi gan dzestros vasaras r\u012btus, gan rudens miglaino piesk\u0101rienu, bridusi pa pe\u013c\u0137\u0113m, iekritusi l\u012bdz padus\u0113m snieg\u0101\u2026 Ta\u010du nekad nebiju aizdom\u0101jusies par to,<\/p>\n<h3 style=\"text-align: center;\"><strong><span style=\"color: #003300;\">ko es noz\u012bm\u0113ju dabai<\/span><\/strong><br \/>\nun ko<br \/>\n<strong><span style=\"color: #003300;\">daba noz\u012bm\u0113 man<\/span><\/strong>,<\/h3>\n<h4 style=\"text-align: center;\">l\u012bdz uzs\u0101ku m\u0101c\u012bties <strong><span style=\"color: #003300;\">izprast<\/span> <\/strong>Dabu, pateicoties <span style=\"color: #800000;\"><strong>Dabas vides est\u0113tikai<\/strong><\/span>.<\/h4>\n<p>Pirms <strong><span style=\"color: #800000;\">Dabas vides apm\u0101c\u012bbu<\/span><\/strong> s\u0101kuma nebiju aizdom\u0101jusies par to, ka DVE <strong><span style=\"color: #003300;\">at\u0161\u0137iras no cit\u0101m metod\u0113m<\/span><\/strong>, kur\u0101s tiek akcent\u0113ts darbs ar Dabas materi\u0101liem. Es k\u013c\u016bd\u012bjos, jo <strong><span style=\"color: #003300;\"><span style=\"color: #800000;\">DVE<\/span> m\u0101ca<\/span><\/strong>, ka Dabas materi\u0101li ir cien\u012bgi j\u0101izmanto un neizlietotais ir j\u0101atgrie\u017e tur, no kurienes n\u0101cis.<\/p>\n<div id='gallery-1' class='gallery galleryid-7688 gallery-columns-3 gallery-size-medium'><figure class='gallery-item'>\n\t\t\t<div class='gallery-icon portrait'>\n\t\t\t\t<a href='https:\/\/riac.lv\/wp-content\/uploads\/2020\/12\/dabas-vide_2.jpg'><img decoding=\"async\" width=\"300\" height=\"300\" src=\"https:\/\/riac.lv\/wp-content\/uploads\/2020\/12\/dabas-vide_2-300x300.jpg\" class=\"attachment-medium size-medium\" alt=\"\" srcset=\"https:\/\/riac.lv\/wp-content\/uploads\/2020\/12\/dabas-vide_2-300x300.jpg 300w, https:\/\/riac.lv\/wp-content\/uploads\/2020\/12\/dabas-vide_2-150x150.jpg 150w, https:\/\/riac.lv\/wp-content\/uploads\/2020\/12\/dabas-vide_2.jpg 303w\" sizes=\"(max-width: 300px) 100vw, 300px\" \/><\/a>\n\t\t\t<\/div><\/figure><figure class='gallery-item'>\n\t\t\t<div class='gallery-icon landscape'>\n\t\t\t\t<a href='https:\/\/riac.lv\/wp-content\/uploads\/2020\/12\/dabas-vide_3.jpg'><img decoding=\"async\" width=\"300\" height=\"278\" src=\"https:\/\/riac.lv\/wp-content\/uploads\/2020\/12\/dabas-vide_3-300x278.jpg\" class=\"attachment-medium size-medium\" alt=\"\" srcset=\"https:\/\/riac.lv\/wp-content\/uploads\/2020\/12\/dabas-vide_3-300x278.jpg 300w, https:\/\/riac.lv\/wp-content\/uploads\/2020\/12\/dabas-vide_3.jpg 333w\" sizes=\"(max-width: 300px) 100vw, 300px\" \/><\/a>\n\t\t\t<\/div><\/figure><figure class='gallery-item'>\n\t\t\t<div class='gallery-icon landscape'>\n\t\t\t\t<a href='https:\/\/riac.lv\/wp-content\/uploads\/2020\/12\/dabas-vide_4.jpg'><img loading=\"lazy\" decoding=\"async\" width=\"300\" height=\"288\" src=\"https:\/\/riac.lv\/wp-content\/uploads\/2020\/12\/dabas-vide_4-300x288.jpg\" class=\"attachment-medium size-medium\" alt=\"\" srcset=\"https:\/\/riac.lv\/wp-content\/uploads\/2020\/12\/dabas-vide_4-300x288.jpg 300w, https:\/\/riac.lv\/wp-content\/uploads\/2020\/12\/dabas-vide_4.jpg 389w\" sizes=\"(max-width: 300px) 100vw, 300px\" \/><\/a>\n\t\t\t<\/div><\/figure>\n\t\t<\/div>\n\n<p>M\u016bsu skol\u0101 ir <strong><span style=\"color: #800000;\">Dabas vides est\u0113tikas studija<\/span><\/strong>, kur\u0101 darbojamies ar b\u0113rniem gan ar <strong><span style=\"color: #003300;\">kr\u0101sainaj\u0101m smilt\u012bm<\/span><\/strong>, gan <strong><span style=\"color: #003300;\">augiem<\/span><\/strong>, <strong><span style=\"color: #003300;\">graudiem<\/span> <\/strong>un citiem <strong><span style=\"color: #003300;\">dabas materi\u0101liem<\/span><\/strong>. Sav\u0101 pedago\u0123iskaj\u0101 darb\u0101 esmu s\u0101kusi <strong><span style=\"color: #003300;\">pielietot<\/span> <span style=\"color: #800000;\">DVE<\/span> <span style=\"color: #003300;\">metodiku<\/span> <\/strong>darb\u0101 ar <strong><span style=\"color: #003300;\">b\u0113rniem ar GAT<\/span><\/strong>, ar\u012b organiz\u0113jot m\u0101c\u012bbu procesu. Protams, ka s\u0101ku str\u0101d\u0101t ar Dabas materi\u0101lu, kur\u0161 man ir vistuv\u0101kais \u2013 <strong><span style=\"color: #003300;\">graudi<\/span><\/strong>. Pied\u0101v\u0101jot darboties b\u0113rniem ar GAT ar graudiem, biju mazliet uztraukusies, jo nezin\u0101ju, k\u0101 vi\u0146i norea\u0123\u0113s uz manu pied\u0101v\u0101jumu. <strong><span style=\"color: #003300;\">Biju pat\u012bkami p\u0101rsteigta<\/span><\/strong>, jo b\u0113rni ar autismu, jau pirmaj\u0101 tik\u0161an\u0101s reiz\u0113 ar graudiem, pauda pozit\u012bvas emocijas (<strong><span style=\"color: #003300;\">Z\u0113ns, kur\u0161 nerun\u0101, izdvesa \u201eVAU\u201d! Tas bija pat\u012bkams p\u0101rsteigums<\/span><\/strong>.) B\u0113rni ar GAT, pateicoties paral\u0113lajam graudu k\u0101rtojumam, \u0101tri vien <strong><span style=\"color: #003300;\">iegaum\u0113ja t\u0101du j\u0113dzienu k\u0101 \u201eparal\u0113l\u0101s l\u012bnijas\u201d<\/span><\/strong>. Nekad nebiju aizdom\u0101jusies par to, ka Dabas materi\u0101lu izmanto\u0161ana pedago\u0123iskaj\u0101 proces\u0101 var b\u016bt tik <strong><span style=\"color: #003300;\">daudzveid\u012bga, sniegt pozit\u012bvu efektu!<\/span><\/strong> \u0160is laiks, ko esmu velt\u012bjusi DVE apguvei, ir <strong><span style=\"color: #003300;\">pilnveidojis mani k\u0101 speci\u0101listu<\/span><\/strong>, sniedzot jaunas idejas un iedvesmu turpm\u0101kajam darbam.<\/p>\n<div id='gallery-2' class='gallery galleryid-7688 gallery-columns-3 gallery-size-medium'><figure class='gallery-item'>\n\t\t\t<div class='gallery-icon portrait'>\n\t\t\t\t<a href='https:\/\/riac.lv\/wp-content\/uploads\/2020\/12\/dabas-vide_5.jpg'><img loading=\"lazy\" decoding=\"async\" width=\"249\" height=\"300\" src=\"https:\/\/riac.lv\/wp-content\/uploads\/2020\/12\/dabas-vide_5-249x300.jpg\" class=\"attachment-medium size-medium\" alt=\"\" srcset=\"https:\/\/riac.lv\/wp-content\/uploads\/2020\/12\/dabas-vide_5-249x300.jpg 249w, https:\/\/riac.lv\/wp-content\/uploads\/2020\/12\/dabas-vide_5.jpg 378w\" sizes=\"(max-width: 249px) 100vw, 249px\" \/><\/a>\n\t\t\t<\/div><\/figure><figure class='gallery-item'>\n\t\t\t<div class='gallery-icon landscape'>\n\t\t\t\t<a href='https:\/\/riac.lv\/wp-content\/uploads\/2020\/12\/dabas-vide_6.jpg'><img loading=\"lazy\" decoding=\"async\" width=\"300\" height=\"245\" src=\"https:\/\/riac.lv\/wp-content\/uploads\/2020\/12\/dabas-vide_6-300x245.jpg\" class=\"attachment-medium size-medium\" alt=\"\" srcset=\"https:\/\/riac.lv\/wp-content\/uploads\/2020\/12\/dabas-vide_6-300x245.jpg 300w, https:\/\/riac.lv\/wp-content\/uploads\/2020\/12\/dabas-vide_6.jpg 422w\" sizes=\"(max-width: 300px) 100vw, 300px\" \/><\/a>\n\t\t\t<\/div><\/figure><figure class='gallery-item'>\n\t\t\t<div class='gallery-icon portrait'>\n\t\t\t\t<a href='https:\/\/riac.lv\/wp-content\/uploads\/2020\/12\/dabas-vide_7.jpg'><img loading=\"lazy\" decoding=\"async\" width=\"285\" height=\"300\" src=\"https:\/\/riac.lv\/wp-content\/uploads\/2020\/12\/dabas-vide_7-285x300.jpg\" class=\"attachment-medium size-medium\" alt=\"\" srcset=\"https:\/\/riac.lv\/wp-content\/uploads\/2020\/12\/dabas-vide_7-285x300.jpg 285w, https:\/\/riac.lv\/wp-content\/uploads\/2020\/12\/dabas-vide_7.jpg 446w\" sizes=\"(max-width: 285px) 100vw, 285px\" \/><\/a>\n\t\t\t<\/div><\/figure>\n\t\t<\/div>\n\n<p style=\"text-align: right;\">Dabas vides est\u0113tikas studijas vad\u012bt\u0101ja <strong><span style=\"color: #003300;\">A\u013cona Vi\u013cuma\u00a0<\/span><\/strong><\/p>\n<p>&nbsp;<\/p>\n","protected":false},"excerpt":{"rendered":"<p>\u201eT\u0101pat k\u0101 cilv\u0113kam ir j\u0101r\u016bp\u0113jas par dabu, ar\u012b dabai j\u0101r\u016bp\u0113jas par cilv\u0113ku, sniedzot emocion\u0101lo patv\u0113rumu, uzturu, \u0101rst\u0113jot un \u013caujot cilv\u0113kam iepaz\u012bt \u00a0dz\u012bves formu, kas br\u012bva&hellip;<\/p>\n","protected":false},"author":1,"featured_media":0,"parent":0,"menu_order":0,"comment_status":"closed","ping_status":"closed","template":"","meta":{"footnotes":""},"class_list":["post-7688","page","type-page","status-publish","hentry"],"_links":{"self":[{"href":"https:\/\/riac.lv\/index.php?rest_route=\/wp\/v2\/pages\/7688","targetHints":{"allow":["GET"]}}],"collection":[{"href":"https:\/\/riac.lv\/index.php?rest_route=\/wp\/v2\/pages"}],"about":[{"href":"https:\/\/riac.lv\/index.php?rest_route=\/wp\/v2\/types\/page"}],"author":[{"embeddable":true,"href":"https:\/\/riac.lv\/index.php?rest_route=\/wp\/v2\/users\/1"}],"replies":[{"embeddable":true,"href":"https:\/\/riac.lv\/index.php?rest_route=%2Fwp%2Fv2%2Fcomments&post=7688"}],"version-history":[{"count":6,"href":"https:\/\/riac.lv\/index.php?rest_route=\/wp\/v2\/pages\/7688\/revisions"}],"predecessor-version":[{"id":10931,"href":"https:\/\/riac.lv\/index.php?rest_route=\/wp\/v2\/pages\/7688\/revisions\/10931"}],"wp:attachment":[{"href":"https:\/\/riac.lv\/index.php?rest_route=%2Fwp%2Fv2%2Fmedia&parent=7688"}],"curies":[{"name":"wp","href":"https:\/\/api.w.org\/{rel}","templated":true}]}}