{"id":8929,"date":"2021-06-03T11:06:26","date_gmt":"2021-06-03T08:06:26","guid":{"rendered":"http:\/\/riac.lv\/?page_id=8929"},"modified":"2021-11-08T09:59:12","modified_gmt":"2021-11-08T07:59:12","slug":"pumpurs-projekti","status":"publish","type":"page","link":"https:\/\/riac.lv\/?page_id=8929","title":{"rendered":"&#8220;Pumpurs&#8221; projekti"},"content":{"rendered":"\t\t<div data-elementor-type=\"wp-page\" data-elementor-id=\"8929\" class=\"elementor elementor-8929\">\n\t\t\t\t\t\t<section data-particle_enable=\"false\" data-particle-mobile-disabled=\"false\" class=\"elementor-section elementor-top-section elementor-element elementor-element-5f247ed elementor-section-boxed elementor-section-height-default elementor-section-height-default\" data-id=\"5f247ed\" data-element_type=\"section\" data-e-type=\"section\">\n\t\t\t\t\t\t<div class=\"elementor-container elementor-column-gap-default\">\n\t\t\t\t\t<div class=\"elementor-column elementor-col-100 elementor-top-column elementor-element elementor-element-e0157a1\" data-id=\"e0157a1\" data-element_type=\"column\" data-e-type=\"column\">\n\t\t\t<div class=\"elementor-widget-wrap elementor-element-populated\">\n\t\t\t\t\t\t<div class=\"elementor-element elementor-element-2b4a912 elementor-widget elementor-widget-image-gallery\" data-id=\"2b4a912\" data-element_type=\"widget\" data-e-type=\"widget\" data-widget_type=\"image-gallery.default\">\n\t\t\t\t\t\t\t<div class=\"elementor-image-gallery\">\n\t\t\t<div id='gallery-1' class='gallery galleryid-8929 gallery-columns-1 gallery-size-medium'><figure class='gallery-item'>\n\t\t\t<div class='gallery-icon landscape'>\n\t\t\t\t<a data-elementor-open-lightbox=\"yes\" data-elementor-lightbox-slideshow=\"2b4a912\" data-e-action-hash=\"#elementor-action%3Aaction%3Dlightbox%26settings%3DeyJpZCI6ODc3MCwidXJsIjoiaHR0cHM6XC9cL3JpYWMubHZcL3dwLWNvbnRlbnRcL3VwbG9hZHNcLzIwMjFcLzA1XC9MVl9JRF9FVV9sb2dvX2Fuc2FtYmxpc19FU0ZfbWF6YWlzLmpwZyIsInNsaWRlc2hvdyI6IjJiNGE5MTIifQ%3D%3D\" href='https:\/\/riac.lv\/wp-content\/uploads\/2021\/05\/LV_ID_EU_logo_ansamblis_ESF_mazais.jpg'><img decoding=\"async\" width=\"300\" height=\"82\" src=\"https:\/\/riac.lv\/wp-content\/uploads\/2021\/05\/LV_ID_EU_logo_ansamblis_ESF_mazais-300x82.jpg\" class=\"attachment-medium size-medium\" alt=\"\" srcset=\"https:\/\/riac.lv\/wp-content\/uploads\/2021\/05\/LV_ID_EU_logo_ansamblis_ESF_mazais-300x82.jpg 300w, https:\/\/riac.lv\/wp-content\/uploads\/2021\/05\/LV_ID_EU_logo_ansamblis_ESF_mazais.jpg 578w\" sizes=\"(max-width: 300px) 100vw, 300px\" \/><\/a>\n\t\t\t<\/div><\/figure>\n\t\t<\/div>\n\t\t<\/div>\n\t\t\t\t\t\t<\/div>\n\t\t\t\t\t<\/div>\n\t\t<\/div>\n\t\t\t\t\t<\/div>\n\t\t<\/section>\n\t\t\t\t<section data-particle_enable=\"false\" data-particle-mobile-disabled=\"false\" class=\"elementor-section elementor-top-section elementor-element elementor-element-cac8d86 elementor-section-boxed elementor-section-height-default elementor-section-height-default\" data-id=\"cac8d86\" data-element_type=\"section\" data-e-type=\"section\">\n\t\t\t\t\t\t<div class=\"elementor-container elementor-column-gap-default\">\n\t\t\t\t\t<div class=\"elementor-column elementor-col-100 elementor-top-column elementor-element elementor-element-e99ed03\" data-id=\"e99ed03\" data-element_type=\"column\" data-e-type=\"column\">\n\t\t\t<div class=\"elementor-widget-wrap elementor-element-populated\">\n\t\t\t\t\t\t<div class=\"elementor-element elementor-element-9d3a5f7 elementor-widget elementor-widget-text-editor\" data-id=\"9d3a5f7\" data-element_type=\"widget\" data-e-type=\"widget\" data-widget_type=\"text-editor.default\">\n\t\t\t\t\t\t\t\t\t<h4><strong>Biedr\u012bba &#8220;E\u0146\u0123e\u013ci ar mums&#8221; realiz\u0113ja projektu &#8220;Pasaule ap mums&#8221;, kura aktivit\u0101t\u0113s iesaist\u012bj\u0101s RPAC skol\u0113ni kop\u0101 ar soci\u0101lo pedagogu Viktoriju Kamenovu. Projekts ir nosl\u0113dzies, bet tas devis daudz pozit\u012bvu emociju, ieg\u016btu zin\u0101\u0161anu un jauku atmi\u0146u!<\/strong><\/h4><p>\u201cProjekts tiek \u012bstenots Izgl\u012bt\u012bbas un zin\u0101tnes ministrijas Jaunatnes politikas valsts programmas 2020.gadam valsts bud\u017eeta finans\u0113juma ietvaros.\u201d Atsauce uz rakstu:\u00a0<a href=\"https:\/\/www.facebook.com\/permalink.php?story_fbid=415279936500775&amp;id=109427143752724\" target=\"_blank\" rel=\"noopener\">Facebook<\/a><\/p>\t\t\t\t\t\t\t\t<\/div>\n\t\t\t\t\t<\/div>\n\t\t<\/div>\n\t\t\t\t\t<\/div>\n\t\t<\/section>\n\t\t\t\t<section data-particle_enable=\"false\" data-particle-mobile-disabled=\"false\" class=\"elementor-section elementor-top-section elementor-element elementor-element-c45a4b9 elementor-section-boxed elementor-section-height-default elementor-section-height-default\" data-id=\"c45a4b9\" data-element_type=\"section\" data-e-type=\"section\">\n\t\t\t\t\t\t<div class=\"elementor-container elementor-column-gap-default\">\n\t\t\t\t\t<div class=\"elementor-column elementor-col-100 elementor-top-column elementor-element elementor-element-22f0dcd\" data-id=\"22f0dcd\" data-element_type=\"column\" data-e-type=\"column\">\n\t\t\t<div class=\"elementor-widget-wrap elementor-element-populated\">\n\t\t\t\t\t\t<div class=\"elementor-element elementor-element-5063fce elementor-widget elementor-widget-spacer\" data-id=\"5063fce\" data-element_type=\"widget\" data-e-type=\"widget\" data-widget_type=\"spacer.default\">\n\t\t\t\t\t\t\t<div class=\"elementor-spacer\">\n\t\t\t<div class=\"elementor-spacer-inner\"><\/div>\n\t\t<\/div>\n\t\t\t\t\t\t<\/div>\n\t\t\t\t\t<\/div>\n\t\t<\/div>\n\t\t\t\t\t<\/div>\n\t\t<\/section>\n\t\t\t\t<section data-particle_enable=\"false\" data-particle-mobile-disabled=\"false\" class=\"elementor-section elementor-top-section elementor-element elementor-element-8c0ebd5 elementor-section-boxed elementor-section-height-default elementor-section-height-default\" data-id=\"8c0ebd5\" data-element_type=\"section\" data-e-type=\"section\">\n\t\t\t\t\t\t<div class=\"elementor-container elementor-column-gap-default\">\n\t\t\t\t\t<div class=\"elementor-column elementor-col-100 elementor-top-column elementor-element elementor-element-cd3de05\" data-id=\"cd3de05\" data-element_type=\"column\" data-e-type=\"column\">\n\t\t\t<div class=\"elementor-widget-wrap elementor-element-populated\">\n\t\t\t\t\t\t<div class=\"elementor-element elementor-element-12715ca elementor-widget elementor-widget-image-gallery\" data-id=\"12715ca\" data-element_type=\"widget\" data-e-type=\"widget\" data-widget_type=\"image-gallery.default\">\n\t\t\t\t\t\t\t<div class=\"elementor-image-gallery\">\n\t\t\t<div id='gallery-2' class='gallery galleryid-8929 gallery-columns-2 gallery-size-medium'><figure class='gallery-item'>\n\t\t\t<div class='gallery-icon landscape'>\n\t\t\t\t<a data-elementor-open-lightbox=\"yes\" data-elementor-lightbox-slideshow=\"12715ca\" data-e-action-hash=\"#elementor-action%3Aaction%3Dlightbox%26settings%3DeyJpZCI6ODc3MSwidXJsIjoiaHR0cHM6XC9cL3JpYWMubHZcL3dwLWNvbnRlbnRcL3VwbG9hZHNcLzIwMjFcLzA1XC9wdW1wdXJzX21pZGlfMi5wbmciLCJzbGlkZXNob3ciOiIxMjcxNWNhIn0%3D\" href='https:\/\/riac.lv\/wp-content\/uploads\/2021\/05\/pumpurs_midi_2.png'><img decoding=\"async\" width=\"226\" height=\"101\" src=\"https:\/\/riac.lv\/wp-content\/uploads\/2021\/05\/pumpurs_midi_2.png\" class=\"attachment-medium size-medium\" alt=\"\" \/><\/a>\n\t\t\t<\/div><\/figure><figure class='gallery-item'>\n\t\t\t<div class='gallery-icon landscape'>\n\t\t\t\t<a data-elementor-open-lightbox=\"yes\" data-elementor-lightbox-slideshow=\"12715ca\" data-e-action-hash=\"#elementor-action%3Aaction%3Dlightbox%26settings%3DeyJpZCI6ODc3MCwidXJsIjoiaHR0cHM6XC9cL3JpYWMubHZcL3dwLWNvbnRlbnRcL3VwbG9hZHNcLzIwMjFcLzA1XC9MVl9JRF9FVV9sb2dvX2Fuc2FtYmxpc19FU0ZfbWF6YWlzLmpwZyIsInNsaWRlc2hvdyI6IjEyNzE1Y2EifQ%3D%3D\" href='https:\/\/riac.lv\/wp-content\/uploads\/2021\/05\/LV_ID_EU_logo_ansamblis_ESF_mazais.jpg'><img decoding=\"async\" width=\"300\" height=\"82\" src=\"https:\/\/riac.lv\/wp-content\/uploads\/2021\/05\/LV_ID_EU_logo_ansamblis_ESF_mazais-300x82.jpg\" class=\"attachment-medium size-medium\" alt=\"\" srcset=\"https:\/\/riac.lv\/wp-content\/uploads\/2021\/05\/LV_ID_EU_logo_ansamblis_ESF_mazais-300x82.jpg 300w, https:\/\/riac.lv\/wp-content\/uploads\/2021\/05\/LV_ID_EU_logo_ansamblis_ESF_mazais.jpg 578w\" sizes=\"(max-width: 300px) 100vw, 300px\" \/><\/a>\n\t\t\t<\/div><\/figure>\n\t\t<\/div>\n\t\t<\/div>\n\t\t\t\t\t\t<\/div>\n\t\t\t\t\t<\/div>\n\t\t<\/div>\n\t\t\t\t\t<\/div>\n\t\t<\/section>\n\t\t\t\t<section data-particle_enable=\"false\" data-particle-mobile-disabled=\"false\" class=\"elementor-section elementor-top-section elementor-element elementor-element-db145b6 elementor-section-boxed elementor-section-height-default elementor-section-height-default\" data-id=\"db145b6\" data-element_type=\"section\" data-e-type=\"section\">\n\t\t\t\t\t\t<div class=\"elementor-container elementor-column-gap-default\">\n\t\t\t\t\t<div class=\"elementor-column elementor-col-100 elementor-top-column elementor-element elementor-element-5dd69b3\" data-id=\"5dd69b3\" data-element_type=\"column\" data-e-type=\"column\">\n\t\t\t<div class=\"elementor-widget-wrap elementor-element-populated\">\n\t\t\t\t\t\t<div class=\"elementor-element elementor-element-4279a58 elementor-widget elementor-widget-text-editor\" data-id=\"4279a58\" data-element_type=\"widget\" data-e-type=\"widget\" data-widget_type=\"text-editor.default\">\n\t\t\t\t\t\t\t\t\t<h4><strong>RPAC iesaist\u0101s biedr\u012bbas \u201cE\u0146\u0123e\u013ci ar mums\u201d realiz\u0113taj\u0101 projekt\u0101 <\/strong><strong>\u201cPiedz\u012bvojums ikvienam!\u201d<\/strong><\/h4>\t\t\t\t\t\t\t\t<\/div>\n\t\t\t\t\t<\/div>\n\t\t<\/div>\n\t\t\t\t\t<\/div>\n\t\t<\/section>\n\t\t\t\t<section data-particle_enable=\"false\" data-particle-mobile-disabled=\"false\" class=\"elementor-section elementor-top-section elementor-element elementor-element-199a4d2 elementor-section-boxed elementor-section-height-default elementor-section-height-default\" data-id=\"199a4d2\" data-element_type=\"section\" data-e-type=\"section\">\n\t\t\t\t\t\t<div class=\"elementor-container elementor-column-gap-default\">\n\t\t\t\t\t<div class=\"elementor-column elementor-col-100 elementor-top-column elementor-element elementor-element-135cc3c\" data-id=\"135cc3c\" data-element_type=\"column\" data-e-type=\"column\">\n\t\t\t<div class=\"elementor-widget-wrap elementor-element-populated\">\n\t\t\t\t\t\t<div class=\"elementor-element elementor-element-4f43588 elementor-widget elementor-widget-text-editor\" data-id=\"4f43588\" data-element_type=\"widget\" data-e-type=\"widget\" data-widget_type=\"text-editor.default\">\n\t\t\t\t\t\t\t\t\t<p>26.apr\u012bl\u012b nosl\u0113dz\u0101s foto akcija \u201cDz\u012bvoju vesel\u012bgi\u201d. Akcija notika jaunatnes iniciat\u012bvas projekta \u201cPiedz\u012bvojums ikvienam!\u201d ietvaros. Kop\u0101 tika ies\u016bt\u012btas vair\u0101k nek\u0101 40 fotogr\u0101fijas. <strong>Viens no akcijas 3 uzvar\u0113t\u0101jiem bija ar\u012b&nbsp;R\u0113zeknes pamatskolas \u2013 att\u012bst\u012bbas centra 5\/6 A.B klase!&nbsp;<\/strong>Katrs no dal\u012bbniekiem sa\u0146\u0113ma pateic\u012bbas un veicin\u0101\u0161anas balvas, kuras var\u0113s turpm\u0101k izmantot da\u017e\u0101d\u0101m sportisk\u0101m aktivit\u0101t\u0113m!&nbsp;<\/p>\t\t\t\t\t\t\t\t<\/div>\n\t\t\t\t\t<\/div>\n\t\t<\/div>\n\t\t\t\t\t<\/div>\n\t\t<\/section>\n\t\t\t\t<section data-particle_enable=\"false\" data-particle-mobile-disabled=\"false\" class=\"elementor-section elementor-top-section elementor-element elementor-element-ac45df0 elementor-section-boxed elementor-section-height-default elementor-section-height-default\" data-id=\"ac45df0\" data-element_type=\"section\" data-e-type=\"section\">\n\t\t\t\t\t\t<div class=\"elementor-container elementor-column-gap-default\">\n\t\t\t\t\t<div class=\"elementor-column elementor-col-100 elementor-top-column elementor-element elementor-element-4fcea33\" data-id=\"4fcea33\" data-element_type=\"column\" data-e-type=\"column\">\n\t\t\t<div class=\"elementor-widget-wrap elementor-element-populated\">\n\t\t\t\t\t\t<div class=\"elementor-element elementor-element-30f619a elementor-widget elementor-widget-image-gallery\" data-id=\"30f619a\" data-element_type=\"widget\" data-e-type=\"widget\" data-widget_type=\"image-gallery.default\">\n\t\t\t\t\t\t\t<div class=\"elementor-image-gallery\">\n\t\t\t<div id='gallery-3' class='gallery galleryid-8929 gallery-columns-2 gallery-size-medium'><figure class='gallery-item'>\n\t\t\t<div class='gallery-icon landscape'>\n\t\t\t\t<a data-elementor-open-lightbox=\"yes\" data-elementor-lightbox-slideshow=\"30f619a\" data-e-action-hash=\"#elementor-action%3Aaction%3Dlightbox%26settings%3DeyJpZCI6OTgxMywidXJsIjoiaHR0cHM6XC9cL3JpYWMubHZcL3dwLWNvbnRlbnRcL3VwbG9hZHNcLzIwMjFcLzExXC8xNzk0NzMyNTFfNTEzMjI1NTI2NzA2MjE1XzU0NTk5ODQ2ODI2NDY2ODE0NzZfbi0zMDB4MTY5LTEuanBnIiwic2xpZGVzaG93IjoiMzBmNjE5YSJ9\" href='https:\/\/riac.lv\/wp-content\/uploads\/2021\/11\/179473251_513225526706215_5459984682646681476_n-300x169-1.jpg'><img fetchpriority=\"high\" decoding=\"async\" width=\"300\" height=\"169\" src=\"https:\/\/riac.lv\/wp-content\/uploads\/2021\/11\/179473251_513225526706215_5459984682646681476_n-300x169-1.jpg\" class=\"attachment-medium size-medium\" alt=\"\" \/><\/a>\n\t\t\t<\/div><\/figure><figure class='gallery-item'>\n\t\t\t<div class='gallery-icon landscape'>\n\t\t\t\t<a data-elementor-open-lightbox=\"yes\" data-elementor-lightbox-slideshow=\"30f619a\" data-e-action-hash=\"#elementor-action%3Aaction%3Dlightbox%26settings%3DeyJpZCI6OTgxNCwidXJsIjoiaHR0cHM6XC9cL3JpYWMubHZcL3dwLWNvbnRlbnRcL3VwbG9hZHNcLzIwMjFcLzExXC8xNzk4MjA1NDFfNTEzMjI1NTgwMDM5NTQzXzc4NTkwMjUzNDAzOTExNzgwNF9uLTMwMHgxNjktMS5qcGciLCJzbGlkZXNob3ciOiIzMGY2MTlhIn0%3D\" href='https:\/\/riac.lv\/wp-content\/uploads\/2021\/11\/179820541_513225580039543_785902534039117804_n-300x169-1.jpg'><img loading=\"lazy\" decoding=\"async\" width=\"300\" height=\"169\" src=\"https:\/\/riac.lv\/wp-content\/uploads\/2021\/11\/179820541_513225580039543_785902534039117804_n-300x169-1.jpg\" class=\"attachment-medium size-medium\" alt=\"\" \/><\/a>\n\t\t\t<\/div><\/figure>\n\t\t<\/div>\n\t\t<\/div>\n\t\t\t\t\t\t<\/div>\n\t\t\t\t\t<\/div>\n\t\t<\/div>\n\t\t\t\t\t<\/div>\n\t\t<\/section>\n\t\t\t\t<section data-particle_enable=\"false\" data-particle-mobile-disabled=\"false\" class=\"elementor-section elementor-top-section elementor-element elementor-element-ee1589c elementor-section-boxed elementor-section-height-default elementor-section-height-default\" data-id=\"ee1589c\" data-element_type=\"section\" data-e-type=\"section\">\n\t\t\t\t\t\t<div class=\"elementor-container elementor-column-gap-default\">\n\t\t\t\t\t<div class=\"elementor-column elementor-col-50 elementor-top-column elementor-element elementor-element-2e7b765\" data-id=\"2e7b765\" data-element_type=\"column\" data-e-type=\"column\">\n\t\t\t<div class=\"elementor-widget-wrap elementor-element-populated\">\n\t\t\t\t\t\t<div class=\"elementor-element elementor-element-8259802 elementor-widget elementor-widget-text-editor\" data-id=\"8259802\" data-element_type=\"widget\" data-e-type=\"widget\" data-widget_type=\"text-editor.default\">\n\t\t\t\t\t\t\t\t\t<p>\u00a0\u201c\u0160o jaunatnes iniciat\u012bvas projektu piln\u012bb\u0101 finans\u0113 Eiropas Soci\u0101l\u0101 fonda projekts &#8220;Atbalsts priek\u0161laic\u012bgas m\u0101c\u012bbu p\u0101rtrauk\u0161anas samazin\u0101\u0161anai\u201d (PuMPuRS).\u201dAtsauce uz rakstu:\u00a0\u00a0<a href=\"https:\/\/m.facebook.com\/permalink.php?story_fbid=513226356706132&amp;id=109427143752724&amp;_rdr\" target=\"_blank\" rel=\"noopener\">Facebook<\/a><\/p>\t\t\t\t\t\t\t\t<\/div>\n\t\t\t\t\t<\/div>\n\t\t<\/div>\n\t\t\t\t<div class=\"elementor-column elementor-col-50 elementor-top-column elementor-element elementor-element-be9820f\" data-id=\"be9820f\" data-element_type=\"column\" data-e-type=\"column\">\n\t\t\t<div class=\"elementor-widget-wrap elementor-element-populated\">\n\t\t\t\t\t\t<div class=\"elementor-element elementor-element-a965092 elementor-widget elementor-widget-text-editor\" data-id=\"a965092\" data-element_type=\"widget\" data-e-type=\"widget\" data-widget_type=\"text-editor.default\">\n\t\t\t\t\t\t\t\t\t<p>Papildus individu\u0101lajam atbalstam, ko sa\u0146em skol\u0113ni projekta PuMPuRS ietvaros, tiek atbalst\u012bti ar\u012b jaunie\u0161u iniciat\u012bvu projekti, lai veicin\u0101tu atbalsta aktivit\u0101tes jaunie\u0161u vid\u016b ar\u012b \u0101rpus form\u0101l\u0101s izgl\u012bt\u012bbas. Projekti ir\u00a0v\u0113rsti uz priek\u0161laic\u012bgas m\u0101c\u012bbu p\u0101rtrauk\u0161anas riska grupas izgl\u012btojamo motiv\u0101cijas palielin\u0101\u0161anu, turpinot izgl\u012bt\u012bbu un vi\u0146u akt\u012bvas l\u012bdzdal\u012bbas veicin\u0101\u0161anu ikdienas dz\u012bv\u0113, k\u0101 ar\u012b iesaist\u012b\u0161anu jaunie\u0161u aktivit\u0101t\u0113s un jaunatnes iniciat\u012bvu projektos \u0101rpus form\u0101l\u0101s izgl\u012bt\u012bbas.<\/p>\t\t\t\t\t\t\t\t<\/div>\n\t\t\t\t\t<\/div>\n\t\t<\/div>\n\t\t\t\t\t<\/div>\n\t\t<\/section>\n\t\t\t\t<section data-particle_enable=\"false\" data-particle-mobile-disabled=\"false\" class=\"elementor-section elementor-top-section elementor-element elementor-element-a36dae2 elementor-section-boxed elementor-section-height-default elementor-section-height-default\" data-id=\"a36dae2\" data-element_type=\"section\" data-e-type=\"section\">\n\t\t\t\t\t\t<div class=\"elementor-container elementor-column-gap-default\">\n\t\t\t\t\t<div class=\"elementor-column elementor-col-100 elementor-top-column elementor-element elementor-element-864bc78\" data-id=\"864bc78\" data-element_type=\"column\" data-e-type=\"column\">\n\t\t\t<div class=\"elementor-widget-wrap elementor-element-populated\">\n\t\t\t\t\t\t<div class=\"elementor-element elementor-element-716046a elementor-widget elementor-widget-spacer\" data-id=\"716046a\" data-element_type=\"widget\" data-e-type=\"widget\" data-widget_type=\"spacer.default\">\n\t\t\t\t\t\t\t<div class=\"elementor-spacer\">\n\t\t\t<div class=\"elementor-spacer-inner\"><\/div>\n\t\t<\/div>\n\t\t\t\t\t\t<\/div>\n\t\t\t\t\t<\/div>\n\t\t<\/div>\n\t\t\t\t\t<\/div>\n\t\t<\/section>\n\t\t\t\t<section data-particle_enable=\"false\" data-particle-mobile-disabled=\"false\" class=\"elementor-section elementor-top-section elementor-element elementor-element-f428180 elementor-section-boxed elementor-section-height-default elementor-section-height-default\" data-id=\"f428180\" data-element_type=\"section\" data-e-type=\"section\">\n\t\t\t\t\t\t<div class=\"elementor-container elementor-column-gap-default\">\n\t\t\t\t\t<div class=\"elementor-column elementor-col-100 elementor-top-column elementor-element elementor-element-65728dc\" data-id=\"65728dc\" data-element_type=\"column\" data-e-type=\"column\">\n\t\t\t<div class=\"elementor-widget-wrap elementor-element-populated\">\n\t\t\t\t\t\t<div class=\"elementor-element elementor-element-16cfa30 elementor-widget elementor-widget-text-editor\" data-id=\"16cfa30\" data-element_type=\"widget\" data-e-type=\"widget\" data-widget_type=\"text-editor.default\">\n\t\t\t\t\t\t\t\t\t<h4><strong>Biedr\u012bba \u201c E\u0146\u0123e\u013ci ar mums\u201d ir ieguvusi finans\u0113jumu, lai realiz\u0113tu projektu <\/strong><strong>\u201c Esi atv\u0113rts pasaulei!\u201d<\/strong><\/h4>\t\t\t\t\t\t\t\t<\/div>\n\t\t\t\t\t<\/div>\n\t\t<\/div>\n\t\t\t\t\t<\/div>\n\t\t<\/section>\n\t\t\t\t<section data-particle_enable=\"false\" data-particle-mobile-disabled=\"false\" class=\"elementor-section elementor-top-section elementor-element elementor-element-34b9e28 elementor-section-boxed elementor-section-height-default elementor-section-height-default\" data-id=\"34b9e28\" data-element_type=\"section\" data-e-type=\"section\">\n\t\t\t\t\t\t<div class=\"elementor-container elementor-column-gap-default\">\n\t\t\t\t\t<div class=\"elementor-column elementor-col-100 elementor-top-column elementor-element elementor-element-7a2a036\" data-id=\"7a2a036\" data-element_type=\"column\" data-e-type=\"column\">\n\t\t\t<div class=\"elementor-widget-wrap elementor-element-populated\">\n\t\t\t\t\t\t<div class=\"elementor-element elementor-element-dfb47d2 elementor-widget elementor-widget-text-editor\" data-id=\"dfb47d2\" data-element_type=\"widget\" data-e-type=\"widget\" data-widget_type=\"text-editor.default\">\n\t\t\t\t\t\t\t\t\t<p>Projekta aktivit\u0101\u0161u realiz\u0101cijas partneris ir R\u0113zeknes pamatskola &#8211; att\u012bst\u012bbas centrs.<\/p><p><strong>Projekta ietvaros tiks organiz\u0113tas\u00a0 da\u017e\u0101da veida aktivit\u0101tes :<\/strong><\/p><ul><li>&#8220;Iepaz\u012bsimies un pl\u0101nosim kop\u0101\u201d;<\/li><li>&#8220;Kulin\u0101rijas meistarklase\u201d;<\/li><li>&#8220;Vesel\u012bgs \u0113diens ikvienam \u201c;<\/li><li>\u0100r\u0101 neform\u0101lais piedz\u012bvojumu brauciens;<\/li><li>Rado\u0161as meistarklases \u2013 \u201d Videi draudz\u012bgs dz\u012bvesveids\u201d, &#8220;Digit\u0101l\u0101 meistarklase \u201d, &#8220;Foto un video m\u0101ksla\u201d;<\/li><li>Neform\u0101l\u0101 nodarb\u012bba \u201d Manas stipr\u0101s puses\u201d.<\/li><\/ul><p>Atsauce uz rakstu:\u00a0<a href=\"http:\/\/zeimuls.lv\/news\/nosledzies-pumpurs-projektu-konkurss\/?fbclid=IwAR3_0LQh9OO8kzQ8vTOxlo5WZz4oNMohqbjBX9yKSv8IYHs8h474fCeOL0I\" target=\"_blank\" rel=\"noopener\">Zeimu\u013cs<\/a><\/p><p>Projekta kontaktpersona Eleonora Ivanova<\/p>\t\t\t\t\t\t\t\t<\/div>\n\t\t\t\t\t<\/div>\n\t\t<\/div>\n\t\t\t\t\t<\/div>\n\t\t<\/section>\n\t\t\t\t<\/div>\n\t\t","protected":false},"excerpt":{"rendered":"<p>Biedr\u012bba &#8220;E\u0146\u0123e\u013ci ar mums&#8221; realiz\u0113ja projektu &#8220;Pasaule ap mums&#8221;, kura aktivit\u0101t\u0113s iesaist\u012bj\u0101s RPAC skol\u0113ni kop\u0101 ar soci\u0101lo pedagogu Viktoriju Kamenovu. Projekts ir nosl\u0113dzies, bet tas&hellip;<\/p>\n","protected":false},"author":1,"featured_media":0,"parent":0,"menu_order":0,"comment_status":"closed","ping_status":"closed","template":"","meta":{"footnotes":""},"class_list":["post-8929","page","type-page","status-publish","hentry"],"_links":{"self":[{"href":"https:\/\/riac.lv\/index.php?rest_route=\/wp\/v2\/pages\/8929","targetHints":{"allow":["GET"]}}],"collection":[{"href":"https:\/\/riac.lv\/index.php?rest_route=\/wp\/v2\/pages"}],"about":[{"href":"https:\/\/riac.lv\/index.php?rest_route=\/wp\/v2\/types\/page"}],"author":[{"embeddable":true,"href":"https:\/\/riac.lv\/index.php?rest_route=\/wp\/v2\/users\/1"}],"replies":[{"embeddable":true,"href":"https:\/\/riac.lv\/index.php?rest_route=%2Fwp%2Fv2%2Fcomments&post=8929"}],"version-history":[{"count":55,"href":"https:\/\/riac.lv\/index.php?rest_route=\/wp\/v2\/pages\/8929\/revisions"}],"predecessor-version":[{"id":9841,"href":"https:\/\/riac.lv\/index.php?rest_route=\/wp\/v2\/pages\/8929\/revisions\/9841"}],"wp:attachment":[{"href":"https:\/\/riac.lv\/index.php?rest_route=%2Fwp%2Fv2%2Fmedia&parent=8929"}],"curies":[{"name":"wp","href":"https:\/\/api.w.org\/{rel}","templated":true}]}}