{"id":8944,"date":"2021-06-03T11:15:41","date_gmt":"2021-06-03T08:15:41","guid":{"rendered":"http:\/\/riac.lv\/?page_id=8944"},"modified":"2023-09-06T13:53:34","modified_gmt":"2023-09-06T10:53:34","slug":"apmacibu-projekti","status":"publish","type":"page","link":"https:\/\/riac.lv\/?page_id=8944","title":{"rendered":"Apm\u0101c\u012bbu projekti"},"content":{"rendered":"\t\t<div data-elementor-type=\"wp-page\" data-elementor-id=\"8944\" class=\"elementor elementor-8944\">\n\t\t\t\t<div data-particle_enable=\"false\" data-particle-mobile-disabled=\"false\" class=\"elementor-element elementor-element-5cedfccc e-flex e-con-boxed e-con e-parent\" data-id=\"5cedfccc\" data-element_type=\"container\" data-e-type=\"container\">\n\t\t\t\t\t<div class=\"e-con-inner\">\n\t\t\t\t<div class=\"elementor-element elementor-element-3e01edb3 elementor-widget elementor-widget-text-editor\" data-id=\"3e01edb3\" data-element_type=\"widget\" data-e-type=\"widget\" data-widget_type=\"text-editor.default\">\n\t\t\t\t\t\t\t\t\t<p>AS \u00abLatvijas valsts me\u017ei\u00bb Soci\u0101l\u0101s pal\u012bdz\u012bbas programmas ietvaros, ko administr\u0113 Fonds Ziedot.lv, <span style=\"color: #008000;\"><strong>R\u0113zeknes pils\u0113tas logop\u0113du biedr\u012bba<\/strong><\/span> (RPLB) un <strong><span style=\"color: #008000;\">R\u0113zeknes pamatskola \u2013 att\u012bst\u012bbas centrs <\/span><\/strong>(RPAC) \u012bsteno projektu<\/p><h4 style=\"text-align: center;\"><span style=\"color: #ff6600;\"><em><strong>\u201eR\u0113zeknes pils\u0113tas logop\u0113du biedr\u012bbas biedru, R\u0113zeknes pamatskolas \u2013 att\u012bst\u012bbas centra darbinieku apm\u0101c\u012bba\u00a0 darbam ar b\u0113rniem ar speci\u0101laj\u0101m vajadz\u012bb\u0101m, apg\u016bstot Barboleta att\u012bsto\u0161o metodi\u201d.<\/strong><\/em><\/span><\/h4><p><span style=\"color: #008000;\"><strong>Projekta m\u0113r\u0137is<\/strong><\/span> ir atbalst\u012bt b\u0113rnus\u00a0 ar att\u012bst\u012bbas, uzved\u012bbas un emocion\u0101la rakstura gr\u016bt\u012bb\u0101m, lai veicin\u0101tu vi\u0146u pilnv\u0113rt\u012bgu att\u012bst\u012bbu, nodro\u0161inot izaugsmes iesp\u0113jas n\u0101kotn\u0113. <span style=\"color: #008000;\"><strong>Projekta ietvaros<\/strong><\/span> apr\u012bl\u012b tiek organiz\u0113tas apm\u0101c\u012bbas <strong><span style=\"color: #ff6600;\">\u201cBarboletas att\u012bsto\u0161\u0101 metode \u2013 efekt\u012bvs l\u012bdzeklis darbam ar b\u0113rniem ar speci\u0101laj\u0101m vajadz\u012bb\u0101m\u201d<\/span><\/strong>. B\u0113rniem, kas darbojas ar Barboleta\u00a0 l\u012bdzsvara platformu,\u00a0 tiek paaugstin\u0101ts uzman\u012bbas koncentr\u0113\u0161anas l\u012bmenis, emocion\u0101la iesaiste m\u0101c\u012bbu proces\u0101, paaugstin\u0101s interese un samazin\u0101s stresa l\u012bmenis.<\/p><p><strong><span style=\"color: #ff6600;\">Sertific\u0113tas treneres Ilonas Saules<\/span><\/strong> profesion\u0101laj\u0101 vad\u012bb\u0101 Barboleta metodi apguva divdesmit RPAC s\u0101kumskolas un pirmsskolas skolot\u0101ji, psihologi, soci\u0101lais pedagogs un logop\u0113di. Topo\u0161ie Barboleta speci\u0101listi guva gan teor\u0113tisk\u0101s zin\u0101\u0161anas, gan praktiskas iema\u0146as darbam ar metodi. Apm\u0101c\u012bbu laik\u0101 dal\u012bbnieki izstr\u0101d\u0101ja savus pirmos metodiskos materi\u0101lus nodarb\u012bb\u0101m ar Barboleta \u00a0l\u012bdzsvara platformu. Uzdevumi tiek aprob\u0113ti &#8211; dal\u012bbnieki ne tikai veic izv\u0113rt\u0113jumu padar\u012btajam, bet ar\u012b sniedz savstarp\u0113ju atgriezenisko saiti.<\/p><h2 style=\"text-align: center;\"><img decoding=\"async\" class=\"wp-image-8604 aligncenter\" src=\"http:\/\/riac.lv\/wp-content\/uploads\/2021\/04\/Logo_Barboleta.png\" alt=\"\" width=\"295\" height=\"148\" srcset=\"https:\/\/riac.lv\/wp-content\/uploads\/2021\/04\/Logo_Barboleta.png 1181w, https:\/\/riac.lv\/wp-content\/uploads\/2021\/04\/Logo_Barboleta-300x150.png 300w, https:\/\/riac.lv\/wp-content\/uploads\/2021\/04\/Logo_Barboleta-1024x512.png 1024w, https:\/\/riac.lv\/wp-content\/uploads\/2021\/04\/Logo_Barboleta-768x384.png 768w\" sizes=\"(max-width: 295px) 100vw, 295px\" \/><strong><span style=\"color: #008000;\">Apm\u0101c\u012bbu b\u016bt\u012bba ir praktiska darb\u012bba.<\/span><\/strong><\/h2><h2 style=\"text-align: center;\">\u00a0<\/h2>\t\t\t\t\t\t\t\t<\/div>\n\t\t\t\t\t<\/div>\n\t\t\t\t<\/div>\n\t\t<div data-particle_enable=\"false\" data-particle-mobile-disabled=\"false\" class=\"elementor-element elementor-element-8849f71 e-flex e-con-boxed e-con e-parent\" data-id=\"8849f71\" data-element_type=\"container\" data-e-type=\"container\">\n\t\t\t\t\t<div class=\"e-con-inner\">\n\t\t\t\t<div class=\"elementor-element elementor-element-377dbb9 gallery-spacing-custom elementor-widget elementor-widget-image-gallery\" data-id=\"377dbb9\" data-element_type=\"widget\" data-e-type=\"widget\" data-widget_type=\"image-gallery.default\">\n\t\t\t\t\t\t\t<div class=\"elementor-image-gallery\">\n\t\t\t<div id='gallery-1' class='gallery galleryid-8944 gallery-columns-3 gallery-size-medium_large'><figure class='gallery-item'>\n\t\t\t<div class='gallery-icon landscape'>\n\t\t\t\t<a data-elementor-open-lightbox=\"yes\" data-elementor-lightbox-slideshow=\"377dbb9\" data-e-action-hash=\"#elementor-action%3Aaction%3Dlightbox%26settings%3DeyJpZCI6MTkxMzEsInVybCI6Imh0dHBzOlwvXC9yaWFjLmx2XC93cC1jb250ZW50XC91cGxvYWRzXC8yMDIzXC8wOVwvQXBtYWNpYmFzXzEuanBnIiwic2xpZGVzaG93IjoiMzc3ZGJiOSJ9\" href='https:\/\/riac.lv\/wp-content\/uploads\/2023\/09\/Apmacibas_1.jpg'><img fetchpriority=\"high\" decoding=\"async\" width=\"723\" height=\"415\" src=\"https:\/\/riac.lv\/wp-content\/uploads\/2023\/09\/Apmacibas_1.jpg\" class=\"attachment-medium_large size-medium_large\" alt=\"\" srcset=\"https:\/\/riac.lv\/wp-content\/uploads\/2023\/09\/Apmacibas_1.jpg 723w, https:\/\/riac.lv\/wp-content\/uploads\/2023\/09\/Apmacibas_1-300x172.jpg 300w\" sizes=\"(max-width: 723px) 100vw, 723px\" \/><\/a>\n\t\t\t<\/div><\/figure><figure class='gallery-item'>\n\t\t\t<div class='gallery-icon landscape'>\n\t\t\t\t<a data-elementor-open-lightbox=\"yes\" data-elementor-lightbox-slideshow=\"377dbb9\" data-e-action-hash=\"#elementor-action%3Aaction%3Dlightbox%26settings%3DeyJpZCI6MTkxMzIsInVybCI6Imh0dHBzOlwvXC9yaWFjLmx2XC93cC1jb250ZW50XC91cGxvYWRzXC8yMDIzXC8wOVwvQXBtYWNpYmFzXzIuanBnIiwic2xpZGVzaG93IjoiMzc3ZGJiOSJ9\" href='https:\/\/riac.lv\/wp-content\/uploads\/2023\/09\/Apmacibas_2.jpg'><img decoding=\"async\" width=\"737\" height=\"417\" src=\"https:\/\/riac.lv\/wp-content\/uploads\/2023\/09\/Apmacibas_2.jpg\" class=\"attachment-medium_large size-medium_large\" alt=\"\" srcset=\"https:\/\/riac.lv\/wp-content\/uploads\/2023\/09\/Apmacibas_2.jpg 737w, https:\/\/riac.lv\/wp-content\/uploads\/2023\/09\/Apmacibas_2-300x170.jpg 300w\" sizes=\"(max-width: 737px) 100vw, 737px\" \/><\/a>\n\t\t\t<\/div><\/figure><figure class='gallery-item'>\n\t\t\t<div class='gallery-icon landscape'>\n\t\t\t\t<a data-elementor-open-lightbox=\"yes\" data-elementor-lightbox-slideshow=\"377dbb9\" data-e-action-hash=\"#elementor-action%3Aaction%3Dlightbox%26settings%3DeyJpZCI6MTkxMzMsInVybCI6Imh0dHBzOlwvXC9yaWFjLmx2XC93cC1jb250ZW50XC91cGxvYWRzXC8yMDIzXC8wOVwvQXBtYWNpYmFzXzMuanBlZyIsInNsaWRlc2hvdyI6IjM3N2RiYjkifQ%3D%3D\" href='https:\/\/riac.lv\/wp-content\/uploads\/2023\/09\/Apmacibas_3.jpeg'><img loading=\"lazy\" decoding=\"async\" width=\"459\" height=\"236\" src=\"https:\/\/riac.lv\/wp-content\/uploads\/2023\/09\/Apmacibas_3.jpeg\" class=\"attachment-medium_large size-medium_large\" alt=\"\" srcset=\"https:\/\/riac.lv\/wp-content\/uploads\/2023\/09\/Apmacibas_3.jpeg 459w, https:\/\/riac.lv\/wp-content\/uploads\/2023\/09\/Apmacibas_3-300x154.jpeg 300w\" sizes=\"(max-width: 459px) 100vw, 459px\" \/><\/a>\n\t\t\t<\/div><\/figure><figure class='gallery-item'>\n\t\t\t<div class='gallery-icon landscape'>\n\t\t\t\t<a data-elementor-open-lightbox=\"yes\" data-elementor-lightbox-slideshow=\"377dbb9\" data-e-action-hash=\"#elementor-action%3Aaction%3Dlightbox%26settings%3DeyJpZCI6MTkxMzQsInVybCI6Imh0dHBzOlwvXC9yaWFjLmx2XC93cC1jb250ZW50XC91cGxvYWRzXC8yMDIzXC8wOVwvV2hhdHNBcHAtSW1hZ2UtMjAyMS0wNC0xNi1hdC0xOC4wMy4wOS5qcGVnIiwic2xpZGVzaG93IjoiMzc3ZGJiOSJ9\" href='https:\/\/riac.lv\/wp-content\/uploads\/2023\/09\/WhatsApp-Image-2021-04-16-at-18.03.09.jpeg'><img loading=\"lazy\" decoding=\"async\" width=\"768\" height=\"432\" src=\"https:\/\/riac.lv\/wp-content\/uploads\/2023\/09\/WhatsApp-Image-2021-04-16-at-18.03.09-768x432.jpeg\" class=\"attachment-medium_large size-medium_large\" alt=\"\" srcset=\"https:\/\/riac.lv\/wp-content\/uploads\/2023\/09\/WhatsApp-Image-2021-04-16-at-18.03.09-768x432.jpeg 768w, https:\/\/riac.lv\/wp-content\/uploads\/2023\/09\/WhatsApp-Image-2021-04-16-at-18.03.09-300x169.jpeg 300w, https:\/\/riac.lv\/wp-content\/uploads\/2023\/09\/WhatsApp-Image-2021-04-16-at-18.03.09-1024x576.jpeg 1024w, https:\/\/riac.lv\/wp-content\/uploads\/2023\/09\/WhatsApp-Image-2021-04-16-at-18.03.09-1536x864.jpeg 1536w, https:\/\/riac.lv\/wp-content\/uploads\/2023\/09\/WhatsApp-Image-2021-04-16-at-18.03.09.jpeg 1600w\" sizes=\"(max-width: 768px) 100vw, 768px\" \/><\/a>\n\t\t\t<\/div><\/figure><figure class='gallery-item'>\n\t\t\t<div class='gallery-icon landscape'>\n\t\t\t\t<a data-elementor-open-lightbox=\"yes\" data-elementor-lightbox-slideshow=\"377dbb9\" data-e-action-hash=\"#elementor-action%3Aaction%3Dlightbox%26settings%3DeyJpZCI6MTkxMzUsInVybCI6Imh0dHBzOlwvXC9yaWFjLmx2XC93cC1jb250ZW50XC91cGxvYWRzXC8yMDIzXC8wOVwvV2hhdHNBcHAtSW1hZ2UtMjAyMS0wNC0xNi1hdC0xOC4wMy4wOS0xLmpwZWciLCJzbGlkZXNob3ciOiIzNzdkYmI5In0%3D\" href='https:\/\/riac.lv\/wp-content\/uploads\/2023\/09\/WhatsApp-Image-2021-04-16-at-18.03.09-1.jpeg'><img loading=\"lazy\" decoding=\"async\" width=\"768\" height=\"432\" src=\"https:\/\/riac.lv\/wp-content\/uploads\/2023\/09\/WhatsApp-Image-2021-04-16-at-18.03.09-1-768x432.jpeg\" class=\"attachment-medium_large size-medium_large\" alt=\"\" srcset=\"https:\/\/riac.lv\/wp-content\/uploads\/2023\/09\/WhatsApp-Image-2021-04-16-at-18.03.09-1-768x432.jpeg 768w, https:\/\/riac.lv\/wp-content\/uploads\/2023\/09\/WhatsApp-Image-2021-04-16-at-18.03.09-1-300x169.jpeg 300w, https:\/\/riac.lv\/wp-content\/uploads\/2023\/09\/WhatsApp-Image-2021-04-16-at-18.03.09-1-1024x576.jpeg 1024w, https:\/\/riac.lv\/wp-content\/uploads\/2023\/09\/WhatsApp-Image-2021-04-16-at-18.03.09-1-1536x864.jpeg 1536w, https:\/\/riac.lv\/wp-content\/uploads\/2023\/09\/WhatsApp-Image-2021-04-16-at-18.03.09-1.jpeg 1600w\" sizes=\"(max-width: 768px) 100vw, 768px\" \/><\/a>\n\t\t\t<\/div><\/figure>\n\t\t<\/div>\n\t\t<\/div>\n\t\t\t\t\t\t<\/div>\n\t\t\t\t\t<\/div>\n\t\t\t\t<\/div>\n\t\t\t\t<\/div>\n\t\t","protected":false},"excerpt":{"rendered":"<p>AS \u00abLatvijas valsts me\u017ei\u00bb Soci\u0101l\u0101s pal\u012bdz\u012bbas programmas ietvaros, ko administr\u0113 Fonds Ziedot.lv, R\u0113zeknes pils\u0113tas logop\u0113du biedr\u012bba (RPLB) un R\u0113zeknes pamatskola \u2013 att\u012bst\u012bbas centrs (RPAC) \u012bsteno&hellip;<\/p>\n","protected":false},"author":1,"featured_media":0,"parent":0,"menu_order":0,"comment_status":"closed","ping_status":"closed","template":"","meta":{"footnotes":""},"class_list":["post-8944","page","type-page","status-publish","hentry"],"_links":{"self":[{"href":"https:\/\/riac.lv\/index.php?rest_route=\/wp\/v2\/pages\/8944","targetHints":{"allow":["GET"]}}],"collection":[{"href":"https:\/\/riac.lv\/index.php?rest_route=\/wp\/v2\/pages"}],"about":[{"href":"https:\/\/riac.lv\/index.php?rest_route=\/wp\/v2\/types\/page"}],"author":[{"embeddable":true,"href":"https:\/\/riac.lv\/index.php?rest_route=\/wp\/v2\/users\/1"}],"replies":[{"embeddable":true,"href":"https:\/\/riac.lv\/index.php?rest_route=%2Fwp%2Fv2%2Fcomments&post=8944"}],"version-history":[{"count":5,"href":"https:\/\/riac.lv\/index.php?rest_route=\/wp\/v2\/pages\/8944\/revisions"}],"predecessor-version":[{"id":19138,"href":"https:\/\/riac.lv\/index.php?rest_route=\/wp\/v2\/pages\/8944\/revisions\/19138"}],"wp:attachment":[{"href":"https:\/\/riac.lv\/index.php?rest_route=%2Fwp%2Fv2%2Fmedia&parent=8944"}],"curies":[{"name":"wp","href":"https:\/\/api.w.org\/{rel}","templated":true}]}}